{"id":90205,"date":"2024-12-09T11:43:31","date_gmt":"2024-12-09T11:43:31","guid":{"rendered":"https:\/\/xn--daocerebral-2db.es\/?page_id=90205"},"modified":"2024-12-09T12:42:36","modified_gmt":"2024-12-09T12:42:36","slug":"irene-gurruchaga-gutierrez","status":"publish","type":"page","link":"https:\/\/xn--daocerebral-2db.es\/eu\/giza-talde-aparta\/irene-gurruchaga-gutierrez\/","title":{"rendered":"Irene Gurruchaga Guti\u00e9rrez"},"content":{"rendered":"<h3>Especialista en Medicina F\u00edsica y Rehabilitaci\u00f3n. Directora de la Unidad de Da\u00f1o Cerebral de Hermanas Hospitalarias Valencia<\/h3>\n<p><a class=\"dt-pswp-item\" href=\"https:\/\/xn--daocerebral-2db.es\/wp-content\/uploads\/2024\/12\/Irene-Gurruchaga.jpg\" data-dt-img-description=\"\" data-large_image_width=\"682\" data-large_image_height=\"1023\"><img loading=\"lazy\" decoding=\"async\" class=\"alignleft wp-image-90198\" src=\"https:\/\/xn--daocerebral-2db.es\/wp-content\/uploads\/2024\/12\/Irene-Gurruchaga.jpg\" alt=\"\" width=\"600\" height=\"900\" srcset=\"https:\/\/xn--daocerebral-2db.es\/wp-content\/uploads\/2024\/12\/Irene-Gurruchaga.jpg 682w, https:\/\/xn--daocerebral-2db.es\/wp-content\/uploads\/2024\/12\/Irene-Gurruchaga-200x300.jpg 200w\" sizes=\"(max-width: 600px) 100vw, 600px\" \/><\/a>Llevo desde el 2015 formando parte de diferentes unidades de Neurorrehabilitaci\u00f3n, desarrollando una labor eminentemente asistencial en los primeros a\u00f1os y combin\u00e1ndola posteriormente con la gesti\u00f3n. Creo firmemente en el trabajo en equipo, la transdisciplinariedad de los abordajes y el acompa\u00f1amiento a la familia y al paciente durante todo el proceso. Considero que es importante apostar por la calidad e innovaci\u00f3n, aplicando la m\u00e1xima evidencia cient\u00edfica en nuestros tratamientos, sin perder de vista la humanidad y cercan\u00eda con las personas que atendemos.<\/p>\n<p>Uno de los motivos que me hizo incorporarme a Hermanas Hospitalarias Valencia fue la historia que tiene la organizaci\u00f3n, caracterizada por unos valores y una calidad asistencial que han ido forjando con el paso de los a\u00f1os. Poder adem\u00e1s asumir la direcci\u00f3n de la Unidad de Da\u00f1o Cerebral es un reto y una gran responsabilidad, en la que espero aportar mi conocimiento y experiencia previa para poder seguir mejorando la atenci\u00f3n a los pacientes manteniendo siempre nuestra identidad.<\/p>\n<h3>Formaci\u00f3n acad\u00e9mica<\/h3>\n<p><strong>Licenciada en Medicina <\/strong>(Universidad el Pa\u00eds Vasco).<\/p>\n<p>Formaci\u00f3n MIR (M\u00e9dica Interna Residente) en <strong>Medicina F\u00edsica y Rehabilitaci\u00f3n<\/strong>\u00a0en el Hospital Universitario Fundaci\u00f3n Jim\u00e9nez D\u00edaz (Madrid).<\/p>\n<p>Desde el inicio de la residencia me interes\u00f3 especialmente el \u00e1rea de la Neurorrehabilitaci\u00f3n tanto en poblaci\u00f3n adulta como pedi\u00e1trica. Por ello, complemente mi formaci\u00f3n con varios cursos y rotaciones en centros de referencia, como el Hospital Nacional de Parapl\u00e9jicos en Toledo o el Spaulding Rehabilitation Hospital y Boston Children\u2019s Hospital, ambos en Massachussets (EEUU).<\/p>\n<h3>Formaci\u00f3n extraacad\u00e9mica<\/h3>\n<ul>\n<li style=\"list-style-type: none;\">\n<ul>\n<li>Curso escuela de ecograf\u00eda ECOSERMERF. M\u00f3dulos b\u00e1sico, intermedio y avanzado. Hospital de Matar\u00f3.<\/li>\n<li>Curso de especialista en Discapacidad Infantil. Universidad Complutense de Madrid (350 horas lectivas).<\/li>\n<li>M\u00e1ster en Neurorrehabilitaci\u00f3n \u2013 Fundaci\u00f3n San pablo Andaluc\u00eda CEU. 60 cr\u00e9ditos ECTS (en curso).<\/li>\n<\/ul>\n<\/li>\n<\/ul>\n<h3>Actividad docente e investigadora<\/h3>\n<ul>\n<li>Disfagia neonatal. Primer premio a la mejor comunicaci\u00f3n oral. 69\u00ba Jornadas de la Sociedad Centro de Rehabilitaci\u00f3n y Medicina F\u00edsica, \u201cAbordaje multidisciplinar de la disfagia\u201d.<\/li>\n<li>Gurruchaga Gutierrez I., Comes Fayos J., Romero Mart\u00ednez A., Soro Conde I., Moya Albiol L. Prevalencia de trastornos del neurodesarrollo en ni\u00f1os prematuros. Importancia de seguimiento a largo plazo. Comunicaci\u00f3n oral. XXIV Jornadas de la Sociedad Espa\u00f1ola de Rehabilitaci\u00f3n Infantil. Abril 2019, HU La Fe, Valencia.<\/li>\n<li>Gurruchaga Gutierrez I., Lozano Villagordo E., Palaz\u00f3n Garc\u00eda R., Garc\u00eda G\u00f3mez N., Barahona Garibello N.A., Denia Marcos M.C. Lesi\u00f3n medular tras hematoma epidural espont\u00e1neo. P\u00f3ster. 54\u00ba Congreso de la Sociedad Espa\u00f1ola de Medicina F\u00edsica y Rehabilitaci\u00f3n, mayo 2016, M\u00e1laga.<\/li>\n<li>Gurruchaga Gutierrez I., Bermejo Fern\u00e1ndez G., Fern\u00e1ndez-Bravo Rueda A., Lung Illes V., C\u00f3vaci C\u00f3vaci A.O., Montoliu Pec\u00f3 C. Mejor\u00eda de la fascitis plantar en relaci\u00f3n con la energ\u00eda efectiva total en el tratamiento con ondas de choque. Comunicaci\u00f3n oral. 52\u00ba Congreso Sociedad Espa\u00f1ola de Medicina F\u00edsica y Rehabilitaci\u00f3n, may\u00f3 2015, C\u00e1diz.<\/li>\n<li>Gurruchaga Gutierrez I., Montoliu Pec\u00f3 C., Fern\u00e1ndez Garc\u00eda C., Fern\u00e1ndez-Bravo A., Bermejo G., C\u00f3vaci C\u00f3vaci A.O., Lung V. Valoraci\u00f3n isocin\u00e9tica en ligamentoplastias de cruzado anterior con injerto hueso-tend\u00f3n-hueso versus isquiotibiales. Comunicaci\u00f3n oral. 52\u00ba Congreso de la Sociedad Espa\u00f1ola de Medicina F\u00edsica y Rehabilitaci\u00f3n, mayo 2014, Bilbao.<\/li>\n<li>Gurruchaga Gutierrez I., Fernandez-Bravo Rueda A., M\u00f3nt\u00f3liu Pec\u00f3 C., Redondo Mac\u00edas M., Lung Illes V., Covaci C\u00f3vaci A.O. Artroplastia patelofemoral. A prop\u00f3sito de un caso. P\u00f3ster. 52\u00ba Congreso de la Sociedad Espa\u00f1ola de Medicina F\u00edsica y Rehabilitaci\u00f3n, mayo 2014, Bilbao.<\/li>\n<\/ul>\n<h3>Experiencia laboral<\/h3>\n<ul>\n<li>M\u00e9dica interna residente en Medicina f\u00edsica y rehabilitaci\u00f3n \u2013 HU Fundaci\u00f3n Jim\u00e9nez D\u00edaz (2012-2016). Medica adjunta al Servicio de Rehabilitaci\u00f3n, desarrollando mi actividad en la Unidad de Neurorrehabilitaci\u00f3n Infantil, Adulto y Unidad de disfagia entre el 2016 y 2017.<\/li>\n<li>Desde el 2017 he desarrollado mi actividad en Neural Valencia, inicialmente como m\u00e9dica rehabilitadora y coordinadora de la Unidad Infantil (2017-2019) y posteriormente como coordinadora de la Unidad de adultos (2019-2024). A mediados de 2024 asum\u00ed, adicionalmente, la Direcci\u00f3n de Neural Valencia.<\/li>\n<\/ul>\n<h3>Otras actividades destacables<\/h3>\n<p>Durante mi carrera profesional, he tenido la oportunidad de trabajar en diferentes unidades de Neurorrehabilitaci\u00f3n en las que la colaboraci\u00f3n p\u00fablico-privada a trav\u00e9s de actividad concertada o externalizada es su principal actividad. Este hecho me ha permitido conocer en profundidad, gestionar y desarrollar nuevos procesos que aseguren una comunicaci\u00f3n efectiva entre los profesionales, en beneficio del paciente y de su tratamiento. He mantenido esta actividad sin dejar nunca la atenci\u00f3n directa con el paciente, eje fundamental para ser capaz de entender y optimizar cada parte del proceso asistencial.<\/p>\n<h3>Aficiones<\/h3>\n<p>Me encanta pasar tiempo con los m\u00edos, con los que cualquier plan siempre es bueno. Disfruto mucho de casi cualquier tipo de m\u00fasica (si puede ser en directo, mejor) y de la gastronom\u00eda.<\/p>\n","protected":false},"excerpt":{"rendered":"<p>Especialista en Medicina F\u00edsica y Rehabilitaci\u00f3n. Directora de la Unidad de Da\u00f1o Cerebral de Hermanas Hospitalarias Valencia Llevo desde el 2015 formando parte de diferentes unidades de Neurorrehabilitaci\u00f3n, desarrollando una labor eminentemente asistencial en los primeros a\u00f1os y combin\u00e1ndola posteriormente con la gesti\u00f3n. Creo firmemente en el trabajo en equipo, la transdisciplinariedad de los abordajes&hellip;<\/p>\n","protected":false},"author":3,"featured_media":0,"parent":15076,"menu_order":0,"comment_status":"closed","ping_status":"closed","template":"","meta":{"footnotes":""},"_links":{"self":[{"href":"https:\/\/xn--daocerebral-2db.es\/eu\/wp-json\/wp\/v2\/pages\/90205"}],"collection":[{"href":"https:\/\/xn--daocerebral-2db.es\/eu\/wp-json\/wp\/v2\/pages"}],"about":[{"href":"https:\/\/xn--daocerebral-2db.es\/eu\/wp-json\/wp\/v2\/types\/page"}],"author":[{"embeddable":true,"href":"https:\/\/xn--daocerebral-2db.es\/eu\/wp-json\/wp\/v2\/users\/3"}],"replies":[{"embeddable":true,"href":"https:\/\/xn--daocerebral-2db.es\/eu\/wp-json\/wp\/v2\/comments?post=90205"}],"version-history":[{"count":4,"href":"https:\/\/xn--daocerebral-2db.es\/eu\/wp-json\/wp\/v2\/pages\/90205\/revisions"}],"predecessor-version":[{"id":90228,"href":"https:\/\/xn--daocerebral-2db.es\/eu\/wp-json\/wp\/v2\/pages\/90205\/revisions\/90228"}],"up":[{"embeddable":true,"href":"https:\/\/xn--daocerebral-2db.es\/eu\/wp-json\/wp\/v2\/pages\/15076"}],"wp:attachment":[{"href":"https:\/\/xn--daocerebral-2db.es\/eu\/wp-json\/wp\/v2\/media?parent=90205"}],"curies":[{"name":"wp","href":"https:\/\/api.w.org\/{rel}","templated":true}]}}