{"id":15128,"date":"2013-11-21T15:50:29","date_gmt":"2013-11-21T15:50:29","guid":{"rendered":"http:\/\/da\u00f1ocerebral.es\/danio\/\/la-red-menni-en-cantabria-2\/"},"modified":"2025-03-05T12:13:42","modified_gmt":"2025-03-05T12:13:42","slug":"red-de-dca-y-neurorrehabilitacion-cantabria","status":"publish","type":"page","link":"https:\/\/xn--daocerebral-2db.es\/eu\/fh-red-de-dca-y-neurorrehabilitacion\/red-de-dca-y-neurorrehabilitacion-cantabria\/","title":{"rendered":"Cantabria"},"content":{"rendered":"<div class=\"wpb-content-wrapper\"><p>[vc_row][vc_column][vc_column_text]<\/p>\n<h4>Con la\u00a0<a title=\"El Centro Hospitalario Padre Menni de Santander se suma a la Red Menni de Da\u00f1o Cerebral\" href=\"http:\/\/xn--daocerebral-2db.es\/el-centro-hospitalario-padre-menni-de-santander-se-suma-a-la-red-menni-de-dano-cerebral\/\" target=\"_blank\" rel=\"noopener\">inauguraci\u00f3n de su Unidad de Rehabilitaci\u00f3n Ambulatoria<\/a>, <strong><a title=\"Fundaci\u00f3n Hospitalarias Cantabria\" href=\"https:\/\/www.fundacionhospitalariascantabria.org\/\" target=\"_blank\" rel=\"noopener\">Fundaci\u00f3n Hospitalarias Cantabria<\/a> <\/strong>(antes, Centro Hospitalario Padre Menni de Santander) se sum\u00f3 en 2013 a <strong><a title=\"La Red Menni\" href=\"http:\/\/xn--daocerebral-2db.es\/la-red-menni\/el-compromiso-de-la-red-menni\/\" target=\"_blank\" rel=\"noopener\">Fundaci\u00f3n Hospitalarias: Red de DCA y Neurorrehabilitaci\u00f3n<\/a><\/strong>.<\/h4>\n<h3><\/h3>\n<p><a class=\"dt-pswp-item\" href=\"https:\/\/xn--daocerebral-2db.es\/wp-content\/uploads\/2025\/01\/FHCantabria.jpg\" data-dt-img-description=\"\" data-large_image_width=\"567\" data-large_image_height=\"250\"><img loading=\"lazy\" decoding=\"async\" class=\"alignleft wp-image-91122 size-full\" src=\"https:\/\/xn--daocerebral-2db.es\/wp-content\/uploads\/2025\/01\/FHCantabria.jpg\" alt=\"\" width=\"567\" height=\"250\" srcset=\"https:\/\/xn--daocerebral-2db.es\/wp-content\/uploads\/2025\/01\/FHCantabria.jpg 567w, https:\/\/xn--daocerebral-2db.es\/wp-content\/uploads\/2025\/01\/FHCantabria-300x132.jpg 300w\" sizes=\"(max-width: 567px) 100vw, 567px\" \/><\/a>El objetivo de este centro de <a title=\"Rehabilitaci\u00f3n integral del da\u00f1o cerebral \" href=\"http:\/\/xn--daocerebral-2db.es\/rehabilitacion-integral\/\" target=\"_blank\" rel=\"noopener\">rehabilitaci\u00f3n\u00a0integral <\/a>del\u00a0<a title=\"da\u00f1o cerebral \" href=\"http:\/\/xn--daocerebral-2db.es\/el-dano-cerebral\/\" target=\"_blank\" rel=\"noopener\">da\u00f1o cerebral <\/a>en Cantabria es responder a las necesidades de rehabilitaci\u00f3n de los pacientes y de sus familias, a trav\u00e9s de una atenci\u00f3n integral y especializada con un equipo interdisciplinar.<\/p>\n<blockquote>\n<h4><span style=\"color: #999999;\"><strong>Fundaci\u00f3n Hospitalarias Cantabria\u00a0<\/strong><br \/>\nAvda. de Cantabria, 52<br \/>\n39012 Santander (CANTABRIA)<br \/>\nTel:+34\u00a0942390060<br \/>\nPersona de contacto: Carlos Rodr\u00edguez Melc\u00f3n<br \/>\nEmail:\u00a0<\/span><a href=\"mailto:consultas.cantabria@fundacionhospitalarias.org\">consultas.cantabria@fundacionhospitalarias.org<\/a><br \/>\n<span style=\"color: #999999;\">Web:\u00a0<\/span><a href=\"https:\/\/www.fundacionhospitalariascantabria.org\/\" target=\"_blank\" rel=\"noopener\"> www.fundacionhospitalariascantabria.org<\/a><\/h4>\n<\/blockquote>\n<p>&nbsp;<\/p>\n<p>El dispositivo se dirige a personas con da\u00f1o cerebral adquirido. La mayor\u00eda de los casos son debidos a infartos cerebrovasculares, traumatismos craneoencef\u00e1licos, anoxia cerebral, tumores y encefalitis que han sido dados de alta hospitalaria, con el objeto de alcanzar un estado funcional lo m\u00e1s \u00f3ptimo posible desde el punto de vista f\u00edsico, cognitivo ps\u00edquico y social. Este servicio se lleva a cabo por parte de un <strong>equipo multidisciplinar<\/strong>.<\/p>\n<p>Varias <a href=\"https:\/\/xn--daocerebral-2db.es\/eu\/varias-companias-de-seguros-de-salud-contemplan-la-rehabilitacion-en-nuestra-unidad-de-dano-cerebral-de-santander\/\" target=\"_blank\" rel=\"noopener\">compa\u00f1\u00edas de seguros de salud contemplan la rehabilitaci\u00f3n en nuestra Unidad<\/a> de Da\u00f1o Cerebral de Santander. El Servicio de Da\u00f1o Cerebral de Fundaci\u00f3n Hospitalarias Cantabria -al igual que otros servicios del hospital de la capital c\u00e1ntabra- mantiene acuerdos de colaboraci\u00f3n con aseguradoras m\u00e9dicas, como Asisa, Mapfre, Aegon, IMQ o SegurCaixa Adeslas, entre otras.<\/p>\n<h4><strong>Carlos Rodr\u00edguez Melc\u00f3n<\/strong><\/h4>\n<p><img loading=\"lazy\" decoding=\"async\" class=\"wp-image-66515 size-full alignright\" title=\"Carlos Rodr\u00edguez Melc\u00f3n, fisioterapeuta \" src=\"https:\/\/xn--daocerebral-2db.es\/wp-content\/uploads\/2023\/07\/Carlos-Rodriguez-Melcon.jpg\" alt=\"\" width=\"350\" height=\"212\" srcset=\"https:\/\/xn--daocerebral-2db.es\/wp-content\/uploads\/2023\/07\/Carlos-Rodriguez-Melcon.jpg 350w, https:\/\/xn--daocerebral-2db.es\/wp-content\/uploads\/2023\/07\/Carlos-Rodriguez-Melcon-300x182.jpg 300w\" sizes=\"(max-width: 350px) 100vw, 350px\" \/><\/p>\n<h4><strong>Coordinador de la Unidad de Da\u00f1o Cerebral<\/strong><\/h4>\n<p>Fisioterapeuta por la Universidad Salamanca, con formaci\u00f3n en\u00a0da\u00f1o cerebral, psicogeriatr\u00eda, salud mental, dolor cr\u00f3nico y osteopat\u00eda. Destaca su experiencia de m\u00e1s de 17 a\u00f1os trabajando en diferentes dispositivos del \u00e1mbito sociosanitario as\u00ed como en atenci\u00f3n domiciliaria.<\/p>\n<p>Su car\u00e1cter participativo le ha llevado a colaborar en sesiones cl\u00ednicas, charlas, diversos proyectos y comisiones. Desde 2009 es tutor principal docente de la Universidad Gimbernat-Cantabria.<\/p>\n<h4><strong>Recursos disponibles<\/strong><\/h4>\n<h5>Unidad de Rehabilitaci\u00f3n Ambulatoria<\/h5>\n<p>Destinada a continuar la rehabilitaci\u00f3n despu\u00e9s de la fase hospitalaria o para pacientes menos graves que no han requerido ingreso.<\/p>\n<h5>Coordinador M\u00e9dico de Rehabilitaci\u00f3n. Psiquiatra<\/h5>\n<p>Esta l\u00ednea de actividad, junto con Atenci\u00f3n Temprana (retraso madurativo, problemas de aprendizaje&#8230;), se localiza en este momento en la sede de <a title=\"CHPM\" href=\"https:\/\/www.fundacionhospitalariascantabria.org\/\" target=\"_blank\" rel=\"noopener\">Fundaci\u00f3n Hospitalarias Cantabria<\/a> (Av. Cantabria, 52, tel: 942 39 00 60). La atenci\u00f3n a la Salud Mental Infantojuvenil, donde se abordan los problemas de conducta, hiperactividad, ansiedad, depresi\u00f3n, etc, se presta en\u00a0el centro de la ciudad de Santander (en la\u00a0Plaza de Ca\u00f1ad\u00edo, n\u00ba 1, tel: 601381347).<\/p>\n<h5>Rehabilitaci\u00f3n a domicilio<\/h5>\n<p>Pensada sobre todo para personas con un alto nivel de dependencia y serias dificultades para los desplazamientos, cada vez tiene mayor aceptaci\u00f3n entre nuestros pacientes.<\/p>\n<h5>Peritaci\u00f3n m\u00e9dico-legal<\/h5>\n<p>Determinaci\u00f3n de secuelas en casos de accidente de tr\u00e1fico, contribuci\u00f3n a la valoraci\u00f3n de la capacidad laboral y valoraci\u00f3n de la capacidad civil.<\/p>\n<h4><strong>Programas de\u00a0tratamiento<\/strong><\/h4>\n<p><a href=\"http:\/\/www.centropadremenni.org\/\" target=\"_blank\" rel=\"noopener\"><img loading=\"lazy\" decoding=\"async\" class=\"alignright wp-image-54819 size-full\" src=\"https:\/\/xn--daocerebral-2db.es\/wp-content\/uploads\/2021\/04\/Padre-Menni-Santander.jpg\" alt=\"\" width=\"600\" height=\"328\" srcset=\"https:\/\/xn--daocerebral-2db.es\/wp-content\/uploads\/2021\/04\/Padre-Menni-Santander.jpg 600w, https:\/\/xn--daocerebral-2db.es\/wp-content\/uploads\/2021\/04\/Padre-Menni-Santander-300x164.jpg 300w\" sizes=\"(max-width: 600px) 100vw, 600px\" \/><\/a><\/p>\n<ul>\n<li><strong>Tratamiento neurol\u00f3gico<\/strong><\/li>\n<\/ul>\n<p>Dirigido al diagnostico y tratamiento de s\u00edndromes neurol\u00f3gicos y dise\u00f1o del programa de intervenci\u00f3n multidisciplinar.<\/p>\n<ul>\n<li><strong>Rehabilitaci\u00f3n f\u00edsica<\/strong><\/li>\n<\/ul>\n<p>Mejora de la coordinaci\u00f3n, tono muscular, bipedestaci\u00f3n y marcha.<\/p>\n<ul>\n<li><strong>Logopedia<\/strong><\/li>\n<\/ul>\n<p>Rehabilitaci\u00f3n de la voz, del habla, del lenguaje y de la comunicaci\u00f3n. Utilizaci\u00f3n de sistemas aumentativos de la comunicaci\u00f3n.<\/p>\n<ul>\n<li><strong>Rehabilitaci\u00f3n neuropsicol\u00f3gica<\/strong><\/li>\n<\/ul>\n<p>Destinada a la recuperaci\u00f3n de los d\u00e9ficits cognitivos (atenci\u00f3n, memoria, funciones ejecutivas) y entrenamiento en el uso de ayudad externas. Autonom\u00eda para las actividades de la vida diaria tanto b\u00e1sicas como instrumentales.<\/p>\n<ul>\n<li><strong>Modificaci\u00f3n de conducta y psicoterapia<\/strong><\/li>\n<\/ul>\n<p>Manejo de alteraciones de conducta, toma de conciencia y adaptaci\u00f3n a las nuevas circunstancias.<\/p>\n<ul>\n<li><strong>Tratamiento psiqui\u00e1trico<\/strong><\/li>\n<\/ul>\n<p>Orientado al manejo de la impulsividad, la desinhibici\u00f3n, la ausencia de motivaci\u00f3n, la depresi\u00f3n y la p\u00e9rdida de control sobre las emociones.<\/p>\n<ul>\n<li><strong>Intervenci\u00f3n con familias<\/strong><\/li>\n<\/ul>\n<p>Informaci\u00f3n, apoyo y asesoramiento. Reestructuraci\u00f3n del sistema familiar. Las sesiones tienen una duraci\u00f3n de 45 minutos, garantiz\u00e1ndose un tiempo de atenci\u00f3n directa de 30 minutos y el resto de trabajo individual supervisado por el terapeuta.<\/p>\n<h4><strong>Instalaciones<\/strong><\/h4>\n<ul>\n<li>gimnasio adaptado a las necesidades de los usuarios<\/li>\n<li>salas y despachos<\/li>\n<\/ul>\n<p>La innovaci\u00f3n tecnol\u00f3gica queda patente con la utilizaci\u00f3n del programa de neurorrehabilitaci\u00f3n cognitiva computerizados como\u00a0<a title=\"NeuronUp\" href=\"http:\/\/xn--daocerebral-2db.es\/el-c-h-padre-menni-de-santander-completa-su-programa-de-rehabilitacion-con-neuronup\/\" target=\"_blank\" rel=\"noopener\">NeuronUp<\/a>. <iframe loading=\"lazy\" src=\"\/\/www.youtube.com\/embed\/mkNY5ZRHI4A?rel=0\" width=\"560\" height=\"315\" frameborder=\"0\" allowfullscreen=\"allowfullscreen\"><\/iframe>[\/vc_column_text][\/vc_column][\/vc_row]<\/p>\n<\/div>","protected":false},"excerpt":{"rendered":"<p>[vc_row][vc_column][vc_column_text] Con la\u00a0inauguraci\u00f3n de su Unidad de Rehabilitaci\u00f3n Ambulatoria, Fundaci\u00f3n Hospitalarias Cantabria (antes, Centro Hospitalario Padre Menni de Santander) se sum\u00f3 en 2013 a Fundaci\u00f3n Hospitalarias: Red de DCA y Neurorrehabilitaci\u00f3n. El objetivo de este centro de rehabilitaci\u00f3n\u00a0integral del\u00a0da\u00f1o cerebral en Cantabria es responder a las necesidades de rehabilitaci\u00f3n de los pacientes y de sus&hellip;<\/p>\n","protected":false},"author":3,"featured_media":53068,"parent":15108,"menu_order":7,"comment_status":"closed","ping_status":"open","template":"","meta":{"footnotes":""},"_links":{"self":[{"href":"https:\/\/xn--daocerebral-2db.es\/eu\/wp-json\/wp\/v2\/pages\/15128"}],"collection":[{"href":"https:\/\/xn--daocerebral-2db.es\/eu\/wp-json\/wp\/v2\/pages"}],"about":[{"href":"https:\/\/xn--daocerebral-2db.es\/eu\/wp-json\/wp\/v2\/types\/page"}],"author":[{"embeddable":true,"href":"https:\/\/xn--daocerebral-2db.es\/eu\/wp-json\/wp\/v2\/users\/3"}],"replies":[{"embeddable":true,"href":"https:\/\/xn--daocerebral-2db.es\/eu\/wp-json\/wp\/v2\/comments?post=15128"}],"version-history":[{"count":65,"href":"https:\/\/xn--daocerebral-2db.es\/eu\/wp-json\/wp\/v2\/pages\/15128\/revisions"}],"predecessor-version":[{"id":91912,"href":"https:\/\/xn--daocerebral-2db.es\/eu\/wp-json\/wp\/v2\/pages\/15128\/revisions\/91912"}],"up":[{"embeddable":true,"href":"https:\/\/xn--daocerebral-2db.es\/eu\/wp-json\/wp\/v2\/pages\/15108"}],"wp:featuredmedia":[{"embeddable":true,"href":"https:\/\/xn--daocerebral-2db.es\/eu\/wp-json\/wp\/v2\/media\/53068"}],"wp:attachment":[{"href":"https:\/\/xn--daocerebral-2db.es\/eu\/wp-json\/wp\/v2\/media?parent=15128"}],"curies":[{"name":"wp","href":"https:\/\/api.w.org\/{rel}","templated":true}]}}