{"id":15124,"date":"2013-05-30T11:28:15","date_gmt":"2013-05-30T11:28:15","guid":{"rendered":"http:\/\/da\u00f1ocerebral.es\/danio\/\/la-red-menni-en-valladolid-2\/"},"modified":"2026-04-01T07:29:01","modified_gmt":"2026-04-01T07:29:01","slug":"la-red-menni-en-valladolid","status":"publish","type":"page","link":"https:\/\/xn--daocerebral-2db.es\/eu\/fh-red-de-dca-y-neurorrehabilitacion\/la-red-menni-en-valladolid\/","title":{"rendered":"Valladolid"},"content":{"rendered":"<p>La Unidad de Da\u00f1o Cerebral Adquirido de la Red Menni en Valladolid est\u00e1 especializada en la rehabilitaci\u00f3n integral de las personas afectadas por una lesi\u00f3n cerebral u otros tipos de patolog\u00eda neurol\u00f3gica. Nuestras <strong>modernas instalaciones<\/strong> se encuentran ubicadas en un nuevo edificio, luminoso y funcional. En la actualidad, el complejo hospitalario Benito Menni es\u00a0el \u00fanico centro de rehabilitaci\u00f3n integral del da\u00f1o cerebral en Castilla y Le\u00f3n:<\/p>\n<p><img loading=\"lazy\" decoding=\"async\" class=\"alignright size-full wp-image-43835\" src=\"https:\/\/xn--daocerebral-2db.es\/wp-content\/uploads\/2013\/05\/Benito-Menni-Valladolid.jpg\" alt=\"Benito Menni Valladolid\" width=\"500\" height=\"323\" srcset=\"https:\/\/xn--daocerebral-2db.es\/wp-content\/uploads\/2013\/05\/Benito-Menni-Valladolid.jpg 500w, https:\/\/xn--daocerebral-2db.es\/wp-content\/uploads\/2013\/05\/Benito-Menni-Valladolid-300x193.jpg 300w\" sizes=\"(max-width: 500px) 100vw, 500px\" \/><\/p>\n<h4><span style=\"color: #666e74;\"><strong>Centro Hospitalario Benito Menni<\/strong><br \/>\n<strong>Servicio de Da\u00f1o Cerebral-<\/strong><strong>Unidad de Da\u00f1o Cerebral<\/strong><\/span><\/h4>\n<p>P\u00ba Juan Carlos I, 10<br \/>\n47008 Valladolid<br \/>\nTel: +34 983 272 600<br \/>\nPersona de contacto: <strong>Beatriz Mart\u00edn<\/strong>, secretaria asistencial<br \/>\nE-mail:\u00a0<a href=\"mailto:bmartin.valladolid@hospitalarias.es\" target=\"_blank\" rel=\"noopener\">bmartin.valladolid@hospitalarias.es<\/a><br \/>\nWeb:\u00a0<strong><a href=\"http:\/\/www.benitomenni.org\/\" target=\"_blank\" rel=\"noopener\">www.benitomenni.org<\/a><\/strong><\/p>\n<h3>El servicio dispone de:<\/h3>\n<h3>&#8211; Unidad de Da\u00f1o Cerebral<\/h3>\n<h3>&#8211; Unidad Infantojuvenil<\/h3>\n<p>&nbsp;<\/p>\n<h3><strong style=\"font-size: 1.17em;\">Unidad de\u00a0Da\u00f1o Cerebral<\/strong><\/h3>\n<p>Realizamos un <strong>trabajo individual con el paciente de manera interdisciplinar<\/strong>, tanto en su evaluaci\u00f3n como en el enfoque terap\u00e9utico. As\u00ed mismo, <strong>aportamos orientaci\u00f3n y apoyo a la familia<\/strong>de las personas con lesi\u00f3n cerebral.<\/p>\n<h4><strong>&#8211; Unidad de Hospitalizaci\u00f3n<\/strong><\/h4>\n<p>El tratamiento\u00a0en el medio hospitalario\u00a0nos permite desarrollar una\u00a0labor rehabilitadora intensiva. En nuestra Unidad de Hospitalizaci\u00f3n trabajamos en la <strong>rehabilitaci\u00f3n de pacientes que presentan\u00a0secuelas motoras, de comunicaci\u00f3n, conductuales, intelectuales, emocionales y\/o sensoriales<\/strong>. Desarrollamos <strong>programas personales\u00a0integrados<\/strong> de logopedia, neuropsicolog\u00eda, fisioterapia y terapia ocupacional. Cuando es necesario, los complementamos con tratamientos psicofarmacol\u00f3gicos y ortop\u00e9dicos. El Hospital Benito Menni ha creado un <strong>Servicio de Terapia Grupal<\/strong> para las personas ingresadas en la Unidad de Da\u00f1o Cerebral Adquirido. Estos pacientes, <strong>adem\u00e1s de recibir las distintas terapias individuales<\/strong> que precisen, asisten a terapias grupales para <strong>fomentar de una forma positiva la actividad como complemento e interacci\u00f3n social<\/strong>. El tratamiento grupal est\u00e1 dirigido por un terapeuta ocupacional especializado en el paciente neurol\u00f3gico.<\/p>\n<h4><strong>&#8211; Neurorrehabilitaci\u00f3n de forma ambulatoria<\/strong><\/h4>\n<p><strong>En los\u00a0casos menos graves y cuando las personas hospitalizadas alcanzan un nivel de autonom\u00eda suficiente,<\/strong> llevamos a cabo los programas de rehabilitaci\u00f3n en r\u00e9gimen ambulatorio. Los\u00a0<strong>tratamientos<\/strong>\u00a0que ofrecemos siempre\u00a0<strong>responden a las necesidades espec\u00edficas de cada paciente.<\/strong> Ofrecemos la posibilidad de realizar<strong> programas domiciliarios<\/strong>, pensados <strong>para\u00a0personas con un alto nivel de dependencia<\/strong>\u00a0y serias dificultades para los desplazamientos. Los terapeutas especializados en la rehabilitaci\u00f3n del da\u00f1o cerebral que componen nuestro equipo realizan <strong>tratamientos a domicilio en el entorno de Valladolid<\/strong>.<\/p>\n<h4><strong style=\"font-size: 1.17em;\">Unidad Infantojuvenil<\/strong><\/h4>\n<p>Sin el diagn\u00f3stico y el tratamiento adecuados<strong><strong>, menores y adolescentes con\u00a0<\/strong>trastornos<\/strong> de la comunicaci\u00f3n, la lectoescritura, el c\u00e1lculo, el procesamiento matem\u00e1tico, las habilidades no verbales, las dificultades atencionales y otras alteraciones no especificadas <strong>tienen muchas posibilidades de sufrir fracaso escolar, conductas adictivas e inestabilidad familiar y laboral<\/strong>. Como respuesta a la demanda de asistencia en este \u00e1mbito, a primeros de 2012 <strong>inauguramos la Unidad para la Valoraci\u00f3n y Tratamiento de los Trastornos de Aprendizaje y Trastornos de Conducta<\/strong>, como un nuevo dispositivo dentro del Centro Hospitalario Benito Menni de Valladolid. Desde aqu\u00ed efectuamos una <strong>valoraci\u00f3n exhaustiva y multidisciplinar<\/strong> de los problemas de aprendizaje que presentan ni\u00f1os y adolescentes y desarromos posteriormente programas espec\u00edficos en las \u00e1reas de logopedia, terapia ocupacional, neuropsicolog\u00eda, psicolog\u00eda y, si fuera necesario, rehabilitaci\u00f3n f\u00edsica. Tambi\u00e9n <strong>prestamos atenci\u00f3n y estimulaci\u00f3n temprana<\/strong>, es decir, <strong>tratamiento global y precoz a los ni\u00f1os menores de 3 a\u00f1os<\/strong>potenciando todas las \u00e1reas del desarrollo: sensorial, psicoafectivo, motor y del lenguaje, todo ello encaminado a un diagn\u00f3stico precoz de la problem\u00e1tica existente y a un abordaje terap\u00e9utico\u00a0 precoz , que consiga eliminarla o minimizarla.<\/p>\n<div id=\"attachment_58004\" style=\"width: 719px\" class=\"wp-caption alignright\"><img loading=\"lazy\" decoding=\"async\" aria-describedby=\"caption-attachment-58004\" class=\"wp-image-58004 size-full\" title=\"Equipo de tratamiento Unidad de Da\u00f1o Cerebral, Valladolid\" src=\"https:\/\/xn--daocerebral-2db.es\/wp-content\/uploads\/2021\/12\/Imagen1.png\" alt=\"\" width=\"709\" height=\"602\" srcset=\"https:\/\/xn--daocerebral-2db.es\/wp-content\/uploads\/2021\/12\/Imagen1.png 709w, https:\/\/xn--daocerebral-2db.es\/wp-content\/uploads\/2021\/12\/Imagen1-300x255.png 300w\" sizes=\"(max-width: 709px) 100vw, 709px\" \/><p id=\"caption-attachment-58004\" class=\"wp-caption-text\">Equipo de tratamiento Unidad de Da\u00f1o Cerebral, Valladolid<\/p><\/div>\n<h4><strong>Equipo rehabilitador<\/strong><\/h4>\n<p>Contamos con un equipo altamente cualificado, cuya unidad ambulatoria est\u00e1 coordinada por <strong><a title=\"M\u00aa Eugenia D\u00edaz-Emparanza\" href=\"https:\/\/xn--daocerebral-2db.es\/tu-equipo-de-tratamiento\/eugenia-diaz-emparanza\/\" target=\"_blank\" rel=\"noopener\">M\u00aa Eugenia D\u00edaz-Emparanza<\/a>. <\/strong>El equipo est\u00e1 compuesto por profesionales de la medicina especialistas en rehabilitaci\u00f3n y psiquiatr\u00eda, neuropsic\u00f3logos, fisioterapeutas, terapeutas ocupacionales, logopedas, psic\u00f3logos, enfermeras, auxiliares y un trabajador social. La\u00a0labor de cada profesional es supervisada estrechamente.<\/p>\n<p><iframe loading=\"lazy\" src=\"https:\/\/www.youtube.com\/embed\/ysGSVh84m0g\" width=\"100%\" height=\"398\" frameborder=\"0\" allowfullscreen=\"allowfullscreen\"><\/iframe><\/p>\n<h5><strong>Fisioterapia<\/strong><\/h5>\n<p>El objetivo del tratamiento de fisioterapia es <strong>conseguir el mayor grado posible de autonom\u00eda f\u00edsica\u00a0<\/strong>para el paciente. Para ello se desarrollan programas individualizados en los que se pueden emplear las siguientes t\u00e9cnicas:<\/p>\n<ul>\n<li>T\u00e9cnicas espec\u00edficas de <strong>fisioterapia neurol\u00f3gica<\/strong>: <strong>Vojta, Bobath, Perfetti<\/strong>&#8230;<\/li>\n<li><strong>T\u00e9cnicas de movilizaci\u00f3n y flexibilidad<\/strong> que tienen como meta conseguir y mantener los arcos articulares as\u00ed como evitar deformidades.<\/li>\n<li>T\u00e9cnicas para el <strong>tratamiento de las alteraciones del tono muscular, la espasticidad y la rigidez articular<\/strong>.<\/li>\n<li>T\u00e9cnicas para el <strong>desarrollo de la bipedestaci\u00f3n y la marcha<\/strong>.<\/li>\n<li>T\u00e9cnicas para la <strong>adquisici\u00f3n y mejora del equilibrio corpora<\/strong>l. Disponemos de un equipo tecnol\u00f3gico especializado para el an\u00e1lisis y la reeducaci\u00f3n del equilibrio.<\/li>\n<\/ul>\n<p>Los <strong>objetivos<\/strong> en esta \u00e1rea y las t\u00e9cnicas utilizadas son <strong>compartidos con el resto del equipo y con el paciente y sus familiares<\/strong>de manera que la rehabilitaci\u00f3n f\u00edsica no se reduzca a las sesiones de gimnasio sino que est\u00e9 presente en diversos momentos y situaciones durante el d\u00eda.<\/p>\n<h5><strong>Fisioterapia infantil<\/strong><\/h5>\n<p>Somos <strong>especialistas en terapia Vojta (terapia de locomoci\u00f3n refleja)<\/strong>para alteraciones motoras infantiles.<\/p>\n<p style=\"text-align: center;\"><a href=\"http:\/\/xn--daocerebral-2db.es\/wp-content\/uploads\/2013\/05\/collage31.jpg\"><img loading=\"lazy\" decoding=\"async\" class=\"aligncenter wp-image-9839 size-full\" title=\"An\u00e1lisis y reeducaci\u00f3n del equilibrio. Sesi\u00f3n de logopedia\" src=\"http:\/\/xn--daocerebral-2db.es\/wp-content\/uploads\/2013\/05\/collage31.jpg\" alt=\"An\u00e1lisis y reeducaci\u00f3n del equilibrio. Sesi\u00f3n de logopedia\" width=\"800\" height=\"296\" srcset=\"https:\/\/xn--daocerebral-2db.es\/wp-content\/uploads\/2013\/05\/collage31.jpg 800w, https:\/\/xn--daocerebral-2db.es\/wp-content\/uploads\/2013\/05\/collage31-300x111.jpg 300w\" sizes=\"(max-width: 800px) 100vw, 800px\" \/><\/a><\/p>\n<h5><strong>Logopedia<\/strong><\/h5>\n<p>La rehabilitaci\u00f3n de las diferentes alteraciones de la comunicaci\u00f3n tiene por objetivo dotar al paciente de una <strong>mayor autonom\u00eda comunicativa<\/strong>. A trav\u00e9s de sesiones individuales, as\u00ed como de t\u00e9cnicas tradicionales, t\u00e9cnicas espec\u00edficas\u00a0 y\u00a0 programas inform\u00e1ticos especializados, trabajamos\u00a0 para restituir la funci\u00f3n afectada o sustituirla tanto con poblaci\u00f3n adulta como infantil, desde los 0 meses.<\/p>\n<ul>\n<li><strong><a class=\"dt-pswp-item\" href=\"https:\/\/xn--daocerebral-2db.es\/wp-content\/uploads\/2026\/03\/Equipo-Logopedia-Fundacion-Hospitalarias-Valladolid-300x169.jpg\" data-dt-img-description=\"\" data-large_image_width=\"1024\" data-large_image_height=\"576\"><img loading=\"lazy\" decoding=\"async\" class=\"alignright wp-image-97888\" src=\"https:\/\/xn--daocerebral-2db.es\/wp-content\/uploads\/2026\/03\/Equipo-Logopedia-Fundacion-Hospitalarias-Valladolid-300x169.jpg\" alt=\"\" width=\"450\" height=\"253\" srcset=\"https:\/\/xn--daocerebral-2db.es\/wp-content\/uploads\/2026\/03\/Equipo-Logopedia-Fundacion-Hospitalarias-Valladolid-300x169.jpg 300w, https:\/\/xn--daocerebral-2db.es\/wp-content\/uploads\/2026\/03\/Equipo-Logopedia-Fundacion-Hospitalarias-Valladolid-768x432.jpg 768w, https:\/\/xn--daocerebral-2db.es\/wp-content\/uploads\/2026\/03\/Equipo-Logopedia-Fundacion-Hospitalarias-Valladolid.jpg 1024w\" sizes=\"(max-width: 450px) 100vw, 450px\" \/><\/a>Rehabilitaci\u00f3n del lenguaje<\/strong>: alteraci\u00f3n ling\u00fc\u00edstica global, mutismo, afasia, alexia, agrafia&#8230; En funci\u00f3n de cada patolog\u00eda se dise\u00f1an programas espec\u00edficos en los que se incorporan tareas espec\u00edficas de rehabilitaci\u00f3n de los procesos de codificaci\u00f3n y decodificaci\u00f3n.<\/li>\n<li><strong>Rehabilitaci\u00f3n del habla<\/strong> (disartria, dispraxia del habla, disprosodia). Las pautas de regulaci\u00f3n del ritmo del habla, la ejecuci\u00f3n de praxias bucofonatorias, el trabajo de aquellos fonemas omitidos y\/ o distorsionados, el uso de programas inform\u00e1ticos espec\u00edficos, etc. son los procedimientos rehabilitadores que aconsejamos.<\/li>\n<li><strong>Rehabilitaci\u00f3n de la voz<\/strong> (disfon\u00edas). Utilizamos t\u00e9cnicas de respiraci\u00f3n abdominal-diafragm\u00e1tica, de aducci\u00f3n forzada de los pliegues vocales, ejercicios tonales, etc.<\/li>\n<li><strong>Rehabilitaci\u00f3n de las funciones orofaciales<\/strong>: terapia orofacial y miofuncional. Disfagia. Problemas de degluci\u00f3n, masticaci\u00f3n, y succi\u00f3n. Par\u00e1lisis faciales.<\/li>\n<li>Adaptamos al paciente y a sus caracter\u00edsticas distintos\u00a0<strong>sistemas alternativos de comunicaci\u00f3n<\/strong> (SAC).<\/li>\n<li><strong>Rehabilitaci\u00f3n de aquellos aspectos que influyen indirectamente en la comunicaci\u00f3n<\/strong> (los derivados de la patolog\u00eda perceptiva visual y\/ o auditiva, los que afectan a las funciones \u201cpragm\u00e1ticas\u201d, etc.).<\/li>\n<\/ul>\n<h5><strong>Neuropsicolog\u00eda<\/strong><\/h5>\n<p>Los profesionales de esta \u00e1rea profundizan en la <strong>descripci\u00f3n y comprensi\u00f3n de los d\u00e9ficits cognoscitivos<\/strong>\u00a0y sus\u00a0<strong>consecuencias<\/strong>\u00a0sobre la<strong> conducta e interacci\u00f3n social del paciente<\/strong>. Los programas de rehabilitaci\u00f3n neuropsicol\u00f3gica pueden <strong>combinar una o varias de las siguientes intervenciones<\/strong>dependiendo de los resultados de la evaluaci\u00f3n:<\/p>\n<ul>\n<li><strong>Restauraci\u00f3n de las funciones cognitivas<\/strong> (d\u00e9ficit de atenci\u00f3n, memoria y funciones ejecutivas) afectadas <strong>mediante ejercicios de estimulaci\u00f3n<\/strong> cognitiva o la utilizaci\u00f3n de programas inform\u00e1ticos espec\u00edficamente dise\u00f1ados para la rehabilitaci\u00f3n cognitiva.<\/li>\n<li><strong>Entrenamiento individual en el manejo de ayudas alternativas<\/strong> para compensar los problemas cognitivos, como por ejemplo el aprendizaje del uso de agenda, grabadora o diario en el caso de los problemas de memoria.<\/li>\n<li>Programas de <strong>rehabilitaci\u00f3n de la heminegligencia espacial<\/strong>.<\/li>\n<li><strong>Programas de modificaci\u00f3n de conducta<\/strong> para la extinci\u00f3n o disminuci\u00f3n de conductas disruptivas: agresiones, desinhibici\u00f3n social, etc.<\/li>\n<li><strong>Psicoterapia individual y familiar<\/strong>.<\/li>\n<li>Sesiones de <strong>psicoeducaci\u00f3n y apoyo a las familias<\/strong>.<\/li>\n<\/ul>\n<h5><strong>Terapia ocupacional<\/strong><\/h5>\n<p>Nuestros terapeutas ocupacionales programan actividades para ayudar a las personas con lesiones cerebrales a <strong>adquirir el conocimiento, las destrezas y actitudes necesarias para desarrollar las tareas cotidianas y conseguir el m\u00e1ximo de autonom\u00eda e integraci\u00f3n<\/strong>en su entorno. Por ello algunas de sus funciones son:<\/p>\n<ul>\n<li>Entrenar y <strong>estimular el reaprendizaje de actividades de la vida diaria<\/strong> b\u00e1sicas e instrumentales.<\/li>\n<li><strong>Dise\u00f1ar, asesorar y\/o fabricar f\u00e9rulas, ortesis, ayudas t\u00e9cnicas y adaptaciones<\/strong>, as\u00ed como su posterior manejo y funcionamiento.<\/li>\n<li><strong>Valorar, adaptar y modificar el entorno<\/strong> (domiciliario, laboral, etc.) la supresi\u00f3n de barreras arquitect\u00f3nicas y otras dificultades de adaptaci\u00f3n al medio.<\/li>\n<li><strong>Rehabilitar las habilidades sensoriomotoras, cognitivas y psicosociales alteradas<\/strong>.<\/li>\n<li><strong>Adquirir, mejorar y potenciar las capacidades y destrezas necesarias<\/strong> para que el paciente desempe\u00f1e tareas de la manera m\u00e1s satisfactoria y funcional posible.<\/li>\n<li><strong>Fomentar la integraci\u00f3n sociolaboral <\/strong>de las personas con da\u00f1o cerebral.<\/li>\n<li><strong>Intervenci\u00f3n en integraci\u00f3n sensorial<\/strong>.<\/li>\n<\/ul>\n<h5><strong>Musicoterapia<\/strong><\/h5>\n<p>La musicoterapia es un tratamiento interesante para pacientes con da\u00f1o cerebral ya que la m\u00fasica es inherente a los seres humanos. Las personas experimentamos emociones que surgen a trav\u00e9s de la m\u00fasica, y nos motiva para expresarnos. El proceso es interactivo, experiencial y \u00fanico para cada paciente, y permite llevar a cabo la rehabilitaci\u00f3n y readaptaci\u00f3n en un medio m\u00e1s creativo. <strong>Es especialmente interesante el trabajo en personas con:<\/strong> \u00b7\u00a0\u00a0\u00a0 <strong>Bajo nivel de alerta<\/strong>, ya que la m\u00fasica estimula comportamientos, respuestas psicol\u00f3gicas y expresivas, produciendo respuestas fisiol\u00f3gicas como cambios en la respiraci\u00f3n y el ritmo card\u00edaco (Magee, 2005). \u00b7\u00a0\u00a0\u00a0 <strong>Ausencia o dificultades de lenguaje<\/strong>. La m\u00fasica es independiente del lenguaje, por lo que es una \u00fatil herramienta para utilizar con personas sin posibilidad de comunicaci\u00f3n verbal. A trav\u00e9s del canto y los sonidos que son capaces de emitir, se empiezan a abrir v\u00edas para la comunicaci\u00f3n verbal. \u00b7\u00a0\u00a0\u00a0 <strong>Ni\u00f1os<\/strong> con problemas de conducta, con TEA, o con TGD. A trav\u00e9s de la m\u00fasica se crea un nuevo canal de comunicaci\u00f3n, se establece un v\u00ednculo emocional con otros. La m\u00fasica permite expresarse libremente, reducir la ansiedad y la rigidez, y ensayar rutinas sociales. <strong>Objetivos que se pueden trabajar desde\u00a0 la musicoterapia<\/strong><\/p>\n<ul>\n<li>Reencontrarse con la historia sonora, personal y familiar.<\/li>\n<li>Promover \u201c<strong>nuevos modos de comunicaci\u00f3n<\/strong>\u201d que permitan la expresi\u00f3n emocional, potencien las habilidades cognitivas y sociales.<\/li>\n<li>Mejorar el autoconocimiento, la autoestima y el cuidado de uno mismo.<\/li>\n<li>Restaurar, mantener y mejorar nuestra salud f\u00edsica y mental.<\/li>\n<\/ul>\n<h5><strong>Tratamiento psiqui\u00e1trico<\/strong><\/h5>\n<p>Las depresiones, la p\u00e9rdida del control de las emociones, la falta de motivaci\u00f3n, los cuadros man\u00edacos, el parkinsonismo, la epilepsia postraum\u00e1tica o los episodios psic\u00f3ticos son algunas de las <strong>complicaciones del da\u00f1o cerebral que requieren un pronto diagn\u00f3stico y un tratamiento adecuado<\/strong>. Un \u00e1rea de tratamiento m\u00e1s complejo es la que queda englobada bajo el ep\u00edgrafe de <strong>trastorno org\u00e1nico dela personalidad<\/strong>. La toma de conciencia de estos cambios por parte del paciente no es siempre f\u00e1cil. Grupos de habilidades sociales, confrontaci\u00f3n con terceras personas o incluso la visi\u00f3n de videograbaciones resultan \u00fatiles en estos casos.<\/p>\n","protected":false},"excerpt":{"rendered":"<p>La Unidad de Da\u00f1o Cerebral Adquirido de la Red Menni en Valladolid est\u00e1 especializada en la rehabilitaci\u00f3n integral de las personas afectadas por una lesi\u00f3n cerebral u otros tipos de patolog\u00eda neurol\u00f3gica. Nuestras modernas instalaciones se encuentran ubicadas en un nuevo edificio, luminoso y funcional. En la actualidad, el complejo hospitalario Benito Menni es\u00a0el \u00fanico&hellip;<\/p>\n","protected":false},"author":3,"featured_media":9733,"parent":15108,"menu_order":7,"comment_status":"closed","ping_status":"open","template":"","meta":{"footnotes":""},"_links":{"self":[{"href":"https:\/\/xn--daocerebral-2db.es\/eu\/wp-json\/wp\/v2\/pages\/15124"}],"collection":[{"href":"https:\/\/xn--daocerebral-2db.es\/eu\/wp-json\/wp\/v2\/pages"}],"about":[{"href":"https:\/\/xn--daocerebral-2db.es\/eu\/wp-json\/wp\/v2\/types\/page"}],"author":[{"embeddable":true,"href":"https:\/\/xn--daocerebral-2db.es\/eu\/wp-json\/wp\/v2\/users\/3"}],"replies":[{"embeddable":true,"href":"https:\/\/xn--daocerebral-2db.es\/eu\/wp-json\/wp\/v2\/comments?post=15124"}],"version-history":[{"count":4,"href":"https:\/\/xn--daocerebral-2db.es\/eu\/wp-json\/wp\/v2\/pages\/15124\/revisions"}],"predecessor-version":[{"id":97964,"href":"https:\/\/xn--daocerebral-2db.es\/eu\/wp-json\/wp\/v2\/pages\/15124\/revisions\/97964"}],"up":[{"embeddable":true,"href":"https:\/\/xn--daocerebral-2db.es\/eu\/wp-json\/wp\/v2\/pages\/15108"}],"wp:featuredmedia":[{"embeddable":true,"href":"https:\/\/xn--daocerebral-2db.es\/eu\/wp-json\/wp\/v2\/media\/9733"}],"wp:attachment":[{"href":"https:\/\/xn--daocerebral-2db.es\/eu\/wp-json\/wp\/v2\/media?parent=15124"}],"curies":[{"name":"wp","href":"https:\/\/api.w.org\/{rel}","templated":true}]}}