{"id":15080,"date":"2011-12-26T17:31:31","date_gmt":"2011-12-26T17:31:31","guid":{"rendered":"http:\/\/da\u00f1ocerebral.es\/danio\/\/inigo-urrutikoetxea-2\/"},"modified":"2016-07-08T08:11:16","modified_gmt":"2016-07-08T08:11:16","slug":"inigo-urrutikoetxea-2","status":"publish","type":"page","link":"https:\/\/xn--daocerebral-2db.es\/eu\/giza-talde-aparta\/inigo-urrutikoetxea-2\/","title":{"rendered":"I\u00f1igo Urrutikoetxea"},"content":{"rendered":"\n<p><img decoding=\"async\" src=\"http:\/\/xn--daocerebral-2db.es\/wp-content\/uploads\/2011\/12\/0406421820.jpg\" alt=\"I\u00f1igo Urritikoetxea\" \/><\/p>\n<h3>Neuropsikologoa Bilboko Birgaitze Neurologikorako Zentroan<\/h3>\n<p>Hartutako garuneko kaltearen neuropsikiatria eta neuropsikologiaren ezagutzan sakontzen saiatu naiz beti.\u00a0 Bederatzi urte eman ditut dagoeneko hartutako garuneko kaltea duten pazienteak artatzen. Nire bizitza profesionaletik gure Zerbitzua martxan hasi eta lehen urteetan Peter Eames eta Juan Manuel Mu\u00f1oz-Cespedes doktoreekin antolatu genuen barne prestakuntzako bi taldeak nabarmenduko nituzke. Biekin paziente talde honen ebaluazioaren eta errehabilitazioaren oinarrizko alderdien ikuspegi bat hartu genuen.<\/p>\n<p>Proiektu honetan beste talde, senideen elkarte, unibertsitate eta beste batzuekin parte hartzen dugun profesionalek, errehabilitazio zerbitzuak hobetzen eta paziente talde honi eta haien senideei beste aukera soziosanitario batzuk sortzen laguntzen ari garela uste dut. Lan-eredu zintzoa eta giza kalitate handiko taldea duen irabazi-asmorik gabeko erakunde batean egin ahal izateak poztasun handiagoa ematen digu, zalantzarik gabe.<\/p>\n<p><strong>Prestakuntza akademikoa<\/strong><\/p>\n<p>\u2022\u00a0\u00a0 \u00a0Psikologian lizentziaduna Salamancako Pontifize Unibertsitatean, 1980-1985.<\/p>\n<p>\u2022\u00a0\u00a0 \u00a0Espezialista Psikologia Klinikoan \u201cUnibertsitateen Zuzendaritza Nagusiaren\u201d eskutik (2004), 2490\/98 Errege Dekretuaren arabera.<\/p>\n<p>\u2022\u00a0\u00a0 \u00a0Espezialista psikolinguistikan eta logopedian, Salamancako Pontifize Unibertsitatearen eskutik, 1987-1989.<\/p>\n<p>\u2022\u00a0\u00a0 \u00a0Espezialista familiako eta bikoteen arteko terapian, Gaztela eta Leongo Psikologoen Elkargo Ofizialaren eskutik, 1983-1985.<\/p>\n<p>Elkargoak eta sozietateak<\/p>\n<p>\u2022\u00a0\u00a0 \u00a0Arabako Psikologien Elkargo Ofizialeko kidea.<\/p>\n<p>\u2022\u00a0\u00a0 \u00a0Euskal Herriko Neuropsikologia Sozietateko kide sortzailea (SVNPS).<\/p>\n<p>\u2022\u00a0\u00a0 \u00a0Espainiako Neuroerrehabilitazio Sozietateko kidea (SEN).<\/p>\n<p>\u2022\u00a0\u00a0 \u00a0Espainiako Logopedia, Foniatria eta Audiologia Elkarteko kidea (AELFA).<\/p>\n<p><strong>Argitalpenak<\/strong><br \/>\nLiburuen kapituluak:<\/p>\n<p>&#8211;\u00a0\u00a0 \u00a0Urrutikoetxea, I. Alteraciones de la Comunicaci\u00f3n e Intervenci\u00f3n logop\u00e9dica tras un Traumatismo Craneoencef\u00e1lico. Hemen: Neuropsiquiatr\u00eda del Da\u00f1o Cerebral Traum\u00e1tico. Aspectos Cl\u00ednicos y Terap\u00e9uticos. Bartzelona: J.R. Prous, S.A. argitaletxea; 1997. 319-330. or.ISBN: 84-8124-150-4.<br \/>\n&#8211;\u00a0\u00a0 \u00a0Mu\u00f1oz-C\u00e9spedes, J.M.; Ugarteburu, I.; Urrutikoetxea, I. Evaluaci\u00f3n Neuropsicol\u00f3gica de las lesiones cerebrales postraum\u00e1ticas. Hemen: Medici\u00f3n Cl\u00ednica en Psiquiatr\u00eda. 323-334. or. 2000. ISBN: 84-458-0962-8.<\/p>\n<p>&#8211;\u00a0\u00a0 \u00a0Ruiz, M.J.; Medina, C.; Urrutikoetxea, I.; Garc\u00eda, O.; Muela, T.; S\u00e1nchez, V. Modelo de Centro de D\u00eda para personas con Da\u00f1o Cerebral Adquirido. IMSERSO, 2007. NIPO: 216-07-063-7.<\/p>\n<p>Artikuluak:<\/p>\n<p>&#8211;\u00a0\u00a0 \u00a0Urrutikoetxea, I.; Berm\u00fadez, M.; Fern\u00e1ndez de Corres, A. Intervenci\u00f3n logop\u00e9dica en las alteraciones de la comunicaci\u00f3n consecutivas a da\u00f1o cerebral adquirido. Hemen: Bolet\u00edn de AELFA, 3. zk. 5-10. or. 1999. ISSN: 1137-8174.<\/p>\n<p>&#8211;\u00a0\u00a0 \u00a0Mu\u00f1oz C\u00e9spedes, J.M.; Garc\u00eda, M.; Iruarrizaga I.; Urrutikoetxea, I. La conciencia de los d\u00e9ficit en la rehabilitaci\u00f3n de las personas con un da\u00f1o cerebral. Hemen: Ansiedad y Estr\u00e9s. 313-325. or. 1999. ISSN: 1134-7937.<\/p>\n<p>&#8211;\u00a0\u00a0 \u00a0Ojeda del Pozo, N.; Quemada, J.I.; Ezquerra, J.A.; Urrutikoetxea, I.; Mu\u00f1oz-C\u00e9spedes, J.M. Entrenamiento en habilidades sociales en pacientes con da\u00f1o cerebral adquirido. Hemen: Revista de Neurolog\u00eda. 783-787. or. 2000. ISNN: 0210-0010.<\/p>\n<p>&#8211;\u00a0\u00a0 \u00a0Urrutikoetxea, I.; Alteraciones de la articulaci\u00f3n en personas con da\u00f1o cerebral. Hemen: MAPFRE MEDICINA, 2001; 12. lib. (I. geh.): 71-76. ISSN: 1133-5602.<\/p>\n<p>&#8211;\u00a0\u00a0 \u00a0Quemada, J. I.; Mu\u00f1oz C\u00e9spedes, J.M.; Ezkerra, J. M.; Ballesteros, J.; Ibarra, N.; Urruticoechea, I. Outcome of Memory Rehabilitation in Traumatic Brain Injury Assessed by Neuropsychological Tests and Questionnaires. Hemen: Journal of Head Trauma Rehabilitation. Focus on Clinical Research and Practice, Part 3. 18(6): 532-540, November\/December 2003. ISSN: 0885-9701.<\/p>\n<p>&#8211;\u00a0\u00a0 \u00a0Martos Garc\u00eda, E.; Urrutikoetxea Sarriegi, I. Disfunciones sexuales en personas con da\u00f1o cerebral adquirido. FEATECE aldizkaria; 14. zk. (2004). 8-9. or.<\/p>\n<p>&#8211;\u00a0\u00a0 \u00a0Urrutikoetxea, I.; Lertxundi N. La problem\u00e1tica del Da\u00f1o Cerebral adquirido: respuestas asistenciales en la C.A.V. ofrecidas desde el Hospital Aita Menni. Hemen: Euskonews &amp; Media; 257. zk. Euskal zientzia eta kulturari buruzko astekari elektronikoa, Eusko Ikaskuntza sozietateak argitaratutakoa.<\/p>\n<p><strong>Ikertzaile eta irakasle jarduera<\/strong><\/p>\n<p>Deustuko Unibertsitatea (DU):<br \/>\n&#8211;\u00a0\u00a0 \u00a0\u201cEbaluazio neuropsikologikoa\u201d ikasgaiaren irakaslea (2003, 2004, 2006, 2007).<br \/>\n&#8211;\u00a0\u00a0 \u00a0Psikologia Klinikoko masterraren irakaslea 1992. urtetik.<\/p>\n<p>Mondragon Unibertsitatea (MU):<\/p>\n<p>&#8211;\u00a0\u00a0 \u00a0\u201cHizkuntzaren patologia\u201d ikasgaiaren irakaslea (2003, 2004, 2005, 2006, 2007, 2008, 2009, 2010).<\/p>\n<p>Salamancako Pontifize Unibertsitatea (UPS):<\/p>\n<p>&#8211;\u00a0\u00a0 \u00a0Psikologia eta Logopedia ikasleen praktiketako tutorea.<\/p>\n<p>Euskal Herriko Unibertsitatea (EHU):<\/p>\n<p>&#8211;\u00a0\u00a0 \u00a0Psikologia ikasleen praktiketako tutorea.<\/p>\n<p>Madrilgo Unibertsitate Konplutentsea (UCM):<\/p>\n<p>&#8211;\u00a0\u00a0 \u00a0Psikologia ikasleen praktiketako tutorea.<\/p>\n<p>Urrutiko Hezkuntzarako Unibertsitate Nazionala (UHUN):<\/p>\n<p>&#8211;\u00a0\u00a0 \u00a0Psikologia ikasleen praktiketako tutorea.<\/p>\n<p>Hezkuntza eta Zientzia Ministerioa (MEC):<\/p>\n<p>&#8211;\u00a0\u00a0 \u00a0Barruko psikologo egoiliarren praktiketako tutorea (BAPE).<\/p>\n<p><strong>Hitzaldiak, komunikazioak, azken posterrak<\/strong><\/p>\n<p>\u2022\u00a0\u00a0 \u00a0Urrutikoetxea, I. Hitzaldia: HGKren errehabilitazioa:\u00a0 diziplina anitzeko ikuspegia. Ezgaitasuna duten pertsonei buruzko III. ikerketa jardunaldi zientifikoak. Gaixotasun larriak dituen pertsonei buruzko sinposioa, migrazio eta gizarte-zerbitzuen institutua, Salamanca, 2000.<\/p>\n<p>\u2022\u00a0\u00a0 \u00a0Urrutikoetxea, I. Saio klinikoa: Paziente anbulatorioek eguneroko ekintzak egiten duten autonomia maila baloratzeko tresna berriak, Aita Menni Ospitalea, Arrasate, Gipuzkoa, 2000.<\/p>\n<p>\u2022\u00a0\u00a0 \u00a0Urrutikoetxea, I. Saio klinikoa: Ebaluazio neuropsikologikoa.\u00a0 Aita Menni Ospitalea, Arrasate, Gipuzkoa, 2001.<\/p>\n<p>\u2022\u00a0\u00a0 \u00a0Urrutikoetxea, I. eskola: Garuneko kaltearen errehabilitazio zerbitzua. Malagako Unibertsitatea, Psikologia Fakultatea, Logopediako diplomatura, Malaga, 2002.<\/p>\n<p>\u2022\u00a0\u00a0 \u00a0Urrutikoetxea, I. Saio klinikoa: Jokabide arazoak dituzten pazienteak tratatzeak eragindako talde terapeutikoaren zama. Aita Menni Ospitalea, Arrasate, Gipuzkoa, 2002.<\/p>\n<p>\u2022\u00a0\u00a0 \u00a0Urrutikoetxea, I. Saio klinikoa: 2+2=8. Aita Menni Ospitalea, Arrasate, Gipuzkoa, 2002.<\/p>\n<p>\u2022\u00a0\u00a0 \u00a0Urrutikoetxea, I. Arabako Berritzegunerako Mintegia: Hartutako garuneko kaltea duten haurren ebaluazioa eta errehabilitazio neuropsikologikoa. Aita Menni Ospitalea, Arrasate, Gipuzkoa, 2003.<\/p>\n<p>\u2022\u00a0\u00a0 \u00a0Urrutikoetxea, I.; Gasteizko CSMko profesionalentzat egindako mintegia: Oroimena eta alkohola: ebaluazioa eta errehabilitazio neuropsikologikoa. Vitoria-Gasteiz, 2004.<\/p>\n<p>\u2022\u00a0\u00a0 \u00a0Urrutikoetxea, I.; Hueso, V.; eta beste batzuk. Hartutako garuneko kaltearen auzitegi-neuropsikologiari buruzko mintegia, Bilbo, COP. 2006.<\/p>\n<p>\u2022\u00a0\u00a0 \u00a0Urrutikoetxea, I. Hartutako garuneko kaltea duten pazienteen jokabide arazoak, IZA egoitza, Donostia, 2007.<\/p>\n<p>\u2022\u00a0\u00a0 \u00a0Urrutikoetxea, I; S\u00e1nchez Cubillo, I.: Neuropsikologiako prestakuntza:\u00a0 Hartutako garuneko kaltea; Galiciako COPek antolatutako 12 orduko mintegia. Ourense, 2010.<\/p>\n<p><strong>Zaletasunak<\/strong><\/p>\n<p>Familiarekin eta lagunekin egoten naiz gehienbat aisialdian. <\/p>\n","protected":false},"excerpt":{"rendered":"<p>Neuropsikologoa Bilboko Birgaitze Neurologikorako Zentroan Hartutako garuneko kaltearen neuropsikiatria eta neuropsikologiaren ezagutzan sakontzen saiatu naiz beti.\u00a0 Bederatzi urte eman ditut dagoeneko hartutako garuneko kaltea duten pazienteak artatzen. Nire bizitza profesionaletik gure Zerbitzua martxan hasi eta lehen urteetan Peter Eames eta Juan Manuel Mu\u00f1oz-Cespedes doktoreekin antolatu genuen barne prestakuntzako bi taldeak nabarmenduko nituzke. Biekin paziente talde&hellip;<\/p>\n","protected":false},"author":3,"featured_media":362,"parent":15076,"menu_order":0,"comment_status":"closed","ping_status":"closed","template":"","meta":{"footnotes":""},"_links":{"self":[{"href":"https:\/\/xn--daocerebral-2db.es\/eu\/wp-json\/wp\/v2\/pages\/15080"}],"collection":[{"href":"https:\/\/xn--daocerebral-2db.es\/eu\/wp-json\/wp\/v2\/pages"}],"about":[{"href":"https:\/\/xn--daocerebral-2db.es\/eu\/wp-json\/wp\/v2\/types\/page"}],"author":[{"embeddable":true,"href":"https:\/\/xn--daocerebral-2db.es\/eu\/wp-json\/wp\/v2\/users\/3"}],"replies":[{"embeddable":true,"href":"https:\/\/xn--daocerebral-2db.es\/eu\/wp-json\/wp\/v2\/comments?post=15080"}],"version-history":[{"count":0,"href":"https:\/\/xn--daocerebral-2db.es\/eu\/wp-json\/wp\/v2\/pages\/15080\/revisions"}],"up":[{"embeddable":true,"href":"https:\/\/xn--daocerebral-2db.es\/eu\/wp-json\/wp\/v2\/pages\/15076"}],"wp:featuredmedia":[{"embeddable":true,"href":"https:\/\/xn--daocerebral-2db.es\/eu\/wp-json\/wp\/v2\/media\/362"}],"wp:attachment":[{"href":"https:\/\/xn--daocerebral-2db.es\/eu\/wp-json\/wp\/v2\/media?parent=15080"}],"curies":[{"name":"wp","href":"https:\/\/api.w.org\/{rel}","templated":true}]}}