{"id":15064,"date":"2011-12-24T13:19:31","date_gmt":"2011-12-24T13:19:31","guid":{"rendered":"http:\/\/da\u00f1ocerebral.es\/danio\/\/marcos-rios-2\/"},"modified":"2014-08-06T20:44:03","modified_gmt":"2014-08-06T20:44:03","slug":"marcos-rios-2","status":"publish","type":"page","link":"https:\/\/xn--daocerebral-2db.es\/eu\/giza-talde-aparta\/marcos-rios-2\/","title":{"rendered":"Marcos R\u00edos"},"content":{"rendered":"\n<p><img decoding=\"async\" src=\"http:\/\/xn--daocerebral-2db.es\/wp-content\/uploads\/2011\/12\/marcos-rios-682x1024.jpg\" alt=\"Marcos R\u00edos\" \/><\/p>\n<h3>Beata Mar\u00eda Ana Ospitaleko Garuneko Kalteen Unitateko neuropsikologoa<\/h3>\n<p>Garuneko kaltea izan duten pazienteekin lan egitea aberasgarria da, hainbat arrazoirengatik. Batetik, ikasitako eta prestatu naizen gauzak praktikan jartzeko aukera ematen dit.\u00a0 Paziente bakoitza ikerketa txikia bihurtzen da, zer egiten ari garen gaizki, zer puntu sendo dituen eta hari eta senideei bizitzea egokitu zaien egoeran moldatzeko aukera ematen dien errehabilitazio-programa nola antolatu jakiteko.<\/p>\n<p>Halaber, garrantzitsua da etengabe ikastea garuneko kalteari buruz, eta Garuneko Kalteen Unitatean zenbait hipotesi egin daitezke, eta hainbat ikerketa-proiektu aurrera atera. Pazienteekin eta haien senideekin harremana izateak, eta ikerketa egiteko aukerek, oso atsegingarria egiten dute nire lana.<\/p>\n<p><strong>Prestakuntza akademikoa<\/strong><\/p>\n<p>\u2022\u00a0\u00a0 \u00a0Psikologian lizentziatua (Psikologia Fakultatea. Madrilgo Unibertsitate Konplutentsea). 1993-1998.<br \/>\n\u2022\u00a0\u00a0 \u00a0Masterra Neuropsikologia Kognitiboan (Madrilgo Unibertsitate Konplutentsea). 1999-2000.<br \/>\n\u2022\u00a0\u00a0 \u00a0Doktorea Psikologian Madrilgo Unibertsitate Konplutentsean. 2003. Juan Manuel Mu\u00f1oz Cespedesek zuzendutako doktorego-tesia. Izenburua: Arreta eta Kontrol Exekutiboa Traumatismo Kraneoentzefaliko baten ondorioz.<\/p>\n<p><strong>Ikerketa-jarduera<\/strong><\/p>\n<p>Konektibitate anatomikoa, funtzionala eta eraginkorra, Alzheimerren gaixotasunaren diagnostiko goiztiarrerako:\u00a0 Difusio-tentsorearen ekarpena, diziplina anitzeko ikuspegian. Zientzia eta Berrikuntza Ministerioa. 2009-2012.<\/p>\n<p>Traumatismo kraneoentzefalikoetan informazioa prozesatzeko abiadura eta faseak: difusio-tentsorearen bidez aztertzea, erresonantzia magnetikoa erabiliz. Mapfre Fundazioa. 2009-2010.<\/p>\n<p>Errehabilitazio kognitiboaren eraginak neuroirudi-probetan hartutako garuneko kalteen kasuan. La Caixa Fundazioa. 2008-2009.<\/p>\n<p>Hartutako garuneko kaltea duten pazienteen senideentzako esku-hartze plana: familia-kargaren mailaren eta pazienteen eta haien senideen emozio- eta jarrera-arazoen gaineko eraginaren balorazioa. Mutua Madrile\u00f1a Fundazioa. 2005-2008.<\/p>\n<p>Difusio-tentsorea erresonantzia magnetiko bidez eta prozesamendu-abiadura: Substantzia zuriaren ikerketa traumatismo kraneoentzefalikoa izandako pazienteengan. Mapfre Medicina Fundazioa. 2006-2007.<\/p>\n<p>Neuroirudi funtzionala, prozesu kognitiboak eta garun-perlesia. Inocente Fundazioa. 2005-2006.<\/p>\n<p><strong>Jarduera profesionala<\/strong><\/p>\n<p>\u2022\u00a0\u00a0 \u00a0Urrutiko Hezkuntzarako Unibertsitate Nazionaleko (UHUN) Oinarrizko Psikologia II Saileko irakaslea.<br \/>\n\u2022\u00a0\u00a0 \u00a0Ikertzailea CIEN Fundazioa &#8211; Reina Sof\u00eda Fundazioaren (Madril) Alzheimer Zentroko Neuroirudia taldean.<\/p>\n<p><strong>Argitaratutako liburuak eta kapituluak<\/strong><\/p>\n<p>Peria\u00f1ez, J.A., Miranda Garc\u00eda, R., eta R\u00edos-Lago, M. (prentsan). La exploraci\u00f3n de los procesos cognitivos: metodolog\u00eda y t\u00e9cnicas. Redolar Ripoll D y Valero Cabr\u00e9 A. Neurociencia Cognitiva. Ed. Panamericana. Madril.<\/p>\n<p>Tirapu J., Garc\u00eda Molina A., R\u00edos Lago M. eta Ardila A. (2011). Neuropsicolog\u00eda del cortex prefrontal y de las funciones ejecutivas. Viguera argitaletxea. Bartzelona.<\/p>\n<p>Roig T., R\u00edos-Lago M. eta Paul N. (2011). Atenci\u00f3n y concentraci\u00f3n. O Bruna, T Roig, M Puyuelo, C Junqu\u00e9, eta A Ruano. Rehabilitaci\u00f3n Neuropsicol\u00f3gica. Elsevier. Bartzelona.<\/p>\n<p>Tirapu J, Garc\u00eda A, R\u00edos-Lago M eta Pelegrin Valero C. (2011) Funciones Ejecutivas. O Bruna, T Roig, M Puyuelo, C Junqu\u00e9, eta A Ruano. Rehabilitaci\u00f3n Neuropsicol\u00f3gica. Elsevier. Bartzelona.<\/p>\n<p>Gonz\u00e1lez B, Huidobro A, Pascual M eta R\u00edos-Lago M. (2010). Integraci\u00f3n laboral de la persona con da\u00f1o cerebral adquirido. B Polonio eta D Romero: Terapia Ocupacional aplicada al DCA. Panamericana. Madril.<\/p>\n<p>R\u00edos Lago M eta Peria\u00f1ez Morales JA (2010). Attention and Speed of Information Processing. G. Koob, R. F. Thompson &amp; M. Le Moal (Eds.), Encyclopedia of Behavioral Neuroscience. Elsevier. Boston.<\/p>\n<p>R\u00edos-Lago M, Lubrini G eta Peria\u00f1ez JA. (2009). Rehabilitaci\u00f3n Neuropsicol\u00f3gica. E Mu\u00f1oz Marr\u00f3n (Ed). Estimulaci\u00f3n cognitiva y rehabilitaci\u00f3n neuropsicol\u00f3gica. Universidad Abierta de Catalu\u00f1a (UOC). Bartzelona.<\/p>\n<p>Lubrini G, Peria\u00f1ez JA eta R\u00edos-Lago M. (2009). Estimulaci\u00f3n de la Atenci\u00f3n. E Mu\u00f1oz Marr\u00f3n (Ed). Estimulaci\u00f3n cognitiva y rehabilitaci\u00f3n neuropsicol\u00f3gica. Universidad Abierta de Catalu\u00f1a (UOC). Bartzelona.<\/p>\n<p>R\u00edos-Lago M, Pascual M eta De Nore\u00f1a D. (2009). Familia y Da\u00f1o Cerebral. En R\u00edos-Gonz\u00e1lez JA (coord.). Personalidad, madurez humana y contexto familiar. CCS. Madril.<\/p>\n<p>R\u00edos M y S\u00e1nchez Cubillo I. (2009). Neuroanatom\u00eda de las emociones positivas. En G.Fern\u00e1ndez-Abascal (koord.). Emociones positivas. Pir\u00e1mide. Madril.<\/p>\n<p>Paul N, Bilbao A eta R\u00edos M. (2008). La rehabilitaci\u00f3n neuropsicol\u00f3gica. En J. Tirapu-Ust\u00e1rroz, M. R\u00edos-Lago, F. Maest\u00fa (Edts). Manual de neuropsicolog\u00eda. Viguera Editores. Bartzelona.<\/p>\n<p>R\u00edos M, Benito-Le\u00f3n J, Tirapu J eta Paul N. (2008). Neuropsicolog\u00eda del da\u00f1o cerebral adquirido. J. Tirapu-Ust\u00e1rroz, M. R\u00edos-Lago, F. Maest\u00fa (Edts). Manual de neuropsicolog\u00eda. Viguera Editores. Bartzelona.<\/p>\n<p>R\u00edos M, Peria\u00f1ez JA eta Rodriguez JM. (2008). Neuropsicolog\u00eda de la atenci\u00f3n. En J. Tirapu-Ust\u00e1rroz, M. R\u00edos-Lago, F. Maest\u00fa (Edts). Manual de neuropsicolog\u00eda. Viguera Editores. Bartzelona.<\/p>\n<p>Tirapu J, R\u00edos M, Maest\u00fa F eta Gonz\u00e1lez Marqu\u00e9s J. (2008). Visi\u00f3n hist\u00f3rica y concepto de. Neuropsicolog\u00eda. J. Tirapu-Ust\u00e1rroz, M. R\u00edos-Lago, F. Maest\u00fa (Edts). Manual de neuropsicolog\u00eda. Viguera Editores. Bartzelona.<\/p>\n<p>Tirapu J, R\u00edos M eta Maest\u00fa F. (2008). Manual de Neuropsicolog\u00eda. En J. Tirapu-Ust\u00e1rroz, M. R\u00edos-Lago, F. Maest\u00fa (Edts). Manual de neuropsicolog\u00eda. Viguera Editores. Barcelona.<\/p>\n<p>Maest\u00fa, F., R\u00edos, M. eta Cabestrero, R. (2007). Neuroimagen: T\u00e9cnicas y Procesos Cognitivos. Bartzelona. Elsevier-Masson.<\/p>\n<p>\u00c1lvarez-Linera, J., R\u00edos, M., Hern\u00e1ndez JA, Bargall\u00f3, N. Calvo Merino, B. (2007). Resonancia Magn\u00e9tica I: RM Funcional. F Maest\u00fa, M R\u00edos eta R Cabestrero. Neuroimagen: T\u00e9cnicas y Procesos Cognitivos. Bartzelona. Elsevier-Masson.<\/p>\n<p>Peria\u00f1ez JA., R\u00edos, M., Barcel\u00f3 F., Madrid E. eta Ruz M. (2007). Neuroimagen y atenci\u00f3n. F Maest\u00fa, M R\u00edos eta R Cabestrero. Neuroimagen: T\u00e9cncias y Procesos Cognitivos. Bartzelona. Elsevier-Masson.<\/p>\n<p>Mu\u00f1oz C\u00e9spedes JM, R\u00edos M., Paul N. (2007). Neuroimagen, plasticidad y recuperaci\u00f3n de los procesos cognitivos. En\u00a0 F Maest\u00fa, M R\u00edos y R Cabestrero. Neuroimagen: T\u00e9cncias y Procesos Cognitivos. Bartzelona. Elsevier-Masson.<\/p>\n<p>R\u00edos, M. (2006). Consideraciones sobre la investigaci\u00f3n en el contexto cl\u00ednico: Atenci\u00f3n y Velocidad de procesamiento. En VVAA. Avances en Neuropsicolog\u00eda Cl\u00ednica. Madril. MAPFRE argitaletxea.<\/p>\n<p>R\u00edos, M. eta Mu\u00f1oz C\u00e9spedes, J.M. (2004). La atenci\u00f3n y el control ejecutivo despu\u00e9s de un traumatismo craneoencef\u00e1lico. Madril. Mapfre arg.<\/p>\n<p><strong>Artikuluak aldizkarietan<\/strong><\/p>\n<p>Fern\u00e1ndez A, R\u00edos-Lago M, Ab\u00e1solo D, Hornero R, Alvarez-Linera J, Paul N, Maest\u00fa F, Ortiz T. The correlation between white-matter microstructure and the complexity of spontaneous brain activity: a difussion tensor imaging-MEG study. Neuroimage. 57 (4)\u00a0\u00a0 \u00a0: 1300 -1307, 2011.<\/p>\n<p>De Nore\u00f1a D, R\u00edos-Lago M, Bomb\u00edn I, S\u00e1nchez-Cubillo I, Garc\u00eda-Molina A, Tirapu-Ustarroz J. Efectividad de la rehabilitaci\u00f3n neuropsicol\u00f3gica en el da\u00f1o cerebral adquirido (I): Atenci\u00f3n, Velocidad de procesamiento, Memoria y Lenguaje. Neurologiako aldizkaria. 51(11): 687-698.<\/p>\n<p>De Nore\u00f1a D, S\u00e1nchez-Cubillo I, Garc\u00eda-Molina A, Tirapu-Ustarroz J, Bomb\u00edn I, R\u00edos-Lago M. Efectividad de la rehabilitaci\u00f3n neuropsicol\u00f3gica en el da\u00f1o cerebral adquirido (II): Funciones Ejecutivas, Modificaci\u00f3n de conducta y psicoterapia, y uso de nuevas tecnolog\u00edas. Neurologiako aldizkaria. 51 (12): 733-744.<\/p>\n<p>Carreti\u00e9 L., R\u00edos-Lago M, Tapia M, de la G\u00e1ndara B, Albert J., L\u00f3pez-Mart\u00edn S, eta \u00c1lvarez-Linera J. (2009). The striatum beyond reward: caudate responds intensely to unpleasant pictures. Neuroscience. 164: 1615-1622.<\/p>\n<p>S\u00e1nchez I, Peria\u00f1ez\u00a0 JA, Adrover D, Rodr\u00edguez-S\u00e1nchez JM, R\u00edos-Lago M, Tirapu J eta Barcel\u00f3 F. (2009). Construct validity of the Trail Making Test: role of task-switching, working memory, inhibition\/interference control and visuo-motor abilities. Journal of the International Neuropsychological Society (JINS). 15: 438-450.<\/p>\n<p>Solana AB, Maestu C, Bajo R, R\u00edos-Lago M, \u00c1lvarez-Linera J, Serratosa JM, Marinas A, Gir\u00e1ldez BG, Del Pozo F. (2009). Dependency of the duration of the paroxistic activity in the analysis of the localization in epilepsia disease, using a simultaneous combination of EEG-fMRI. International Journal of Bioelectromagnetism. 11: 123-129.<\/p>\n<p>R\u00edos Lago M (2008). Neuriopsicolog\u00eda y resonancia magn\u00e9tica funcional: conceptos generales. Radiologia. 50: 351-365.<\/p>\n<p>R\u00edos-Lago, M., Alonso, R., Peria\u00f1ez, J. A., Paul, N., Oliva, P., &amp; \u00c1lvarez-Linera, J. (2007). Tensor de difusi\u00f3n por Resonancia Magn\u00e9tica y Velocidad de procesamiento: Estudio de la sustancia blanca en pacientes con traumatismo craneoencef\u00e1lico. Trauma. 19: 102-112.<\/p>\n<p>Gonz\u00e1lez B, Paul N, Bl\u00e1zquez JL eta R\u00edos M. (2007). Factores relacionados con la falta de conciencia de los deficit en el da\u00f1o cerebral. Acci\u00f3n Psicol\u00f3gica. 3(4): 54-62<\/p>\n<p>De Nore\u00f1a, D. eta R\u00edos M. (2007). El papel del neuropsic\u00f3logo. Acci\u00f3n Psicol\u00f3gica. 3: 5-10.<\/p>\n<p>R\u00edos M. (2007). Neuropsicolog\u00eda: el trabajo con otros profesionales. Acci\u00f3n Psicol\u00f3gica. 3: 1-4.<\/p>\n<p>\u00c1lvarez-Linera J, R\u00edos-Lago M, Mart\u00edn H, Hern\u00e1ndez JA, Escribano J eta S\u00e1nchez del R\u00edo M. (2007).\u00a0 Resonancia Magn\u00e9tica Funcional de la corteza visual: Estudio de las relaciones entre la intensidad del est\u00edmulo y la respuesta BOLD. Neurologiako aldizkaria. 45: 147-151.<\/p>\n<p>Perianez JA, R\u00edos-Lago M, Adrover-Roig D, Rodr\u00edguez-S\u00e1nchez JM, Sanchez I, Crespo-Facorro B, Quemada JI eta Barcelo F. (2007). Trail Making Test in traumatic brain injury, schizophrenia, and normal ageing: Sample comparisons and normative data. Archives of Clinical Neuropsychology. 22: 433-447.<\/p>\n<p>R\u00edos, M., Mu\u00f1oz C\u00e9spedes, JM eta Pa\u00fal N. (2007).\u00a0 Alteraciones de la atenci\u00f3n tras da\u00f1o cerebral traum\u00e1tico: evaluaci\u00f3n y rehabilitaci\u00f3n. Neurologiako aldizkaria. 44: 153-158.<\/p>\n<p>Mu\u00f1oz C\u00e9spedes, J.M. R\u00edos, M., Pa\u00fal, N., Maest\u00fa, F. eta \u00c1lvarez-Linera, J. (2005). Functional neuroimaging studies of cognitive recovery alter acquired brain damage in adults. Neuropsychology Review. 15: 169-183.<\/p>\n<p>R\u00edos, M., Pa\u00fal, N., Mu\u00f1oz C\u00e9spedes, J.M., Maest\u00fa, F., \u00c1lvarez Linera, J. eta Ortiz, T. (2004). Aplicaci\u00f3n de la neuroimagen funcional al estudio de la rehabilitaci\u00f3n neuropsicol\u00f3gica. Neurologiako aldizkaria. 38: 366-373.<\/p>\n<p>R\u00edos, M., Peria\u00f1ez, J.A. eta Mu\u00f1oz C\u00e9spedes, J.M. (2004). Attentional control and slowness of information processing alter severe traumatic brain injury. Brain Injury. 18: 257-272.<\/p>\n<p>Fern\u00e1ndez, A., R\u00edos, M., Segovia, J.C., Fern\u00e1ndez, S., Legido, J., Maest\u00fa, F., Pa\u00fal, N., Mu\u00f1oz-C\u00e9spedes, J.M., Amo, C., Campo, P., Capilla, A. eta Ortiz, T. (2003). Aportaciones de la Magnetoencefalograf\u00eda a la evaluaci\u00f3n del traumatismo craneoencef\u00e1lico. Medikuntzako eta Laneko Segurtasunari buruzko aldizkaria. 193: 23-32.<\/p>\n<p>Mu\u00f1oz C\u00e9spedes, J.M., R\u00edos, M., Ruano, A. eta Moreno, F. (1999). Las alteraciones emocionales y la integraci\u00f3n laboral de las personas con da\u00f1o cerebral traum\u00e1tico. Polibea. 50: 10-16.<\/p>\n<p>Mu\u00f1oz C\u00e9spedes, J.M., R\u00edos, M., Ruano, A. eta Moreno, F. (1998). D\u00e9ficit cognitivo e integraci\u00f3n laboral de las personas con da\u00f1o cerebral traum\u00e1tico. Polibea. 48: 38-43.<\/p>\n<p><strong>Kongresu eta bileretan egindako ekarpenak (lehen egilea bakarrik)<\/strong><\/p>\n<p>Hartutako garuneko kalteetan arreta emateko ereduak. Hartutako Garuneko Kalteei buruzko II. Jardunaldia.<br \/>\nSevilla, 2011.<\/p>\n<p>RM funtzionalaren aplikazioak eta traktografia Neurooftalmologian. Neuro-oftalmologiari buruzko Kongresu Nazionala. Madril, 2011.<\/p>\n<p>Irudiaren tekniken aplikazioak hartutako garuneko kalteetan. Espainiako Neuropsikologia Federazioaren III. Kongresua. Oviedo, 2010.<\/p>\n<p>Garun-plastizitatea: errehabilitazio kognitiboaren oinarri arrazionala. Espainiako Neurologia Sozietatearen LXI. Urteko Bilera (SEN). Jokabidearen eta dementzien neurologia taldea. Bartzelona, 2009.<\/p>\n<p>Arretaren errehabilitazioa. Espainiako Neuroerrehabilitazio Sozietatearen VII. Kongresua \/ Espainiako Neurologia Sozietatea. Bartzelona, 2008.<\/p>\n<p>Arretaren errehabilitazioa. Kortex prefrontala: ikertzetik esku hartzera. Bilbo, 2007.<\/p>\n<p>Arreta eta prozesamendu-abiadura. Neuropsikologia klinikoko nazioarteko I. kongresua. Madril, 2006.<\/p>\n<p>Neuropsychology and functional neuroimaging of traumatic brain injury. Imaging the mind. Palma, 2005.<\/p>\n<p>Zer ekarpen egin dezake neuroirudi funtzionalak garuneko kaltearen errehabilitazio neuropsikologikoaren ikerketan?\u00a0 III. Neuroerrehabilitazioari buruzko kongresua. Espainiako Neuroerrehabilitazio Sozietatea. Madril, 2004.<\/p>\n<p><strong>Beste datu interesgarri batzuk<\/strong><\/p>\n<p>Erakunde hauetako kidea: International Neuropsychological Society (INS), Sociedad Madrile\u00f1a de Neuropsicolog\u00eda eta FANPSE; Asociaci\u00f3n Espa\u00f1ola para la investigaci\u00f3n y el desarrollo de la Terapia Familiar (AEI+DTF); eta Sociedad Espa\u00f1ola de Neurorrehabilitaci\u00f3n (SENR).<\/p>\n<p><strong>Zaletasunak<\/strong><\/p>\n<p>Aisialdia senideez eta lagunez gozatzeko erabiltzen dut. Zinemara joatea, musika entzutea eta irakurtzea gustukoak ditut. Horrez gain, beti egin dut kirola, baina azkenaldian ahaztuta dut. Hala ere, asteroko judoko eskola ez galtzeko antolatzen naiz. <\/p>\n","protected":false},"excerpt":{"rendered":"<p>Beata Mar\u00eda Ana Ospitaleko Garuneko Kalteen Unitateko neuropsikologoa Garuneko kaltea izan duten pazienteekin lan egitea aberasgarria da, hainbat arrazoirengatik. Batetik, ikasitako eta prestatu naizen gauzak praktikan jartzeko aukera ematen dit.\u00a0 Paziente bakoitza ikerketa txikia bihurtzen da, zer egiten ari garen gaizki, zer puntu sendo dituen eta hari eta senideei bizitzea egokitu zaien egoeran moldatzeko aukera&hellip;<\/p>\n","protected":false},"author":3,"featured_media":335,"parent":15076,"menu_order":0,"comment_status":"closed","ping_status":"closed","template":"","meta":{"footnotes":""},"_links":{"self":[{"href":"https:\/\/xn--daocerebral-2db.es\/eu\/wp-json\/wp\/v2\/pages\/15064"}],"collection":[{"href":"https:\/\/xn--daocerebral-2db.es\/eu\/wp-json\/wp\/v2\/pages"}],"about":[{"href":"https:\/\/xn--daocerebral-2db.es\/eu\/wp-json\/wp\/v2\/types\/page"}],"author":[{"embeddable":true,"href":"https:\/\/xn--daocerebral-2db.es\/eu\/wp-json\/wp\/v2\/users\/3"}],"replies":[{"embeddable":true,"href":"https:\/\/xn--daocerebral-2db.es\/eu\/wp-json\/wp\/v2\/comments?post=15064"}],"version-history":[{"count":0,"href":"https:\/\/xn--daocerebral-2db.es\/eu\/wp-json\/wp\/v2\/pages\/15064\/revisions"}],"up":[{"embeddable":true,"href":"https:\/\/xn--daocerebral-2db.es\/eu\/wp-json\/wp\/v2\/pages\/15076"}],"wp:featuredmedia":[{"embeddable":true,"href":"https:\/\/xn--daocerebral-2db.es\/eu\/wp-json\/wp\/v2\/media\/335"}],"wp:attachment":[{"href":"https:\/\/xn--daocerebral-2db.es\/eu\/wp-json\/wp\/v2\/media?parent=15064"}],"curies":[{"name":"wp","href":"https:\/\/api.w.org\/{rel}","templated":true}]}}