{"id":15032,"date":"2011-12-21T13:05:02","date_gmt":"2011-12-21T13:05:02","guid":{"rendered":"http:\/\/da\u00f1ocerebral.es\/danio\/\/naiara-mimetza-2\/"},"modified":"2024-04-15T11:56:46","modified_gmt":"2024-04-15T11:56:46","slug":"naiara-mimetza-2","status":"publish","type":"page","link":"https:\/\/xn--daocerebral-2db.es\/eu\/giza-talde-aparta\/naiara-mimetza-2\/","title":{"rendered":"Naiara Mimetza"},"content":{"rendered":"<p><img decoding=\"async\" class=\"alignleft\" src=\"http:\/\/xn--daocerebral-2db.es\/wp-content\/uploads\/2011\/12\/7020900303.jpg\" alt=\"Naiara Mimetza\" \/><\/p>\n<h3>Neuropsikologoa Garuneko Kalteko Zerbitzuaren Ospitaleratze Unitatean<\/h3>\n<p>Batez ere hartutako garuneko kalteak eragindako arazo neuropsikologikoak (emozionalak, jokabidezkoak eta kognitiboak) aztertzen ditut, banakako tratamendu planak diseinatzeko gero. Horrela, pazientearen eta haren senideen bizi-kalitatea hobetzea da xedea.<\/p>\n<p>Bizi-egoera zailetan pertsonei laguntzea pribilegioa da.\u00a0 Hainbat patologia eta errealitate ezagutzea lan erronka bat da niretzat. Halaber, garapen pertsonala ere izan dezaket.\u00a0 Bestalde, gainerako talde terapeutikoarekin helburu bera lortzeko elkarlanean aritzen garenez, partekatzeko, hainbat arlo eztabaidatzeko eta lan mailan hazteko aukera dut.<\/p>\n<p>Nire eginkizunen artean hauek nabarmentzen dira: balorazio neuropsikologikoa; banakako eta taldekako errehabilitazio kognitiboko programak diseinatzea eta inplementatzea; jokabidea aldatzeko programak eta jokabide-teknika terapeutikoak aplikatzea (gizarte-trebetasunetan trebatzea, psikohezkuntza, antsietatea menderatzea\u2026). Horrez gain, familiei arreta ematen diegu talde terapeutikoaren beste kide batzuen laguntzaz.<\/p>\n<p>Deskribatutako lan klinikoez gain, koordinatzailea ere banaiz logopedia eta terapia okupazionaleko arloetan. Bestalde, zenbait prestakuntza-programetan irakaslea naiz.<\/p>\n<h4><strong>Prestakuntza akademikoa<\/strong><\/h4>\n<p>&#8211;\u00a0\u00a0 \u00a0Psikologian lizentziaduna Deustuko Unibertsitatean, 1997-2002.<\/p>\n<p>&#8211;\u00a0\u00a0 \u00a0Psikologia klinikoko masterra. Deustuko Unibertsitatea, 2002-2004.<\/p>\n<p>&#8211;\u00a0\u00a0 \u00a0Neuropsikologia klinikoko graduatu-ondoko ikastaroa. ISEP Formaci\u00f3n, 2006-2007.<\/p>\n<p>&#8211;\u00a0\u00a0 \u00a0Ikasketa Aurreratuen diploma (Doktorego-ikasketak). Deustuko Unibertsitatea, 2003-2004.<\/p>\n<p>Eskolaz kanpoko prestakuntza<\/p>\n<p>&#8211; III. Neuropsikologiako kongresu nazionala. FANPSE. Oviedo, 2010.<\/p>\n<p>&#8211; TCEren tratamenduan aurrera eginez: Traumatismo kraneoentzefalikoek eragindako jokabide arazoei ekitea. Institut Guttman, Bartzelona, 2010.<\/p>\n<p>&#8211; Familia eta garuneko kaltea. Beata Maria Ana Ospitalea, Madril, 2010.<\/p>\n<p>&#8211; Advances in the study of anosognosia &amp; Principles of neuropsychological rehabilitation ten years later. Donostia-San Sebastian, 2009.<\/p>\n<p>&#8211; III. Euskal Herriko Neuropsikologia Jardunaldiak &#8220;Haurren neuropsikologia\u201d. Euskal Herriko Unibertsitatea, Donostia, 2009.<\/p>\n<p>&#8211; VI. Espainiako Neuroerrehabilitazio Sozietatearen Jardunaldiak: \u201cZer da errehabilitazio neuropsikologikoa? Outcome measurement in neuropsychological rehabilitation\u201d. Bartzelona, 2008.<\/p>\n<p>&#8211; Mintegia: \u201cDisartria: ebaluazioa eta errehabilitazioa\u201d. Bilbo, 2008.<\/p>\n<p>&#8211; Mintegia: \u201cErrehabilitazio neuropsikologikoa garuneko kaltean: ikuspegi praktikoa\u201d. Bilbo, 2008.<\/p>\n<p>&#8211; Kortex prefrontala: ikertzetik esku hartzera. Bilbo, 2007.<\/p>\n<p>&#8211; Psikopatologiako ikastaro monografikoa. Madril, 2007.<\/p>\n<p>&#8211; Ikastaroa: \u201cDenbora mugatuko eta epe laburrerako psikoterapia paziente neuropsikiatrikoekin, TEPT ikuspegitik\u201d. Bilbo, 2007.<\/p>\n<p>&#8211; I. Nazioarteko Kongresua &#8220;Neuropsikologia klinikoaren aurrerapenak&#8221;. Madril, 2006.<\/p>\n<p>&#8211; Mintegia: \u201cHizkuntza arazoen ebaluazioa eta errehabilitazioa ikuspegi kognitibotik&#8221;. Bilbo, 2005.<\/p>\n<p>&#8211; Mintegia: \u201cJokabidea eta aurreko lobulua\u201d.\u00a0 Bilbo, 2004.<\/p>\n<h4><strong>Argitalpenak<\/strong><\/h4>\n<p>&#8211; Mimentza N.; Jim\u00e9nez A.; Quemada J.I.: Abordaje conductual de alteraciones comportamentales en el da\u00f1o cerebral adquirido. Informaciones Psiqui\u00e1tricas, 187 (1): 5-18. (2007).<\/p>\n<p>&#8211; Quemada Ubis, J. I.;\u00a0 Mimentza N.; Jim\u00e9nez A.; S\u00e1nchez Cubillo I. Tratamientos no farmacol\u00f3gicos de las alteraciones conductuales en el da\u00f1o cerebral. Hemen: Avances en Neuropsicolog\u00eda Cl\u00ednica. Fundaci\u00f3n Mapfre Medicina. Or.: 275-299. (2006).<\/p>\n<h4><strong>Irakasle jarduera<\/strong><\/h4>\n<p>&#8211; Deustuko Unibertsitateko Osasun mental eta terapia psikologikoen masterreko irakaslea.\u00a0 2007. urtetik.<\/p>\n<p>&#8211; Deustuko Unibertsitateko Gerontologiako masterreko irakaslea. 2008-2010.<\/p>\n<h4><strong>Lan esperientzia<\/strong><\/h4>\n<p>Psikologia ikasten ari nintzen bitartean aisialdiko begirale moduan aritu nintzen, haurrekin eta arazo psikiatrikoak zituzten pertsonekin.<\/p>\n<p>Gero, Deustuko Unibertsitateko Psikologia klinikoaren masterraren barruan, psikologo kliniko moduan aritu nintzen osasun mentalaren zenbait arlotan, hala nola psikiatrian eta psikogeriatrian.<\/p>\n<p>2004ko urritik Arrasateko Aita Menni Ospitaleko Garuneko Kaltearen Zerbitzuko ospitaleratze unitatean lan egiten dut.<\/p>\n<h4><strong>Hizkuntzak<\/strong><\/h4>\n<p>Euskara<br \/>\nIngelesa<\/p>\n<h4><strong>Zaletasunak<\/strong><\/h4>\n<p>Kultura desberdinak ezagutzea, hainbat lekutako pertsonekin hitz egitea eta bizitzea gustatzen zait. Aukera dudanean, maleta prestatu eta hegazkina hartzen dut lagunekin.<\/p>\n<p>Eguneroko bizitzan, ariketa fisikoa egiten saiatzen naiz, eta urte sasoiaren arabera aldatzen da.\u00a0 Horrez gain, zenbait gizarte elkartetan boluntario moduan aritzen naiz.<\/p>\n","protected":false},"excerpt":{"rendered":"<p>Neuropsikologoa Garuneko Kalteko Zerbitzuaren Ospitaleratze Unitatean Batez ere hartutako garuneko kalteak eragindako arazo neuropsikologikoak (emozionalak, jokabidezkoak eta kognitiboak) aztertzen ditut, banakako tratamendu planak diseinatzeko gero. Horrela, pazientearen eta haren senideen bizi-kalitatea hobetzea da xedea. Bizi-egoera zailetan pertsonei laguntzea pribilegioa da.\u00a0 Hainbat patologia eta errealitate ezagutzea lan erronka bat da niretzat. Halaber, garapen pertsonala ere izan&hellip;<\/p>\n","protected":false},"author":3,"featured_media":364,"parent":15076,"menu_order":0,"comment_status":"closed","ping_status":"closed","template":"","meta":{"footnotes":""},"_links":{"self":[{"href":"https:\/\/xn--daocerebral-2db.es\/eu\/wp-json\/wp\/v2\/pages\/15032"}],"collection":[{"href":"https:\/\/xn--daocerebral-2db.es\/eu\/wp-json\/wp\/v2\/pages"}],"about":[{"href":"https:\/\/xn--daocerebral-2db.es\/eu\/wp-json\/wp\/v2\/types\/page"}],"author":[{"embeddable":true,"href":"https:\/\/xn--daocerebral-2db.es\/eu\/wp-json\/wp\/v2\/users\/3"}],"replies":[{"embeddable":true,"href":"https:\/\/xn--daocerebral-2db.es\/eu\/wp-json\/wp\/v2\/comments?post=15032"}],"version-history":[{"count":2,"href":"https:\/\/xn--daocerebral-2db.es\/eu\/wp-json\/wp\/v2\/pages\/15032\/revisions"}],"predecessor-version":[{"id":86814,"href":"https:\/\/xn--daocerebral-2db.es\/eu\/wp-json\/wp\/v2\/pages\/15032\/revisions\/86814"}],"up":[{"embeddable":true,"href":"https:\/\/xn--daocerebral-2db.es\/eu\/wp-json\/wp\/v2\/pages\/15076"}],"wp:featuredmedia":[{"embeddable":true,"href":"https:\/\/xn--daocerebral-2db.es\/eu\/wp-json\/wp\/v2\/media\/364"}],"wp:attachment":[{"href":"https:\/\/xn--daocerebral-2db.es\/eu\/wp-json\/wp\/v2\/media?parent=15032"}],"curies":[{"name":"wp","href":"https:\/\/api.w.org\/{rel}","templated":true}]}}