{"id":15028,"date":"2011-12-20T17:30:40","date_gmt":"2011-12-20T17:30:40","guid":{"rendered":"http:\/\/da\u00f1ocerebral.es\/danio\/\/juan-ignacio-marin-2\/"},"modified":"2025-01-09T11:32:08","modified_gmt":"2025-01-09T11:32:08","slug":"juan-ignacio-marin-2","status":"publish","type":"page","link":"https:\/\/xn--daocerebral-2db.es\/eu\/giza-talde-aparta\/juan-ignacio-marin-2\/","title":{"rendered":"Juan Ignacio Mar\u00edn"},"content":{"rendered":"<div class=\"wpb-content-wrapper\"><p>[vc_row][vc_column][vc_column_text]<img decoding=\"async\" class=\"alignleft\" src=\"http:\/\/xn--daocerebral-2db.es\/wp-content\/uploads\/2011\/12\/36V9005.jpg\" alt=\"Juan Ignacio Mar\u00edn\" \/><\/p>\n<h3>Medikua; medikuntza fisikoan eta errehabilitazioan espezialista.<\/h3>\n<p>Oso goiz sortu zen nigan ezgaitasuna duten pertsonak zaintzeko eta tratatzeko bokazioa, eta gaur egun, helburu horri jarraitzen diot nire jarduera profesionalean.\u00a0\u00a0 Eskarmentu handia dut garuneko lesioak dituzten pazienteen errehabilitazioan. Horrela, diziplina anitzeko hainbat taldetan lan egin egiteaz gain, koordinatu eta dinamizatu ere egin ditut. Errehabilitazioari aplikatutako teknologiak (informazioaren teknologiak, robotika, errehabilitazio programa eta teknika berriak aplikatzea) gustukoak ditu, eta eguneroko lanean aplikatzen saiatzen naiz.<\/p>\n<p>Paziente batzuen erreferente kliniko moduan ari naiz lanean Arrasateko Zerbitzuaren ospitaleratze unitatean, eta errehabilitazioko aholkulari moduan Bilboko eta Donostiako Errehabilitazio anbulatorioetan.\u00a0 Gure zerbitzuen artean teknologia berriak eta garuneko lesioak dituzten pertsonen errehabilitazioan aplika daitezkeen tratamendu teknikak ere eskaintzen laguntzen dut.<\/p>\n<p>Zorionekoa naiz, nire lanaz asko gozatzen dudalako, beste profesional batzuekin, pazienteekin eta haien senideekin harremanetan jartzeko aukera ematen didalako. Profesional eta pertsona moduan errealizatzeko aukera ere ematen didalako gustatzen zait. Lanari esker, arreta, orientazioa eta informazioa eskain diezaieket ezgaitasuna duten pertsonei eta haien senideei.<\/p>\n<h4><strong>Prestakuntza akademikoa<\/strong><\/h4>\n<p>\u2022\u00a0\u00a0 \u00a0Medikuntza eta Kirurgian lizentziatua Euskal Herriko Unibertsitatean, 1990-1996.<br \/>\no\u00a0\u00a0 \u00a0Neurozientzien saileko barruko ikaslea, 1991-1994.<\/p>\n<p>\u2022\u00a0\u00a0 \u00a0Doktorego programa: Kirurgiaren oinarri zientifikoak. 1998-2000. Kirurgia, erradiologia eta medikuntza fisikoko saila. Ikertzeko Nahikotasunaren diploma.<\/p>\n<p>\u2022\u00a0\u00a0 \u00a0Medikua; medikuntza fisikoan eta errehabilitazioan espezialista, BAME bidez. Gurutzetako Ospitaleko (Bizkaia) Errehabilitazio Zerbitzuko Barruko Mediku Egoiliarra, 1997-2001.<\/p>\n<p>\u2022\u00a0\u00a0 \u00a0Haurren ezgaitasuneko unibertsitateko masterra. Madrilgo Unibertsitate Konplutentsea, 2007-2008.<\/p>\n<h4><strong>Irakaskuntzaz kanpoko prestakuntza<\/strong><\/h4>\n<p>\u2022\u00a0\u00a0 \u00a0\u201cV. Errehabilitazio eta Kirurgia Ortopedikoko Nazioarteko Ikastaroa:\u00a0 Garezurreko traumatismoa\u201d. Vall d\u2019Hebron Ospitalea eta Traumatologia eta Kirurgia Ortopedikoko katedra, 1998.<br \/>\n\u2022\u00a0\u00a0 \u00a0Mugimendua aztertzeko tekniken ikastaroa, Basurtuko Ospitalea, 1998.<br \/>\n\u2022\u00a0\u00a0 \u00a0JAY Sedestazio eta Posizionamendu Sistemen ikastaroa.\u00a0 Gasteiz, 1999.<br \/>\n\u2022\u00a0\u00a0 \u00a0Sindrome hemiplegikoaren balorazio eta errehabilitazioko ikastaroa, 1999.<br \/>\n\u2022\u00a0\u00a0 \u00a0XII Jardunaldi Teknikoa, Fundaci\u00f3 Institut Guttmann. Bizkarrezur-muineko lesioaren eta traumatismo kraneoentzefalikoaren tratamenduan egindako aurrerapenak.\u00a0 Bartzelona, 2000.<br \/>\n\u2022\u00a0\u00a0 \u00a0Ikastaro teoriko-praktikoa: Espastizitatea A motako toxina botulinikoaz erabiltzeko programa, Madril, 2000.<br \/>\n\u2022\u00a0\u00a0 \u00a0Traumatismo kraneoentzefalikoaren neuroerrehabilitazioa.\u00a0 Sociedad Aragonesa de Medicina F\u00edsica y Rehabilitaci\u00f3n, Zaragoza, 2001.<br \/>\n\u2022\u00a0\u00a0 \u00a0International Workshop of Experts in Assistive Technologies for Neurorehabilitation. XVI. Europako ikastaroak, Donostia, 2004.<br \/>\n\u2022\u00a0\u00a0 \u00a0Kortex prefrontala:\u00a0 Ikertzetik esku hartzera. Aita Menni Ospitaleko Garuneko Kaltearen zerbitzua. Bilbo, 2007.<br \/>\n\u2022\u00a0\u00a0 \u00a0Forotox 2009. Toxina botulinikoa erabiliz egindako tratamenduan prestatzeko foroa. Espainiako Neurologia Sozietateak bermatua. Madril, 2009.<br \/>\n\u2022\u00a0\u00a0 \u00a0Bularreko umearen azterketa neurozinesiologikoa, Votjaren arabera. Hospital Universitario del Ni\u00f1o Jes\u00fas. Madril, 2009.<br \/>\n\u2022\u00a0\u00a0 \u00a0Espastizitatearen tratamendu integraleko ikastaroa:\u00a0 Diziplina anitzeko ikuspegia. Madril, 2010.<\/p>\n<h4><strong>Argitalpenak<\/strong><\/h4>\n<p>Liburuen kapituluak<\/p>\n<ul>\n<li>Mar\u00edn, J. I.; Nin, E. Desarrollo psicomotor del ni\u00f1o. En Tratado de Rehabilitaci\u00f3n Infantil. Inprentan. Medica Panamericana. Madril, 2011.<\/li>\n<li>Mar\u00edn Ojea, J. I.; Ruano Hern\u00e1ndez, R. A.; Quemada Ubis, J. I: Rehabilitaci\u00f3n integral del traumatizado craneoencef\u00e1lico. Hemen: Da\u00f1o Cerebral Postraum\u00e1tico. Fundaci\u00f3n Mapfre Medicina 2007. Or.: 521-536.<\/li>\n<li>Quemada Ubis, J. I.; S\u00e1nchez Cubillo I.; Mar\u00edn Ojea, J.I.; Trastornos cognitivos, conductuales y emocionales en el da\u00f1o cerebral adquirido. Hemen: Manual SERMEF de Rehabilitaci\u00f3n y Medicina F\u00edsica 2006. 52. kapitulua. Or.: 591-596.<\/li>\n<li>Quemada Ubis, J. I.; Mar\u00edn Ojea, J.I.; Mu\u00f1oz C\u00e9spedes J. M.; Evaluaci\u00f3n de aspectos cognitivos y emocionales. Hemen: Manual SERMEF de Rehabilitaci\u00f3n y Medicina F\u00edsica 2006. 3.5. kapitulua. Or.: 62-67.<\/li>\n<li>Quemada Ubis, J. I.; Sagasta Errasti, A.; Marin Ojea, J. I.; El paciente con da\u00f1o cerebral adquirido. Hemen: Tratado de psicofarmacolog\u00eda. Bases y aplicaci\u00f3n cl\u00ednica; Edit. M\u00e9dica Panamericana, 2004. Or.: 147-153.<\/li>\n<\/ul>\n<p>Monografiak. Dokumentu teknikoak<\/p>\n<ul>\n<li>Modelo de atenci\u00f3n a las personas con Da\u00f1o Cerebral. Quemada, J.I.; Marin, J.I.; Ruiz M.J., Bori I.; Gangoiti, L. Lan eta Gizarte Gaien Ministerioa, 2007.<\/li>\n<\/ul>\n<h4><strong>Ikerketa-jarduera<\/strong><\/h4>\n<p>Kongresu eta bilera zientifikoetan egindako komunikazioak eta txostenak (lehen egilea bakarrik)<\/p>\n<p>&#8211; Bizkarrezur-muinaren erdiko kontusioen sindromea paziente gazteengan. XX. SERMEF Kongresu Nazionala.\u00a0 Bartzelona, 2001.<br \/>\n&#8211; Entzefalitis herpetikoaren diziplina anitzeko errehabilitazioaren kasua.\u00a0 VI. Errehabilitazio eta Medikuntza Fisikoko Pirinioez haraindiko Kongresua. Tarragona, 2001.<br \/>\n&#8211; Osifikazio heterotopikoak hartutako garuneko kaltean. VI. Errehabilitazio eta Medikuntza Fisikoko Pirinioez haraindiko Kongresua. Tarragona, 2001.<br \/>\n&#8211; Diziplina arteko errehabilitazio intentsibokoaren emaitzak garuneko kalte larria duten pazienteengan. Espainiako Neuroerrehabilitazio Sozietatearen II. Kongresua. Bartzelona, 2002.<br \/>\n&#8211; Diziplina anitzeko errehabilitazio programa intentsiboen emaitzak garuneko kalte traumatiko larria duten pazienteengan.\u00a0 VII. Errehabilitazio eta Medikuntza Fisikoko Pirinioez haraindiko Kongresua. Tokia: Tolosa (Frantzia), 2003.<br \/>\n&#8211; Posizioan laguntzeko plataforma. Telefonia mugikorraren eta satelite bidezko nabigazioaren aplikazioa hartutako garuneko kaltea duten pertsonen errehabilitazioan. VII. Errehabilitazio eta Medikuntza Fisikoko Pirinioez haraindiko Kongresua. Tokia: Tolosa (Frantzia), 2003.<br \/>\n&#8211; Diziplina anitzeko errehabilitazioaren emaitzen neurketa garuneko kalte traumatiko larrian.\u00a0 Espainiako Neuroerrehabilitazio Sozietatearen VI. Kongresua. Bartzelona, 2006.<br \/>\n&#8211; Ama diabetikoen seme-alaben ebaluazio neuromotorra. Espainiako Haurren Errehabilitazio Sozietatearen XVI. jardunaldi zientifikoak.<br \/>\n&#8211; Esku hartzea arrisku neurologikoa duten bularreko umeengan. Pediatrian eguneratzeko VII. Jardunaldiak. Puebla (Mexiko), 2010eko apirila<\/p>\n<h4><strong>Ikerketa proiektuak<\/strong><\/h4>\n<p>&#8211; \u201cINTELSAN\u201d proiektua: Telearreta soziosanitarioko zerbitzuak hornitzeko sistema integratua. Onarpen ofiziala PROFIT 2000-2003 programaren eskutik.<br \/>\n&#8211; PAP proiektua: Posizioan laguntzeko plataforma soziosanitarioa hartutako garuneko kaltea duten erabiltzaileentzat. Onarpen ofiziala PROFIT 2004-2007 programaren eskutik.<br \/>\n&#8211; Proiektua: \u201cE-orienta\u201d. Ezgaituei orientatzen laguntzeko plataforma sistema. INTEK 2004-2005 programa.<br \/>\n&#8211; \u201cTAD\u201d proiektua: Laguntzeko telekontrol plataforma ezgaituentzat. Parte hartutako enpresak: PROFIT. 2004-2005.<br \/>\n&#8211; Teleerrehabilitazioa Hartutako Gaitasun Neurologiko Handia duten pazienteengan. Ikertzailea. Institut Gutmmann institutuan garatutako eta Agencia d\u2019Avaluaci\u00f3 de Tecnologia i Recerca M\u00e8diques agentziak eta Carlos III. Osasun Institutuak bermatutako proiektua. 2006-2007.<br \/>\n&#8211; Garun proiektua, Garapen Agentzien Euskal Elkarteak sustatutakoa eta Gipuzkoako Foru Aldundiak finantzatutakoa. Gogoeta-prozesua eta bateratze-lana Aita Menni Ospitaleko Garuneko Kalteen Unitateko medikuen eta Mondragon Unibertsitateko ingeniarien artean, gaixotasun neurologikoen eta hartutako garuneko kalteen arlo orokorrean, denek adostuta, jarduerak diseinatu ditzaten.<\/p>\n<h4><strong>Lan esperientzia<\/strong><\/h4>\n<p>Mediku ondokoa, errehabilitazioan espezialista, Aita Menni Ospitaleko Garuneko Kaltearen Zerbitzuan. Garuneko Kaltearen Zerbitzuko Ikerketa eta Garapen saileko burua. Haurren Errehabilitazio Zerbitzuko burua. Korreferente klinikoa Garuneko Kalteko Zerbitzuaren Ospitaleratze Unitatean.\u00a0 Garuneko Kalteko Zerbitzuaren Neuroerrehabilitazio Anbulatorioko Unitatearen aholkularia (Bilbon eta Donostian). 2001eko maiatzetik.<\/p>\n<h4><strong>Hizkuntzak<\/strong><\/h4>\n<p>Ingelesa<\/p>\n<h4><strong>Zaletasunak<\/strong><\/h4>\n<p>Irakurtzea, zinemara joatea, bidaiatzea beste herrialde eta kultura batzuk ezagutzeko, naturan egindako jarduerak (mendi-ibiliak egitea, mendia, eskiatzea).[\/vc_column_text][\/vc_column][\/vc_row]<\/p>\n<\/div>","protected":false},"excerpt":{"rendered":"<p>[vc_row][vc_column][vc_column_text] Medikua; medikuntza fisikoan eta errehabilitazioan espezialista. Oso goiz sortu zen nigan ezgaitasuna duten pertsonak zaintzeko eta tratatzeko bokazioa, eta gaur egun, helburu horri jarraitzen diot nire jarduera profesionalean.\u00a0\u00a0 Eskarmentu handia dut garuneko lesioak dituzten pazienteen errehabilitazioan. Horrela, diziplina anitzeko hainbat taldetan lan egin egiteaz gain, koordinatu eta dinamizatu ere egin ditut. Errehabilitazioari aplikatutako teknologiak&hellip;<\/p>\n","protected":false},"author":2,"featured_media":301,"parent":15076,"menu_order":0,"comment_status":"closed","ping_status":"closed","template":"","meta":{"footnotes":""},"_links":{"self":[{"href":"https:\/\/xn--daocerebral-2db.es\/eu\/wp-json\/wp\/v2\/pages\/15028"}],"collection":[{"href":"https:\/\/xn--daocerebral-2db.es\/eu\/wp-json\/wp\/v2\/pages"}],"about":[{"href":"https:\/\/xn--daocerebral-2db.es\/eu\/wp-json\/wp\/v2\/types\/page"}],"author":[{"embeddable":true,"href":"https:\/\/xn--daocerebral-2db.es\/eu\/wp-json\/wp\/v2\/users\/2"}],"replies":[{"embeddable":true,"href":"https:\/\/xn--daocerebral-2db.es\/eu\/wp-json\/wp\/v2\/comments?post=15028"}],"version-history":[{"count":4,"href":"https:\/\/xn--daocerebral-2db.es\/eu\/wp-json\/wp\/v2\/pages\/15028\/revisions"}],"predecessor-version":[{"id":91163,"href":"https:\/\/xn--daocerebral-2db.es\/eu\/wp-json\/wp\/v2\/pages\/15028\/revisions\/91163"}],"up":[{"embeddable":true,"href":"https:\/\/xn--daocerebral-2db.es\/eu\/wp-json\/wp\/v2\/pages\/15076"}],"wp:featuredmedia":[{"embeddable":true,"href":"https:\/\/xn--daocerebral-2db.es\/eu\/wp-json\/wp\/v2\/media\/301"}],"wp:attachment":[{"href":"https:\/\/xn--daocerebral-2db.es\/eu\/wp-json\/wp\/v2\/media?parent=15028"}],"curies":[{"name":"wp","href":"https:\/\/api.w.org\/{rel}","templated":true}]}}