{"id":15024,"date":"2011-12-19T13:15:14","date_gmt":"2011-12-19T13:15:14","guid":{"rendered":"http:\/\/da\u00f1ocerebral.es\/danio\/\/beatriz-gavilan-2\/"},"modified":"2024-04-16T11:19:44","modified_gmt":"2024-04-16T11:19:44","slug":"manuel-murie","status":"publish","type":"page","link":"https:\/\/xn--daocerebral-2db.es\/eu\/giza-talde-aparta\/manuel-murie\/","title":{"rendered":"Manuel Murie"},"content":{"rendered":"<div class=\"wpb-content-wrapper\"><p>[vc_row][vc_column width=&#8221;1\/2&#8243;][vc_single_image image=&#8221;65916&#8243; img_size=&#8221;full&#8221; onclick=&#8221;custom_link&#8221; link=&#8221;https:\/\/xn--daocerebral-2db.es\/tu-equipo-de-tratamiento\/manuel-murie\/&#8221;][\/vc_column][vc_column width=&#8221;1\/2&#8243;][vc_column_text]<\/p>\n<h3>Responsable de la coordinaci\u00f3n de la l\u00ednea asistencial de Da\u00f1o Cerebral en el Pa\u00eds Vasco<\/h3>\n<p>Mi trabajo consiste en coordinar la <a href=\"https:\/\/www.aita-menni.org\/es\/unidad\/dano-cerebral-hospitalizacion-mondragon\/\" target=\"_blank\" rel=\"noopener\">Unidad de Hospitalizaci\u00f3n<\/a>\u00a0del\u00a0<a href=\"https:\/\/www.aita-menni.org\/es\/centro\/hospital-aita-menni\/\" target=\"_blank\" rel=\"noopener\">Hospital Aita Menni<\/a>\u00a0en Gesalibar, los Centros de D\u00eda de\u00a0<a href=\"https:\/\/www.aita-menni.org\/es\/centro\/centro-dano-cerebral-arrasate-mondragon\/\" target=\"_blank\" rel=\"noopener\">Mondrag\u00f3n<\/a>\u00a0(Musakola) y\u00a0<a href=\"https:\/\/www.aita-menni.org\/es\/centro\/centro-dano-cerebral-aita-menni-san-sebastian\/\" target=\"_blank\" rel=\"noopener\">San Sebasti\u00e1n<\/a>\u00a0(Zuatzu), y las Unidades de Rehabilitaci\u00f3n Ambulatoria de\u00a0<a href=\"https:\/\/www.aita-menni.org\/es\/unidad\/dano-cerebral-rehabilitacion-ambulatoria-mondragon\/\" target=\"_blank\" rel=\"noopener\">Mondrag\u00f3n<\/a>,\u00a0<a href=\"https:\/\/www.aita-menni.org\/es\/centro\/centro-dano-cerebral-aita-menni-san-sebastian\/\" target=\"_blank\" rel=\"noopener\">San Sebasti\u00e1n<\/a>\u00a0y\u00a0<a href=\"https:\/\/www.aita-menni.org\/es\/centro\/centro-dano-cerebral-aita-menni-bilbao\/\" target=\"_blank\" rel=\"noopener\">Bilbao<\/a>.<\/p>\n<h4><strong>Formaci\u00f3n acad\u00e9mica<\/strong><\/h4>\n<p>\u2022 Licenciado en Medicina. Facultad de Medicina. Universidad de Navarra 1996-2002.<br \/>\n\u2022\u00a0Residencia en Neurolog\u00eda v\u00eda MIR. Departamento de Neurolog\u00eda y Neurocirug\u00eda. Cl\u00ednica Universitaria de Navarra. 2003-2007.<br \/>\n\u2022\u00a0Experto universitario en probabilidad y estad\u00edstica en Medicina (UNED). 2004-2005.<br \/>\n\u2022\u00a0Master en peritaje del da\u00f1o corporal y psicosocial. Instituto Europeo de Salud y Bienestar Social. 2007-2008.<br \/>\n\u2022\u00a0Fellowship cl\u00ednico e investigador en Neurorrehabilitaci\u00f3n en \u201cDepartment of Physical Medicine &amp; Rehabilitation, Schulich School of Medicine &amp; Dentistry,\u00a0 The University of Western Ontario\u201d curso 2008-2009.<br \/>\n\u2022\u00a0Executive-MBA (IDE-CESEM). 2008- 2011.<br \/>\n\u2022\u00a0Doctor en Medicina\u00a0 con grado Apto Cum Laude. Universidad de Navarra 30-3-2012.<\/p>\n<h4><strong>Publicaciones<\/strong><\/h4>\n<p>\u2022 Autor de m\u00e1s de 30 publicaciones en revistas cient\u00edficas y m\u00e1s de 20 cap\u00edtulos de libros. Coeditor de dos libros.<\/p>\n<h4><strong>Actividad docente<\/strong><\/h4>\n<p>\u2022\u00a0\u00a0 \u00a0Profesor asociado. Universidad P\u00fablica de Navarra; Facultad de CC. de la Salud (Escuela de Fisioterapia)<\/p>\n<p>\u2022\u00a0Encargado de la plataforma de formaci\u00f3n continuada de la Sociedad Espa\u00f1ola de Neurolog\u00eda. Desde Noviembre 2011 hasta la actualidad.<br \/>\n\u2022\u00a0Director adjunto del campus formativo de la SEN desde junio de 2013 hasta la actualidad.<br \/>\n\u2022\u00a0Acreditado por la ANECA como Profesor Contratado Doctor y Profesor de Universidad Privada.<\/p>\n<h4><strong>Experiencia profesional\u00a0<\/strong><\/h4>\n<p>2017-Actualidad . Director Unidad de Neurorrehabilitacion. en Hospital ciudad de Telde. Grupo ICOT<\/p>\n<p>2014-2017. Clinica san Miguel (Pamplona)<br \/>\nCargo: director Departmento de Neurolog\u00eda<br \/>\nFunciones: direcci\u00f3n de los servicios m\u00e9dicoterap\u00e9uticos y asistenciales.<br \/>\nLogros: programaci\u00f3n, consecuci\u00f3n de la financiaci\u00f3n, dise\u00f1o de plan estrat\u00e9gico y puesta en marcha. Liderazgo participativo. Orientaci\u00f3n acad\u00e9mica para trabajadores. Desarrollo del plan de innovaci\u00f3n e investigaci\u00f3n translacional y social. Docencia Univiersitaria de pregrado y posgrado.<\/p>\n<p>2009-2014. Cl\u00ednica Universidad de Navarra<br \/>\nCargo: adjunto Departamento de Neurolog\u00eda. Tutor de residentes de Neurolog\u00eda. Director de la Unidad de Neurorrehabilitaci\u00f3n. Profesor asociado, Facultado de Medicina Universidad de Navarra.<br \/>\nFunciones: direcci\u00f3n de la Unidad de Neurorrehabilitaci\u00f3n. Formaci\u00f3n de residentes de Neurolog\u00eda. Las propias de m\u00e9dico neur\u00f3logo.<br \/>\nLogros: dise\u00f1o, planificaci\u00f3n y puesta en marcha de la Unidad de Neurorrehabilitaci\u00f3n de la Cl\u00ednica Universidad de Navarra. Especializaci\u00f3n de 10 neur\u00f3logos, con supervisi\u00f3n y evaluaci\u00f3n de su formaci\u00f3n reglada. Docencia Universitaria. Obtenci\u00f3n del t\u00edtulo de Doctor en Medicina.<\/p>\n<p>2008-2009: University of Western Ontario. Parkwood Hospital.<br \/>\nCargo: Fellowship in Neurorehabilitation<br \/>\nFunciones: Responsable de pacientes de la Unidad de Neurorrehabilitaci\u00f3n. Colaborador en la formaci\u00f3n de residentes de medicina f\u00edsica y rehabilitaci\u00f3n.<br \/>\nLogros: Publicaciones cient\u00edficas en revistas de alto impacto. Premios Nacionales e internacionales de investigaci\u00f3n. T\u00edtulo de Fellowship in Neurorehabilitation.<\/p>\n<p>2007-2008. Unidad Asistencial San Vicente<br \/>\nCargo: m\u00e9dico adjunto.<br \/>\nFunciones: responsable de guardias y gesti\u00f3n de terapeutas.<br \/>\nLogros:\u00a0 gesti\u00f3n del d\u00eda a d\u00eda de un centro de neurorrehablitaci\u00f3n.<\/p>\n<p>2003-2007. Cl\u00ednica Universidad de Navarra<br \/>\nCargo: M\u00e9dico interno residente Departamento de Neurolog\u00eda<br \/>\nFunciones: las propias de un MIR.<br \/>\nLogros: Obtenci\u00f3n de t\u00edtulo de Especialista en Neurolog\u00eda.<\/p>\n<h4><strong>Experiencia en gesti\u00f3n<\/strong><\/h4>\n<p>2014- Actualidad: Director m\u00e9dico C.N.A.I.<br \/>\n2012-Actualidad: Presidente de la Sociedad Espa\u00f1ola de Neurorrehabilitaci\u00f3n<br \/>\n2010-2014: Director de la Unidad de Neurorrehabilitaci\u00f3n de la Cl\u00ednica Universidad de Navarra<br \/>\n2010-2014: Miembro de la Junta directiva de la Sociedad Espa\u00f1ola de Neurolog\u00eda<\/p>\n<h4><strong>Idiomas<\/strong><\/h4>\n<p>\u2022 Ingles: nivel alto<\/p>\n<h4><strong>Otros datos de inter\u00e9s<\/strong><\/h4>\n<p>\u2022\u00a0Reconocido con m\u00e1s de 10 becas y premios nacionales e internacionales.<br \/>\n\u2022\u00a0Director m\u00e9dico y socio fundador de la empresa Healthehealth comp.<br \/>\n\u2022\u00a0Miembro del comit\u00e9 cient\u00edfico ejecutivo de la revista Neurolog\u00eda desde Junio 2012 hasta la actualidad.[\/vc_column_text][\/vc_column][\/vc_row]<\/p>\n<\/div>","protected":false},"excerpt":{"rendered":"<p>[vc_row][vc_column width=&#8221;1\/2&#8243;][vc_single_image image=&#8221;65916&#8243; img_size=&#8221;full&#8221; onclick=&#8221;custom_link&#8221; link=&#8221;https:\/\/xn--daocerebral-2db.es\/tu-equipo-de-tratamiento\/manuel-murie\/&#8221;][\/vc_column][vc_column width=&#8221;1\/2&#8243;][vc_column_text] Responsable de la coordinaci\u00f3n de la l\u00ednea asistencial de Da\u00f1o Cerebral en el Pa\u00eds Vasco Mi trabajo consiste en coordinar la Unidad de Hospitalizaci\u00f3n\u00a0del\u00a0Hospital Aita Menni\u00a0en Gesalibar, los Centros de D\u00eda de\u00a0Mondrag\u00f3n\u00a0(Musakola) y\u00a0San Sebasti\u00e1n\u00a0(Zuatzu), y las Unidades de Rehabilitaci\u00f3n Ambulatoria de\u00a0Mondrag\u00f3n,\u00a0San Sebasti\u00e1n\u00a0y\u00a0Bilbao. Formaci\u00f3n acad\u00e9mica \u2022 Licenciado en Medicina.&hellip;<\/p>\n","protected":false},"author":3,"featured_media":0,"parent":15076,"menu_order":0,"comment_status":"closed","ping_status":"closed","template":"","meta":{"footnotes":""},"_links":{"self":[{"href":"https:\/\/xn--daocerebral-2db.es\/eu\/wp-json\/wp\/v2\/pages\/15024"}],"collection":[{"href":"https:\/\/xn--daocerebral-2db.es\/eu\/wp-json\/wp\/v2\/pages"}],"about":[{"href":"https:\/\/xn--daocerebral-2db.es\/eu\/wp-json\/wp\/v2\/types\/page"}],"author":[{"embeddable":true,"href":"https:\/\/xn--daocerebral-2db.es\/eu\/wp-json\/wp\/v2\/users\/3"}],"replies":[{"embeddable":true,"href":"https:\/\/xn--daocerebral-2db.es\/eu\/wp-json\/wp\/v2\/comments?post=15024"}],"version-history":[{"count":5,"href":"https:\/\/xn--daocerebral-2db.es\/eu\/wp-json\/wp\/v2\/pages\/15024\/revisions"}],"predecessor-version":[{"id":86851,"href":"https:\/\/xn--daocerebral-2db.es\/eu\/wp-json\/wp\/v2\/pages\/15024\/revisions\/86851"}],"up":[{"embeddable":true,"href":"https:\/\/xn--daocerebral-2db.es\/eu\/wp-json\/wp\/v2\/pages\/15076"}],"wp:attachment":[{"href":"https:\/\/xn--daocerebral-2db.es\/eu\/wp-json\/wp\/v2\/media?parent=15024"}],"curies":[{"name":"wp","href":"https:\/\/api.w.org\/{rel}","templated":true}]}}