{"id":15020,"date":"2011-12-18T13:24:26","date_gmt":"2011-12-18T13:24:26","guid":{"rendered":"http:\/\/da\u00f1ocerebral.es\/danio\/\/ines-folgado-2\/"},"modified":"2024-04-12T14:08:29","modified_gmt":"2024-04-12T14:08:29","slug":"eugenia-diaz-emparantza","status":"publish","type":"page","link":"https:\/\/xn--daocerebral-2db.es\/eu\/giza-talde-aparta\/eugenia-diaz-emparantza\/","title":{"rendered":"M\u00aa Eugenia D\u00edaz-Emparantza"},"content":{"rendered":"<p>&nbsp;<\/p>\n<p><img decoding=\"async\" class=\"alignleft\" src=\"https:\/\/xn--daocerebral-2db.es\/wp-content\/uploads\/2011\/12\/M\u00aa-Eugenia-D\u00edaz-Emparantza.jpg\" alt=\"M\u00aa Eugenia D\u00edaz-Emparanza \" \/><\/p>\n<h3>Coordinadora de la Unidad de Da\u00f1o Cerebral del Hospital Benito Menni<\/h3>\n<p>Soy logopeda y trabajo en el \u00e1mbito de la comunicaci\u00f3n y la alimentaci\u00f3n humana. Mi objetivo es intentar que las personas afectadas por un da\u00f1o cerebral puedan alcanzar su m\u00e1xima capacidad comunicativa para favorecer su autonom\u00eda e interacci\u00f3n con su entorno. As\u00ed mismo, tambi\u00e9n trabajo para que puedan disfrutar de la comida con eficacia y seguridad.<\/p>\n<h4><strong>Formaci\u00f3n acad\u00e9mica<\/strong><\/h4>\n<p>&#8211; Diplomada en Logopedia por la Facultad de Medicina de la Universidad de Valladolid.<\/p>\n<p>&#8211; Diplomada en Magisterio, especialista en Educaci\u00f3n Musical por la Escuela Universitaria de Magisterio &#8216;Bego\u00f1ako Andra Mari&#8217; de Bilbao.<\/p>\n<p>Me he ido especializando en al \u00e1mbito neurol\u00f3gico tanto en el aspecto de la comunicaci\u00f3n como en el de la degluci\u00f3n, actualiz\u00e1ndome igualmente a nivel te\u00f3rico y en nuevas t\u00e9cnicas de intervenci\u00f3n.<\/p>\n<h4><strong>Formaci\u00f3n extraacad\u00e9mica<\/strong><\/h4>\n<h5>Congresos, jornadas y seminarios<\/h5>\n<p>&#8211; 2018:\u00a0 X Congreso Internacional Asociaci\u00f3n de Logopedas de Espa\u00f1a. &#8216;Nuevas tendencias terap\u00e9uticas y de intervenci\u00f3n en Logopedia&#8217;. Madrid.<\/p>\n<p>&#8211; 2017:\u00a0 7\u00ba Congreso de la ESSD (Swallowing and ageing) &amp;\u00a0World Dysphagia Summit (Congreso mundial de disfagia). Barcelona.<\/p>\n<p>&#8211; 2017 : Jornadas Sociedad Castellano Leonesa de Medicina Rehabilitadora. Abordaje multidisciplinar del Da\u00f1o Cerebral Adquirido. Valladolid.<\/p>\n<p>&#8211; 2015:\u00a0 Jornada sobre peritaje judicial. Colegio Profesional de Logopedas de Castilla y Le\u00f3n. Burgos.<\/p>\n<p>&#8211; 2014:\u00a0 I Congreso de Da\u00f1o Cerebral Adquirido de Castilla y Le\u00f3n. Centro Hospitalario P. Benito Menni. Valladolid.<\/p>\n<p>&#8211; 2014:\u00a0 Jornada &#8216;Disfunci\u00f3n del procesamiento sensorial y calidad de vida en ni\u00f1os con s\u00edndrome de Asperger&#8217;. Centro Hospitalario P. Benito Menni.\u00a0Valladolid.<\/p>\n<p>&#8211; 2014 : Jornada &#8216;Pautas b\u00e1sicas de manejo de pacientes con disfagia&#8217;. Centro Hospitalario P. Benito Menni. Valladolid.<\/p>\n<p>&#8211; 2011: Seminario &#8216;Atenci\u00f3n temprana: alimentaci\u00f3n, lenguaje y comunicaci\u00f3n. Enfoque pr\u00e1ctico&#8217;. Hospital Aita Menni. Bilbao<\/p>\n<p>&#8211; 2008:\u00a0 Jornada cient\u00edfica &#8216;Estimulaci\u00f3n cognitiva, un paseo por las terapias no farmacol\u00f3gicas\u201d. FEAPS Castilla y Le\u00f3n. Valladolid.<\/p>\n<p>&#8211; 2008: Cuarto Encuentro \u2013 Jornada Regional &#8216;Avanzando en el TDA-H&#8217;. FUNDAICYL: Fundaci\u00f3n de Ayuda a la Infancia. Valladolid<\/p>\n<p>&#8211; 2008: &#8216;I Jornada de Logopedia y Da\u00f1o Cerebral Adquirido: Diagn\u00f3stico y Rehabilitaci\u00f3n de la Afasia&#8217;. ATECE: Asociaci\u00f3n de Da\u00f1o Cerebral Adquirido de \u00c1lava. Vitoria<\/p>\n<p>&#8211; 2008: Seminario &#8216;Disartria: evaluaci\u00f3n y rehabilitaci\u00f3n&#8217;. Prof. Nicholas Miller. Hospital Aita-Menni. San Sebasti\u00e1n.<\/p>\n<p>&#8211; 2007: Jornada &#8216;Musicoterapia en medicina&#8217;. Fundaci\u00f3n Universidades de Castilla y Le\u00f3n. Valladolid.<\/p>\n<p>&#8211; 2007:\u00a0 Tercer Encuentro &#8216;Creciendo con el TDA-H&#8217;. FUNDAICYL: Fundaci\u00f3n de Ayuda a la Infancia. Valladolid.<\/p>\n<p>&#8211; 2006:\u00a0 Jornadas de actualizaci\u00f3n cient\u00edfica en logopedia. Diplomatura de Logopedia. Universidad de Valladolid.<\/p>\n<p>&#8211; 2006: Seminario &#8216;Disfagia neur\u00f3gena. C\u00f3mo evaluarla y tratarla&#8217;. Hospital Aita-Menni. San Sebasti\u00e1n.<\/p>\n<p>&#8211; 2005: Jornada &#8216;Da\u00f1o cerebral infantil: enfoque multidisciplinar&#8217;. Centro Hospitalario Benito Menni, Junta de Castilla y Le\u00f3n, Sacyl. Valladolid.<\/p>\n<p>&#8211; 2005: Seminario &#8216;Evaluaci\u00f3n y rehabilitaci\u00f3n de las alteraciones del lenguaje desde un enfoque cognitivo&#8217;. Hospital Aita-Menni. Bilbao.<\/p>\n<p>&#8211; 2004: Seminario &#8216;Conducta y l\u00f3bulo frontal&#8217;. Hospital Aita-Menni. Bilbao.<\/p>\n<p>&#8211; 2001: &#8216;IV Jornadas sobre Par\u00e1lisis Cerebral: Enfoque interdisciplinar de la alimentaci\u00f3n y estimulaci\u00f3n orofacial&#8217;. APACE: Asociaci\u00f3n de Paral\u00edticos Cerebrales. Burgos.<\/p>\n<p>&#8211; 2000 : &#8216;III Jornadas sobre logopedia: Patolog\u00edas del desarrollo del lenguaje. Medidas restauradoras&#8217;. Fundaci\u00f3n ICSE. Sevilla.<\/p>\n<h5>Cursos especializados<\/h5>\n<p>&#8211; 2013, Ponencia invitada: &#8216;Ictus: Importancia de un tratamiento rehabilitador precoz y de un abordaje multidisciplinar para conseguir la mayor autonom\u00eda del paciente&#8217;<strong>.<\/strong> Centro Hospitalario Padre Benito Menni.<\/p>\n<p>&#8211; 2013, Ponencia invitada: &#8216;Aprendemos mientras ense\u00f1amos. Dificultades de aprendizaje y trastornos de conducta. De la teor\u00eda a la pr\u00e1ctica, casos reales.\u00a0Soluci\u00f3n y resultados<strong>&#8216;<\/strong>. \u00a0Unidad Infanto-juvenil. Facultad de Educaci\u00f3n y trabajo social. Universidad de Valladolid.<\/p>\n<p>&#8211; 2012, Ponencia invitada: &#8216;Aprendemos mientras ense\u00f1amos. Dificultades de Aprendizaje y Trastornos de Conducta. De la teor\u00eda a la pr\u00e1ctica, casos reales<strong>&#8216;. <\/strong>4 de Octubre. Unidad Infanto-juvenil. Hospital Padre Benito Menni. Valladolid.<\/p>\n<p>&#8211; 2012, Ponencia invitada<strong>: <\/strong>&#8216;Novedades en la rehabilitaci\u00f3n de la comunicaci\u00f3n&#8217;. XVII Jornadas cient\u00edficas de la SERI: Nuevos avances diagn\u00f3sticos y terap\u00e9uticos en rehabilitaci\u00f3n infantil. Madrid.<\/p>\n<p>&#8211; 2011, Ponencia Invitada: &#8216;Taller II: Intervenci\u00f3n logop\u00e9dica en da\u00f1o cerebral adquirido II : Intervenci\u00f3n en\u00a0 voz, habla y degluci\u00f3n&#8217;. Profesora-Colaboradora de los <em>V Talleres: Praxis de Logopedia<\/em>. Facultad de Medicina, Valladolid. Centro Buend\u00eda, Universidad de Valladolid.<\/p>\n<p>&#8211; 2011, Sesi\u00f3n cient\u00edfica: &#8216;Par\u00e1lisis facial en da\u00f1o cerebral adquirido&#8217;, en <em>Sesiones Cient\u00edficas en Logopedia, curso acad\u00e9mico 2010-2011<\/em>, Diplomatura de Logopedia. Facultad de Medicina. Universidad de Valladolid.<\/p>\n<p>&#8211; 2010, Ponencia Invitada<strong>: <\/strong>&#8216;Logopedia en Da\u00f1o Cerebral&#8217;\u00a0en el XXVII Congreso Internacional de AELFA. Facultad de Medicina, Valladolid. 8 de julio.<\/p>\n<p>&#8211; 2010, Ponencia Invitada: &#8216;Taller V: Intervenci\u00f3n Logop\u00e9dica en Da\u00f1o Cerebral Adquirido I: Intervenci\u00f3n en\u00a0 Lenguaje&#8217;<strong>.<\/strong> Profesora-Colaboradora de los <em>III Talleres: Praxis de Logopedia<\/em>. Facultad de Medicina, Valladolid. Centro Buend\u00eda, Universidad de Valladolid.<\/p>\n<p>&#8211; 2010, Sesi\u00f3n cient\u00edfica: &#8216;Disfagia neur\u00f3gena&#8217;, en <em>Sesiones Cient\u00edficas en Logopedia, curso acad\u00e9mico 2009-2010<\/em>, Diplomatura de Logopedia. Facultad de Medicina. Universidad de Valladolid.<\/p>\n<p>&#8211; 2009, Ponencia Invitada: &#8216;Taller VI. Intervenci\u00f3n Logop\u00e9dica en Da\u00f1o Cerebral Adquirido&#8217;.\u00a0Profesora-Colaboradora de los <em>II Talleres: Praxis de Logopedia<\/em>. Facultad de Medicina, Valladolid. Centro Buend\u00eda, Universidad de Valladolid.<\/p>\n<p>&#8211; 2008, Sesi\u00f3n docente: &#8216;Disfagia: problemas de alimentaci\u00f3n&#8217;. Centro Hospitalario Benito Menni. Valladolid.<\/p>\n<p>&#8211; 2008, Sesi\u00f3n cient\u00edfica: &#8216;Intervenci\u00f3n logop\u00e9dica en un caso de da\u00f1o cerebral adquirido: anomia&#8217;, en <em>Sesiones Cient\u00edficas en Logopedia, curso acad\u00e9mico 2007-2008<\/em>, Diplomatura de Logopedia. Facultad de Medicina. Universidad de Valladolid.<\/p>\n<p>&#8211; 2007, Seminario de formaci\u00f3n interna: &#8216;Protocolo de Evaluaci\u00f3n funcional de la voz en pacientes con DCA&#8217;. Hospital Aita-Menni. Bilbao.<\/p>\n<p>&#8211; 2001, Seminario Pr\u00e1ctico: &#8216;Impostaci\u00f3n vocal en disfon\u00edas&#8217;. Diplomatura de Logopedia. Facultad de Medicina. Universidad de Valladolid.<\/p>\n<h4><strong>Publicaciones<\/strong><\/h4>\n<p>Libros:<\/p>\n<p>&#8211; Nieves Mendizabal de la Cruz, Rosa Bel\u00e9n Santiago Pardo, Natalia Jimeno Bulnes, M\u00aa Eugenia D\u00edaz-Emparanza Mateo, \u201cGu\u00eda pr\u00e1ctica para la elaboraci\u00f3n de informes logop\u00e9dicos\u201d. Editorial Panamericana, 2013. (ISBN 9788498357387)<\/p>\n<p>Cap\u00edtulos de libro:<\/p>\n<p>&#8211;\u00a0D\u00edaz-Emparanza Mateo, M.E; Murciego Rubio, P: \u201cRecuperaci\u00f3n fuera de pron\u00f3stico en paciente de edad avanzada con da\u00f1o cerebral adquirido\u201d, en Nuevo retos y posibilidades. Aportaciones de la logopedia, foniatr\u00eda, y audiolog\u00eda en el XXVII Congreso Internacional de AELFA. C.L. Valladolid, libro electr\u00f3nico, 2010. pps 427 \u2013 429. (ISBN 978-84-693-4553-5)<\/p>\n<p>&#8211; D\u00edaz-Emparanza Mateo, M.E; Murciego Rubio, P.: \u201cTratamiento multidisciplinar en un caso de par\u00e1lisis facial perif\u00e9rica bilateral\u201d, en Nuevo retos y posibilidades. Aportaciones de la logopedia, foniatr\u00eda, y audiolog\u00eda en el XXVII Congreso Internacional de AELFA. C.L. Valladolid, libro electr\u00f3nico, 2010. pps 614-623. (ISBN 978-84-693-4553-5)<\/p>\n<h4><strong>Otros datos de inter\u00e9s<\/strong><\/h4>\n<p>Soy colaboradora honor\u00edfica adscrita al Grado de Logopedia de la Universidad de Valladolid desde el a\u00f1o 2006.<\/p>\n<h4><strong>Experiencia laboral<\/strong><\/h4>\n<p>&#8211; Desde 2006:\u00a0Unidad de Da\u00f1o Cerebral. Centro Hospitalario Benito Menni. Valladolid. Logopeda. Funciones: rehabilitaci\u00f3n de los problemas de lenguaje, habla y voz, derivados del da\u00f1o cerebral adquirido. Valoraciones de la comunicaci\u00f3n. Supervisi\u00f3n de alumnado en pr\u00e1cticas.<\/p>\n<p>&#8211; 2003-2006:\u00a0\u00a0Hospital Aita-Menni. Unidad de Da\u00f1o Cerebral. Bilbao. Logopeda. Funciones:\u00a0 rehabilitaci\u00f3n de los problemas de lenguaje, habla y voz, derivados del da\u00f1o cerebral adquirido. Valoraciones de la comunicaci\u00f3n. Coordinaci\u00f3n del equipo logop\u00e9dico y supervisi\u00f3n de alumnado en pr\u00e1cticas. Integraci\u00f3n y desarrollo de proyectos de investigaci\u00f3n espec\u00edficos del \u00e1rea.<\/p>\n<p>&#8211; 2002:\u00a0C.E.E. OBREG\u00d3N. Valladolid. Logopeda. Funciones: atenci\u00f3n de los problemas de lenguaje, habla y voz, derivados de la par\u00e1lisis cerebral. Utilizaci\u00f3n de sistemas alternativos de comunicaci\u00f3n.<\/p>\n<p>&#8211; 2002 :\u00a0AVEM: Asociaci\u00f3n Vallisoletana de Esclerosis M\u00faltiple. Valladolid. Logopeda. Funciones: rehabilitaci\u00f3n de los problemas de lenguaje, habla y voz, derivados de la\u00a0 esclerosis m\u00faltiple.<\/p>\n<p>&#8211; 2001 :\u00a0AVEM: Asociaci\u00f3n Vallisoletana de Esclerosis M\u00faltiple: Programa de Pr\u00e1cticas de Formaci\u00f3n en Alternancia. Logopeda (240 horas).Funciones: Rehabilitaci\u00f3n de los problemas de lenguaje, habla y voz, en pacientes afectados de E.M.<\/p>\n<p>&#8211; 1999\u20132002:\u00a0\u00a0Coral Riosecana \u2018Almirante Enr\u00edquez\u2019. Medina de Rioseco. T\u00e9cnica y Formaci\u00f3n Vocal. Funciones: Preparaci\u00f3n de los coralistas a nivel vocal para su integraci\u00f3n y funcionamiento en el conjunto coral. Miembro del Cuadro Art\u00edstico.<\/p>\n<p>&#8211; 1998:\u00a0Colegio P\u00fablico San Ignacio. Bilbao. Profesora de Lenguaje Musical. Funciones: Iniciar a los alumnos de educaci\u00f3n infantil y primaria en el lenguaje musical durante horario extraescolar.<\/p>\n<p>&#8211; 1997-1998:\u00a0Coro Bagabiltza. Bilbao. T\u00e9cnica y Formaci\u00f3n Vocal Funciones: Preparaci\u00f3n de los coralistas a nivel vocal para su integraci\u00f3n y funcionamiento en el conjunto coral.<\/p>\n<h4><strong>Idiomas<\/strong><\/h4>\n<p>&#8211; Ingl\u00e9s<br \/>\n&#8211; Euskera<\/p>\n<h4><strong>Aficiones<\/strong><\/h4>\n<p>Mi gran afici\u00f3n es la m\u00fasica coral, me encanta cantar en grupo y sentir como un gran grupo de gente diversa puede latir al mismo tempo para hace algo tan maravilloso como la m\u00fasica; es lo que me ayuda a \u2018cargar pilas\u2019. Tambi\u00e9n me gusta salir a pasear al campo y, por supuesto, y antes que nada, disfrutar del tiempo con mi familia.<\/p>\n","protected":false},"excerpt":{"rendered":"<p>&nbsp; Coordinadora de la Unidad de Da\u00f1o Cerebral del Hospital Benito Menni Soy logopeda y trabajo en el \u00e1mbito de la comunicaci\u00f3n y la alimentaci\u00f3n humana. Mi objetivo es intentar que las personas afectadas por un da\u00f1o cerebral puedan alcanzar su m\u00e1xima capacidad comunicativa para favorecer su autonom\u00eda e interacci\u00f3n con su entorno. As\u00ed mismo,&hellip;<\/p>\n","protected":false},"author":3,"featured_media":43136,"parent":15076,"menu_order":0,"comment_status":"closed","ping_status":"closed","template":"","meta":{"footnotes":""},"_links":{"self":[{"href":"https:\/\/xn--daocerebral-2db.es\/eu\/wp-json\/wp\/v2\/pages\/15020"}],"collection":[{"href":"https:\/\/xn--daocerebral-2db.es\/eu\/wp-json\/wp\/v2\/pages"}],"about":[{"href":"https:\/\/xn--daocerebral-2db.es\/eu\/wp-json\/wp\/v2\/types\/page"}],"author":[{"embeddable":true,"href":"https:\/\/xn--daocerebral-2db.es\/eu\/wp-json\/wp\/v2\/users\/3"}],"replies":[{"embeddable":true,"href":"https:\/\/xn--daocerebral-2db.es\/eu\/wp-json\/wp\/v2\/comments?post=15020"}],"version-history":[{"count":0,"href":"https:\/\/xn--daocerebral-2db.es\/eu\/wp-json\/wp\/v2\/pages\/15020\/revisions"}],"up":[{"embeddable":true,"href":"https:\/\/xn--daocerebral-2db.es\/eu\/wp-json\/wp\/v2\/pages\/15076"}],"wp:featuredmedia":[{"embeddable":true,"href":"https:\/\/xn--daocerebral-2db.es\/eu\/wp-json\/wp\/v2\/media\/43136"}],"wp:attachment":[{"href":"https:\/\/xn--daocerebral-2db.es\/eu\/wp-json\/wp\/v2\/media?parent=15020"}],"curies":[{"name":"wp","href":"https:\/\/api.w.org\/{rel}","templated":true}]}}