{"id":14996,"date":"2011-12-13T17:30:20","date_gmt":"2011-12-13T17:30:20","guid":{"rendered":"http:\/\/da\u00f1ocerebral.es\/danio\/\/jose-ignacio-quemada-2\/"},"modified":"2025-01-23T10:59:37","modified_gmt":"2025-01-23T10:59:37","slug":"jose-ignacio-quemada-2","status":"publish","type":"page","link":"https:\/\/xn--daocerebral-2db.es\/eu\/giza-talde-aparta\/jose-ignacio-quemada-2\/","title":{"rendered":"Jos\u00e9 Ignacio Quemada"},"content":{"rendered":"<p><img decoding=\"async\" class=\"size-full wp-image-16197 alignleft\" src=\"http:\/\/xn--daocerebral-2db.es\/wp-content\/uploads\/2014\/07\/jos%C3%A9-ignacio-quemada.jpg\" alt=\"nacho_quemada\" \/><\/p>\n<h3>Ospitalarioak Fundazioa: Kalte Zerebral eta Neurorrehabilitazio Sarea-ko zuzendaria<\/h3>\n<p>Inauguratu zenetik ari naiz lanean Aita Menni Ospitaleko Garuneko Kaltearen Zerbitzuan; 1992. urtetik hain zuzen. Psikiatriara mugatutako lankidetza profesionala izan zen hasiera batean, eta gaur egun, laguntza eta kudeaketa arloko erronkak dituen proiektu profesional handia da, Ahizpa Ospitalarien Garuneko Kaltearen Zerbitzuetan.<\/p>\n<p>EHUn medikuntza ikasi nuen eta Erresuma Batuan psikiatrian espezializatu nintzen, Cambridgeko ospitaleetan. Gero, zientzien masterra egin nuen Cambridgeko Unibertsitatean. Bilbora itzuli nintzen Basurtuko Ospitalean lan egiteko.\u00a0 Aita Menni Ospitaleko Garuneko Kaltearen proiektuarekin denboraldi batean lankidetzan aritu ondoren, Zerbitzu berri horren ardura hartzea erabaki nuen.\u00a0 Hortik aurrera garuneko kaltea duten pertsonei eta haien senideei laguntzen dieten osasun- eta gizarte-zerbitzuen sarea sortuz joan gara.\u00a0 Doktorego-tesia 2000. urtean irakurri nuen EHUn.<\/p>\n<p>Lan honi esker, beti motibatu nauten bi gairen inguruan lan egiten dut etengabe:\u00a0 pertsonen sufrimendua arintzeko aukera eta gizakiaren gogamenaren funtzionamenduan sakontzea.\u00a0 Denbora igarota, gero eta gehiago gustatzen zait taldeekin lan egitea, haien dinamikak ulertzea eta haiengan eragina izaten tratatzea, banakako helburuek eta kolektiboek aurrera egin dezaten.<\/p>\n<h4><strong>Prestakuntza akademikoa<\/strong><\/h4>\n<p>\u2022\u00a0\u00a0 \u00a0Medikuntza eta Kirurgian lizentziatua Euskal Herriko Unibertsitatean, 1980-1986.<\/p>\n<p>\u2022\u00a0\u00a0 \u00a0Psikiatrian espezialista, Cambridgeko ospitaleetan prestatuta (Erresuma Batua).<br \/>\n\u2022\u00a0\u00a0 \u00a0Doktorea Euskal Herriko Unibertsitatean. Jos\u00e9 Guim\u00f3n (Euskal Herriko Unibertsitatea) eta Germ\u00e1n Berrios (Cambridgeko Unibertsitatea) irasleek zuzendutako tesia. Izenburua: \u201cArazo motorrak depresioan\u201d. Nota:\u00a0 Bikain cum laude. 2000.<\/p>\n<p>\u2022\u00a0\u00a0 \u00a0Zientzietako masterra Cambridgeko Unibertsitatean, Erresuma Batua, 1995.<\/p>\n<h4><strong>Azken argitalpenak<\/strong><\/h4>\n<p>&#8211; De Francisco, M.L.; Portero, G.; Echebur\u00faa, E.; Quemada, J. I.: Gu\u00eda para la evaluaci\u00f3n cl\u00ednico-forense del da\u00f1o ps\u00edquico consecutivo a los traumatismos craneoencef\u00e1licos. Hemen: Cuadernos de Medicina Forense. 2009ko urtarrila, 15 lib., 55. zk. Or.: 37-54.<\/p>\n<p>&#8211; Quemada Ubis, J. I.; Sagasta Errasti, A.; Mar\u00edn Ojea, J. I.; P\u00e9rez Gonz\u00e1lez, A. F.: El paciente con da\u00f1o cerebral adquirido. Hemen: Tratado de psicofarmacolog\u00eda. Bases y aplicaci\u00f3n cl\u00ednica 2. argitalpena; Edit. M\u00e9dica Panamericana, 2009. Or.: 167-175.<\/p>\n<p>Quemada, J. I.; De Francisco, M. L.; Echebur\u00faa, E.; Bulbena, A.: Impacto de las secuelas psiqui\u00e1tricas y neuropsicol\u00f3gicas de los traumatismos craneoencef\u00e1licos sobre la duraci\u00f3n de los tiempos legales. Hemen: Actas Esp Psiquiatr 2010; 38 (2): 101-107.<\/p>\n<h4><strong>Ikerketa-jarduera<\/strong><\/h4>\n<p>Egindako ikerlanak hartutako garuneko kalteak eragindako jokabide arazoak aztertzeko izan dira.<br \/>\nZuzendutako tesiak:<br \/>\n&#8211; Hartutako garuneko kaltea duten pazienteen jokabide-desinhibizioaren ebaluazio neuropsikologikoa.\u00a0 S\u00e1nchez Cubillo, Ignacio. Unibertsitate Konplutentsea, 2010.<\/p>\n<p>&#8211; Traumatismo kraneoentzefalikoen ondorio neuropsikiatriko eta neuropsikologikoen ebaluazio kliniko-forentseari egindako ekarpenak.\u00a0 Francisco Ma\u00edz, M L. UPV-EHU, 2007.<\/p>\n<h4><strong>Lan esperientzia<\/strong><\/h4>\n<p>Barruko ikaslea<br \/>\n1984-1985 eta 1985-1986 ikasturteak; Monitorea eta terapeuta laguntzailea Basurtuko Ospitaleko eguneko Ospitale Unitatean.<\/p>\n<p>Barruko medikua<br \/>\n&#8211; Fulbourn hospital. Helduen psikiatria. 1988ko otsailetik 1988ko uztailera.<br \/>\n&#8211; West Suffolk hospital. Psikogeriatria. 1988ko abuztutik 1989ko urtarrilera.<br \/>\n&#8211; Fulbourn hospital. Helduen psikiatria. 1989ko otsailetik 1989ko uztailera.<br \/>\n&#8211; Addenbrooke&#8217;s hospital. Afektibitate-nahasmenduen eta elikadura arazoen unitatea. 1989ko abuztutik 1990ko urtarrilera.<br \/>\n&#8211; Fulbourn hospital. Errehabilitazio Psikiatrikoko zerbitzua. 1990eko otsailetik 1990eko uztailera.<br \/>\n&#8211; Fulbourn hospital. Helduen psikiatria. 1990eko abuztutik 1991ko urtarrilera.<br \/>\n&#8211; Fulbourn hospital. Haurren Psikiatria Unitatea eta Nerabeen Psikiatria. 1991ko otsailetik 1991ko uztailera.<\/p>\n<p>Mediku ondokoa<br \/>\nBarruko mediku ondokoa Basurtuko Ospitaleko Psikiatria Zerbitzuan, Bilbon (1991ko irailetik 1994ko irailera arte). Psikiatria Zerbitzuko kanpo kontsultetako burua izan nintzen 1993ko apirilera arte. 1993ko maiatzean Aita Menni Ospitaleko Ospitaleratze Unitatean hasi nintzen lanean.<\/p>\n<p>Neuropsikiatriako aholkularia<br \/>\nNeuropsikiatriako aholkularia Arrasateko Aita Menni Ospitaleko \u201cGaruneko Kaltearen Unitatean\u201d, 1992ko azarotik 1996ko abendura. Zuzenean parte hartu nuen plangintza fasean Erresuma Batuan lan egiten nuen bitartean, eta harreman estua izan nuen haien gainbegiratze zuzena eskaini ziguten profesional britainiarrekin.<\/p>\n<p>Aita Menni Ospitaleko Garuneko Kaltearen zerbitzua<\/p>\n<p>Aita Menni Ospitaleko Garuneko Kaltearen zerbitzuko burua 1997ko urtarriletik. Urte horretan kontsulta anbulatorioak ireki genituen Bilbon eta Donostian. Bestalde, Bilbon, Donostian, Gernikan eta Arrasaten eguneko zentroak.\u00a0 Haietako batzuk Aita Menni Ospitaleak kudeatzen ditu, eta beste batzuetan elkarlanean ari gara zenbait langilerekin.<\/p>\n<p>Garuneko kalteko zerbitzuen Menni Sareko zuzendaria<\/p>\n<p>2007. urtetik Garuneko kalteko Menni Sarea koordinatzen dut, hau da, Espainiako Ahizpa Ospitalariek dituzten Garuneko Kaltearen Zerbitzuak.<\/p>\n<h4><strong>Hizkuntzak<\/strong><\/h4>\n<p>Ingelesa<br \/>\nAlemana<\/p>\n<h4><strong>Zaletasunak<\/strong><\/h4>\n<p>Naturazalea naiz eta animaliei beren habitat naturalean begiratzea gustukoa dut. Camerosen (Errioxa) oreinei argazkiak ateratzen edo Fuerteventuran urpean igeri egiten ikus nazakezue.\u00a0 Tenisa eta mendiko bizikleta (modu lasaian) dira bizitzaren fase honetan egiten ditudan kirolak. Urteak betetzen ditudan heinean gero eta interesgarriagoa egiten zaizkit historia eta artea. Hori dela-eta, gero eta ibilaldi gehiago egiten ditut barrualdera.<\/p>\n","protected":false},"excerpt":{"rendered":"<p>Ospitalarioak Fundazioa: Kalte Zerebral eta Neurorrehabilitazio Sarea-ko zuzendaria Inauguratu zenetik ari naiz lanean Aita Menni Ospitaleko Garuneko Kaltearen Zerbitzuan; 1992. urtetik hain zuzen. Psikiatriara mugatutako lankidetza profesionala izan zen hasiera batean, eta gaur egun, laguntza eta kudeaketa arloko erronkak dituen proiektu profesional handia da, Ahizpa Ospitalarien Garuneko Kaltearen Zerbitzuetan. EHUn medikuntza ikasi nuen eta Erresuma&hellip;<\/p>\n","protected":false},"author":3,"featured_media":2987,"parent":15076,"menu_order":0,"comment_status":"closed","ping_status":"closed","template":"","meta":{"footnotes":""},"_links":{"self":[{"href":"https:\/\/xn--daocerebral-2db.es\/eu\/wp-json\/wp\/v2\/pages\/14996"}],"collection":[{"href":"https:\/\/xn--daocerebral-2db.es\/eu\/wp-json\/wp\/v2\/pages"}],"about":[{"href":"https:\/\/xn--daocerebral-2db.es\/eu\/wp-json\/wp\/v2\/types\/page"}],"author":[{"embeddable":true,"href":"https:\/\/xn--daocerebral-2db.es\/eu\/wp-json\/wp\/v2\/users\/3"}],"replies":[{"embeddable":true,"href":"https:\/\/xn--daocerebral-2db.es\/eu\/wp-json\/wp\/v2\/comments?post=14996"}],"version-history":[{"count":1,"href":"https:\/\/xn--daocerebral-2db.es\/eu\/wp-json\/wp\/v2\/pages\/14996\/revisions"}],"predecessor-version":[{"id":91448,"href":"https:\/\/xn--daocerebral-2db.es\/eu\/wp-json\/wp\/v2\/pages\/14996\/revisions\/91448"}],"up":[{"embeddable":true,"href":"https:\/\/xn--daocerebral-2db.es\/eu\/wp-json\/wp\/v2\/pages\/15076"}],"wp:featuredmedia":[{"embeddable":true,"href":"https:\/\/xn--daocerebral-2db.es\/eu\/wp-json\/wp\/v2\/media\/2987"}],"wp:attachment":[{"href":"https:\/\/xn--daocerebral-2db.es\/eu\/wp-json\/wp\/v2\/media?parent=14996"}],"curies":[{"name":"wp","href":"https:\/\/api.w.org\/{rel}","templated":true}]}}