{"id":98282,"date":"2026-05-07T13:18:44","date_gmt":"2026-05-07T13:18:44","guid":{"rendered":"https:\/\/xn--daocerebral-2db.es\/fh-red-de-dca-y-neurorrehabilitacion\/red-de-dca-y-neurorrehabilitacion-cataluna\/"},"modified":"2026-05-07T14:42:43","modified_gmt":"2026-05-07T14:42:43","slug":"red-de-dca-y-neurorrehabilitacion-cataluna","status":"publish","type":"page","link":"https:\/\/xn--daocerebral-2db.es\/en\/fh-red-de-dca-y-neurorrehabilitacion\/red-de-dca-y-neurorrehabilitacion-cataluna\/","title":{"rendered":"Catalu\u00f1a"},"content":{"rendered":"<h4>Fundaci\u00f3 Hospital\u00e0ries Martorell refuerza su compromiso con la atenci\u00f3n especializada e integral de las personas con ictus y otras afecciones neurol\u00f3gicas, y abre nuevas oportunidades para la innovaci\u00f3n y la mejora continua de la atenci\u00f3n.<\/h4>\n<p><a class=\"dt-pswp-item\" href=\"https:\/\/xn--daocerebral-2db.es\/wp-content\/uploads\/2025\/07\/Equipo-Martorell-300x169.jpg\" data-dt-img-description=\"\" data-large_image_width=\"1024\" data-large_image_height=\"576\"><img loading=\"lazy\" decoding=\"async\" class=\"alignright wp-image-93836\" src=\"https:\/\/xn--daocerebral-2db.es\/wp-content\/uploads\/2025\/07\/Equipo-Martorell-300x169.jpg\" alt=\"\" width=\"600\" height=\"338\" srcset=\"https:\/\/xn--daocerebral-2db.es\/wp-content\/uploads\/2025\/07\/Equipo-Martorell-300x169.jpg 300w, https:\/\/xn--daocerebral-2db.es\/wp-content\/uploads\/2025\/07\/Equipo-Martorell-768x432.jpg 768w, https:\/\/xn--daocerebral-2db.es\/wp-content\/uploads\/2025\/07\/Equipo-Martorell-592x333.jpg 592w, https:\/\/xn--daocerebral-2db.es\/wp-content\/uploads\/2025\/07\/Equipo-Martorell.jpg 1024w\" sizes=\"(max-width: 600px) 100vw, 600px\" \/><\/a><a href=\"https:\/\/fundaciohospitalariesmartorell.org\/\" target=\"_blank\" rel=\"noopener\">Fundaci\u00f3 Hospital\u00e0ries Martorell<\/a> forma parte de Fundaci\u00f3n Hospitalarias: Red de Da\u00f1o Cerebral y Neurorrehabilitaci\u00f3n dada su amplia experiencia en la rehabilitaci\u00f3n de personas con ictus y el valor de sus\u00a0<a href=\"https:\/\/xn--daocerebral-2db.es\/tu-equipo-de-tratamiento\/\">equipos multidisciplinares<\/a>, formados por profesionales de la fisioterapia, terapia ocupacional, neuropsicolog\u00eda, logopedia y trabajo social.<\/p>\n<p>La atenci\u00f3n a las personas que han sufrido un ictus en Fundaci\u00f3 Hospital\u00e0ries Martorell incluye la rehabilitaci\u00f3n hospitalaria en la Unidad de Recuperaci\u00f3n Funcional con posibilidad de continuidad en la Unidad de Larga Estancia, la rehabilitaci\u00f3n ambulatoria a trav\u00e9s del Hospital de D\u00eda y el seguimiento posterior en las Consultas externas.<\/p>\n<p>Fundaci\u00f3 Hospital\u00e0ries Martorell, en l\u00ednea con la nueva cartera de servicios de Atenci\u00f3n Intermedia, est\u00e1 valorando la creaci\u00f3n de una Unidad suprasectorial de Da\u00f1o Cerebral Severo y Complejo, un proyecto estrat\u00e9gico que permitir\u00e1 posicionar al centro como dispositivo de referencia dentro de la red asistencial y que podr\u00eda impulsarse con la organizaci\u00f3n de una jornada t\u00e9cnica sobre\u00a0<a href=\"https:\/\/xn--daocerebral-2db.es\/terapia-ocupacional-en-estados-vegetativos-y-de-minima-consciencia\/\">estados de m\u00ednima respuesta<\/a>.<\/p>\n<p>Adem\u00e1s, Fundaci\u00f3 Hospital\u00e0ries Martorell participa activamente en las comisiones de trabajo de la Red, consolidando as\u00ed su\u00a0compromiso con el desarrollo de modelos asistenciales avanzados en el \u00e1mbito del da\u00f1o cerebral y la neurorrehabilitaci\u00f3n.<\/p>\n<p>Tambi\u00e9n destaca su voluntad de seguir trabajando en el desarrollo del proceso asistencial del ictus\u00a0en la Unidad de Recuperaci\u00f3n Funcional, incluyendo la evaluaci\u00f3n multidisciplinar, la planificaci\u00f3n de objetivos, la atenci\u00f3n a las familias y la preparaci\u00f3n para el alta.<\/p>\n<p>El trabajo diario del centro refuerza el compromiso de Fundaci\u00f3 Hospital\u00e0ries Martorell con la atenci\u00f3n especializada e integral de las personas con ictus y otras afecciones neurol\u00f3gicas, y abre nuevas oportunidades para la innovaci\u00f3n y la mejora continua de la atenci\u00f3n.<\/p>\n<p>&nbsp;<\/p>\n","protected":false},"excerpt":{"rendered":"<p>Fundaci\u00f3 Hospital\u00e0ries Martorell refuerza su compromiso con la atenci\u00f3n especializada e integral de las personas con ictus y otras afecciones neurol\u00f3gicas, y abre nuevas oportunidades para la innovaci\u00f3n y la mejora continua de la atenci\u00f3n. Fundaci\u00f3 Hospital\u00e0ries Martorell forma parte de Fundaci\u00f3n Hospitalarias: Red de Da\u00f1o Cerebral y Neurorrehabilitaci\u00f3n dada su amplia experiencia en la&hellip;<\/p>\n","protected":false},"author":2,"featured_media":0,"parent":15107,"menu_order":0,"comment_status":"closed","ping_status":"closed","template":"","meta":{"footnotes":""},"_links":{"self":[{"href":"https:\/\/xn--daocerebral-2db.es\/en\/wp-json\/wp\/v2\/pages\/98282"}],"collection":[{"href":"https:\/\/xn--daocerebral-2db.es\/en\/wp-json\/wp\/v2\/pages"}],"about":[{"href":"https:\/\/xn--daocerebral-2db.es\/en\/wp-json\/wp\/v2\/types\/page"}],"author":[{"embeddable":true,"href":"https:\/\/xn--daocerebral-2db.es\/en\/wp-json\/wp\/v2\/users\/2"}],"replies":[{"embeddable":true,"href":"https:\/\/xn--daocerebral-2db.es\/en\/wp-json\/wp\/v2\/comments?post=98282"}],"version-history":[{"count":7,"href":"https:\/\/xn--daocerebral-2db.es\/en\/wp-json\/wp\/v2\/pages\/98282\/revisions"}],"predecessor-version":[{"id":98314,"href":"https:\/\/xn--daocerebral-2db.es\/en\/wp-json\/wp\/v2\/pages\/98282\/revisions\/98314"}],"up":[{"embeddable":true,"href":"https:\/\/xn--daocerebral-2db.es\/en\/wp-json\/wp\/v2\/pages\/15107"}],"wp:attachment":[{"href":"https:\/\/xn--daocerebral-2db.es\/en\/wp-json\/wp\/v2\/media?parent=98282"}],"curies":[{"name":"wp","href":"https:\/\/api.w.org\/{rel}","templated":true}]}}