{"id":94150,"date":"2025-07-14T13:42:31","date_gmt":"2025-07-14T13:42:31","guid":{"rendered":"https:\/\/xn--daocerebral-2db.es\/?page_id=94150"},"modified":"2025-07-22T09:17:56","modified_gmt":"2025-07-22T09:17:56","slug":"juan-antonio-guzman","status":"publish","type":"page","link":"https:\/\/xn--daocerebral-2db.es\/en\/a-great-human-team\/juan-antonio-guzman\/","title":{"rendered":"Juan Antonio Guzm\u00e1n"},"content":{"rendered":"<h3>Fisioterapeuta, coordinador del Servicio de Rehabilitaci\u00f3n F\u00edsica\u00a0de <a href=\"https:\/\/fundaciohospitalariesmartorell.org\/\" target=\"_blank\" rel=\"noopener\">Fundaci\u00f3 Hospital\u00e0ries Martorell<\/a><\/h3>\n<p><a class=\"dt-pswp-item\" href=\"https:\/\/xn--daocerebral-2db.es\/wp-content\/uploads\/2025\/07\/Joan-Antoni-Guzman.jpg\" data-dt-img-description=\"\" data-large_image_width=\"682\" data-large_image_height=\"1024\"><img loading=\"lazy\" decoding=\"async\" class=\"size-full wp-image-94125 alignleft\" src=\"https:\/\/xn--daocerebral-2db.es\/wp-content\/uploads\/2025\/07\/Joan-Antoni-Guzman.jpg\" alt=\"\" width=\"682\" height=\"1024\" srcset=\"https:\/\/xn--daocerebral-2db.es\/wp-content\/uploads\/2025\/07\/Joan-Antoni-Guzman.jpg 682w, https:\/\/xn--daocerebral-2db.es\/wp-content\/uploads\/2025\/07\/Joan-Antoni-Guzman-200x300.jpg 200w\" sizes=\"(max-width: 682px) 100vw, 682px\" \/><\/a>Llevo ejerciendo como profesional de la fisioterapia desde principios de los a\u00f1os 90, con una trayectoria centrada en la rehabilitaci\u00f3n f\u00edsica de personas mayores y con da\u00f1o neurol\u00f3gico. Desde 2016, tengo el privilegio de coordinar el Servicio de Rehabilitaci\u00f3n F\u00edsica de Fundaci\u00f3 Hospital\u00e0ries Martorell.<\/p>\n<p>Me diplom\u00e9 en la Escuela de Fisioterapia Gimbernat de la Universitat Aut\u00f2noma de Barcelona en 1989 y, desde entonces, he seguido form\u00e1ndome de manera continua en diferentes \u00e1reas: acupuntura, drenaje linf\u00e1tico, terapias miofasciales, fisioterapia invasiva y rehabilitaci\u00f3n del ictus, entre otras. Me interesa especialmente el abordaje global de la persona desde la evidencia cient\u00edfica, la experiencia y la escucha.<\/p>\n<p>Junto a la labor asistencial, he desarrollado una intensa actividad docente como profesor universitario, coordinador de m\u00e1steres y formador en t\u00e9cnicas como la neuromodulaci\u00f3n percut\u00e1nea o la fibrolisis diacut\u00e1nea. Tambi\u00e9n he participado como ponente en congresos y he tenido la suerte de colaborar en distintos proyectos de investigaci\u00f3n cl\u00ednica.<\/p>\n<p>Disfruto del trabajo en equipo y de los peque\u00f1os grandes logros que conseguimos cada d\u00eda junto a las personas que tratamos. Ver su evoluci\u00f3n y formar parte de ese proceso es una de las mayores satisfacciones para m\u00ed de esta profesi\u00f3n.<\/p>\n<h4><strong>Formaci\u00f3n acad\u00e9mica<\/strong><\/h4>\n<ul>\n<li>Diplomado en Fisioterapia por la Escuela Universitaria Gimbernat (U.A.B.), 1986-89<\/li>\n<\/ul>\n<h4><strong>Formaci\u00f3n extraacad\u00e9mica<\/strong><\/h4>\n<ul>\n<li>Postgrado de Acupuntura, 1995-98<\/li>\n<li>Postgrado de Kabat. Facilitaci\u00f3n Neuromuscular Propioceptiva. 2001<\/li>\n<li>Curso T.R.A.L. Terapia reequilibraci\u00f3n aparato locomotor. 2002<\/li>\n<li>Postgrado en Drenaje Linf\u00e1tico, 2003, U.A.B.<\/li>\n<li>Curso Crochetage Myo-aponeurotique (ganchos). 2007, Universitat Ramon LLull<\/li>\n<li>Postgrado de Terapias Miofasciales. 2012, Universitat Ramon LLull<\/li>\n<li>Curso Ecograf\u00eda musculoesquel\u00e9tica. 2016 y 2023, U.A.B.<\/li>\n<li>Cuso de especializaci\u00f3n en atenci\u00f3n integral y rehabilitaci\u00f3n a la persona afectada de ictus. Universitat de Girona, 2022<\/li>\n<\/ul>\n<h4><strong>Actividad docente<\/strong><\/h4>\n<ul>\n<li>Profesor asociado en la Universitat Internacional de Catalunya, 2001-2019<\/li>\n<li>Profesor y coordinador del Postgrado y M\u00e1ster de Acupuntura, 2006-2011. Universitat de Girona. EUSES<\/li>\n<li>Profesor del M\u00e1ster y del Postgrado de Psicogeriatr\u00eda desde el curso 2000-2002 hasta la actualidad, Fundaci\u00f3n Hospitalarias Martorell y U.A.B<\/li>\n<li>Profesor del Curso Neuromodulaci\u00f3n Percut\u00e1nea desde 2018, a nivel nacional e internacional<\/li>\n<li>Profesor de Fibrolisis Diacut\u00e1nea, desde 2018 a nivel nacional e internacional<\/li>\n<li>Tutor de pr\u00e1cticas hospitalarias de Fisioterapia en Fundaci\u00f3n Hospitalarias Martorell<\/li>\n<li>Ponente en diversas jornadas y congresos nacionales<\/li>\n<\/ul>\n<h4><strong>Publicaciones<\/strong><\/h4>\n<ul>\n<li><strong>\u00a0<\/strong>Sobrecarga f\u00edsica en psicogeriatr\u00eda. Informaciones psiqui\u00e1tricas. 2003. N\u00ba 172<\/li>\n<li><strong>\u00a0<\/strong>Rehabilitaci\u00f3n del da\u00f1o cerebral y unidades de convalecencia. Informaciones Psiqui\u00e1tricas. 2022<\/li>\n<\/ul>\n<h4><strong>Actividad investigadora<\/strong><\/h4>\n<p>-I Premio por Investigaci\u00f3n en Electroacupuntura en el dolor. Escuela Universitaria Sant Joan de D\u00e8u. 2005<\/p>\n<p><strong>\u00a0<\/strong>-Eficacia de un programa de ejercicios de estabilidad del core en el equilibrio din\u00e1mico en sedestaci\u00f3n, control del tronco y rehabilitaci\u00f3n en pacientes con ictus en fase subaguda. Estudio multic\u00e9ntrico 2019.\u00a0 Fundaci\u00f3 Hospital\u00e0ries Martorell y U.I.C.<\/p>\n<p>-Efectividad de la actividad f\u00edsica intermitente moderada-vigorosa y la educaci\u00f3n sanitaria para aumentar la actividad f\u00edsica intensa en supervivientes de ictus. Ensayo controlado aleatorio pragm\u00e1tico. Fundaci\u00f3 Hospital\u00e0ries Martorell y U.I.C. 2025<\/p>\n<p>&#8211; La eficacia de los ejercicios de estabilidad del n\u00facleo sobre los resultados funcionales en la recuperaci\u00f3n temprana del accidente cerebrovascular subagudo: un ensayo controlado aleatorizado. Enero 2025<\/p>\n<h4><strong>Experiencia laboral<\/strong><\/h4>\n<ul>\n<li>1990, fisioterapeuta, Fremap<\/li>\n<li>1991, fisioterapeuta, Centro de Atenci\u00f3n Primaria. Matar\u00f3<\/li>\n<li>1991-98, fisioterapeuta, Fisiogesti\u00f3n<\/li>\n<li>1992-2016, fisioterapeuta, Hospital Sagrat Cor de Martorell<\/li>\n<li>2016 hasta la actualidad, coordinador del Servicio de Rehabilitaci\u00f3n F\u00edsica de Fundaci\u00f3 Hospital\u00e0ries Martorell<\/li>\n<\/ul>\n<h4>Aficiones<\/h4>\n<p>En esta etapa de mi vida mi afici\u00f3n favorita es pasar el mayor tiempo posible con mi familia y amigos, sin olvidar el deporte, el mar, la lectura y el conocer nuevos pa\u00edses.<\/p>\n","protected":false},"excerpt":{"rendered":"<p>Fisioterapeuta, coordinador del Servicio de Rehabilitaci\u00f3n F\u00edsica\u00a0de Fundaci\u00f3 Hospital\u00e0ries Martorell Llevo ejerciendo como profesional de la fisioterapia desde principios de los a\u00f1os 90, con una trayectoria centrada en la rehabilitaci\u00f3n f\u00edsica de personas mayores y con da\u00f1o neurol\u00f3gico. Desde 2016, tengo el privilegio de coordinar el Servicio de Rehabilitaci\u00f3n F\u00edsica de Fundaci\u00f3 Hospital\u00e0ries Martorell. Me&hellip;<\/p>\n","protected":false},"author":3,"featured_media":0,"parent":15075,"menu_order":0,"comment_status":"closed","ping_status":"closed","template":"","meta":{"footnotes":""},"_links":{"self":[{"href":"https:\/\/xn--daocerebral-2db.es\/en\/wp-json\/wp\/v2\/pages\/94150"}],"collection":[{"href":"https:\/\/xn--daocerebral-2db.es\/en\/wp-json\/wp\/v2\/pages"}],"about":[{"href":"https:\/\/xn--daocerebral-2db.es\/en\/wp-json\/wp\/v2\/types\/page"}],"author":[{"embeddable":true,"href":"https:\/\/xn--daocerebral-2db.es\/en\/wp-json\/wp\/v2\/users\/3"}],"replies":[{"embeddable":true,"href":"https:\/\/xn--daocerebral-2db.es\/en\/wp-json\/wp\/v2\/comments?post=94150"}],"version-history":[{"count":4,"href":"https:\/\/xn--daocerebral-2db.es\/en\/wp-json\/wp\/v2\/pages\/94150\/revisions"}],"predecessor-version":[{"id":94164,"href":"https:\/\/xn--daocerebral-2db.es\/en\/wp-json\/wp\/v2\/pages\/94150\/revisions\/94164"}],"up":[{"embeddable":true,"href":"https:\/\/xn--daocerebral-2db.es\/en\/wp-json\/wp\/v2\/pages\/15075"}],"wp:attachment":[{"href":"https:\/\/xn--daocerebral-2db.es\/en\/wp-json\/wp\/v2\/media?parent=94150"}],"curies":[{"name":"wp","href":"https:\/\/api.w.org\/{rel}","templated":true}]}}