{"id":94049,"date":"2025-07-10T13:30:25","date_gmt":"2025-07-10T13:30:25","guid":{"rendered":"https:\/\/xn--daocerebral-2db.es\/?page_id=94049"},"modified":"2026-02-27T12:08:27","modified_gmt":"2026-02-27T12:08:27","slug":"zaida-moreno","status":"publish","type":"page","link":"https:\/\/xn--daocerebral-2db.es\/en\/a-great-human-team\/zaida-moreno\/","title":{"rendered":"Zaida Moreno"},"content":{"rendered":"<h3>Psic\u00f3loga general sanitaria y especialista en Neuropsicolog\u00eda cl\u00ednica, coordinadora de la Unidad de Neurorrehabilitaci\u00f3n de Da\u00f1o Cerebral Infantojuvenil de <a href=\"https:\/\/da\u00f1ocerebral.es\/fundacion-hospitalarias\/red-de-dca-y-neurorrehabilitacion-madrid\/\" target=\"_blank\" rel=\"noopener\">Fundaci\u00f3n Hospitalarias Madrid<\/a><\/h3>\n<p><a class=\"dt-pswp-item\" href=\"https:\/\/xn--daocerebral-2db.es\/wp-content\/uploads\/2025\/07\/Zaida-Moreno-682x1024-1.jpg\" data-dt-img-description=\"\" data-large_image_width=\"682\" data-large_image_height=\"1024\"><img loading=\"lazy\" decoding=\"async\" class=\"size-full wp-image-94042 alignleft\" src=\"https:\/\/xn--daocerebral-2db.es\/wp-content\/uploads\/2025\/07\/Zaida-Moreno-682x1024-1.jpg\" alt=\"\" width=\"682\" height=\"1024\" srcset=\"https:\/\/xn--daocerebral-2db.es\/wp-content\/uploads\/2025\/07\/Zaida-Moreno-682x1024-1.jpg 682w, https:\/\/xn--daocerebral-2db.es\/wp-content\/uploads\/2025\/07\/Zaida-Moreno-682x1024-1-200x300.jpg 200w\" sizes=\"(max-width: 682px) 100vw, 682px\" \/><\/a>Soy psic\u00f3loga general sanitaria y especialista en Neuropsicolog\u00eda cl\u00ednica con m\u00e1s de quince a\u00f1os de experiencia cl\u00ednica y educativa en poblaci\u00f3n infantojuvenil. Especializada en da\u00f1o cerebral, trastornos del neurodesarrollo y del aprendizaje. Comprometida con la investigaci\u00f3n y la divulgaci\u00f3n cient\u00edfica.<\/p>\n<p>Desde muy peque\u00f1a, sin tener claro el enfoque profesional hasta mucho m\u00e1s tarde, me interes\u00f3 la infancia. Mi entretenimiento favorito era escribir en una pizarra, con la que pasaba horas organizando a mis mu\u00f1ecos en charlas motivacionales, terapias de distinta \u00edndole y reflexionando sobre distintos m\u00e9todos de aprendizaje que luego intentaba ense\u00f1arles.<\/p>\n<p>Aquella ni\u00f1a que so\u00f1aba con mejorar la infancia creci\u00f3. Tuve la fortuna de licenciarme y empezar mi andadura profesional pr\u00e1cticamente a la vez, hace ya casi 20 a\u00f1os. Todo lo que soy se lo debo a mis pacientes y a sus familias. He tenido muchos retos, casos que han supuesto un enorme desaf\u00edo para m\u00ed y que he asumido desde un enfoque humanizador e integrador. Siguiendo esta l\u00ednea he continuado form\u00e1ndome: M\u00e1ster en logopedia cl\u00ednica y escolar, psicodiagn\u00f3stico y atenci\u00f3n temprana, psicomotricidad y dificultades de aprendizaje, neurociencias\u2026Paralelamente he ido adentr\u00e1ndome en el mundo de la investigaci\u00f3n de la Neurorrehabilitaci\u00f3n y la docencia.<\/p>\n<p>Colaborar y trabajar en equipo me apasiona. Conocer las distintas perspectivas en el abordaje de los casos favorece la optimizaci\u00f3n de los recursos en pro de mejorar la calidad de vida de los pacientes y sus familias. Y este es mi \u00faltimo gran desaf\u00edo, cojo las riendas de la coordinaci\u00f3n de la Unidad de Neurorrehabilitaci\u00f3n infantil con gran entusiasmo, con la mirada puesta en mis antecesores y dos maestros: <strong>Marcos R\u00edos Lago<\/strong> y <strong>Beatriz Gavil\u00e1n<\/strong>, y con otra puesta en el futuro y por supuesto en la infancia. Todas las personas mayores fueron primero ni\u00f1os, pero pocos lo recuerdan. Valoro cada crisis como oportunidad, cada tropiezo como aprendizaje y cada peque\u00f1o \u00e9xito como un gran avance en el desarrollo del ni\u00f1o.<\/p>\n<p>Estoy rodeada del mejor equipo, de profesionales implicados: desde admisi\u00f3n, administraci\u00f3n, departamento de calidad, especialistas de \u00e1rea y direcci\u00f3n asistencial entre otros. Estoy convencida de que con la ayuda de todos ellos, y con la implementaci\u00f3n de nuevas propuestas, nuestra unidad seguir\u00e1 siendo un referente nacional en la atenci\u00f3n a la diversidad y a la infancia.<\/p>\n<h4><strong>Formaci\u00f3n acad\u00e9mica<\/strong><\/h4>\n<ul>\n<li>M\u00e1ster en Neuropsicolog\u00eda Cl\u00ednica (ISEP, 2016-2018)<\/li>\n<li>M\u00e1ster en Logopedia Cl\u00ednica y Escolar (ITEAP, 2009)<\/li>\n<li>Experta en Psicodiagn\u00f3stico y Atenci\u00f3n Temprana (FSDM, 2009).<\/li>\n<li>Experta en psicomotricidad y dificultades de aprendizaje (ICSE 2009)<\/li>\n<li>Licenciatura en Psicolog\u00eda (UAM, 2007).<\/li>\n<\/ul>\n<h4><strong>Formaci\u00f3n extraacad\u00e9mica<\/strong><\/h4>\n<p>\u2022 Acreditaci\u00f3n ADOS-2. IGAIN (2024)<br \/>\n\u2022 Formaci\u00f3n en Neuropsicolog\u00eda pedi\u00e1trica \u2013 Hospital 12 de Octubre (2018-actualidad)<br \/>\n\u2022 Certificado de Psic\u00f3loga General Sanitaria (COP, 2014)<br \/>\n\u2022 Cursos: Certificado de Aptitud Psicopedag\u00f3gica CAP, Delfinoterapia<\/p>\n<h4><strong>Publicaciones<\/strong><\/h4>\n<p>\u2022 Art\u00edculo: &#8216;Estudio Multic\u00e9ntrico en aciduria glut\u00e1rica tipo 1&#8217;. Revista Pensando en Metab\u00f3lico, 2023.<br \/>\n\u2022 Folleto escolarizaci\u00f3n GA1 (2024) &#8211; familiasga.com<\/p>\n<h4><strong>Actividad investigadora<\/strong><\/h4>\n<p>\u2022 Neuropsic\u00f3loga en proyectos sobre aciduria glut\u00e1rica tipo I, acidemia metilmal\u00f3nica y prematuridad.<br \/>\n\u2022 Autora de numerosas comunicaciones, posters y congresos en neuropsicolog\u00eda y neuropediatr\u00eda: AECOM y FANPSE.<\/p>\n<h4><strong>Experiencia laboral<\/strong><\/h4>\n<p>\u2022 2024-actualidad: Coordinadora de Unidad de Neurorrehabilitaci\u00f3n Infantil \u2013Fundaci\u00f3n Hospitalarias. Hospital General<br \/>\n\u2022 2024-actualidad: Neuropsic\u00f3loga \u2013 Asociaci\u00f3n Espa\u00f1ola Esclerosis Tuberosa<br \/>\n\u2022 2023: Adjunta en neuropsicolog\u00eda pedi\u00e1trica \u2013 H. 12 de Octubre<br \/>\n\u2022 2023-actualidad: Docente de diferentes M\u00e1ster de ISEP-E learning:\u00a0 M\u00e1ster de Psicolog\u00eda Cl\u00ednica, M\u00e1ster de Neuropsicolog\u00eda cl\u00ednica, M\u00e1ster de Trastornos del Neurodesarrollo, M\u00e1ster en Dificultades del Aprendizaje y M\u00e1ster en Logopedia Cl\u00ednica y Escolar.<br \/>\n\u2022 2009-2024: Psic\u00f3loga cl\u00ednica y neuropsic\u00f3loga \u2013 Instituto Psicopedag\u00f3gico Elea<br \/>\n\u2022 Colaboraciones previas en centros educativos, fundaciones y atenci\u00f3n temprana: Centro de Atenci\u00f3n Temprana CITO, Centro ICSE, colegio ARETEIA\u2026<\/p>\n<h4><strong>Idiomas<\/strong><\/h4>\n<ul>\n<li>Espa\u00f1ol (nativo)<\/li>\n<li>Ingl\u00e9s (nivel B1\u2013 lectura t\u00e9cnica)<\/li>\n<\/ul>\n<h4><strong>Competencias y capacidades<\/strong><\/h4>\n<p>Coordinaci\u00f3n de equipos multidisciplinares, elaboraci\u00f3n de protocolos cl\u00ednicos, evaluaci\u00f3n e intervenci\u00f3n neuropsicol\u00f3gica, formaci\u00f3n de profesionales, docencia de post grado, divulgaci\u00f3n cient\u00edfica y trabajo colaborativo.<\/p>\n<h4>Aficiones<\/h4>\n<p>Pasar tiempo con mis tres hijos y mi marido, escribir, leer, viajar y escuchar podcast.<\/p>\n<p>Me motiva trabajar con poblaci\u00f3n pedi\u00e1trica con da\u00f1o cerebral y trastornos del neurodesarrollo desde un enfoque cl\u00ednico, investigador y humano, en un entorno multidisciplinar y comprometido como Fundaci\u00f3n Hospitalarias. Aprender de mis pacientes y sus familias es una de las mayores riquezas de mi profesi\u00f3n; gracias a ello crezco cada d\u00eda en lo personal y profesional. <strong>\u00a0<\/strong><\/p>\n","protected":false},"excerpt":{"rendered":"<p>Psic\u00f3loga general sanitaria y especialista en Neuropsicolog\u00eda cl\u00ednica, coordinadora de la Unidad de Neurorrehabilitaci\u00f3n de Da\u00f1o Cerebral Infantojuvenil de Fundaci\u00f3n Hospitalarias Madrid Soy psic\u00f3loga general sanitaria y especialista en Neuropsicolog\u00eda cl\u00ednica con m\u00e1s de quince a\u00f1os de experiencia cl\u00ednica y educativa en poblaci\u00f3n infantojuvenil. Especializada en da\u00f1o cerebral, trastornos del neurodesarrollo y del aprendizaje. Comprometida&hellip;<\/p>\n","protected":false},"author":3,"featured_media":0,"parent":15075,"menu_order":0,"comment_status":"closed","ping_status":"closed","template":"","meta":{"footnotes":""},"_links":{"self":[{"href":"https:\/\/xn--daocerebral-2db.es\/en\/wp-json\/wp\/v2\/pages\/94049"}],"collection":[{"href":"https:\/\/xn--daocerebral-2db.es\/en\/wp-json\/wp\/v2\/pages"}],"about":[{"href":"https:\/\/xn--daocerebral-2db.es\/en\/wp-json\/wp\/v2\/types\/page"}],"author":[{"embeddable":true,"href":"https:\/\/xn--daocerebral-2db.es\/en\/wp-json\/wp\/v2\/users\/3"}],"replies":[{"embeddable":true,"href":"https:\/\/xn--daocerebral-2db.es\/en\/wp-json\/wp\/v2\/comments?post=94049"}],"version-history":[{"count":4,"href":"https:\/\/xn--daocerebral-2db.es\/en\/wp-json\/wp\/v2\/pages\/94049\/revisions"}],"predecessor-version":[{"id":97576,"href":"https:\/\/xn--daocerebral-2db.es\/en\/wp-json\/wp\/v2\/pages\/94049\/revisions\/97576"}],"up":[{"embeddable":true,"href":"https:\/\/xn--daocerebral-2db.es\/en\/wp-json\/wp\/v2\/pages\/15075"}],"wp:attachment":[{"href":"https:\/\/xn--daocerebral-2db.es\/en\/wp-json\/wp\/v2\/media?parent=94049"}],"curies":[{"name":"wp","href":"https:\/\/api.w.org\/{rel}","templated":true}]}}