{"id":86741,"date":"2024-04-09T13:53:24","date_gmt":"2024-04-09T13:53:24","guid":{"rendered":"https:\/\/xn--daocerebral-2db.es\/?page_id=86741"},"modified":"2025-07-10T13:57:11","modified_gmt":"2025-07-10T13:57:11","slug":"virginia-gonzalez","status":"publish","type":"page","link":"https:\/\/xn--daocerebral-2db.es\/en\/a-great-human-team\/virginia-gonzalez\/","title":{"rendered":"Virginia Gonz\u00e1lez"},"content":{"rendered":"<h4><strong>Responsable del \u00c1rea de Da\u00f1o Cerebral de Fundaci\u00f3n Hospitalarias Tenerife<\/strong><\/h4>\n<p><a class=\"dt-pswp-item\" href=\"https:\/\/xn--daocerebral-2db.es\/wp-content\/uploads\/2024\/04\/Virginia-Gonzalez.jpg\" data-dt-img-description=\"\" data-large_image_width=\"1440\" data-large_image_height=\"1920\"><img loading=\"lazy\" decoding=\"async\" class=\"alignleft wp-image-86713\" src=\"https:\/\/xn--daocerebral-2db.es\/wp-content\/uploads\/2024\/04\/Virginia-Gonzalez.jpg\" alt=\"\" width=\"600\" height=\"800\" srcset=\"https:\/\/xn--daocerebral-2db.es\/wp-content\/uploads\/2024\/04\/Virginia-Gonzalez.jpg 1440w, https:\/\/xn--daocerebral-2db.es\/wp-content\/uploads\/2024\/04\/Virginia-Gonzalez-225x300.jpg 225w, https:\/\/xn--daocerebral-2db.es\/wp-content\/uploads\/2024\/04\/Virginia-Gonzalez-768x1024.jpg 768w, https:\/\/xn--daocerebral-2db.es\/wp-content\/uploads\/2024\/04\/Virginia-Gonzalez-1152x1536.jpg 1152w\" sizes=\"(max-width: 600px) 100vw, 600px\" \/><\/a>Mi labor principal consiste en evaluar y tratar las alteraciones neuropsicol\u00f3gicas en las personas que llegan a nuestro centro tras haber sufrido una lesi\u00f3n cerebral. Esto incluye abordar tanto las consecuencias cognitivas como las conductuales y emocionales, con el objetivo de promover su autonom\u00eda y mejorar su calidad de vida. Tambi\u00e9n considero primordial el trabajo con las familias para el proceso de aceptaci\u00f3n y adaptaci\u00f3n a la nueva situaci\u00f3n.<\/p>\n<p>Adem\u00e1s, me encargo de la coordinaci\u00f3n del <a href=\"https:\/\/da\u00f1ocerebral.es\/fundacion-hospitalarias\/red-de-dca-y-neurorrehabilitacion-tenerife\/\" target=\"_blank\" rel=\"noopener\">\u00c1rea de Da\u00f1o Cerebral Adquirido de Fundaci\u00f3n Hospitalarias Tenerife<\/a>, con un equipo de grandes profesionales. Me gusta trabajar en equipo y compartir conocimientos, porque redunda en beneficio de las personas que atendemos y adem\u00e1s me resulta muy interesante poder contar con un enfoque multidisciplinar a la hora de abordar la rehabilitaci\u00f3n de un da\u00f1o cerebral.<\/p>\n<p>Gracias a este proyecto cuento con la posibilidad de enriquecerme tanto a nivel profesional como personal, ya que me permite ayudar y acompa\u00f1ar a personas que lo necesitan en momentos dif\u00edciles, pudiendo ver avances en cada una de ellas, lo cual resulta muy emocionante.<\/p>\n<p>Adem\u00e1s, el contacto con diferentes realidades y personas me brinda constantes oportunidades de crecimiento. Considero que cada persona con la que trabajo, ya sean pacientes, personas usuarias y profesionales, dejan una huella imborrable en mi vida en todos los sentidos. Cada encuentro con ellos me ense\u00f1a lecciones sobre la fuerza, la importancia de la empat\u00eda y la necesidad de adaptarse a los desaf\u00edos de la vida con dignidad y determinaci\u00f3n.<\/p>\n<h4>Formaci\u00f3n acad\u00e9mica<\/h4>\n<p>\u2022 Grado en Psicolog\u00eda por la Universidad Cardenal Cisneros (UCM), Madrid<br \/>\nLicence 3<\/p>\n<p>Experiencia de 1 a\u00f1o en Universit\u00e9 de Picardie Jules Verne (UPJV)<br \/>\nAmiens \u2013 Francia<br \/>\n(2020 \u2013 2021)<\/p>\n<p>\u2022 M\u00e1ster Oficial en Psicolog\u00eda General Sanitaria por la Universidad Loyola de Andaluc\u00eda<br \/>\n\u2022 M\u00e1ster Oficial en Neuropsicolog\u00eda cl\u00ednica por la Universidad Loyola de Andaluc\u00eda<\/p>\n<h4>Formaci\u00f3n complementaria<\/h4>\n<ul>\n<li>Curso de intervenci\u00f3n en trastorno del espectro autista (TEA)<\/li>\n<li>Curso de terapia cognitiva (AEPSIS)<\/li>\n<li>Curso de psicooncolog\u00eda (AEPSIS)<\/li>\n<\/ul>\n<h4>Asistencia a congresos<\/h4>\n<ul>\n<li>XVIII Congreso Andaluz de Neuropsicolog\u00eda (2022)<\/li>\n<li>Congreso Internacional Aletheia: arte, arteterapia, traumay memoria emocional (2019)<\/li>\n<li>XIII CONGRESO NACIONAL CEP-PIE en Teruel (2019)<\/li>\n<li>XII CCONGRESO NACIONAL CEP-PIE en Sevilla (2018)<\/li>\n<\/ul>\n<h4>Experiencia laboral<\/h4>\n<p>Mi trayectoria laboral est\u00e1 vinculada a Hermanas Hospitalarias por mi experiencia en la Unidad de Da\u00f1o Cerebral del Hospital Beata Mar\u00eda Ana (Madrid), donde realic\u00e9 labores de evaluaci\u00f3n, acompa\u00f1amiento y rehabilitaci\u00f3n a pacientes que hab\u00edan sufrido una lesi\u00f3n cerebral. Tambi\u00e9n desarroll\u00e9 mi trabajo como neuropsic\u00f3loga participando ensayos con TDCS y TMS.<\/p>\n<p>Desempe\u00f1\u00e9, igualmente, labores de valoraci\u00f3n y rehabilitaci\u00f3n cognitiva con personas afectadas por da\u00f1o cerebral en el centro de d\u00eda de la Fundaci\u00f3n DACE, en Sevilla.<\/p>\n<p>De igual modo, como psic\u00f3loga en pr\u00e1cticas, en mis comienzos profesionales trabaj\u00e9 en el\u00a0Centro de Neurolog\u00eda Avanzada (Sevilla), dedicada a tareas de evaluaci\u00f3n y estimulaci\u00f3n cognitiva a personas afectadas por da\u00f1o cerebral y enfermedades neurodegenerativas, as\u00ed como a labores de asistencia como observadora a cirug\u00eda de Parkinson. Hice pr\u00e1cticas de atenci\u00f3n a v\u00edctimas con discapacidad en Fundaci\u00f3n A La Par (Madrid) y en el gabinete psicopedag\u00f3gico del Colegio Coraz\u00f3n de Mar\u00eda de Madrid.<\/p>\n<p>Adem\u00e1s, he trabajado como neuropsic\u00f3loga en la Cl\u00ednica Masvita (Madrid) desarrollando tareas de evaluaci\u00f3n y rehabilitaci\u00f3n a pacientes neurol\u00f3gicos y oncol\u00f3gicos, as\u00ed como el acompa\u00f1amiento tanto a pacientes como a sus familiares. Tambi\u00e9n en el Centro Apolo (Sevilla), mi trabajo se centr\u00f3 en la valoraci\u00f3n y estimulaci\u00f3n cognitiva de ni\u00f1as y ni\u00f1os con necesidades especiales.<\/p>\n<h4>Idiomas<\/h4>\n<p>Ingl\u00e9s: C1.2<br \/>\nFranc\u00e9s: B1.3<\/p>\n<h4>Aficiones<\/h4>\n<p>Desde peque\u00f1a mi padre me ha transmitido su pasi\u00f3n por el mar, y la navegaci\u00f3n es una afici\u00f3n que me encanta compartir en familia.<\/p>\n<p>Mi tiempo libre se lo dedico a mis amigos, a viajar, al deporte y al arte en todas sus formas, encontrando en ello una forma de evasi\u00f3n e inspiraci\u00f3n.<\/p>\n<h4>Informaci\u00f3n adicional<\/h4>\n<p>Conocimientos de inform\u00e1tica: SPSS, nivel medio; JASP, nivel b\u00e1sico, y EXCEL, nivel medio.<\/p>\n","protected":false},"excerpt":{"rendered":"<p>Responsable del \u00c1rea de Da\u00f1o Cerebral de Fundaci\u00f3n Hospitalarias Tenerife Mi labor principal consiste en evaluar y tratar las alteraciones neuropsicol\u00f3gicas en las personas que llegan a nuestro centro tras haber sufrido una lesi\u00f3n cerebral. Esto incluye abordar tanto las consecuencias cognitivas como las conductuales y emocionales, con el objetivo de promover su autonom\u00eda y&hellip;<\/p>\n","protected":false},"author":3,"featured_media":0,"parent":15075,"menu_order":0,"comment_status":"closed","ping_status":"closed","template":"","meta":{"footnotes":""},"_links":{"self":[{"href":"https:\/\/xn--daocerebral-2db.es\/en\/wp-json\/wp\/v2\/pages\/86741"}],"collection":[{"href":"https:\/\/xn--daocerebral-2db.es\/en\/wp-json\/wp\/v2\/pages"}],"about":[{"href":"https:\/\/xn--daocerebral-2db.es\/en\/wp-json\/wp\/v2\/types\/page"}],"author":[{"embeddable":true,"href":"https:\/\/xn--daocerebral-2db.es\/en\/wp-json\/wp\/v2\/users\/3"}],"replies":[{"embeddable":true,"href":"https:\/\/xn--daocerebral-2db.es\/en\/wp-json\/wp\/v2\/comments?post=86741"}],"version-history":[{"count":8,"href":"https:\/\/xn--daocerebral-2db.es\/en\/wp-json\/wp\/v2\/pages\/86741\/revisions"}],"predecessor-version":[{"id":91897,"href":"https:\/\/xn--daocerebral-2db.es\/en\/wp-json\/wp\/v2\/pages\/86741\/revisions\/91897"}],"up":[{"embeddable":true,"href":"https:\/\/xn--daocerebral-2db.es\/en\/wp-json\/wp\/v2\/pages\/15075"}],"wp:attachment":[{"href":"https:\/\/xn--daocerebral-2db.es\/en\/wp-json\/wp\/v2\/media?parent=86741"}],"curies":[{"name":"wp","href":"https:\/\/api.w.org\/{rel}","templated":true}]}}