{"id":51969,"date":"2020-05-27T15:13:35","date_gmt":"2020-05-27T15:13:35","guid":{"rendered":"https:\/\/xn--daocerebral-2db.es\/?page_id=51969"},"modified":"2024-04-17T12:12:21","modified_gmt":"2024-04-17T12:12:21","slug":"paula-quinones-oliver","status":"publish","type":"page","link":"https:\/\/xn--daocerebral-2db.es\/en\/a-great-human-team\/paula-quinones-oliver\/","title":{"rendered":"Paula Qui\u00f1ones Oliver"},"content":{"rendered":"<div class=\"wpb-content-wrapper\"><p>[vc_row][vc_column width=&#8221;1\/2&#8243;][vc_single_image image=&#8221;66654&#8243; img_size=&#8221;full&#8221;][\/vc_column][vc_column width=&#8221;1\/2&#8243;][vc_column_text]<\/p>\n<h3>Especialista en Medicina F\u00edsica y Rehabilitaci\u00f3n. Coordinadora de la Unidad de Da\u00f1o Cerebral de Hermanas Hospitalarias Valencia<\/h3>\n<p>Tras unos a\u00f1os de desarrollo profesional, considero que hay dos aspectos claves en mi perfil profesional, por una parte el trabajo asistencial como m\u00e9dica rehabilitadora, y por otro lado, para que este tenga sentido, el desarrollo de herramientas de comunicaci\u00f3n con el resto de profesionales y entidades que intervienen en el proceso de rehabilitaci\u00f3n neurol\u00f3gica. Todo ello desde una perspectiva centrada en dar soluci\u00f3n a las necesidades de las personas y familias que se ven afectadas por un da\u00f1o cerebral.<\/p>\n<p>El trabajo en equipo para m\u00ed es fundamental. El equipo humano que hay en Hermanas Hospitalarias en general, y especialmente en la Unidad de Da\u00f1o Cerebral del Centro Sociosanitario Nuestra Se\u00f1ora del Carmen, es excepcional, y para mi es un honor (y una responsabilidad) integrarme en \u00e9l. Creo que compartimos una visi\u00f3n muy similar del abordaje del da\u00f1o cerebral, y el momento actual de la Unidad permite el desarrollo de un modelo asistencial con gran proyecci\u00f3n, eficaz y humano, lo que lo convierte en un reto profesional y personal que estoy encantada de asumir.<\/p>\n<p>Desde el inicio de mi actividad profesional he sentido especial inter\u00e9s en el trabajo en equipo. En nuestra especialidad es fundamental aunar el conocimiento de diferentes grupos profesionales, pero m\u00e1s importante es a\u00fan, que todo este conocimiento se ponga de una manera ordenada y efectiva, al servicio de un fin com\u00fan, conseguir minimizar el impacto que el da\u00f1o cerebral sobrevenido tiene en el paciente, en la familia, y en \u00faltimo t\u00e9rmino en la sociedad. Fruto de esta inquietud, a lo largo de lo a\u00f1os he ido preocup\u00e1ndome cada vez m\u00e1s no solo de realizar una buena asistencia directa como especialista en Medicina F\u00edsica y Rehabilitaci\u00f3n si no de ir facilitando el trabajo de todo el equipo interdisciplinar, de manera que el abordaje del da\u00f1o cerebral fuera lo m\u00e1s cohesionado y eficaz posible.<\/p>\n<p>He tenido la gran suerte de que mi inquietud personal, a lo largo de mi desarrollo profesional, haya podido convertirse en un parte m\u00e1s de mi d\u00eda a d\u00eda, compaginando el trabajo asistencial con otras actividades de gesti\u00f3n, orientadas en gran parte a facilitar el desarrollo de un modelo asistencial del DCA de manera global, en el que cada profesional del equipo sea capaz de aportar los m\u00e1ximos conocimientos espec\u00edficos, pero siempre con un prisma com\u00fan que facilite colocar al paciente y su familia en el centro de nuestro abordaje terap\u00e9utico.<\/p>\n<p>As\u00ed mismo el paso por diferentes unidades de da\u00f1o cerebral, en diferentes \u00e1mbitos (centro concertado sin \u00e1nimo de lucro, privado, p\u00fablico\u2026), en diferentes regiones (Baleares y Comunidad Valenciana) y abordando diferentes momentos evolutivos de la lesi\u00f3n cerebral (r\u00e9gimen de ingreso subagudo, ingreso convalecencia, ambulatorio\u2026) me ha proporcionado una visi\u00f3n global del proceso rehabilitador de la lesi\u00f3n cerebral, tanto en tiempo como en recursos necesarios en cada fase. Esto me ha facilitado el contacto con diversas entidades, con mayor o menor relaci\u00f3n directa con DCA, pero que ha permitido forjar microalianzas para la creaci\u00f3n de nuevos proyectos de abordaje del paciente neurol\u00f3gico con el fin de dotar de alternativas terap\u00e9uticas facilitadoras para paciente y familia.<\/p>\n<h3>Formaci\u00f3n acad\u00e9mica<\/h3>\n<p><strong>Licenciada en Medicina y Cirug\u00eda General.<\/strong> Universidad de Valencia (1998-2004).<\/p>\n<p>M\u00e9dica Interna Residente (2005-2009): Formaci\u00f3n MIR (M\u00e9dica Interna Residente) en <strong>Medicina F\u00edsica y Rehabilitaci\u00f3n<\/strong>, en el Hospital Universitario La Fe de Valencia. (2005-2009).<\/p>\n<p>Programa de cooperaci\u00f3n (marzo 2008): <strong>Federaci\u00f3 d\u00b4associacions de solidaritat amb el poble saharui.<\/strong> Trabajo como m\u00e9dica rehabilitadora en el programa de cooperaci\u00f3n de FASPS en los campamentos de refugiados saharauis durante 15 d\u00edas. Valoraci\u00f3n de pacientes tanto de personas adultas como ni\u00f1os y ni\u00f1as con patolog\u00eda neurol\u00f3gica y osteomuscular.<\/p>\n<h3>Formaci\u00f3n extraacad\u00e9mica<\/h3>\n<ul>\n<li style=\"list-style-type: none;\">\n<ul>\n<li>Curso B\u00e1sico Basal Estimulation. Contenido 24 horas lectivas. Organizado en Neural Valencia. Docente Carlos L P\u00e9rez. Finalizado en diciembre 2018.<\/li>\n<li>Curso &#8216;Rehabilitaci\u00f3n funcional del miembro superior neurol\u00f3gico&#8217;, organizado en Neural Valencia, los d\u00edas 24, 25 y26 de abril 2015, total 20 horas. Organizado por ERGO Formaci\u00f3n. Sevilla.<\/li>\n<li>Evaluaci\u00f3n y tratamiento de las apraxias en el da\u00f1o cerebral adquirido. 7, 8 y 9 marzo 2014. Organizado por ERGO Formaci\u00f3n. Sevilla.<\/li>\n<li>Curso online &#8216;Actualizaci\u00f3n en neurorrehabilitaci\u00f3n del ictus&#8217;. Acreditado (equivalente a 30 horas lectivas). Coordinador cient\u00edfico Dr. Manuel Murie-Fern\u00e1ndez. Director de la Unidad de Neurorrehabilitaci\u00f3n. Cl\u00ednica Universidad de Navarra. Pamplona.<\/li>\n<li>Curso Atenci\u00f3n integral al paciente con Lesi\u00f3n Medular. Organizado en el Hospital San Juan de Dios. D\u00edas 14,15 y 22 de noviembre de 2014. Duraci\u00f3n 18horas lectivas.<\/li>\n<li>II Jornadas de Geriatr\u00eda Hospital San Juan de Dios, bajo el t\u00edtulo de &#8216;S\u00edndrome confusional agudo&#8217;. D\u00edas 24 y 25 de mayo de 2013, en CaixaForum Palma de mallorca.<\/li>\n<li>Buenas pr\u00e1cticas en Autonom\u00eda Personal. PREDIF IB. 17 de mayo de 2013. Palma de Mallorca.<\/li>\n<li>Prevenci\u00f3n, detecci\u00f3n y actuaci\u00f3n ante el riesgo de ca\u00eddas. Duraci\u00f3n 1.5h. Impartido en Hospital San Juan de Dios. Formaci\u00f3n continuada 2012.<\/li>\n<li>Curso de atenci\u00f3n integral al paciente adulto con da\u00f1o cerebral adquirido. Escalas de valoraci\u00f3n FIM&amp;FAM. Duraci\u00f3n 8 horas. Docente: Pablo Duque.\u00a0 Impartido en Hospital San Juan de Dios. Formaci\u00f3n continuada 2012.<\/li>\n<li>II Jornadas de rehabilitaci\u00f3n HSJD: De la pr\u00e1ctica cl\u00ednica a la reinserci\u00f3n social. (Palma Mallorca, abril 2010).<\/li>\n<li>Congreso AETEMA (Asociaci\u00f3n Espa\u00f1ola de Terapeutas de mano y extremidad Superior) (Valencia 2011).<\/li>\n<li>Simposio internacional de neurorrehabilitaci\u00f3n. (Valencia, noviembre 2009).<\/li>\n<\/ul>\n<\/li>\n<\/ul>\n<h3>Actividad docente e investigadora<\/h3>\n<ul>\n<li>Participaci\u00f3n en el congreso: Vitoria-Estruch, S.; Sari\u00f1ana Gonz\u00e1lez, P.; de Andr\u00e9s Garc\u00eda, S.; Qui\u00f1ones Oliver, P.; Arnau-Ar\u00e1ndiga, C.; Romero-Mart\u00ednez, A.; y Moya Albiol, L. (Valencia, d\u00edas 1, 2 y 3 de marzo de 2018). X Congreso nacional de neuropsicolog\u00eda. FANPSE. Mejora en atenci\u00f3n en pacientes con accidente cerebrovascular (ACV) isqu\u00e9mico tras una intervenci\u00f3n neuropsicol\u00f3gica.<\/li>\n<li>Participaci\u00f3n en el congreso: Vitoria Estruch, S.; Sari\u00f1ana Gonz\u00e1lez, P.; Soro Conde, I.; de Andr\u00e9s Garc\u00eda, S.; Bellosta Batalla, M.; Qui\u00f1ones Oliver, P.; Moya Albiol, L. (Zaragoza los d\u00edas 4 y 5 de marzo de 2016). Traumatismo Cranoencef\u00e1lico: evaluaci\u00f3n e intervenci\u00f3n neuropsicol\u00f3gica en un caso cl\u00ednico. VIII Congreso nacional de neuropsicolog\u00eda. Neuropsicolog\u00eda Estado del Arte.<\/li>\n<li>Participaci\u00f3n en el congreso: Sari\u00f1ana Gonz\u00e1lez, P.; Vitoria Estruch, S.; Soro Conde, I.; de Andr\u00e9s Garc\u00eda, S.; Bellosta Batalla, M.; Qui\u00f1ones Oliver, P.; Moya Albiol, L. (Zaragoza los d\u00edas 4 y 5 de marzo de 2016). Alteraciones cognitivas e intervenci\u00f3n neuropsicol\u00f3gica tras un Accidente Cerebrovascular (ACV) en un caso cl\u00ednico. VIII Congreso nacional de neuropsicolog\u00eda. Neuropsicolog\u00eda Estado del Arte.<\/li>\n<li>Docente en el curso &#8216;Atenci\u00f3n integral al paciente adulto con da\u00f1o cerebral adquirido&#8217;. 30 horas. Unidades de Da\u00f1o cerebral. Repercusiones sociales. Disfagia. Papel del equipo de enfermer\u00eda. \u00dalceras por presi\u00f3n. S\u00edntomas cognitivos y conductuales. Alteraciones del habla y del lenguaje. Reeducaci\u00f3n en las actividades de la vida diaria. Reeducaci\u00f3n funcional de esf\u00ednteres. \u00a0Hospital San Juan de Dios. Formaci\u00f3n continuada 2012.<\/li>\n<li>Ponente en V Jornadas de Da\u00f1o Cerebral, organizadas por Nueva Opci\u00f3n el 18 de noviembre de 2016, con la ponencia &#8216;Propuesta de intervenci\u00f3n en da\u00f1o cerebral adquirido&#8217;.<\/li>\n<li>Participaci\u00f3n en el Estudio observacional 5E: Investigadora. Estudio observacional para describir la metodolog\u00eda utilizada en la evaluaci\u00f3n, tratamiento y evoluci\u00f3n de la enfermedad de la poblaci\u00f3n espa\u00f1ola con espasticidad \u2013 estudio 5e\u201d.<\/li>\n<li>Docente en el curso &#8216;Manejo de paciente con da\u00f1o cerebral&#8217;.\u00a08 horas. Impartido en Hospital San juan de Dios. d\u00edas 8 y 10 de noviembre 2011. avalado por comisi\u00f3n de docencia. realizaci\u00f3n de dos ponencias tituladas anatomia cerebral, dca vascular, dca traum\u00e1tico. niveles de conciencia. exploracion f\u00edsica dca. definici\u00f3n\u00a0 y\u00a0 funcionamiento\u00a0\u00a0 de\u00a0\u00a0 una\u00a0\u00a0 unidad\u00a0\u00a0 de\u00a0 \u00a0da\u00f1o\u00a0\u00a0 cerebral funciones y roles de cada profesional introducci\u00f3n a valoraci\u00f3n interdisciplinar.<strong>\u00a0<\/strong><\/li>\n<\/ul>\n<h3>Experiencia laboral<\/h3>\n<p>Desde que acab\u00e9 medicina supe que mi trabajo ten\u00eda que estar orientado a la rehabilitaci\u00f3n neurol\u00f3gica. Por eso tras realizar el examen MIR me decid\u00ed por Medicina f\u00edsica y rehabilitaci\u00f3n, especialidad poco conocida, pero que yo hab\u00eda tenido la suerte de encontrarme en el camino al hacer pr\u00e1cticas durante la carrera en la Unidad de Lesi\u00f3n medular del Hospital Universitario La Fe (Valencia). All\u00ed realic\u00e9 tambi\u00e9n mi formaci\u00f3n como m\u00e9dica interna residente desde mayo de 2004 a mayo de 2009.<\/p>\n<p>Al acabar la residencia, me reafirm\u00e9 en mi decisi\u00f3n, por lo que en julio de 2009 me traslad\u00e9, ya como m\u00e9dica adjunta de rehabilitaci\u00f3n al Hospital San Juan de Dios (Palma de Mallorca) donde tuve la gran suerte de coincidir en el espacio y en el tiempo con un equipo directivo y terap\u00e9utico que permiti\u00f3 que entre todos, desarroll\u00e1ramos un modelo asistencial propio, que dio como resultado la creaci\u00f3n de la Unidad de Da\u00f1o Cerebral referencia en Illes Balears. La actividad asistencial fundamentalmente iba orientada a la coordinaci\u00f3n del proceso rehabilitador, y de gesti\u00f3n de casos (valoraci\u00f3n de informes de solicitud de traslado\u2026), con el fin de optimizar el tratamiento rehabilitador del paciente tras da\u00f1o cerebral adquirido o lesi\u00f3n medular en \u00e1mbito de ingreso y ambulatorio. Realizaba el abordaje familiar y del paciente, con la orientaci\u00f3n en necesidades de adaptaci\u00f3n, productos de apoyo, valoraci\u00f3n de secuelas y elaboraci\u00f3n de informes para tr\u00e1mites de discapacidad o dependencia, coordin\u00e1ndome con los m\u00e9dicos derivadores del sistema p\u00fablico de salud, o con otros profesionales que intervinieran en el proceso.<\/p>\n<p>En enero de 2015, por cuestiones familiares volv\u00ed a Valencia, incorpor\u00e1ndome a Neural, Cl\u00ednicas de Rehabilitaci\u00f3n Neurol\u00f3gica<strong>. <\/strong>Mi actividad asistencial se centr\u00f3 en la valoraci\u00f3n y tratamiento de personas afectas de lesi\u00f3n neurol\u00f3gica, tanto en poblaci\u00f3n adulta como pedi\u00e1trica de inicio, en los \u00faltimos a\u00f1os con dedicaci\u00f3n exclusiva a paciente adulto. \u00a0Durante casi 5 a\u00f1os, asum\u00ed, primero la direcci\u00f3n t\u00e9cnica de la sede de Neural en Valencia, coordinando el equipo terap\u00e9utico y participando en la gesti\u00f3n interna del centro, y posteriormente la direcci\u00f3n m\u00e9dica general durante el inicio de su periodo de expansi\u00f3n.<\/p>\n<p>Desde marzo 2019 hasta diciembre 2019 desempe\u00f1\u00e9 tareas como m\u00e9dica adjunta en el servicio de rehabilitaci\u00f3n en el Hospital Francesc de Borja (SVS. Departamento de Gand\u00eda) realizando mi trabajo en consultas externas de rehabilitaci\u00f3n general y mediante interconsultas para valoraci\u00f3n de paciente ingresado en sala (neurolog\u00eda, medicina interna y cuidados intensivos) y participando en el Comit\u00e9 de derivaci\u00f3n de da\u00f1o cerebral del hospital.<\/p>\n<p>Es en agosto de 2019 cuando me incorporo a la Unidad de Da\u00f1o cerebral de el CSS Nuestra se\u00f1ora del Carmen. Desde entonces he ido desarrollando mi actividad asistencial como m\u00e9dica rehabilitadora, coordin\u00e1ndome con todo el equipo tanto de la unidad de personas adultas, como de infantil, as\u00ed como el Centro de Atenci\u00f3n Temprana (CAT), hasta que asum\u00ed la coordinaci\u00f3n de la Unidad de Da\u00f1o Cerebral.<\/p>\n<h3>Otras actividades destacables<\/h3>\n<p>&#8211; M\u00e9dica adjunta responsable de los m\u00e9dicos internos residentes que acuden a realizar rotatorio externo (dentro de su formaci\u00f3n como especialistas en Medicina F\u00edsica y Rehabilitaci\u00f3n) en neurorrehabilitaci\u00f3n.<\/p>\n<p>&#8211; Participaci\u00f3n en el Consejo de derivaci\u00f3n de da\u00f1o cerebral de los hospitales correspondientes seg\u00fan la estrategia abordaje DCA de la Comunidad Valenciana.<strong>\u00a0<\/strong><\/p>\n<p>&#8211; Miembro de la sociedad Valenciana de Medicina F\u00edsica y rehabilitaci\u00f3n (SVMEFR).<\/p>\n<p>&#8211; Miembro de la Sociedad Espa\u00f1ola de Neurorrehabilitaci\u00f3n (SENRHB).<\/p>\n<h3>Aficiones<\/h3>\n<p>Fundamentalmente me gusta leer y viajar.<\/p>\n<p>A lo largo de los a\u00f1os he ido acumulando experiencias viajeras. Me interesa conocer diferentes culturas, y sobre todo distintas maneras de entender la vida. Tambi\u00e9n se viven situaciones felices y complicadas en entornos m\u00e1s o menos facilitadores. Todas estas experiencias me sirven despu\u00e9s para generar estrategias que, llevadas al terreno profesional, me permiten mejorar en mi capacidad de gesti\u00f3n asistencial.<\/p>\n<p>Y \u00bfqu\u00e9 es la lectura si no una manera de viajar sin salir de casa? Desde que era peque\u00f1ita en mi casa siempre ha habido libros, para estudiar, para entender el mundo, para disfrutar de una buena historia\u2026 En cada momento uno casi siempre puede encontrar lo que busca en un libro.[\/vc_column_text][\/vc_column][\/vc_row]<\/p>\n<\/div>","protected":false},"excerpt":{"rendered":"<p>[vc_row][vc_column width=&#8221;1\/2&#8243;][vc_single_image image=&#8221;66654&#8243; img_size=&#8221;full&#8221;][\/vc_column][vc_column width=&#8221;1\/2&#8243;][vc_column_text] Especialista en Medicina F\u00edsica y Rehabilitaci\u00f3n. Coordinadora de la Unidad de Da\u00f1o Cerebral de Hermanas Hospitalarias Valencia Tras unos a\u00f1os de desarrollo profesional, considero que hay dos aspectos claves en mi perfil profesional, por una parte el trabajo asistencial como m\u00e9dica rehabilitadora, y por otro lado, para que este tenga&hellip;<\/p>\n","protected":false},"author":3,"featured_media":66654,"parent":15075,"menu_order":0,"comment_status":"closed","ping_status":"closed","template":"","meta":{"footnotes":""},"_links":{"self":[{"href":"https:\/\/xn--daocerebral-2db.es\/en\/wp-json\/wp\/v2\/pages\/51969"}],"collection":[{"href":"https:\/\/xn--daocerebral-2db.es\/en\/wp-json\/wp\/v2\/pages"}],"about":[{"href":"https:\/\/xn--daocerebral-2db.es\/en\/wp-json\/wp\/v2\/types\/page"}],"author":[{"embeddable":true,"href":"https:\/\/xn--daocerebral-2db.es\/en\/wp-json\/wp\/v2\/users\/3"}],"replies":[{"embeddable":true,"href":"https:\/\/xn--daocerebral-2db.es\/en\/wp-json\/wp\/v2\/comments?post=51969"}],"version-history":[{"count":10,"href":"https:\/\/xn--daocerebral-2db.es\/en\/wp-json\/wp\/v2\/pages\/51969\/revisions"}],"predecessor-version":[{"id":86864,"href":"https:\/\/xn--daocerebral-2db.es\/en\/wp-json\/wp\/v2\/pages\/51969\/revisions\/86864"}],"up":[{"embeddable":true,"href":"https:\/\/xn--daocerebral-2db.es\/en\/wp-json\/wp\/v2\/pages\/15075"}],"wp:featuredmedia":[{"embeddable":true,"href":"https:\/\/xn--daocerebral-2db.es\/en\/wp-json\/wp\/v2\/media\/66654"}],"wp:attachment":[{"href":"https:\/\/xn--daocerebral-2db.es\/en\/wp-json\/wp\/v2\/media?parent=51969"}],"curies":[{"name":"wp","href":"https:\/\/api.w.org\/{rel}","templated":true}]}}