{"id":43160,"date":"2021-09-15T13:09:39","date_gmt":"2021-09-15T13:09:39","guid":{"rendered":"https:\/\/xn--daocerebral-2db.es\/a-great-human-team\/mariana-cairos-2\/"},"modified":"2021-09-16T10:59:40","modified_gmt":"2021-09-16T10:59:40","slug":"paola-acosta","status":"publish","type":"page","link":"https:\/\/xn--daocerebral-2db.es\/en\/a-great-human-team\/paola-acosta\/","title":{"rendered":"Paola Acosta"},"content":{"rendered":"\n<p><img loading=\"lazy\" decoding=\"async\" class=\"size-full wp-image-53487 alignleft\" src=\"https:\/\/xn--daocerebral-2db.es\/wp-content\/uploads\/2021\/09\/Paola-Acosta.jpg\" alt=\"\" width=\"685\" height=\"913\" \/><\/p>\n<h3>Coordinadora de la Unidad de D\u00eda de Da\u00f1o Cerebral Adquirido, Complejo Acam\u00e1n<\/h3>\n<p><strong>Desde que comenc\u00e9 mi formaci\u00f3n en psicolog\u00eda he sentido un gran inter\u00e9s en el \u00e1rea de la neuropsicolog\u00eda, por lo que me encuentro muy satisfecha de poder formar parte del proyecto de la Unidad de D\u00eda de Da\u00f1o Cerebral Adquirido de la isla de Tenerife, trabajando cada d\u00eda para mejor la calidad de vida de las personas usuarias del servicio y continuando con mi aprendizaje personal y profesional dentro de Hermanas Hospitalarias. <\/strong><\/p>\n<p>Este puesto supone un reto m\u00e1s en mi carrera profesional y una oportunidad para seguir aprendiendo tanto de otros profesionales, como de las personas usuarias del recurso, ya que poder compartir tiempo con estas personas es la parte que m\u00e1s me apasiona de mi trabajo.<\/p>\n<h4><strong>Formaci\u00f3n acad\u00e9mica<\/strong><\/h4>\n<p>Titulaci\u00f3n:<\/p>\n<p>Graduada en Psicolog\u00eda (Universidad de La Laguna, 2014-2018).<\/p>\n<p>La formaci\u00f3n en Psicolog\u00eda me ha permitido descubrir \u00e1reas apasionantes de trabajo. Durante el grado realic\u00e9 las pr\u00e1cticas acad\u00e9micas en el Centro de Rehabilitaci\u00f3n psicosocial adscrito al Hospital Universitario Nuestra se\u00f1ora de Candelaria, donde pude aprender a evaluar e intervenir con personas diagnosticadas de Trastornos del Espectro de la Esquizofrenia y Trastorno bipolar.<\/p>\n<p>Especialidad\/es:<\/p>\n<ul>\n<li>M\u00e1ster en Psicolog\u00eda General Sanitaria (Universidad de La Laguna, 2019-2020).<\/li>\n<\/ul>\n<p>Este postgrado me ha proporcionado los recursos necesarios para enfocar mi carrera profesional hacia el \u00e1rea sanitaria. Gracias a \u00e9l tuve la oportunidad de trabajar por primera vez con personas con diversidad funcional.<\/p>\n<ul>\n<li>M\u00e1ster en Neuropsicolog\u00eda (Universitat Oberta de Catalunya, 2021)<\/li>\n<\/ul>\n<p>Actualmente me encuentro ampliando mi formaci\u00f3n en el campo de la neuropsicolog\u00eda, lo que he espero me permita aplicar estos nuevos conocimientos a mi pr\u00e1ctica profesional dentro de Hermanas Hospitalarias.<\/p>\n<h4><strong>Formaci\u00f3n extra acad\u00e9mica. \u00daltimos cursos<\/strong><\/h4>\n<ul>\n<li>Curso de Rehabilitaci\u00f3n de la Memoria y las Habilidades Visoespaciales y Visoconstructivas | CG Instituto de Alzheimer y Demencias | 2019<\/li>\n<li>Curso de Introducci\u00f3n a la Lengua de Signos Espa\u00f1ola | UEMC| 2018<\/li>\n<li>Curso de Atenci\u00f3n Psicoeducativa a la Discapacidad | FGULL| 2018<\/li>\n<li>Curso de Intervenci\u00f3n Psicoeducativa en Trastorno del Espectro Autista | FGULL 2018<\/li>\n<li>Curso de Neuropsicolog\u00eda de la Esclerosis M\u00faltiple | FGULL| 2018<\/li>\n<li>Curso de Avances en Neuropsicolog\u00eda: Funcionamiento Cerebral, Funciones Ejecutivas y Cognici\u00f3n Social | ACN y Salud Mental | 2018<\/li>\n<li>Curso de Evaluaci\u00f3n y Tratamiento de Fobias Espec\u00edficas | FGULL | 2018<\/li>\n<li>Seminario de Psicolog\u00eda de la Discapacidad Intelectual | ULL | 2018<\/li>\n<li>Seminario de Neuroimagen en el estudio de casos neuropsicol\u00f3gicos | COP | 2017<\/li>\n<li>Seminario de Fundamentos de la Neuropsicolog\u00eda Infantil: Definici\u00f3n, Objetivos y Aplicaciones| COP | 2017<\/li>\n<\/ul>\n<h4><strong>Actividad investigadora<\/strong><\/h4>\n<ul>\n<li>Presentaci\u00f3n de p\u00f3ster: \u201cAfrontamiento de la enfermedad en Ataxia de Friedreich\u201d XXII Congreso Interpsiquis | 2021<\/li>\n<li>Comunicaci\u00f3n oral: \u201cEstudio sobre el impacto del periodo de confinamiento por la COVID-19 en la calidad de vida de personas usuarias con da\u00f1o cerebral adquirido de una unidad de d\u00eda&#8221; XIII congreso FANPSE | 2021<\/li>\n<li>Colaboraci\u00f3n en proyecto de investigaci\u00f3n: \u201cLa teor\u00eda de la mente en la esquizofrenia: un enfoque neuropsicol\u00f3gico y su relaci\u00f3n con la sintomatolog\u00eda, funcionamiento social y actividades de la vida diaria\u201d con la doctora Mar\u00eda Antonieta Nieto Barco, realizando funciones de evaluaci\u00f3n neuropsicol\u00f3gica con personas con diagn\u00f3stico de esquizofrenia en varios CRPS de Tenerife Universidad de La Laguna | 2018 \u2013 presente<\/li>\n<li>Colaboraci\u00f3n en el departamento de psicolog\u00eda cl\u00ednica, psicobiolog\u00eda y metodolog\u00eda. Proyecto: \u201cprocedimientos de evaluaci\u00f3n neuropsicol\u00f3gica&#8221; con la doctora Mar\u00eda Antonieta Nieto Barco | Universidad de La Laguna | 2019-2020<\/li>\n<li>Presentaci\u00f3n del p\u00f3ster: &#8220;Estructura factorial del WCST y su relaci\u00f3n con la funcionalidad en la esquizofrenia residual&#8221; IV Congreso Nacional de Psicolog\u00eda | 2019<\/li>\n<li>Presentaci\u00f3n del p\u00f3ster: &#8220;Relaci\u00f3n entre rendimiento neuropsicol\u00f3gico y funcionalidad en la esquizofrenia residual&#8221; IV Congreso Nacional de Psicolog\u00eda | 2019<\/li>\n<li>Presentaci\u00f3n del p\u00f3ster: &#8220;Relaci\u00f3n entre la reserva cognitiva y el rendimiento neuropsicol\u00f3gico en pacientes con Esclerosis M\u00faltiple&#8221; XII Congreso Nacional de Neuropsicolog\u00eda | 2020<\/li>\n<li>Presentaci\u00f3n del p\u00f3ster: &#8220;alteration of sustained attention in schizophrenia: is it a Characteristic of the disorder?&#8221; XXI Conference of the European Society for Cognitive Psychology | 2019<\/li>\n<\/ul>\n<h4><strong>Experiencia laboral<\/strong><\/h4>\n<ul>\n<li>Psic\u00f3loga Sanitaria en Acam\u00e1n Arona. Hermanas hospitalarias, Acam\u00e1n (2021).<\/li>\n<li>Pr\u00e1cticum M\u00e1ster Psicolog\u00eda General Sanitaria. Servicio de promoci\u00f3n de la autonom\u00eda personal. Hermanas hospitalarias, Acam\u00e1n (2020).<\/li>\n<li>Personal de atenci\u00f3n directa en unidad de D\u00eda de Da\u00f1o Cerebral Adquirido. Hermanas hospitalarias, Acam\u00e1n (2019 \u2013 2021).<\/li>\n<\/ul>\n<h4><strong>Idiomas<\/strong><\/h4>\n<p>Ingl\u00e9s:B1<\/p>\n<h4><strong>Competencias y capacidades<\/strong><\/h4>\n<p>Mi carrera profesional hasta el momento se ha desarrollado dentro de Hermanas Hospitalarias, lo que me ha permitido conocer diferentes centros de trabajo en la isla de Tenerife, crecer como profesional y adquirir habilidades en diferentes roles laborales. El haber ido creciendo poco a poco como profesional dentro de la misma empresa me ha permitido tener una visi\u00f3n m\u00e1s amplia de las necesidades tanto de usuarios como del equipo de trabajo, lo que me permite poner en pr\u00e1ctica los conocimientos adquiridos durante mi formaci\u00f3n en diferentes aspectos del campo de la psicolog\u00eda. Ahora me enfrento a un nuevo reto profesional que me entusiasma enormemente.<\/p>\n<h4><strong>Aficiones<\/strong><\/h4>\n<p>Seguir aprendiendo es una de mis grandes pasiones, es por ello que la mayor\u00eda de d\u00edas uso mis ratos de desconexi\u00f3n para ampliar mi formaci\u00f3n y visi\u00f3n de la psicolog\u00eda. Adem\u00e1s, disfruto mucho leyendo y visitando la playa. Un ratito cerca del mar siempre me ayuda a desconectar del frenes\u00ed del d\u00eda a d\u00eda.<\/p>\n","protected":false},"excerpt":{"rendered":"<p>Coordinadora de la Unidad de D\u00eda de Da\u00f1o Cerebral Adquirido, Complejo Acam\u00e1n Desde que comenc\u00e9 mi formaci\u00f3n en psicolog\u00eda he sentido un gran inter\u00e9s en el \u00e1rea de la neuropsicolog\u00eda, por lo que me encuentro muy satisfecha de poder formar parte del proyecto de la Unidad de D\u00eda de Da\u00f1o Cerebral Adquirido de la isla&hellip;<\/p>\n","protected":false},"author":3,"featured_media":56696,"parent":15075,"menu_order":0,"comment_status":"open","ping_status":"open","template":"","meta":{"footnotes":""},"_links":{"self":[{"href":"https:\/\/xn--daocerebral-2db.es\/en\/wp-json\/wp\/v2\/pages\/43160"}],"collection":[{"href":"https:\/\/xn--daocerebral-2db.es\/en\/wp-json\/wp\/v2\/pages"}],"about":[{"href":"https:\/\/xn--daocerebral-2db.es\/en\/wp-json\/wp\/v2\/types\/page"}],"author":[{"embeddable":true,"href":"https:\/\/xn--daocerebral-2db.es\/en\/wp-json\/wp\/v2\/users\/3"}],"replies":[{"embeddable":true,"href":"https:\/\/xn--daocerebral-2db.es\/en\/wp-json\/wp\/v2\/comments?post=43160"}],"version-history":[{"count":9,"href":"https:\/\/xn--daocerebral-2db.es\/en\/wp-json\/wp\/v2\/pages\/43160\/revisions"}],"predecessor-version":[{"id":56724,"href":"https:\/\/xn--daocerebral-2db.es\/en\/wp-json\/wp\/v2\/pages\/43160\/revisions\/56724"}],"up":[{"embeddable":true,"href":"https:\/\/xn--daocerebral-2db.es\/en\/wp-json\/wp\/v2\/pages\/15075"}],"wp:featuredmedia":[{"embeddable":true,"href":"https:\/\/xn--daocerebral-2db.es\/en\/wp-json\/wp\/v2\/media\/56696"}],"wp:attachment":[{"href":"https:\/\/xn--daocerebral-2db.es\/en\/wp-json\/wp\/v2\/media?parent=43160"}],"curies":[{"name":"wp","href":"https:\/\/api.w.org\/{rel}","templated":true}]}}