{"id":37002,"date":"2018-05-03T10:22:29","date_gmt":"2018-05-03T10:22:29","guid":{"rendered":"http:\/\/xn--daocerebral-2db.es\/?page_id=37002"},"modified":"2020-05-14T14:53:12","modified_gmt":"2020-05-14T14:53:12","slug":"maria-moran-penades","status":"publish","type":"page","link":"https:\/\/xn--daocerebral-2db.es\/en\/a-great-human-team\/maria-moran-penades\/","title":{"rendered":"Mar\u00eda Mor\u00e1n Penad\u00e9s"},"content":{"rendered":"\n<p><img loading=\"lazy\" decoding=\"async\" src=\"https:\/\/xn--daocerebral-2db.es\/wp-content\/uploads\/2018\/03\/Mar\u00eda-Mor\u00e1n-Penad\u00e9s1.jpg\" alt=\"Mar\u00eda-Mor\u00e1n-Penad\u00e9s\" width=\"540\" height=\"810\" \/><\/p>\n<h3>Terapeuta ocupacional. Unidad de Da\u00f1o Cerebral de Hermanas Hospitalarias Valencia<\/h3>\n<p>Mi vinculaci\u00f3n laboral con la Unidad de Da\u00f1o Cerebral Hermanas Hospitalarias Valencia coincide con la creaci\u00f3n de la UDC Infantil. Desde hace m\u00e1s de 10 a\u00f1os formo parte del equipo interdisciplinar como terapeuta ocupacional, y desde siempre me he ilusionado con cada uno de los proyectos que con esfuerzo hemos llevado hacia adelante y que han hecho que la UDC Hermanas Hospitalarias Valencia sea un referente en nuestra Comunidad.<\/p>\n<p>He desarrollado tambi\u00e9n la labor de coordinadora en la UDC durante buena parte de ese tiempo. Desde nuestra Unidad promovemos un abordaje hol\u00edstico integral, personalizado y contextualizado. Para nosotros la persona con da\u00f1o cerebral y su familia son un pilar principal en el proceso de la intervenci\u00f3n, y los profesionales somos acompa\u00f1antes. Es muy satisfactorio coordinar un equipo tan competente, especializado y motivado en el trabajo realizado diariamente.<\/p>\n<h4><strong>Formaci\u00f3n acad\u00e9mica<\/strong><\/h4>\n<p>&#8211;\u00a0\u00a0\u00a0\u00a0\u00a0 M\u00e1ster en Neurociencia Cognitiva y Necesidades Educativas Espec\u00edficas. Universidad de Valencia, 2011-2012.<\/p>\n<p>&#8211;\u00a0\u00a0\u00a0\u00a0\u00a0 M\u00e1ster en Atenci\u00f3n Temprana. ITEAP M\u00e1laga, 2007- 2008.<\/p>\n<p>&#8211;\u00a0\u00a0\u00a0\u00a0\u00a0 Diploma Post\u00edtulo \u201cIntervenciones de Terapia Ocupacional en trastornos neuromotores y somatosensoriales\u201d. Universidad de Chile. Facultad de Medicina,\u00a02007-2008.<\/p>\n<p>&#8211;\u00a0\u00a0\u00a0\u00a0\u00a0 Especialista en Terapia Ocupacional Aplicada al Da\u00f1o Cerebral Adquirido. Universidad de Castilla-La Mancha. Centro de Estudios Universitarios de Talavera de la Reina,\u00a02005-2006.<\/p>\n<p>&#8211;\u00a0\u00a0\u00a0\u00a0\u00a0 Diplomada en Terapia Ocupacional por la Universidad Miguel Hern\u00e1ndez, 2001-2004.<\/p>\n<h4><strong>Formaci\u00f3n extraacad\u00e9mica<\/strong><\/h4>\n<p>&#8211;\u00a0\u00a0\u00a0\u00a0 Formaci\u00f3n en el Modelo DIRFloortime\u00ae. En posesi\u00f3n de DIRFloortime\u00ae Basic Certificate. En formaci\u00f3n de DIRFloortime\u00ae Certificate of Proficiency.<\/p>\n<p>&#8211;\u00a0\u00a0\u00a0\u00a0 Certificado de Educaci\u00f3n Continua de Integraci\u00f3n Sensorial University of Southern California. 2018<\/p>\n<p>&#8211;\u00a0\u00a0\u00a0\u00a0 Certificaci\u00f3n en la <em>Assisting Hand Assessment.<\/em> Madrid 2018<\/p>\n<p>&#8211;\u00a0\u00a0\u00a0\u00a0 Curso de Rehabilitaci\u00f3n intensiva basada en el aprendizaje motor para ni\u00f1os con par\u00e1lisis cerebral. Universidad Europea de Madrid, 2017.<\/p>\n<p>&#8211;\u00a0\u00a0\u00a0\u00a0 Acompa\u00f1amiento familiar interdisciplinar en situaciones de trastornos del desarrollo infantil. Conocimientos b\u00e1sicos de salud mental para profesionales del \u00e1mbito educativo, cl\u00ednico y social. Uutchi&amp;moa, 2016.<\/p>\n<p>&#8211;\u00a0\u00a0\u00a0\u00a0 Terapia Ocupacional en la Infancia. Universidad de Burgos. 2015.<\/p>\n<p>&#8211;\u00a0\u00a0\u00a0\u00a0 Curso Introductorio al Concepto Bobath en pediatr\u00eda. IVANN, 2013.<\/p>\n<p>&#8211;\u00a0\u00a0\u00a0\u00a0 Abordaje de la mano en el ni\u00f1o: Evaluaci\u00f3n, funci\u00f3n e intervenci\u00f3n. Acreditado por la Asociaci\u00f3n Espa\u00f1ola de Terapeutas de la Mano y Extremidad Superior. AETEMA, 2011.<\/p>\n<p>&#8211;\u00a0\u00a0\u00a0\u00a0 Rehabilitaci\u00f3n del paciente pedi\u00e1trico con Par\u00e1lisis Cerebral Dist\u00f3nica. ATTEM. Valencia, 2011.<\/p>\n<p>&#8211;\u00a0\u00a0\u00a0\u00a0 Calibraci\u00f3n en la Escala de Valoraci\u00f3n de Destrezas Motoras y de Procesamiento (AMPS). Madrid, 2010.<\/p>\n<p>&#8211;\u00a0\u00a0\u00a0\u00a0 Terapia Ocupacional en el abordaje del TGD y TEA. Centros de formaci\u00f3n y tratamiento AYTONA. Madrid, 2010.<\/p>\n<p>&#8211;\u00a0\u00a0\u00a0\u00a0 F\u00e9rulas y otras t\u00e9cnicas para mejorar la funcionalidad del miembro superior en pediatr\u00eda. Kulunka, Asociaci\u00f3n para la atenci\u00f3n a ni\u00f1os con alteraciones del desarrollo. Bilbao, 2009.<\/p>\n<p>&#8211;\u00a0\u00a0\u00a0\u00a0 Ejercicio Terap\u00e9utico cognoscitivo del hemipl\u00e9jico adulto. Universidad de Granada, 2007.<\/p>\n<p>&#8211;\u00a0\u00a0\u00a0\u00a0 Curso b\u00e1sico de \u00f3rtesis para terapeutas ocupacionales. Cercle Dany Cerebral. Valencia, 2007.<\/p>\n<p>&#8211;\u00a0\u00a0\u00a0\u00a0 Curso de Terapia Ocupacional en mano neurol\u00f3gica. AYTONA Madrid, 2006.<\/p>\n<p>Certificado de Aptitud Pedag\u00f3gica. Universidad\u00a0 Miguel Hern\u00e1ndez, 2005.<\/p>\n<h4><strong>Publicaciones<\/strong><\/h4>\n<p>&#8211;\u00a0\u00a0\u00a0\u00a0\u00a0 Mor\u00e1n M., Calvo C., Ega\u00f1a P.:<strong>\u00a0<\/strong>Intervenci\u00f3n del Terapeuta Ocupacional en el ni\u00f1o quemado.\u00a0Retocyl<strong>,\u00a0<\/strong>\u00a04:\u00a071\u00a0<strong>&#8211;<\/strong>77. Valladolid, septiembre 2013.<\/p>\n<p>&#8211;\u00a0\u00a0\u00a0\u00a0\u00a0 Mor\u00e1n M., Vinielles G., Rubio P.:\u00a0Experiencia con el HANDTUTORTM en Da\u00f1o Cerebral Adquirido.\u00a0Retocyl<strong>,\u00a0<\/strong>4:\u00a040-44.\u00a0\u00a0Valladolid, septiembre 2013.<\/p>\n<p>&#8211;\u00a0\u00a0\u00a0\u00a0\u00a0 Sapi\u00f1a A., Ca\u00f1ete A., Barahona T., Plasencia M., Mor\u00e1n M., Prades O., Fern\u00e1ndez D., Arjona L., Rubio P. y Bernabeu:<strong>\u00a0<\/strong>Caso Cl\u00ednico: S\u00edndrome opsoclonus-mioclonus asociado a un neuroblastoma abdominal. Psicooncolog\u00eda, 8, N\u00ba 2-3: 405-421.\u00a0 Monogr\u00e1fico. Madrid, diciembre de 2011.<\/p>\n<p>&#8211;\u00a0\u00a0\u00a0\u00a0\u00a0 Bernabeu J., Fournier C, Garc\u00eda E., Mor\u00e1n M., Plasencia M., Prades O., Andr\u00e9s M. y Ca\u00f1ete A.:<strong>\u00a0<\/strong>Atenci\u00f3n interdisciprlinar a las secuelas de la enfermedad y\/o tratamientos en oncolog\u00eda pedi\u00e1trica.\u00a0\u00a0Psicooncolog\u00eda,\u00a06, N\u00ba. 2-3: 381-411.\u00a0Monogr\u00e1fico. Madrid, diciembre de 2009.<\/p>\n<p>&#8211;\u00a0\u00a0\u00a0\u00a0\u00a0 Mor\u00e1n M. Terapia Ocupacional en DCA Infantil.\u00a0Da\u00f1o Cerebral adquirido infantil. 157-173. FEDACE, Obra Social Caja Madrid, Ministerio de Educaci\u00f3n. Madrid, 2008.<\/p>\n<h4><strong>Proyectos de investigaci\u00f3n<\/strong><\/h4>\n<p>&#8211;\u00a0\u00a0\u00a0\u00a0\u00a0 Incidencia del da\u00f1o cerebral infantil: repercusiones cognitivas y conductuales. Centro de Investigaci\u00f3n Hospital Universitario La Fe de Valencia.\u00a02007- 2009.\u00a0<strong>I<\/strong>nvestigador principal: Jordi Bernabeu Verd\u00fa.<\/p>\n<p>&#8211;\u00a0\u00a0\u00a0\u00a0\u00a0 ELDERGAMES. Development of high therapeutic value IST based games formonitoring and improving the quality of life of Elderly People. Comisi\u00f3n Europea \u2013 AIJU. 2006.<\/p>\n<h4><strong>Actividad docente<\/strong><\/h4>\n<p>&#8211;\u00a0\u00a0\u00a0\u00a0\u00a0 Docente en el Postgrado Rehabilitaci\u00f3n Cognitiva y en el M\u00e1ster de Neuropsicologia. ISEP Madrid e ISEP Barcelona (2009 \u2013 2013)<\/p>\n<p>&#8211;\u00a0\u00a0\u00a0\u00a0\u00a0 Docente en Taller de Da\u00f1o Cerebral Adquirido Infantil. FEDACE. 2008.<\/p>\n<p>&#8211;\u00a0\u00a0\u00a0\u00a0\u00a0 Docente de pr\u00e1cticas para la formaci\u00f3n de estudiantes de Terapia Ocupacional de diferentes universidades (UCLM, UCV, UMH, USAL).<\/p>\n<h4><strong>Ponencias<\/strong><\/h4>\n<p>&#8211;\u00a0\u00a0\u00a0\u00a0\u00a0 XXII Jornadas de la sociedad espa\u00f1ola de rehabilitaci\u00f3n infantil en el curso Ictus y tumores del sistema nervioso central en la infancia y adolescencia. Barcelona, 2017.<\/p>\n<p>&#8211;\u00a0\u00a0\u00a0\u00a0\u00a0 I Encuentro de innovaci\u00f3n tecnol\u00f3gica y bajo coste en enfermedades raras y discapacidad, celebrado en el Centro de Referencia Estatal de Atenci\u00f3n a Personas con Enfermedades Raras y sus familias. Burgos, 2015.<\/p>\n<p>&#8211;\u00a0\u00a0\u00a0\u00a0\u00a0 I Jornadas FREMAP de Terapia Ocupacional en patolog\u00eda f\u00edsica y neurocognitiva. Sevilla, 2015.<\/p>\n<p>&#8211;\u00a0\u00a0\u00a0\u00a0\u00a0 5\u00ba Encuentro Internacional sobre tecnolog\u00edas libres dise\u00f1o abierto y adaptaciones elaboradas por usuarios. Albacete, 2015.<\/p>\n<p>&#8211;\u00a0\u00a0\u00a0\u00a0\u00a0 XVIII Jornadas Regionales de Atenci\u00f3n Temprana. Cartagena, 2015.<\/p>\n<p>&#8211;\u00a0\u00a0\u00a0\u00a0\u00a0 IV Congreso Internacional de Estudiantes de Terapia Ocupacional. Alicante, 2014.<\/p>\n<p>&#8211;\u00a0\u00a0\u00a0\u00a0\u00a0 V Jornadas de Actualizaci\u00f3n de Terapia Ocupacional. Valencia, 2013.<\/p>\n<p>&#8211;\u00a0\u00a0\u00a0\u00a0\u00a0 II Jornadas sobre Da\u00f1o Cerebral Adquirido. Valencia, 2013.<\/p>\n<p>&#8211;\u00a0\u00a0\u00a0\u00a0\u00a0 IV Jornadas Castellanoleonesas de terapia ocupacional. Segovia, 2013.<\/p>\n<p>&#8211;\u00a0\u00a0\u00a0\u00a0\u00a0 IV Congreso de la Sociedad Espa\u00f1ola de Fisioterapia en Pediatr\u00eda. Almer\u00eda, 2012.<\/p>\n<p>&#8211;\u00a0\u00a0\u00a0\u00a0\u00a0 IV Jornadas de Actualizaci\u00f3n en Terapia Ocupacional de la Universidad Cat\u00f3lica \u201cSan Vicente M\u00e1rtir\u201d. Valencia, 2012.<\/p>\n<p>&#8211;\u00a0\u00a0\u00a0\u00a0\u00a0 III Jornadas Castellanoleonesas de Terapia Ocupacional \u201cEn nuestras manos\u201d. Valladolid, 2011.<\/p>\n<p>&#8211;\u00a0\u00a0\u00a0\u00a0\u00a0 VII Congreso Internacional de la Asociaci\u00f3n de logopedas de Espa\u00f1a (A.L.E.). Valencia, 2011.<\/p>\n<p>&#8211;\u00a0\u00a0\u00a0\u00a0\u00a0 II Jornadas de Actualizaci\u00f3n en Terapia Ocupacional de la Universidad Cat\u00f3lica \u201cSan Vicente M\u00e1rtir\u201d. Valencia, 2010.<\/p>\n<p>&#8211;\u00a0\u00a0\u00a0\u00a0\u00a0 IV Jornadas de la Sociedad Valenciana de Neuropsicolog\u00eda. Alicante, 2010.<\/p>\n<p>&#8211;\u00a0\u00a0\u00a0\u00a0\u00a0 I Jornada de Bones Pr\u00e0ctiques, de la Asociaci\u00f3n Espa\u00f1ola de Neuropsiquiatr\u00eda. Gand\u00eda, 2009.<\/p>\n<h4><strong>Experiencia profesional<\/strong><\/h4>\n<p>&#8211;\u00a0\u00a0\u00a0\u00a0\u00a0 Terapeuta Ocupacional en la Unidad de Da\u00f1o Cerebral Infantil Hermanas Hospitalarias Valencia desde 2008.<\/p>\n<p>&#8211;\u00a0\u00a0\u00a0\u00a0\u00a0 Terapeuta Ocupacional en el Hospital Universitario la Fe de Valencia en el Hospital Francesc de Borja de Gand\u00eda y en el Centro de D\u00eda para Personas con Alzheimer de Ontinyent y de Alicante.<\/p>\n<p>&#8211;\u00a0\u00a0\u00a0\u00a0\u00a0 Educadora en el programa de Formaci\u00f3n en Relaciones Sociales para el Ocio con personas con discapacidad intelectual en el\u00a0<em>Projecte Tr\u00e8vol<\/em>.<\/p>\n<h4><strong>Otros datos de inter\u00e9s<\/strong><\/h4>\n<p>&#8211;\u00a0\u00a0\u00a0\u00a0\u00a0 Evaluadora de formaci\u00f3n continuada de la Escuela Valenciana de Estudios de la Salud (EVES) desde 2013.<\/p>\n<p>&#8211;\u00a0\u00a0\u00a0\u00a0\u00a0 Integrante de la Junta Directiva del Colegio Oficial de Terapeutas Ocupacionales de la Comunitat Valencia desde 2011. En la actualidad, vicepresidenta del Colegio.<\/p>\n<h4><strong>Idiomas<\/strong><\/h4>\n<p>&#8211;\u00a0\u00a0\u00a0\u00a0\u00a0 Castellano<br \/>\n&#8211;\u00a0\u00a0\u00a0\u00a0\u00a0 Valenciano<br \/>\n&#8211;\u00a0\u00a0\u00a0\u00a0\u00a0 Ingl\u00e9s<\/p>\n<h4><strong>Aficiones<\/strong><\/h4>\n<p>Siempre que tengo algo de tiempo libre intento escaparme a disfrutar de la naturaleza y pasar tiempo con mi familia y amigos. Pero sin duda mi gran pasi\u00f3n es viajar a pa\u00edses lejanos y conocer diferentes culturas.<\/p>\n","protected":false},"excerpt":{"rendered":"<p>Terapeuta ocupacional. Unidad de Da\u00f1o Cerebral de Hermanas Hospitalarias Valencia Mi vinculaci\u00f3n laboral con la Unidad de Da\u00f1o Cerebral Hermanas Hospitalarias Valencia coincide con la creaci\u00f3n de la UDC Infantil. Desde hace m\u00e1s de 10 a\u00f1os formo parte del equipo interdisciplinar como terapeuta ocupacional, y desde siempre me he ilusionado con cada uno de los&hellip;<\/p>\n","protected":false},"author":3,"featured_media":51680,"parent":15075,"menu_order":0,"comment_status":"open","ping_status":"open","template":"","meta":{"footnotes":""},"_links":{"self":[{"href":"https:\/\/xn--daocerebral-2db.es\/en\/wp-json\/wp\/v2\/pages\/37002"}],"collection":[{"href":"https:\/\/xn--daocerebral-2db.es\/en\/wp-json\/wp\/v2\/pages"}],"about":[{"href":"https:\/\/xn--daocerebral-2db.es\/en\/wp-json\/wp\/v2\/types\/page"}],"author":[{"embeddable":true,"href":"https:\/\/xn--daocerebral-2db.es\/en\/wp-json\/wp\/v2\/users\/3"}],"replies":[{"embeddable":true,"href":"https:\/\/xn--daocerebral-2db.es\/en\/wp-json\/wp\/v2\/comments?post=37002"}],"version-history":[{"count":1,"href":"https:\/\/xn--daocerebral-2db.es\/en\/wp-json\/wp\/v2\/pages\/37002\/revisions"}],"predecessor-version":[{"id":51679,"href":"https:\/\/xn--daocerebral-2db.es\/en\/wp-json\/wp\/v2\/pages\/37002\/revisions\/51679"}],"up":[{"embeddable":true,"href":"https:\/\/xn--daocerebral-2db.es\/en\/wp-json\/wp\/v2\/pages\/15075"}],"wp:featuredmedia":[{"embeddable":true,"href":"https:\/\/xn--daocerebral-2db.es\/en\/wp-json\/wp\/v2\/media\/51680"}],"wp:attachment":[{"href":"https:\/\/xn--daocerebral-2db.es\/en\/wp-json\/wp\/v2\/media?parent=37002"}],"curies":[{"name":"wp","href":"https:\/\/api.w.org\/{rel}","templated":true}]}}