{"id":15119,"date":"2013-01-21T18:49:20","date_gmt":"2013-01-21T18:49:20","guid":{"rendered":"http:\/\/da\u00f1ocerebral.es\/danio\/\/la-red-menni-en-valencia\/"},"modified":"2025-01-13T13:19:56","modified_gmt":"2025-01-13T13:19:56","slug":"red-de-dca-y-neurorrehabilitacion-valencia","status":"publish","type":"page","link":"https:\/\/xn--daocerebral-2db.es\/en\/fh-red-de-dca-y-neurorrehabilitacion\/red-de-dca-y-neurorrehabilitacion-valencia\/","title":{"rendered":"Valencia"},"content":{"rendered":"<p>El Servicio de Da\u00f1o Cerebral de Fundaci\u00f3n Hospitalarias: Red de Da\u00f1o Cerebral y Neurorrehabilitaci\u00f3n en Valencia se dirige a la <strong>atenci\u00f3n especializada de ni\u00f1os y ni\u00f1as y personas adultas<\/strong> con lesiones neurol\u00f3gicas y sus familias. Desde su creaci\u00f3n en el a\u00f1o 2003, los tratamientos se prestan en las instalaciones de <a href=\"http:\/\/www.fundacionhospitalariasvalencia.org\" target=\"_blank\" rel=\"noopener\">Fundaci\u00f3n Hospitalarias Valencia<\/a>, (antes, Centro Sociosanitario Nuestra Sra. del Carmen), ubicado en la <strong>playa de la Malvarrosa<\/strong>, a 20 minutos del centro de la ciudad.<\/p>\n<p>El \u00e1rea de Atenci\u00f3n Temprana tiene como objetivo el diagn\u00f3stico y la intervenci\u00f3n en menores de 6 a\u00f1os con dificultades en el desarrollo, potenciando sus capacidades con el fin de posibilitar su integraci\u00f3n familiar, escolar y social, as\u00ed como la promoci\u00f3n de su autonom\u00eda personal. Este centro est\u00e1 concertado con la Conselleria de Igualdad y Pol\u00edticas Inclusivas de la Generalitat Valenciana.<\/p>\n<p><strong>Fundaci\u00f3n Hospitalarias Valencia<strong><br \/>\n<strong>Unidad de Da\u00f1o Cerebral<\/strong><br \/>\nEugenia Vi\u00f1es, 156<br \/>\n46011 <strong>VALENCIA<\/strong><br \/>\nTel: +34 963 568 261<br \/>\nE-mail: <a href=\"mailto: udc.valencia@fundacionhospitalarias.org\">udc.valencia@fundacionhospitalarias.org<\/a><br \/>\nPersona de contacto: <b>Dra. Irene Gurruchaga Guti\u00e9rrez<\/b><br \/>\nM\u00e1s informaci\u00f3n:\u00a0<a href=\"https:\/\/fundacionhospitalariasvalencia.org\/\" target=\"_blank\" rel=\"noopener\">www.fundacionhospitalariasvalencia.org<\/a><\/strong><\/strong><\/p>\n<p><strong>Centro de Neurorrehabilitaci\u00f3n Infantil \u00abEl Grao\u00bb<\/strong><br \/>\nTel\u00e9fono: 960 66 00 68<br \/>\nDirecci\u00f3n: Carrer de M\u00e9ndez N\u00fa\u00f1ez, 40<br \/>\n46024 VALENCIA<br \/>\nM\u00e1s informaci\u00f3n: <a href=\"https:\/\/hospitalariasvalencia.es\/que-hacemos\/atencion-temprana-valencia\/\" target=\"_blank\" rel=\"noopener\">Atenci\u00f3n temprana en Valencia\u00a0<\/a><\/p>\n<h4>\u00a0<strong style=\"font-size: 1em;\">El servicio dispone de:<\/strong><\/h4>\n<p>\u25a0 <b>Unidad de rehabilitaci\u00f3n ambulatoria para personas\u00a0adultas<\/b><br \/>\n\u25a0 <strong>Unidad de rehabilitaci\u00f3n infantil<\/strong><br \/>\n\u25a0 <strong>\u00c1rea de Atenci\u00f3n Temprana<\/strong><br \/>\nEl objetivo del servicio es abordar las necesidades de rehabilitaci\u00f3n de ni\u00f1os y adultos, as\u00ed como de sus familias, a trav\u00e9s de una atenci\u00f3n integral y especializada con equipos interdisciplinares altamente cualificados.<\/p>\n<p>Los equipos se componen de las siguientes especialidades: medicina rehabilitadora, neuropediatr\u00eda, psiquiatr\u00eda, neurolog\u00eda, neuropsicolog\u00eda, fisioterapia, logopedia, terapia ocupacional\u00a0 y psicolog\u00eda cl\u00ednica.<\/p>\n<h4><strong>Unidad de Rehabilitaci\u00f3n Ambulatoria de Personas Adultas<\/strong><\/h4>\n<p><a href=\"http:\/\/xn--daocerebral-2db.es\/wp-content\/uploads\/2013\/01\/collagedr.jpg\"><img loading=\"lazy\" decoding=\"async\" class=\"alignright wp-image-8256\" title=\"UDC Centro Sociosanitario N\u00aa S\u00aa del Carmen\" src=\"http:\/\/xn--daocerebral-2db.es\/wp-content\/uploads\/2013\/01\/collagedr.jpg\" alt=\"UDC Centro Sociosanitario N\u00aa S\u00aa del Carmen\" width=\"491\" height=\"491\" srcset=\"https:\/\/xn--daocerebral-2db.es\/wp-content\/uploads\/2013\/01\/collagedr.jpg 614w, https:\/\/xn--daocerebral-2db.es\/wp-content\/uploads\/2013\/01\/collagedr-150x150.jpg 150w, https:\/\/xn--daocerebral-2db.es\/wp-content\/uploads\/2013\/01\/collagedr-300x300.jpg 300w, https:\/\/xn--daocerebral-2db.es\/wp-content\/uploads\/2013\/01\/collagedr-420x419.jpg 420w\" sizes=\"(max-width: 491px) 100vw, 491px\" \/><\/a><\/p>\n<p>Est\u00e1 destinada a pacientes en situaci\u00f3n de alta hospitalaria con necesidad de alcanzar un estado funcional lo m\u00e1s \u00f3ptimo posible desde el punto de vista f\u00edsico, cognitivo ps\u00edquico y social, que les permita ser m\u00e1s independientes. En ella se llevan a cabo <strong>tratamientos uni o multidisciplinares<\/strong>, as\u00ed como <strong>consultas externas y seguimientos<\/strong>.<\/p>\n<p>La unidad est\u00e1 orientada a personas con <strong>da\u00f1o cerebral adquirido<\/strong> causado por traumatismos craneoencef\u00e1licos (TCE), accidentes cerebrovasculares (ACV), anoxias o hipoxias, tumores cerebrales, infecciones, y otras <strong>causas neurol\u00f3gicas<\/strong>: epilepsias, demencias&#8230; y que\u00a0 presenten alg\u00fan tipo de discapacidad y\/o problem\u00e1tica motora, cognitiva, comportamental, emocional, etc.<\/p>\n<h4><strong>Programas de tratamiento<\/strong><\/h4>\n<ul>\n<li><strong>Valoraci\u00f3n y diagn\u00f3stico interdisciplinar.<\/strong> Es el paso inicial a la intervenci\u00f3n terap\u00e9utica llevada a cabo por diferentes profesionales especialistas en las diversas \u00e1reas que, de forma conjunta, elaboran un plan de tratamiento integrado y personalizado.<\/li>\n<li><strong>Rehabilitaci\u00f3n especializada e individualizada. <\/strong>Se trabaja sobre los d\u00e9ficits y discapacidades derivados del da\u00f1o cerebral y sobre las capacidades preservadas. \u00c1reas: neuropsicolog\u00eda, fisioterapia, terapia ocupacional y logopedia.<\/li>\n<li><strong>Asesoramiento y elaboraci\u00f3n de productos de apoyo. <\/strong>Informaci\u00f3n y asesoramiento t\u00e9cnico sobre la adecuaci\u00f3n de los distintos productos de apoyo y entrenamiento en su uso. Adem\u00e1s confeccionamos las adaptaciones de yeso y las \u00f3rtesis para prevenir las deformidades en el sistema musculoesquel\u00e9tico.<\/li>\n<li><strong>Intervenci\u00f3n e integraci\u00f3n en contextos pr\u00f3ximos. <\/strong>Con el fin de generalizar los logros conseguido en el d\u00eda a d\u00eda del paciente y lograr su m\u00e1xima integraci\u00f3n familiar y social, se llevan a cabo actividades en el contexto del propio paciente.<\/li>\n<li><strong>Tratamiento para estados de bajo nivel de conciencia.\u00a0<\/strong>Incluye estimulaci\u00f3n sensorial, fisioterapia, medidas posturales, asesoramiento y elaboraci\u00f3n de ortesis, intervenci\u00f3n orofacial, etc.<\/li>\n<li><strong>Modificaci\u00f3n de conducta y psicoterapia.<\/strong>\u00a0Manejo de alteraciones de conducta, toma de conciencia y adaptaci\u00f3n a nuevas situaciones tras el DCA.<\/li>\n<li><strong>Seguimiento cl\u00ednico. <\/strong>Acciones destinadas a seguir la evoluci\u00f3n del paciente y su familia una vez se procede al alta.<\/li>\n<li><strong>Intervenci\u00f3n con familias. <\/strong>Desde este programa se ofrece informaci\u00f3n, asesoramiento y entrenamiento en estrategias de manejo del da\u00f1o cerebral a la familia, al igual que apoyo emocional y psicoterapia a lo largo de todo el proceso.<\/li>\n<\/ul>\n<h4><strong>Unidad de Rehabilitaci\u00f3n Infantil<\/strong><\/h4>\n<p>Se ofrecen <strong>tratamientos globales y precoces<\/strong> para ni\u00f1os y adolescentes con las siguientes patolog\u00edas: traumatismos craneoencef\u00e1licos, alteraciones vasculares, malformaciones craneofaciales, tumores e infecciones del SNC, leucemias, epilepsias, PCI, etc., dirigidos a la potenciaci\u00f3n de las \u00e1reas del desarrollo sensorial, psicoafectivo, motor y del lenguaje.<\/p>\n<p>Desde la Unidad de Infantil se promueve la integraci\u00f3n de los peque\u00f1os en su entorno mediante el trabajo con la familia y la escuela, con el objetivo de fomentar su autonom\u00eda funcional y mejorar su calidad de vida. Para ello desarrollamos programas espec\u00edficos:<\/p>\n<ul>\n<li><strong>Valoraci\u00f3n y diagn\u00f3stico interdisciplinar<\/strong><\/li>\n<li><strong>Atenci\u00f3n temprana. <\/strong>Conjunto de actuaciones planificadas con car\u00e1cter global e interdisciplinar dirigidas a la poblaci\u00f3n infantil de 0 a 6 a\u00f1os con trastornos de desarrollo o riesgo de padecerlos, a la familia y al entorno, con el objeto de dar respuesta lo m\u00e1s pronto posible a las necesidades transitorias o permanentes que presentan los ni\u00f1os con trastornos en su desarrollo, o que tienen riesgo de padecerlos&#8230;<\/li>\n<li><strong><strong>Programas de intervenci\u00f3n individualizada:\u00a0<\/strong><\/strong>\n<ul>\n<li>Neuropsicolog\u00eda<\/li>\n<li>Fisioterapia<\/li>\n<li>Terapia Ocupacional<\/li>\n<li>Logopedia<\/li>\n<\/ul>\n<\/li>\n<\/ul>\n<ul>\n<li><strong>Programa de asesoramiento y elaboraci\u00f3n de productos de apoyo: <\/strong>se proporciona informaci\u00f3n y asesoramiento t\u00e9cnico sobre la adecuaci\u00f3n de los distintos productos de apoyo y entrenamos en su uso. Adem\u00e1s confeccionamos las adaptaciones de yeso y las \u00f3rtesis para prevenir las deformidades en el sistema m\u00fasculoesquel\u00e9tico.<\/li>\n<li><strong>Asesoramiento y apoyo pedag\u00f3gico. <\/strong>Orientaci\u00f3n y asesoramiento al entorno educativo para facilitar la integraci\u00f3n y adaptaci\u00f3n en el \u00e1mbito escolar y social.<\/li>\n<li><strong>Seguimiento cl\u00ednico<\/strong><\/li>\n<li><strong>Atenci\u00f3n integral a la familia<\/strong><\/li>\n<\/ul>\n<h4><strong>Recursos tecnol\u00f3gicos de ambas unidades<\/strong><\/h4>\n<p><a class=\"dt-pswp-item\" href=\"https:\/\/xn--daocerebral-2db.es\/wp-content\/uploads\/2024\/09\/dano-cerebral-infantil-agudos-hospitalarias-valencia.jpg\" data-dt-img-description=\"\" data-large_image_width=\"650\" data-large_image_height=\"459\"><img loading=\"lazy\" decoding=\"async\" class=\"alignleft size-full wp-image-88978\" src=\"https:\/\/xn--daocerebral-2db.es\/wp-content\/uploads\/2024\/09\/dano-cerebral-infantil-agudos-hospitalarias-valencia.jpg\" alt=\"\" width=\"650\" height=\"459\" srcset=\"https:\/\/xn--daocerebral-2db.es\/wp-content\/uploads\/2024\/09\/dano-cerebral-infantil-agudos-hospitalarias-valencia.jpg 650w, https:\/\/xn--daocerebral-2db.es\/wp-content\/uploads\/2024\/09\/dano-cerebral-infantil-agudos-hospitalarias-valencia-300x212.jpg 300w\" sizes=\"(max-width: 650px) 100vw, 650px\" \/><\/a>El Servicio de Da\u00f1o Cerebral del Centro Sociosanitario N\u00aa S\u00aa del Carmen es <strong>pionero en Espa\u00f1a en la utilizaci\u00f3n de herramientas novedosas que complementan y promueven el avance en los resultados del proceso de rehabilitaci\u00f3n:<\/strong><\/p>\n<p>\u25a0 <strong>Andago<\/strong>: sistema de reeducaci\u00f3n de la marcha. El entrenamiento se realiza con soporte parcial del peso corporal. Lo utilizamos en la rehabilitaci\u00f3n de adultos y ni\u00f1os con una variedad de lesiones neurol\u00f3gicas que afectan a la movilidad.<\/p>\n<p>\u25a0 <strong>Software de rehabilitaci\u00f3n virtual de la marcha: <\/strong>es un sistema creado exclusivamente para la Unidad de Da\u00f1o Cerebral en el que el paciente se ve a trav\u00e9s de un avatar en un escenario virtual y avanza por un camino prefijado conforme avanza con Andago.<\/p>\n<p>\u25a0 <strong>HandTutor: <\/strong>sistema de biofeedback para rehabilitaci\u00f3n de la mano. Es un sistema de rehabilitaci\u00f3n informatizado que utiliza el biofeedback para motivar a los pacientes a realizar ejercicios adecuados para mejorar los d\u00e9ficits motrices de los dedos, mu\u00f1eca y codo.<\/p>\n<p>\u25a0 <strong>Armeo Sprint: <\/strong>rehabilitaci\u00f3n robotizada del miembro superior. Es un sistema de rehabilitaci\u00f3n para miembros superiores, que combina un brazo ergon\u00f3mico y ajustable que permite realizar ejercicios terap\u00e9uticos funcionales en un entorno de realidad virtual.<\/p>\n<p>\u25a0 <strong>Sala multisensorial: <\/strong>es un entorno interactivo dise\u00f1ado para estimular los sentidos del tacto, o\u00eddo, vista, el olfato y gusto, interrelacionando diferentes factores; texturas, m\u00fasica, aromaterapia, efectos de iluminaci\u00f3n y objetos diversos. <sup>\u00a0<\/sup><\/p>\n<p>\u25a0 Rehabilitaci\u00f3n f\u00edsica y cognitiva con <strong>Wii y Kinect <\/strong>(con software espec\u00edfico de rehabilitaci\u00f3n virtual: <strong>Advant<\/strong>).<\/p>\n<p>\u25a0 <strong>Softwares espec\u00edficos de rehabilitaci\u00f3n cognitiva para pacientes con da\u00f1o cerebral<\/strong>: incluye ejercicios, juegos y simuladores que permiten ejercitar funciones cognitivas b\u00e1sicas y actividades de la vida diaria (AVD).<\/p>\n<h4><strong>\u00c1rea de Atenci\u00f3n Temprana<\/strong><\/h4>\n<h5>Servicios:<\/h5>\n<ul>\n<li>Evaluaci\u00f3n y diagn\u00f3stico. Proceso de recopilaci\u00f3n de informaci\u00f3n que debe hacerse de forma conjunta con la familia antes de la toma de decisiones.<\/li>\n<li>Atenci\u00f3n individualizada.<\/li>\n<li>Servicio de apoyo, asesoramiento e informaci\u00f3n a las familias. Se promueve la participaci\u00f3n activa de la familia en la toma de decisiones en referencia a la evaluaci\u00f3n, planificaci\u00f3n e intervenci\u00f3n. La familia es un integrante esencial del equipo.<\/li>\n<li>Programa de colaboraci\u00f3n con recursos externos. Servicios y apoyos en los ambientes naturales e inclusivos de las rutinas del ni\u00f1o, promoviendo el acceso del ni\u00f1o y su participaci\u00f3n en las experiencias de aprendizaje.<\/li>\n<\/ul>\n<h5>Equipo interdisciplinar<\/h5>\n<p>El centro de Atenci\u00f3n Temprana est\u00e1 formado por un equipo transdisciplinar altamente especializado en dicha poblaci\u00f3n con orientaci\u00f3n interdisciplinar, en el que trabajan de forma coordinada: Psic\u00f3loga, Terapeuta ocupacional, Fisioterapeuta, Logopeda y Trabajadora social.<\/p>\n<p>La transversalidad entre profesionales y la coordinaci\u00f3n son fundamentales, no solo para las personas que trabajan en un equipo, sino parta todos aquellos sectores implicados en el crecimiento y la atenci\u00f3n de los ni\u00f1os\/as, por eso, el alcance de nuestra actuaci\u00f3n incluye la coordinaci\u00f3n con los distintos profesionales que intervienen en el desarrollo del ni\u00f1o.<\/p>\n","protected":false},"excerpt":{"rendered":"<p>El Servicio de Da\u00f1o Cerebral de Fundaci\u00f3n Hospitalarias: Red de Da\u00f1o Cerebral y Neurorrehabilitaci\u00f3n en Valencia se dirige a la atenci\u00f3n especializada de ni\u00f1os y ni\u00f1as y personas adultas con lesiones neurol\u00f3gicas y sus familias. Desde su creaci\u00f3n en el a\u00f1o 2003, los tratamientos se prestan en las instalaciones de Fundaci\u00f3n Hospitalarias Valencia, (antes, Centro&hellip;<\/p>\n","protected":false},"author":3,"featured_media":52964,"parent":15107,"menu_order":5,"comment_status":"closed","ping_status":"closed","template":"","meta":{"footnotes":""},"_links":{"self":[{"href":"https:\/\/xn--daocerebral-2db.es\/en\/wp-json\/wp\/v2\/pages\/15119"}],"collection":[{"href":"https:\/\/xn--daocerebral-2db.es\/en\/wp-json\/wp\/v2\/pages"}],"about":[{"href":"https:\/\/xn--daocerebral-2db.es\/en\/wp-json\/wp\/v2\/types\/page"}],"author":[{"embeddable":true,"href":"https:\/\/xn--daocerebral-2db.es\/en\/wp-json\/wp\/v2\/users\/3"}],"replies":[{"embeddable":true,"href":"https:\/\/xn--daocerebral-2db.es\/en\/wp-json\/wp\/v2\/comments?post=15119"}],"version-history":[{"count":24,"href":"https:\/\/xn--daocerebral-2db.es\/en\/wp-json\/wp\/v2\/pages\/15119\/revisions"}],"predecessor-version":[{"id":91187,"href":"https:\/\/xn--daocerebral-2db.es\/en\/wp-json\/wp\/v2\/pages\/15119\/revisions\/91187"}],"up":[{"embeddable":true,"href":"https:\/\/xn--daocerebral-2db.es\/en\/wp-json\/wp\/v2\/pages\/15107"}],"wp:featuredmedia":[{"embeddable":true,"href":"https:\/\/xn--daocerebral-2db.es\/en\/wp-json\/wp\/v2\/media\/52964"}],"wp:attachment":[{"href":"https:\/\/xn--daocerebral-2db.es\/en\/wp-json\/wp\/v2\/media?parent=15119"}],"curies":[{"name":"wp","href":"https:\/\/api.w.org\/{rel}","templated":true}]}}