{"id":15115,"date":"2013-01-11T12:59:19","date_gmt":"2013-01-11T12:59:19","guid":{"rendered":"http:\/\/da\u00f1ocerebral.es\/danio\/\/la-red-menni-en-madrid\/"},"modified":"2026-03-20T09:21:47","modified_gmt":"2026-03-20T09:21:47","slug":"red-de-dca-y-neurorrehabilitacion-madrid","status":"publish","type":"page","link":"https:\/\/xn--daocerebral-2db.es\/en\/fh-red-de-dca-y-neurorrehabilitacion\/red-de-dca-y-neurorrehabilitacion-madrid\/","title":{"rendered":"Madrid"},"content":{"rendered":"<p>Las <strong>modernas instalaciones<\/strong> de Fundaci\u00f3n Hospitalarias: Red de Da\u00f1o Cerebral y Neurorrehabilitaci\u00f3n se encuentran en <a href=\"https:\/\/fundacionhospitalariasmadrid.org\/\" target=\"_blank\" rel=\"noopener\">Fundaci\u00f3n Hospitalarias Madrid<\/a> (antes, Hospital Beata Mar\u00eda Ana)\u00a0en pleno coraz\u00f3n de la capital, en un edificio hist\u00f3rico recientemente reformado que ha respetado su forma original exterior y cuenta con parking y extensos jardines.<\/p>\n<p><strong>Fundaci\u00f3n Hospitalarias Madrid <\/strong><br \/>\n<strong>(antes, Hospital Beata Mar\u00eda Ana)<\/strong><br \/>\n<strong> Servicio de Da\u00f1o Cerebral<\/strong><br \/>\n<strong> Unidad de Hospitalizaci\u00f3n<\/strong><br \/>\nDoctor Esquerdo, 83<br \/>\n28007 <strong>MADRID<\/strong><br \/>\nTel: +34\u00a091 409 09 03<br \/>\nPersonas de contacto:<br \/>\nDra. <a title=\"Paulina Oliva\" href=\"http:\/\/xn--daocerebral-2db.es\/tu-equipo-de-tratamiento\/paulina-oliva\/\" target=\"_blank\" rel=\"noopener\">Paulina Oliva<\/a><br \/>\nRecepci\u00f3n: <a href=\"mailto:secretariaudc.hbma@hospitalarias.es\">secretariaudc.hbma@hospitalarias.es<\/a><br \/>\nTeresa Hidalgo<br \/>\nWeb:<a href=\"https:\/\/fundacionhospitalariasmadrid.org\/\" target=\"_blank\" rel=\"noopener\"><strong>\u00a0www.fundacionhospitalariasmadrid.org<\/strong><\/a><\/p>\n<p>Todo el Servicio de Da\u00f1o Cerebral se ubica en Fundaci\u00f3n Hospitalarias Madrid y consta de:<\/p>\n<ul>\n<li><strong>Unidad de Hospitalizaci\u00f3n<\/strong><\/li>\n<li><strong>Unidad Ambulatoria<\/strong><\/li>\n<li><strong>Unidad de Rehabilitaci\u00f3n Infantil<\/strong><\/li>\n<\/ul>\n<p>El objetivo es facilitar el tratamiento m\u00e1s adecuado a personas adultas con da\u00f1o cerebral y a poblaci\u00f3n infantil, ofreciendo una atenci\u00f3n integral que tiene en cuenta las necesidades del paciente y de su familia. Para ello, <strong>en todas nuestras unidades<\/strong> utilizamos nuevas tecnolog\u00edas y tratamientos reconocidos y avalados cient\u00edficamente.<\/p>\n<h4><strong>Tratamientos espec\u00edficos. T\u00e9cnicas y tecnolog\u00edas especiales \u00a0<\/strong><\/h4>\n<p><a href=\"http:\/\/xn--daocerebral-2db.es\/wp-content\/uploads\/2013\/01\/beata.jpg\"><img loading=\"lazy\" decoding=\"async\" class=\"alignright wp-image-8088\" title=\"Tratamientos espec\u00edficos del da\u00f1o cerebral \" src=\"http:\/\/xn--daocerebral-2db.es\/wp-content\/uploads\/2013\/01\/beata.jpg\" alt=\"Tratamientos espec\u00edficos del da\u00f1o cerebral \" width=\"430\" height=\"430\" srcset=\"https:\/\/xn--daocerebral-2db.es\/wp-content\/uploads\/2013\/01\/beata.jpg 1024w, https:\/\/xn--daocerebral-2db.es\/wp-content\/uploads\/2013\/01\/beata-150x150.jpg 150w, https:\/\/xn--daocerebral-2db.es\/wp-content\/uploads\/2013\/01\/beata-300x300.jpg 300w, https:\/\/xn--daocerebral-2db.es\/wp-content\/uploads\/2013\/01\/beata-420x419.jpg 420w\" sizes=\"(max-width: 430px) 100vw, 430px\" \/><\/a><br \/>\n&#8211; <strong>Rehabilitaci\u00f3n de miembro superior y de la mano<\/strong>: est\u00e1 dirigido a mejorar la funcionalidad del brazo y la mano afectos para favorecer la autonom\u00eda de la persona en las actividades laborales, familiares, sociales y l\u00fadicas. La terapia robotizada incrementa el control motor y mejora la integraci\u00f3n de la extremidad superior hemipar\u00e9tica.<\/p>\n<p>&#8211; <strong>Rehabilitaci\u00f3n cognitiva y alteraciones de la comunicaci\u00f3n<\/strong>: trata de dotar al paciente de una mayor autonom\u00eda comunicativa a trav\u00e9s de sesiones individuales, grupales as\u00ed como programas inform\u00e1ticos especializados. Se trabaja para restituir la funci\u00f3n afectada o compensarla.<\/p>\n<p><strong>&#8211; Programa para estados de bajo nivel de conciencia<\/strong>: incluye valoraci\u00f3n cl\u00ednica y neurol\u00f3gica, farmacolog\u00eda de los estados de baja conciencia, estimulaci\u00f3n multisensorial, fisioterapia y medidas posturales, etc.<\/p>\n<p><strong>&#8211; Evaluaci\u00f3n, asesoramiento en productos de apoyo y ajuste de ayudas ortop\u00e9dicas<\/strong>:\u00a0valoraci\u00f3n funcional personal y del entorno as\u00ed como entrenamiento en habilidades b\u00e1sicas (vestido, aseo, higiene, etc.) e instrumentales (uso de transportes, manejo de dinero, etc.) de la vida diaria. Incluye an\u00e1lisis biomec\u00e1nico y postural para el dise\u00f1o, elaboraci\u00f3n y ajuste individualizado del material ort\u00e9sico.<\/p>\n<p><strong>&#8211; Tratamiento musculoesquel\u00e9tico<\/strong>: incluye valoraci\u00f3n y tratamiento a trav\u00e9s de t\u00e9cnicas espec\u00edficas como toxina botul\u00ednica o punci\u00f3n seca de alteraciones dolorosas o mec\u00e1nicas miofasciales, articulares, periarticulares y \u00f3seas.<\/p>\n<p><strong>&#8211; Diagn\u00f3stico y tratamiento de la disfagia<\/strong>: procuramos valoraci\u00f3n otorrinolaringol\u00f3gica y logop\u00e9dica, fibroscopia, adaptaci\u00f3n diet\u00e9tica y alimentaria, etc. y entrenamiento en diferentes t\u00e9cnicas para mejorar o compensar los problemas de degluci\u00f3n.<\/p>\n<p><strong>&#8211; Urodinamia: <\/strong>gestionamos valoraci\u00f3n urol\u00f3gica y urodin\u00e1mica de las principales alteraciones funcionales urol\u00f3gicas secundarias a da\u00f1o cerebral.<\/p>\n<p><strong>&#8211; Formaci\u00f3n y atenci\u00f3n a familiares:<\/strong>\u00a0informaci\u00f3n y asesoramiento en ayudas sociales, as\u00ed como sesiones formativas y terap\u00e9uticas individuales y grupales para personas afectadas y familiares.<\/p>\n<h4><strong>Unidad de Rehabilitaci\u00f3n Infantil<\/strong><\/h4>\n<p>Menci\u00f3n especial merece nuestra Unidad de Rehabilitaci\u00f3n Infantil. Pionera en Madrid, incorpora nuevos tratamientos en la rehabilitaci\u00f3n integral de ni\u00f1os y ni\u00f1as con da\u00f1o cerebral, malformaciones del SNC, s\u00edndromes gen\u00e9ticos y otras patolog\u00edas (oncol\u00f3gicas, cardiacas, renales&#8230;).<\/p>\n<p><a href=\"http:\/\/xn--daocerebral-2db.es\/wp-content\/uploads\/2013\/01\/estimulacion_multisensorial.jpg\"><img loading=\"lazy\" decoding=\"async\" class=\"alignright wp-image-8094\" title=\"Sala de estimulaci\u00f3n multisensorial\" src=\"http:\/\/xn--daocerebral-2db.es\/wp-content\/uploads\/2013\/01\/estimulacion_multisensorial-685x1024.jpg\" alt=\"Sala de estimulaci\u00f3n multisensorial\" width=\"275\" height=\"413\" \/><\/a><\/p>\n<p>Desde esta Unidad promovemos la integraci\u00f3n de los peque\u00f1os en su entorno mediante el trabajo con la familia y la escuela, fomentamos su autonom\u00eda funcional y mejoramos su calidad de vida. Para ello desarrollamos <strong>programas de estimulaci\u00f3n temprana<\/strong>\u00a0(tratamiento global y precoz de los menores de 3 a\u00f1os potenciando todas las \u00e1reas del desarrollo sensorial, psicoafectivo, motor y del lenguaje) y <strong>programas para ni\u00f1os y ni\u00f1as con dificultades de aprendizaje\u00a0y alteraciones conductuales y\/o emocionales<\/strong>.<\/p>\n<h4><strong>Tratamientos y t\u00e9cnicas especiales<\/strong><\/h4>\n<p>Nuestro equipo multidisciplinar dise\u00f1a <strong>tratamientos y programas infantiles individualizados de fisioterapia, neuropsicolog\u00eda, logopedia, habilidades sociales, psicomotricidad, terapia ocupacional e intervenci\u00f3n con familias<\/strong>. Adem\u00e1s disponemos de:<\/p>\n<p>&#8211;<strong>Programa de integraci\u00f3n sensorial<\/strong>: para ni\u00f1os con disfunci\u00f3n del procesamiento<strong> sensorial<\/strong> que como consecuencia presenten dificultades en\u00a0el aprendizaje y en el desarrollo en general. En la terapia, el ni\u00f1o ser\u00e1 guiado a trav\u00e9s de actividades que cambian sus habilidades para responder apropiadamente a la entrada sensorial y llevar a cabo una respuesta organizada y exitosa.<\/p>\n<p>&#8211; <strong>Sala multisensorial<\/strong>: proporciona la oportunidad de estimular los sentidos del tacto, o\u00eddo, vista y olfato para facilitar y favorecer la comunicaci\u00f3n del paciente con el entorno y potenciar su autonom\u00eda. Los terapeutas pueden trabajar los est\u00edmulos de una forma independiente o integrada, es decir, pueden controlar y proporcionar los est\u00edmulos de forma separada o seleccionar cu\u00e1les\u00a0ofrecer en cada momento.<\/p>\n<h5><strong>Equipo especializado en trastornos de la esfera orofacial<\/strong><\/h5>\n<p>Para dar respuesta a la alta prevalencia de trastornos orofaciales en ni\u00f1os con lesiones cerebrales -que se traducen en problemas en la alimentaci\u00f3n, en el habla y en la dificultad para el control del babeo-, en el seno de la Unidad de Rehabilitaci\u00f3n Infantil se ha creado un equipo espec\u00edfico de valoraci\u00f3n y tratamiento de la esfera orofacial. Este nuevo equipo utiliza como hilo conductor la <a href=\"http:\/\/xn--daocerebral-2db.es\/ponemos-en-marcha-en-madrid-un-equipo-especializado-en-trastornos-de-la-esfera-orofacial-infantil\/\" target=\"_blank\" rel=\"noopener\">Educaci\u00f3n Terap\u00e9utica de la Motricidad seg\u00fan el Concepto Le M\u00e9tayer<\/a> para abordar dicha problem\u00e1tica.<\/p>\n<p><strong>El tel\u00e9fono de contacto es:<\/strong>\u00a091 409 09 03<\/p>\n","protected":false},"excerpt":{"rendered":"<p>Las modernas instalaciones de Fundaci\u00f3n Hospitalarias: Red de Da\u00f1o Cerebral y Neurorrehabilitaci\u00f3n se encuentran en Fundaci\u00f3n Hospitalarias Madrid (antes, Hospital Beata Mar\u00eda Ana)\u00a0en pleno coraz\u00f3n de la capital, en un edificio hist\u00f3rico recientemente reformado que ha respetado su forma original exterior y cuenta con parking y extensos jardines. Fundaci\u00f3n Hospitalarias Madrid (antes, Hospital Beata Mar\u00eda&hellip;<\/p>\n","protected":false},"author":3,"featured_media":52177,"parent":15107,"menu_order":4,"comment_status":"closed","ping_status":"open","template":"","meta":{"footnotes":""},"_links":{"self":[{"href":"https:\/\/xn--daocerebral-2db.es\/en\/wp-json\/wp\/v2\/pages\/15115"}],"collection":[{"href":"https:\/\/xn--daocerebral-2db.es\/en\/wp-json\/wp\/v2\/pages"}],"about":[{"href":"https:\/\/xn--daocerebral-2db.es\/en\/wp-json\/wp\/v2\/types\/page"}],"author":[{"embeddable":true,"href":"https:\/\/xn--daocerebral-2db.es\/en\/wp-json\/wp\/v2\/users\/3"}],"replies":[{"embeddable":true,"href":"https:\/\/xn--daocerebral-2db.es\/en\/wp-json\/wp\/v2\/comments?post=15115"}],"version-history":[{"count":15,"href":"https:\/\/xn--daocerebral-2db.es\/en\/wp-json\/wp\/v2\/pages\/15115\/revisions"}],"predecessor-version":[{"id":97823,"href":"https:\/\/xn--daocerebral-2db.es\/en\/wp-json\/wp\/v2\/pages\/15115\/revisions\/97823"}],"up":[{"embeddable":true,"href":"https:\/\/xn--daocerebral-2db.es\/en\/wp-json\/wp\/v2\/pages\/15107"}],"wp:featuredmedia":[{"embeddable":true,"href":"https:\/\/xn--daocerebral-2db.es\/en\/wp-json\/wp\/v2\/media\/52177"}],"wp:attachment":[{"href":"https:\/\/xn--daocerebral-2db.es\/en\/wp-json\/wp\/v2\/media?parent=15115"}],"curies":[{"name":"wp","href":"https:\/\/api.w.org\/{rel}","templated":true}]}}