{"id":15111,"date":"2012-10-15T17:38:12","date_gmt":"2012-10-15T17:38:12","guid":{"rendered":"http:\/\/da\u00f1ocerebral.es\/danio\/\/la-red-menni-en-el-pais-vasco\/"},"modified":"2025-09-24T16:43:10","modified_gmt":"2025-09-24T16:43:10","slug":"red-de-dca-y-neurorrehabilitacion-euskadi","status":"publish","type":"page","link":"https:\/\/xn--daocerebral-2db.es\/en\/fh-red-de-dca-y-neurorrehabilitacion\/red-de-dca-y-neurorrehabilitacion-euskadi\/","title":{"rendered":"Pa\u00eds Vasco"},"content":{"rendered":"<div class=\"wpb-content-wrapper\"><p>[vc_row][vc_column width=&#8221;1\/2&#8243;][vc_column_text]<\/p>\n<h3>Decir Fundaci\u00f3n Hospitalarias: Red de Da\u00f1o Cerebral y Neurorrehabilitaci\u00f3n en el Pa\u00eds Vasco es decir Ospitalarioak Fundazioa Euskadi (antes, Hermanas Hospitalarias Aita Menni)<\/h3>\n<p><img decoding=\"async\" class=\"aligncenter size-medium wp-image-16390\" src=\"http:\/\/xn--daocerebral-2db.es\/wp-content\/uploads\/2012\/10\/dsc_0653.jpg\" alt=\"Red Menni en el Pa\u00eds Vasco\" \/>[\/vc_column_text][\/vc_column][vc_column width=&#8221;1\/2&#8243;][vc_column_text]En Euskadi contamos con un extenso Servicio de Neurorrehabilitaci\u00f3n y Da\u00f1o Cerebral, y diversos dispositivos dedicados a la rehabilitaci\u00f3n, gestionados por Ospitalarioak Fundazioa Euskadi<\/p>\n<p><strong>El hospital dispone de:<\/strong><\/p>\n<ul>\n<li><strong>Unidad de Hospitalizaci\u00f3n<\/strong><\/li>\n<li><strong>Unidades de Rehabilitaci\u00f3n Ambulatorias<\/strong><\/li>\n<li><strong>Unidad de Rehabilitaci\u00f3n Infantil<\/strong><\/li>\n<li><strong>Unidad de Atenci\u00f3n de la Disfagia<\/strong><\/li>\n<li><strong>Centros de d\u00eda<\/strong><\/li>\n<\/ul>\n<p>[\/vc_column_text][\/vc_column][\/vc_row][vc_row][vc_column width=&#8221;1\/2&#8243;][vc_column_text]<\/p>\n<h3>Unidad de Hospitalizaci\u00f3n<\/h3>\n<p>La Unidad de Hospitalizaci\u00f3n, ubicada en Arrasate-Mondrag\u00f3n (Guip\u00fazcoa) e inaugurada en 1992, fue la primera de su naturaleza que se abri\u00f3 en Espa\u00f1a; dispone de 36 camas destinadas a la rehabilitaci\u00f3n multidisciplinar e intensiva de personas con graves secuelas neurol\u00f3gicas. La mayor parte de los pacientes ingresan en fase subaguda, entre un mes y un a\u00f1o despu\u00e9s de haber sufrido la lesi\u00f3n cerebral, siendo las m\u00e1s comunes los ictus y los traumatismos craneales. El proceso de neurorrehabilitaci\u00f3n tiene como objetivo recuperar, reducir o compensar los d\u00e9ficits originados por una lesi\u00f3n en el sistema nervioso central.[\/vc_column_text][\/vc_column][vc_column width=&#8221;1\/2&#8243;][vc_column_text]<\/p>\n<blockquote><p><strong>Ospitalarioak Fundazioa Euskadi (antes, Hermanas Hospitalarias Aita Menni) &#8211; Servicio de Neurorrehabilitaci\u00f3n y Da\u00f1o Cerebral<\/strong><br \/>\n<strong>Unidad de Hospitalizaci\u00f3n<\/strong><br \/>\nGesalibar, 15 20500 <strong>ARRASATE-MONDRAG\u00d3N<\/strong><br \/>\nTel: +34 943 794 411<br \/>\nPersona de contacto:<br \/>\nOlatz Uriarte<br \/>\n<a href=\"mailto:recepcion.euskadi@fundacionhospitalarias.org\">recepcion.euskadi@fundacionhospitalarias.org<br \/>\n<\/a>Web: <a href=\"https:\/\/ospitalarioakfundazioaeuskadi.org\/\" target=\"_blank\" rel=\"noopener\"><strong>www.ospitalarioakfundazioaeuskadi.org\u00a0<\/strong><\/a><\/p><\/blockquote>\n<p>[\/vc_column_text][\/vc_column][\/vc_row][vc_row][vc_column][vc_column_text]<\/p>\n<h3><img loading=\"lazy\" decoding=\"async\" class=\"alignright wp-image-24868\" src=\"http:\/\/xn--daocerebral-2db.es\/wp-content\/uploads\/2012\/10\/unidad-polivalente-cama.jpg\" alt=\"unidad-polivalente-cama\" width=\"465\" height=\"281\" srcset=\"https:\/\/xn--daocerebral-2db.es\/wp-content\/uploads\/2012\/10\/unidad-polivalente-cama.jpg 493w, https:\/\/xn--daocerebral-2db.es\/wp-content\/uploads\/2012\/10\/unidad-polivalente-cama-300x181.jpg 300w\" sizes=\"(max-width: 465px) 100vw, 465px\" \/><\/h3>\n<h3>Unidad Polivalente<\/h3>\n<p>Inaugurada en 2015 y ubicada junto a la Unidad de Hospitalizaci\u00f3n de Da\u00f1o Cerebral, se encuentra la <a title=\"Unidad Polivalente\" href=\"http:\/\/www.aita-menni.org\/es\/noticias\/esta-marcha-nueva-unidad-polivalente-9586.html\" target=\"_blank\" rel=\"noopener\">Unidad Polivalente<\/a>. Este nuevo dispositivo presta asistencia multidisciplinar\u00a0a personas en situaciones de dependencia\u00a0transitorias\u00a0o permanentes. Los casos m\u00e1s habituales de dependencia permanente est\u00e1n causados por\u00a0demencias o discapacidad neurol\u00f3gica (ictus, traumas cerebrales, encefalitis, etc.).\u00a0As\u00ed, en buena parte el\u00a0perfil de los pacientes que ingresan en esta Unidad corresponde a personas con lesiones cerebrales que generan una dependencia elevada y una problem\u00e1tica de cuidados compleja, y que requieren de un entorno sanitario residencial.<\/p>\n<h3>Unidades ambulatorias<\/h3>\n<p><strong>Ospitalarioak Fundazioa Euskadi <\/strong>(antes Aita Menni) tambi\u00e9n dispone de unidades de rehabilitaci\u00f3n ambulatoria en el propio Hospital de Mondrag\u00f3n, en el Parque Empresarial Zuatzu de San Sebasti\u00e1n y en la Unidad de Rehabilitaci\u00f3n Ambulatoria de Ospitalarioak Fundazioa Euskadi de Bilbao, donde ofrece rehabilitaci\u00f3n uni o multidisciplinar (en una sola \u00e1rea o en varias), consultas externas y peritaciones m\u00e9dico-legales. La Unidad de Bilbao fue abierta en 1997 y las otras dos en fechas posteriores. Dispensan programas integrales de rehabilitaci\u00f3n neurol\u00f3gica en las \u00e1reas de fisioterapia, terapia ocupacional, logopedia y neuropsicolog\u00eda.<\/p>\n<p>&nbsp;<\/p>\n<table width=\"718\">\n<tbody>\n<tr>\n<td valign=\"top\" width=\"240\"><span style=\"color: #993366;\"><strong>Unidad de Rehabilitaci\u00f3n<br \/>\nAmbulatoria (Centro de\u00a0Neurorrehabilitaci\u00f3n)<\/strong><\/span><br \/>\nC\/ Ega\u00f1a, 10<br \/>\n48010\u00a0<strong>BILBAO<\/strong><br \/>\nTel: +34 944 434 927<br \/>\nPersona de contacto:<br \/>\nOlatz Otaola<br \/>\n<a href=\"mailto:repcionegana@fundacionhospitalarias.org\">repcionegana@fundacionhospitalarias.org<\/a><\/td>\n<td valign=\"top\" width=\"228\"><span style=\"color: #993366;\"><strong>Unidad de Rehabilitaci\u00f3n<br \/>\nAmbulatoria<\/strong><\/span><br \/>\nPARQUE EMPRESARIAL ZUATZU<br \/>\nZuatzu Kalea 8<br \/>\nEdificio Oria<br \/>\nPlanta Baja, locales 1 y 2<br \/>\n20018 <strong>DONOSTIA-SAN SEBASTI\u00c1N<\/strong><br \/>\nTel: +34 943 22 44 01<br \/>\nPersona de contacto:<br \/>\nOlatz Uriarte<br \/>\n<a href=\"mailto:recepcionzuatzu@fundacionhospitalarias.org\">recepcionzuatzu@fundacionhospitalarias.org<\/a><\/td>\n<td valign=\"top\" width=\"209\"><span style=\"color: #993366;\"><strong>Ospitalarioak Fundazioa Euskadi (antes, Hermanas Hospitalarias Aita Menni)<\/strong><\/span><br \/>\n<span style=\"color: #993366;\"> <strong> Unidad de Rehabilitaci\u00f3n Ambulatoria<\/strong><\/span><br \/>\nGesalibar, 15<br \/>\n20500 <strong>ARRASATE-MONDRAG\u00d3N<\/strong><br \/>\nTel: +34 943 794 411<br \/>\nPersona de contacto:<br \/>\nOlatz Uriarte<br \/>\n<a href=\"mailto:recepcion.euskadi@fundacionhospitalarias.org\">recepcion.euskadi@fundacionhospitalarias.org<\/a><\/td>\n<\/tr>\n<\/tbody>\n<\/table>\n<h4><\/h4>\n<h4>Unidad de Rehabilitaci\u00f3n\u00a0Infantil<\/h4>\n<p><a href=\"http:\/\/xn--daocerebral-2db.es\/wp-content\/uploads\/2012\/10\/36v8789.jpg\"><img loading=\"lazy\" decoding=\"async\" class=\"alignright wp-image-7288\" title=\"Unidad de Rehabilitaci\u00f3n Infantil\" src=\"http:\/\/xn--daocerebral-2db.es\/wp-content\/uploads\/2012\/10\/36v8789.jpg\" alt=\"Unidad de Rehabilitaci\u00f3n Infantil\" width=\"425\" height=\"283\" srcset=\"https:\/\/xn--daocerebral-2db.es\/wp-content\/uploads\/2012\/10\/36v8789.jpg 410w, https:\/\/xn--daocerebral-2db.es\/wp-content\/uploads\/2012\/10\/36v8789-300x199.jpg 300w\" sizes=\"(max-width: 425px) 100vw, 425px\" \/><\/a><\/p>\n<p>Nuestra Unidad de Rehabilitaci\u00f3n Infantil en el Pa\u00eds Vasco se encuentra ubicada en el Centro de Neurorrehabilitaci\u00f3n de Bilbao (C\/ Ega\u00f1a, 10) y est\u00e1 dirigida a ni\u00f1os y ni\u00f1as de 0 a 16 a\u00f1os con alteraciones y retrasos en el desarrollo psicomotor, par\u00e1lisis cerebral, <a title=\"da\u00f1o cerebral \" href=\"http:\/\/da\u00f1ocerebral.es\/el-dano-cerebral\/\" target=\"_blank\" rel=\"noopener\">da\u00f1o cerebral adquirido<\/a> o secuelas derivadas de procesos oncol\u00f3gicos o de su tratamiento.<\/p>\n<p>Tras valorar al peque\u00f1o, se establecen las indicaciones terap\u00e9uticas y se incorpora a los profesionales del equipo que son precisos. El plan de rehabilitaci\u00f3n puede ser unidisciplinar o multidisciplinar y contempla, entre otros, programas de estimulaci\u00f3n temprana, fisioterapia, logopedia, incremento en la autonom\u00eda, intervenci\u00f3n sobre problemas de aprendizaje y de conducta, etc.<\/p>\n<h4><\/h4>\n<h4><\/h4>\n<h4><\/h4>\n<h4><\/h4>\n<p>&nbsp;<\/p>\n<h4>Unidad de Rehabilitaci\u00f3n Integral de la Disfagia<\/h4>\n<p><a href=\"http:\/\/da\u00f1ocerebral.es\/publicacion\/guia-para-el-manejo-de-la-disfagia-pautas-para-personas-con-problemas-de-deglucion\/\" target=\"_blank\" rel=\"noopener\"><img loading=\"lazy\" decoding=\"async\" class=\"alignright wp-image-13023\" title=\"Gu\u00eda para el manejo de la disfagia\" src=\"http:\/\/xn--daocerebral-2db.es\/wp-content\/uploads\/2014\/01\/cabecera4.jpg\" alt=\"Gu\u00eda para el manejo de la disfagia\" width=\"465\" height=\"132\" srcset=\"https:\/\/xn--daocerebral-2db.es\/wp-content\/uploads\/2014\/01\/cabecera4.jpg 810w, https:\/\/xn--daocerebral-2db.es\/wp-content\/uploads\/2014\/01\/cabecera4-300x85.jpg 300w\" sizes=\"(max-width: 465px) 100vw, 465px\" \/><\/a>La Unidad de Rehabilitaci\u00f3n Integral de la <a href=\"http:\/\/da\u00f1ocerebral.es\/publicacion\/guia-para-el-manejo-de-la-disfagia-pautas-para-personas-con-problemas-de-deglucion\/\" target=\"_blank\" rel=\"noopener\">Disfagia <\/a>tiene su sede en el Centro de Neurorrehabilitaci\u00f3n de Bilbao (C\/ Ega\u00f1a, 10). Esta unidad pretende dar un servicio completo a personas de todas las edades que tienen problemas de degluci\u00f3n como una secuela de da\u00f1o cerebral, enfermedades neurodegenerativas, personas ancianas, procesos oncol\u00f3gicos y quir\u00fargicos, enfermedad de Parkinson, esclerosis m\u00faltiple, esclerosis lateral amiotr\u00f3fica, inmadurez del sistema estomatogn\u00e1tico, prematuridad, etc.<\/p>\n<p>En la Unidad de Disfagia, el logopeda junto al m\u00e9dico rehabilitador ser\u00e1n los encargados de realizar una exploraci\u00f3n de la competencia deglutoria as\u00ed como del estatus nutricional de la persona, para posteriormente definir las l\u00edneas del tratamiento y orientar en las adaptaciones de la dieta en casa.<\/p>\n<h4>Centros de d\u00eda de Gipuzkoa*<\/h4>\n<p><strong>Centro de D\u00eda para Personas con Discapacidad Neurol\u00f3gica<\/strong><br \/>\nPARQUE EMPRESARIAL ZUATZU<br \/>\nZuatzu Kalea 8<br \/>\nEdificio Oria<br \/>\nPlanta Baja, locales 1 y 2<br \/>\nTel: +34 943 22 44 01<br \/>\n20018 <strong>DONOSTIA-SAN SEBASTI\u00c1N<\/strong><br \/>\nPersona de contacto:<br \/>\nOlatz Uriarte<br \/>\n<a href=\"mailto:recepcionzuatzu@fundacionhospitalarias.org\">recepcionzuatzu@fundacionhospitalarias.org<\/a><\/p>\n<p><strong>Centro de D\u00eda para Personas con Discapacidad Neurol\u00f3gica<\/strong><br \/>\nC\/ Notario Etxagibel, 1<br \/>\n20500 <strong>ARRASATE-MONDRAG\u00d3N<\/strong><br \/>\nTel: +34 943 318 740<br \/>\nOlatz Uriarte<br \/>\n<a href=\"mailto:olatz.uriarte@fundacionhospitalarias.org\">olatz.uriarte@fundacionhospitalarias.org<\/a><\/p>\n<p>Ospitalarioak Fundazioa Euskadi gestiona los Centros de D\u00eda para Personas con Discapacidad Neurol\u00f3gica ubicados en Arrasate-Mondrag\u00f3n y en el Parque Zuatzu de Donostia-San Sebasti\u00e1n. *<a title=\"Gizartekintza\" href=\"http:\/\/www.gizartepolitika.net\/index_c.php\" target=\"_blank\" rel=\"noopener\">Gizartekintza<\/a>, el Departamento de Pol\u00edtica Social de la Diputaci\u00f3n de Gipuzkoa, es la entidad responsable de estos recursos que atienden en total a 70 personas con da\u00f1o cerebral adquirido.<\/p>\n<p>Las personas usuarias participan en programas de atenci\u00f3n personalizados, que incluyen sesiones l\u00fadicas, de autocuidado, terapias rehabilitadoras grupales, logopedia, fisioterapia y neuropsicolog\u00eda. Asimismo, el Centro de D\u00eda promueve salidas y la realizaci\u00f3n de actividades que favorecen una mayor conexi\u00f3n con su entorno. El plan de trabajo con los afectados menos graves incluye su preparaci\u00f3n para acceder a talleres ocupacionales, centros especiales de empleo y otros recursos sociales.<\/p>\n<p>El servicio se presta incluye transporte y comida. Las diferentes actividades asistenciales se configuran en funci\u00f3n de las necesidades de cada persona usuaria.<\/p>\n<h4>Consultor\u00eda sociosanitaria<\/h4>\n<p><strong>Centro de D\u00eda de Da\u00f1o cerebral Bekoetxe<\/strong><br \/>\nC\/ Doctor Ornilla, 1 B<br \/>\n48004 <strong>BILBAO<\/strong><br \/>\nTel: +34 94 400 00 66<\/p>\n<p>En Bizkaia, Ospitalarioak Fundazioa Euskadi colabora con el Instituto Foral de Asistencia Social (IFAS), organismo de la Diputaci\u00f3n, en los centros Bekoetxe y Lurgorri.<\/p>\n<p>Concurren en estos centros de d\u00eda personas con gran dependencia y otras m\u00e1s aut\u00f3nomas. Para el primer grupo de usuarios el plan asistencial es indefinido en el tiempo mientras que para el segundo la asistencia se limita a unos meses. El programa de trabajo con estos \u00faltimos usuarios incluye su preparaci\u00f3n para acceder a talleres ocupacionales, centros especiales de empleo u otros recursos. El Hospital Aita Menni aporta los conocimientos y la experiencia de sus profesionales en las \u00e1reas de logopedia, fisioterapia, neuropsicolog\u00eda y consultor\u00eda m\u00e9dica.<\/p>\n<h4>Tratamientos espec\u00edficos.<br \/>\nT\u00e9cnicas y tecnolog\u00edas especiales<\/h4>\n<p><a href=\"http:\/\/xn--daocerebral-2db.es\/wp-content\/uploads\/2012\/10\/picmonkey-collage.jpg\"><img loading=\"lazy\" decoding=\"async\" class=\"alignright size-full wp-image-7284\" title=\"Vivienda adaptada Hospital Aita Menni\" src=\"http:\/\/xn--daocerebral-2db.es\/wp-content\/uploads\/2012\/10\/picmonkey-collage.jpg\" alt=\"Vivienda adaptada Hospital Aita Menni\" width=\"410\" height=\"410\" srcset=\"https:\/\/xn--daocerebral-2db.es\/wp-content\/uploads\/2012\/10\/picmonkey-collage.jpg 410w, https:\/\/xn--daocerebral-2db.es\/wp-content\/uploads\/2012\/10\/picmonkey-collage-150x150.jpg 150w, https:\/\/xn--daocerebral-2db.es\/wp-content\/uploads\/2012\/10\/picmonkey-collage-300x300.jpg 300w\" sizes=\"(max-width: 410px) 100vw, 410px\" \/><\/a><\/p>\n<p>Los programas terap\u00e9uticos en las \u00e1reas de logopedia, rehabilitaci\u00f3n f\u00edsica, terapia ocupacional, neuropsicolog\u00eda y actividades de la vida diaria de Aita Menni, que <strong>se llevan a cabo tanto en la Unidad de Hospitalizaci\u00f3n como en las Unidades Ambulatorias<\/strong>, incorporan novedosos adelantos tecnol\u00f3gicos.<\/p>\n<p>En el \u00e1rea de terapia ocupacional destaca el programa de <strong>rehabilitaci\u00f3n del miembro superior<\/strong> que aborda de forma especifica y progresiva la reeducaci\u00f3n de las extremidades superiores desde los momentos iniciales con mayor d\u00e9ficit y ninguna funcionalidad hasta las etapas finales en las que se precisa rapidez, precisi\u00f3n de movimiento y\/o entrenamiento especifico de tareas de manipulaci\u00f3n relacionadas con la actividad laboral.<\/p>\n<p>De igual modo en el \u00e1rea de fisioterapia se emplean <strong>plataformas computerizadas para la reeducaci\u00f3n postural y sistemas basados en videojuegos para mejorar el equilibrio est\u00e1tico y din\u00e1mico<\/strong>. A esto ayuda la utilizaci\u00f3n de un bipedastador activo sensorizado que permite el reentrenamiento de la bipedestaci\u00f3n y los traslados de peso desde etapas muy tempranas de la rehabilitaci\u00f3n. Se dispone de un sistema de rehabilitaci\u00f3n de la marcha con cinta y suspensi\u00f3n parcial del peso corporal para el reentrenamiento de la deambulaci\u00f3n desde fases muy tempranas. Este tipo de instrumentos proporcionan valiosa informaci\u00f3n al terapeuta y al paciente, y sirven tanto para la valoraci\u00f3n (inicial y de respuesta al tratamiento) como para el propio desarrollo de programas terap\u00e9uticos.<\/p>\n<p>La innovaci\u00f3n tecnol\u00f3gica se hace patente tambi\u00e9n en la rehabilitaci\u00f3n neuropsicol\u00f3gica, con la utilizaci\u00f3n de sistemas como <strong><a title=\"NeuronUp\" href=\"https:\/\/www.neuronup.com\/\" target=\"_blank\" rel=\"noopener\">NeuronUp<\/a><\/strong>, una plataforma web que integra m\u00e1s de 6.000 ejercicios de rehabilitaci\u00f3n y estimulaci\u00f3n cognitiva, decenas de juegos de ordenador y simuladores de entornos reales que sirven de apoyo a los terapeutas en la rehabilitaci\u00f3n del da\u00f1o cerebral.<\/p>\n<p>Por otro lado, sistemas alternativos de comunicaci\u00f3n (SAC) y programas inform\u00e1ticos espcializados, como &#8220;The Grid&#8221;, que permiten personalizar las plantillas de los SAC y adapatarlos a diferentes plataformas como ordenadores\u00a0port\u00e1tiles\u00a0 tabletas, etc., ayudan a nuestros logopedas en los tratamientos de compensaci\u00f3n, siempre personalizados, de algunos problemas del habla, el lenguaje y la voz.<\/p>\n<p><strong><a title=\"Vivienda adaptada Hospital Aita Menni\" href=\"http:\/\/xn--daocerebral-2db.es\/todo-sobre-nuestra-vivienda-adaptada-para-personas-con-discapacidad\/\" target=\"_blank\" rel=\"noopener\">Vivienda adaptada con tecnolog\u00eda dom\u00f3tica<\/a><\/strong>. Hemos construido dentro de la Unidad de Da\u00f1o Cerebral de Ospitalarioak Fundazioa Euskadi en Arrasate-Mondrag\u00f3n un apartamento totalmente adaptado donde nuestros terapeutas preparan a los pacientes para su <strong>regreso a casa<\/strong>. Aqu\u00ed vuelven a aprender a utilizar los elementos del <strong>ba\u00f1o, los electrodom\u00e9sticos, el menaje de cocina, el tel\u00e9fono<\/strong>\u2026 Este entrenamiento les permite reemprender actividades de la vida diaria como ducharse, vestirse o cocinar.<\/p>\n<p>La vivienda es una muestra de la <strong>tecnolog\u00eda dom\u00f3tica m\u00e1s moderna<\/strong>, de soluciones simples y productos de apoyo existentes. Todo est\u00e1 al servicio de la calidad de vida de las personas con discapacidad cognitiva, motora o ambas. Se trata de que puedan emprender con <strong>autonom\u00eda<\/strong> cuantas m\u00e1s actividades, mejor.[\/vc_column_text][\/vc_column][\/vc_row]<\/p>\n<\/div>","protected":false},"excerpt":{"rendered":"<p>[vc_row][vc_column width=&#8221;1\/2&#8243;][vc_column_text] Decir Fundaci\u00f3n Hospitalarias: Red de Da\u00f1o Cerebral y Neurorrehabilitaci\u00f3n en el Pa\u00eds Vasco es decir Ospitalarioak Fundazioa Euskadi (antes, Hermanas Hospitalarias Aita Menni) [\/vc_column_text][\/vc_column][vc_column width=&#8221;1\/2&#8243;][vc_column_text]En Euskadi contamos con un extenso Servicio de Neurorrehabilitaci\u00f3n y Da\u00f1o Cerebral, y diversos dispositivos dedicados a la rehabilitaci\u00f3n, gestionados por Ospitalarioak Fundazioa Euskadi El hospital dispone de: Unidad&hellip;<\/p>\n","protected":false},"author":3,"featured_media":58294,"parent":15107,"menu_order":5,"comment_status":"closed","ping_status":"open","template":"","meta":{"footnotes":""},"_links":{"self":[{"href":"https:\/\/xn--daocerebral-2db.es\/en\/wp-json\/wp\/v2\/pages\/15111"}],"collection":[{"href":"https:\/\/xn--daocerebral-2db.es\/en\/wp-json\/wp\/v2\/pages"}],"about":[{"href":"https:\/\/xn--daocerebral-2db.es\/en\/wp-json\/wp\/v2\/types\/page"}],"author":[{"embeddable":true,"href":"https:\/\/xn--daocerebral-2db.es\/en\/wp-json\/wp\/v2\/users\/3"}],"replies":[{"embeddable":true,"href":"https:\/\/xn--daocerebral-2db.es\/en\/wp-json\/wp\/v2\/comments?post=15111"}],"version-history":[{"count":43,"href":"https:\/\/xn--daocerebral-2db.es\/en\/wp-json\/wp\/v2\/pages\/15111\/revisions"}],"predecessor-version":[{"id":94993,"href":"https:\/\/xn--daocerebral-2db.es\/en\/wp-json\/wp\/v2\/pages\/15111\/revisions\/94993"}],"up":[{"embeddable":true,"href":"https:\/\/xn--daocerebral-2db.es\/en\/wp-json\/wp\/v2\/pages\/15107"}],"wp:featuredmedia":[{"embeddable":true,"href":"https:\/\/xn--daocerebral-2db.es\/en\/wp-json\/wp\/v2\/media\/58294"}],"wp:attachment":[{"href":"https:\/\/xn--daocerebral-2db.es\/en\/wp-json\/wp\/v2\/media?parent=15111"}],"curies":[{"name":"wp","href":"https:\/\/api.w.org\/{rel}","templated":true}]}}