{"id":15107,"date":"2012-04-22T20:05:51","date_gmt":"2012-04-22T20:05:51","guid":{"rendered":"http:\/\/da\u00f1ocerebral.es\/danio\/\/menni-network\/"},"modified":"2025-01-09T12:39:36","modified_gmt":"2025-01-09T12:39:36","slug":"fh-red-de-dca-y-neurorrehabilitacion","status":"publish","type":"page","link":"https:\/\/xn--daocerebral-2db.es\/en\/fh-red-de-dca-y-neurorrehabilitacion\/","title":{"rendered":"FH: Red de DCA y Neurorrehabilitaci\u00f3n"},"content":{"rendered":"<p>&nbsp;<\/p>\n<h3><\/h3>\n<p><img loading=\"lazy\" decoding=\"async\" class=\"alignnone\" src=\"http:\/\/da\u00f1ocerebral.es\/wp-content\/uploads\/2011\/12\/compromiso1.jpg\" alt=\"\" width=\"956\" height=\"339\" \/><\/p>\n<h3>In the Menni Brain Damage Network, we bring together technical competences and human values to rehabilitate, accompany, and deliver care to brain injury patients.<\/h3>\n<p style=\"text-align: left;\">Our nuns&#8217; long-standing values -compassion, friendliness, commitment, and dedication- are brought to this service network catering for both patients and their families, combining the tradition of patient care with innovative service.<\/p>\n<h3 style=\"text-align: left;\">\u00a0<a title=\"Our centres\" href=\"http:\/\/xn--daocerebral-2db.es\/en\/location\/\" target=\"_blank\" rel=\"noopener\">Our centres<\/a> result from the combination of our tradition in patient service and a drive for innovative care.<\/h3>\n<p style=\"text-align: left;\">Based on individual evaluations of patients, our multidisciplinary team designs therapy plans\u00a0<strong>involving such aspects as mobility, independence in activities of daily living, communication, emotional and cognitive functions<\/strong>. The main goal is that patients recover as much independence as possible, and\u00a0<strong>we are committed to promoting the highest level of human dignity<\/strong>.<\/p>\n<h3>The Menni Brain Damage Network focuses mainly on rehabilitation<\/h3>\n<p><strong><a href=\"http:\/\/www.aita-menni.org\/AM\/portadai.htm\" target=\"_blank\" rel=\"noopener\">Aita Menni Hospital<\/a><\/strong> is a non-profit organisation specialised in the treatment and care of people with mental health problems, dementia, or brain damage. Established in 1898, today Aita Menni Hospital has hospitals, day centres, rehabilitation and day care centres throughout the Basque Country. <strong>The Brain Damage Service at the Aita Menni Hospital, established in 1992, was the first of its kind in Spain.<\/strong> It has an Inpatient Care Unit with 20 beds in Mondrag\u00f3n, and outpatient rehabilitation units in Bilbao, San Sebasti\u00e1n and Mondrag\u00f3n. Also, it has a Children\u2019s Rehabilitation Unit in Bilbao and two Day Care Centres in Donostia-San Sebasti\u00e1n and Mondrag\u00f3n.<\/p>\n<p><a href=\"http:\/\/xn--daocerebral-2db.es\/wp-content\/uploads\/2012\/04\/centros.jpg\"><img loading=\"lazy\" decoding=\"async\" class=\"alignright size-full wp-image-13512\" src=\"http:\/\/xn--daocerebral-2db.es\/wp-content\/uploads\/2012\/04\/centros.jpg\" alt=\"La Red Menni\" width=\"600\" height=\"600\" srcset=\"https:\/\/xn--daocerebral-2db.es\/wp-content\/uploads\/2012\/04\/centros.jpg 600w, https:\/\/xn--daocerebral-2db.es\/wp-content\/uploads\/2012\/04\/centros-150x150.jpg 150w, https:\/\/xn--daocerebral-2db.es\/wp-content\/uploads\/2012\/04\/centros-300x300.jpg 300w, https:\/\/xn--daocerebral-2db.es\/wp-content\/uploads\/2012\/04\/centros-420x419.jpg 420w\" sizes=\"(max-width: 600px) 100vw, 600px\" \/><\/a>The <strong><a href=\"http:\/\/xn--daocerebral-2db.es\/la-red-menni\/la-red-menni-en-madrid\/\" target=\"_blank\" rel=\"noopener\">Beata Mar\u00eda Ana Hospital in Madrid<\/a><\/strong> was founded in 1888 with the aim of providing a home and education to orphan girls. Nowadays, it is a medical and surgical centre that offers a wide array of medical specialties and modern central services such as inpatient care unit, emergency service, surgical unit, ICU, image diagnostic service (CAT and MR), and a full range of physical and neurological rehabilitation services; in particular, the Brain Damage Service, featuring an inpatient care centre with 19 beds, an outpatient rehabilitation unit and a children\u2019s rehabilitation service.<\/p>\n<p>The <strong><a href=\"http:\/\/xn--daocerebral-2db.es\/la-red-menni\/la-red-menni-en-valladolid\/\" target=\"_blank\" rel=\"noopener\">Benito Menni Hospital Centre in Valladolid<\/a><\/strong> has been operating since 1972. Its Integrated Care Model has received several awards, such as the IMSERSO awards in 1999 and 2000, on the hospital\u2019s 25th anniversary, and the San Francisco Clinic Award 2003 to the Best Social and Healthcare Centre in Castile-Le\u00f3n. It was also the recipient of the Sanitaria-2000 Award for Best Healthcare Centre in Castile-Le\u00f3n in 2009, among other prizes. These recognitions have encouraged the Centre to keep working towards quality healthcare. The Brain Injury Unit at the Benito Menni Hospital in Valladolid has an outpatient rehabilitation unit and a children\u2019s rehabilitation unit as well. It provides medical and nursing inpatient care to patients undergoing rehabilitation.<\/p>\n<p>The <strong><a href=\"http:\/\/xn--daocerebral-2db.es\/la-red-menni\/la-red-menni-en-valencia\/\" target=\"_blank\" rel=\"noopener\">Nuestra Se\u00f1ora del Carmen Home and Hospital<\/a> was established in Valencia<\/strong> in 1919 with the aim to host and provide medical assistance to ill girls. With time, the surgical hospital turned into a home and day care centre for the elderly, while keeping its outpatient rehabilitation service. To meet the most urgent needs, a Brain Injury Unit was set up in 2002. Today, the Brain Injury Service at the Nuestra Se\u00f1ora del Carmen Healthcare Centre features an outpatient rehabilitation unit and a children\u2019s rehabilitation unit too.<\/p>\n","protected":false},"excerpt":{"rendered":"<p>&nbsp; In the Menni Brain Damage Network, we bring together technical competences and human values to rehabilitate, accompany, and deliver care to brain injury patients. Our nuns&#8217; long-standing values -compassion, friendliness, commitment, and dedication- are brought to this service network catering for both patients and their families, combining the tradition of patient care with innovative&hellip;<\/p>\n","protected":false},"author":2,"featured_media":10425,"parent":0,"menu_order":2,"comment_status":"closed","ping_status":"closed","template":"","meta":{"footnotes":""},"_links":{"self":[{"href":"https:\/\/xn--daocerebral-2db.es\/en\/wp-json\/wp\/v2\/pages\/15107"}],"collection":[{"href":"https:\/\/xn--daocerebral-2db.es\/en\/wp-json\/wp\/v2\/pages"}],"about":[{"href":"https:\/\/xn--daocerebral-2db.es\/en\/wp-json\/wp\/v2\/types\/page"}],"author":[{"embeddable":true,"href":"https:\/\/xn--daocerebral-2db.es\/en\/wp-json\/wp\/v2\/users\/2"}],"replies":[{"embeddable":true,"href":"https:\/\/xn--daocerebral-2db.es\/en\/wp-json\/wp\/v2\/comments?post=15107"}],"version-history":[{"count":3,"href":"https:\/\/xn--daocerebral-2db.es\/en\/wp-json\/wp\/v2\/pages\/15107\/revisions"}],"predecessor-version":[{"id":91211,"href":"https:\/\/xn--daocerebral-2db.es\/en\/wp-json\/wp\/v2\/pages\/15107\/revisions\/91211"}],"wp:featuredmedia":[{"embeddable":true,"href":"https:\/\/xn--daocerebral-2db.es\/en\/wp-json\/wp\/v2\/media\/10425"}],"wp:attachment":[{"href":"https:\/\/xn--daocerebral-2db.es\/en\/wp-json\/wp\/v2\/media?parent=15107"}],"curies":[{"name":"wp","href":"https:\/\/api.w.org\/{rel}","templated":true}]}}