{"id":15079,"date":"2011-12-26T17:31:31","date_gmt":"2011-12-26T17:31:31","guid":{"rendered":"http:\/\/da\u00f1ocerebral.es\/danio\/\/inigo-urrutikoetxea\/"},"modified":"2024-04-15T11:36:33","modified_gmt":"2024-04-15T11:36:33","slug":"inigo-urrutikoetxea","status":"publish","type":"page","link":"https:\/\/xn--daocerebral-2db.es\/en\/a-great-human-team\/inigo-urrutikoetxea\/","title":{"rendered":"I\u00f1igo Urrutikoetxea"},"content":{"rendered":"<p><img decoding=\"async\" class=\"alignleft\" src=\"http:\/\/xn--daocerebral-2db.es\/wp-content\/uploads\/2011\/12\/0406421820.jpg\" alt=\"I\u00f1igo Urritikoetxea\" \/><\/p>\n<h3>Neuropsychologist at the Aita Menni Day Care Centres for people with neurological disorders in San Sebasti\u00e1n, Mondrag\u00f3n and the Outpatient Facility of the Brain Injury Service in San Sebasti\u00e1n<\/h3>\n<p>I have always been interested in the neuropsychiatric and neuropsychological aspects of acquired brain injury (ABI) and have been treating ABI sufferers since 1992. Soon after our Service was established, we organised two training groups together with doctor Peter Eames and doctor Juan Manuel Mu\u00f1oz-C\u00e9spedes, which led to a deeper knowledge of the fundamental aspects in the assessment and rehabilitation of ABI patients.<\/p>\n<p>I believe we, along with other teams, family associations, and universities, are trying to improve rehabilitation services and create new healthcare options for patients and their families. Our project is being developed in a non-profit organisation by a most committed team and according to honest work models, which makes my job even more rewarding.<\/p>\n<h4><strong>Academic background<\/strong><\/h4>\n<p>&#8211; Psychologist. Pontifical University of Salamanca. 1980-1985.<\/p>\n<p>&#8211; Clinical Psychology Specialist, under Royal Decree 2490\/98. General University Department. 2004.<\/p>\n<p>&#8211; Speech and Language Psychology Specialist. Pontifical University of Salamanca. 1987-1989.<\/p>\n<p>&#8211; Couple and Family Counselling Therapist. College of Psychologists of Castile-Le\u00f3n. 1983-1985.<\/p>\n<h4><strong>Publications<\/strong><\/h4>\n<p>&#8211; I. Urrutikoetxea. \u201cAlteraciones de la comunicaci\u00f3n e intervenci\u00f3n logop\u00e9dica tras un traumatismo craneoencef\u00e1lico,\u201d in C. Pelegr\u00edn. et al., Neuropsiquiatr\u00eda del da\u00f1o cerebral traum\u00e1tico. Aspectos cl\u00ednicos y terap\u00e9uticos, Barcelona, J.R. Prous, 1997, 319-330.<\/p>\n<p>&#8211; J.M. Mu\u00f1oz-C\u00e9spedes, I. Ugarteburu, and I. Urrutikoetxea. \u201cEvaluaci\u00f3n neuropsicol\u00f3gica de las lesiones cerebrales postraum\u00e1ticas,\u201d in A. Bulbena Vilarrasa et al., Medici\u00f3n cl\u00ednica en Psiquiatr\u00eda y Psicolog\u00eda, Barcelona, Masson, 2000, 323-334.<\/p>\n<p>&#8211; M.J. Ruiz, C. Medina, I. Urrutikoetxea, O. Garc\u00eda, T. Muela, and V. S\u00e1nchez. Modelo de centro de d\u00eda para personas con da\u00f1o cerebral adquirido, Madrid, Imserso, 2007.<\/p>\n<p>&#8211; I. Urrutikoetxea, M. Berm\u00fadez and A. Fern\u00e1ndez de Corres. \u201cIntervenci\u00f3n logop\u00e9dica en las alteraciones de la comunicaci\u00f3n consecutivas a da\u00f1o cerebral adquirido,\u201d Bolet\u00edn de la Asociaci\u00f3n Espa\u00f1ola de Logopedia y Fonoaudiolog\u00eda (AELFA), 3, 1999, 5-10.<\/p>\n<p>&#8211; J.M. Mu\u00f1oz-C\u00e9spedes, M. Garc\u00eda, I. Iruarrizaga, and I. Urrutikoetxea. \u201cLa conciencia de los d\u00e9ficit en la rehabilitaci\u00f3n de las personas con un da\u00f1o cerebral,\u201d Ansiedad y Estr\u00e9s, 5, 1999, 313-325.<\/p>\n<p>&#8211; N. Ojeda del Pozo, J.I. Quemada, J.A. Ezquerra, I. Urrutikoetxea, and J.M. Mu\u00f1oz-C\u00e9spedes. \u201cEntrenamiento en habilidades sociales en pacientes con da\u00f1o cerebral adquirido,\u201d Revista de Neurolog\u00eda, 2000, 783-787.<\/p>\n<p>&#8211; I. Urrutikoetxea. \u201cAlteraciones de la articulaci\u00f3n en personas con da\u00f1o cerebral,\u201d MAPFRE MEDICINA, 12(1), 2001, 71-76.<\/p>\n<p>&#8211; J.I. Quemada, J.M. Mu\u00f1oz-C\u00e9spedes, J.M. Ezkerra, J. Ballesteros, N. Ibarra, and I. Urrutikoetxea. \u201cOutcome of Memory Rehabilitation in Traumatic Brain Injury Assessed by Neuropsychological Tests and Questionnaires,\u201d Journal of Head Trauma Rehabilitation. Focus on Clinical Research and Practice, Part 3, 18(6), November\/December 2003, 532-540.<\/p>\n<p>&#8211; E. Martos Garc\u00eda and I. Urrutikoetxea Sarriegi. \u201cDisfunciones sexuales en personas con da\u00f1o cerebral adquirido,\u201d FEATECE, 14, 2004, 8-9.<\/p>\n<p>&#8211; I. Urrutikoetxea and N. Lertxundi. \u201cLa problem\u00e1tica del da\u00f1o cerebral adquirido: respuestas asistenciales en la C.A.V. ofrecidas desde el Hospital Aita Menni,\u201d Euskonews &amp; Media, 257, 2004. Euskonews &amp; Media is a weekly updated online publication on Basque science and culture developed by Eusko Ikaskuntza, Society of Basque Studies.<\/p>\n<h4><strong>Teaching activities<\/strong><\/h4>\n<p>University of Deusto (UD)<br \/>\n&#8211;\u00a0\u00a0 \u00a0Neuropsychological Assessment. Professor. 2003-2004, 2006-2007.<br \/>\n&#8211;\u00a0\u00a0 \u00a0Clinical Psychology. Professor at the Master\u2019s Programme. 1992-present.<\/p>\n<p>University of Mondrag\u00f3n (UM)<br \/>\n&#8211;\u00a0\u00a0 \u00a0Language Pathology. Professor. 2003-2010.<\/p>\n<p>Pontifical University of Salamanca (UPS)<br \/>\n&#8211;\u00a0\u00a0 \u00a0Psychology and Speech-Language Therapy. Professional practice tutor.<\/p>\n<p>University of the Basque Country (UPV)<br \/>\n&#8211;\u00a0\u00a0 \u00a0Psychology. Professional practice tutor.<\/p>\n<p>Complutense University of Madrid (UCM)<br \/>\n&#8211;\u00a0\u00a0 \u00a0Psychology. Professional practice tutor.<\/p>\n<p>National University of Distance Education (UNED)<br \/>\n&#8211;\u00a0\u00a0 \u00a0Psychology. Professional practice tutor.<\/p>\n<p>Ministry of Education and Science (MEC)<br \/>\n&#8211;\u00a0\u00a0 \u00a0Tutor in the psychology residency programme.<\/p>\n<h4><strong>Courses, conferences, seminars<\/strong><\/h4>\n<p>&#8211; \u201cAcquired brain damage rehabilitation: a multidisciplinary approach.\u201d Speaker. 3rd Scientific Meeting on Disabled People. Symposium on People with Severe Deficits. Institute of Migration and Social Services, Salamanca. 2000.<\/p>\n<p>&#8211; \u201cNew tools to assess the independence level of outpatients in activities of daily living.\u201d Clinical session. Aita Menni Hospital, Mondrag\u00f3n. 2000.<\/p>\n<p>&#8211; \u201cNeuropsychological assessment.\u201d Clinical session. Aita Menni Hospital, Mondrag\u00f3n. 2001.<\/p>\n<p>&#8211; \u201cBrain injury rehabilitation services.\u201d Lecture. School of Psychology, Speech and Language Therapy Programme, University of M\u00e1laga, M\u00e1laga. 2002.<\/p>\n<p>&#8211; \u201cThe rehabilitation team\u2019s responsibility in treating patients with behaviour problems.\u201d Clinical session. Aita Menni Hospital, Mondrag\u00f3n. 2002.<\/p>\n<p>&#8211; \u201c2+2=8.\u201d Clinical session. Aita Menni Hospital, Mondrag\u00f3n. 2002.<\/p>\n<p>&#8211; \u201cNeuropsychological assessment and rehabilitation of children with acquired brain injury.\u201d Seminar for the \u00c1lava Berritzegune. Aita Menni Hospital, Mondrag\u00f3n. 2003.<\/p>\n<p>&#8211; \u201cMemory and alcohol: Neuropsychological assessment and rehabilitation.\u201d Seminar for the Mental Health Centre of Vitoria-Gasteiz. Vitoria-Gasteiz, 2004.<\/p>\n<p>&#8211; I. Urrutikoetxea, V. Hueso, et al. \u201cForensic neuropsychology in acquired brain injury.\u201d Seminar. College of Psychologists of Bilbao. 2006.<\/p>\n<p>&#8211; \u201cBehaviour problems in patients suffering from acquired brain injury.\u201d IZA Residence. Donostia-San Sebasti\u00e1n. 2007.<\/p>\n<p>&#8211; I. Urrutikoetxea and I. S\u00e1nchez Cubillo. \u201cTraining in Neuropsychology: Acquired brain injury.\u201d 12-hour seminar. College of Psychologists of Galicia. Ourense. 2010.<\/p>\n<h4><strong>Hobbies and interests<\/strong><\/h4>\n<p>I spend most of my leisure time with my family and friends.<\/p>\n<p>Additional information<\/p>\n<p>&#8211; Member of the College of Psychologists of \u00c1lava.<\/p>\n<p>&#8211; Founding member of the Basque-Navarre Society of Neuropsychology (SVNPS).<\/p>\n<p>&#8211; Member of the Spanish Neurorehabilitation Society (SENR).<\/p>\n<p>&#8211; Member of the Spanish Society of Speech and Language Therapy, Phoniatrics, and Audiology.<\/p>\n","protected":false},"excerpt":{"rendered":"<p>Neuropsychologist at the Aita Menni Day Care Centres for people with neurological disorders in San Sebasti\u00e1n, Mondrag\u00f3n and the Outpatient Facility of the Brain Injury Service in San Sebasti\u00e1n I have always been interested in the neuropsychiatric and neuropsychological aspects of acquired brain injury (ABI) and have been treating ABI sufferers since 1992. Soon after&hellip;<\/p>\n","protected":false},"author":3,"featured_media":362,"parent":15075,"menu_order":0,"comment_status":"closed","ping_status":"closed","template":"","meta":{"footnotes":""},"_links":{"self":[{"href":"https:\/\/xn--daocerebral-2db.es\/en\/wp-json\/wp\/v2\/pages\/15079"}],"collection":[{"href":"https:\/\/xn--daocerebral-2db.es\/en\/wp-json\/wp\/v2\/pages"}],"about":[{"href":"https:\/\/xn--daocerebral-2db.es\/en\/wp-json\/wp\/v2\/types\/page"}],"author":[{"embeddable":true,"href":"https:\/\/xn--daocerebral-2db.es\/en\/wp-json\/wp\/v2\/users\/3"}],"replies":[{"embeddable":true,"href":"https:\/\/xn--daocerebral-2db.es\/en\/wp-json\/wp\/v2\/comments?post=15079"}],"version-history":[{"count":2,"href":"https:\/\/xn--daocerebral-2db.es\/en\/wp-json\/wp\/v2\/pages\/15079\/revisions"}],"predecessor-version":[{"id":86803,"href":"https:\/\/xn--daocerebral-2db.es\/en\/wp-json\/wp\/v2\/pages\/15079\/revisions\/86803"}],"up":[{"embeddable":true,"href":"https:\/\/xn--daocerebral-2db.es\/en\/wp-json\/wp\/v2\/pages\/15075"}],"wp:featuredmedia":[{"embeddable":true,"href":"https:\/\/xn--daocerebral-2db.es\/en\/wp-json\/wp\/v2\/media\/362"}],"wp:attachment":[{"href":"https:\/\/xn--daocerebral-2db.es\/en\/wp-json\/wp\/v2\/media?parent=15079"}],"curies":[{"name":"wp","href":"https:\/\/api.w.org\/{rel}","templated":true}]}}