{"id":15071,"date":"2011-12-25T17:31:16","date_gmt":"2011-12-25T17:31:16","guid":{"rendered":"http:\/\/da\u00f1ocerebral.es\/danio\/\/olatz-uriarte\/"},"modified":"2025-01-23T12:11:29","modified_gmt":"2025-01-23T12:11:29","slug":"olatz-uriarte","status":"publish","type":"page","link":"https:\/\/xn--daocerebral-2db.es\/en\/a-great-human-team\/olatz-uriarte\/","title":{"rendered":"Olatz Uriarte"},"content":{"rendered":"<p><img loading=\"lazy\" decoding=\"async\" class=\"alignleft size-full wp-image-18096\" src=\"https:\/\/xn--daocerebral-2db.es\/wp-content\/uploads\/2011\/12\/olatz-uriarte.jpg\" alt=\"olatz-uriarte\" width=\"450\" height=\"676\" srcset=\"https:\/\/xn--daocerebral-2db.es\/wp-content\/uploads\/2011\/12\/olatz-uriarte.jpg 450w, https:\/\/xn--daocerebral-2db.es\/wp-content\/uploads\/2011\/12\/olatz-uriarte-199x300.jpg 199w\" sizes=\"(max-width: 450px) 100vw, 450px\" \/><\/p>\n<h3>Coordinator at the Ospitalarioak Fundazioa Euskadi Day Care Centres for people with neurological disorders in San Sebasti\u00e1n and Mondrag\u00f3n, and the Outpatient Facility of the Brain Injury Service in San Sebasti\u00e1n.<\/h3>\n<p>I am a member of the multidisciplinary team at the Brain Injury Service of the Aita Menni Hospital. I like being a catalyzing and activating element, a driving force within my team. Being in contact with the patients and their families is what I like best. I always try to empathise with the patients and beyond, that is, their family and environment. I find the problems and difficulties at work to be really challenging. At the end of the day, the patients\u2019 outcomes following rehabilitation are very rewarding.<\/p>\n<h4><strong>Academic background<\/strong><\/h4>\n<p>&#8211; Social Worker. University of the Basque Country. Donostia-San Sebastian. 1994.<\/p>\n<p>&#8211; Master\u2019s Degree in Psychosocial Gerontology. University of the Basque Country. Donostia-San Sebastian. 1996-1998.<\/p>\n<h4><strong>Courses, conferences, seminars<\/strong><\/h4>\n<p>I have attended ongoing training courses in the fields of Social Work and Brain Injury, as well as workshops conducted at the various multidisciplinary services and departments in the Hospital.<\/p>\n<p>&#8211; Institutional protection of the disabled. Hurkoa Foundation. Donostia-San Sebasti\u00e1n. October 2002.<\/p>\n<p>&#8211; Care for the elderly from a professional perspective. Government of Guip\u00fazcoa. Donostia-San Sebasti\u00e1n. October 2003.<\/p>\n<p>&#8211; Introduction to total quality and the EFQM model. Aita Menni Hospital. May 2004.<\/p>\n<p>&#8211; 2nd Workshop on Independent Living. Government of Guip\u00fazcoa. Donostia-San Sebasti\u00e1n. June 2006.<\/p>\n<p>&#8211; Care for disabled adults with social needs. Hurkoa Foundation. Donostia-San Sebasti\u00e1n. March 2006.<\/p>\n<p>&#8211; Workshop on Social Work and Health in the Basque Country. Donostia-San Sebasti\u00e1n. October 2007.<\/p>\n<p>&#8211; 2nd Vizcaya Workshop on Drug Abuse. October 2007.<\/p>\n<p>&#8211; 10th Workshop on Psychosocial Rehabilitation and Assistance to Severe Chronic Mental Illnesses. Bilbao. November 2007.<\/p>\n<p>&#8211; 3rd Vizcaya Workshop on Drug Abuse. Bilbao. October 2008.<\/p>\n<p>&#8211; 7th Guip\u00fazcoa Meeting of Mental Health Professionals, \u201cApproaches to chronic mental illnesses.\u201d Donostia-San Sebasti\u00e1n, June 2008.<\/p>\n<p>&#8211; Family and brain damage. Beata Mar\u00eda Ana Hospital, Madrid. March 2010.<\/p>\n<h4><strong>Work experience<\/strong><\/h4>\n<p>I have worked as a social worker at the Aita Menni Hospital since 1995. I provide social services at the Convalescent Care Unit, the area of Geriatric Psychology, and the Day Care Centres for dependent elderly people.<\/p>\n<p>I joined the Brain Damage Service in 2009.<\/p>\n<p>Over the past years, I have been a tutor of students in the Social Work Programme at the University of Deusto and the University of the Basque Country.<\/p>\n<h4><strong>Languages<\/strong><\/h4>\n<p>Basque<\/p>\n<h4><strong>Hobbies and interests<\/strong><\/h4>\n<p>I enjoy spending my leisure time with my family, travelling, going to concerts, and skiing. I am a foodie, too.<\/p>\n","protected":false},"excerpt":{"rendered":"<p>Coordinator at the Ospitalarioak Fundazioa Euskadi Day Care Centres for people with neurological disorders in San Sebasti\u00e1n and Mondrag\u00f3n, and the Outpatient Facility of the Brain Injury Service in San Sebasti\u00e1n. I am a member of the multidisciplinary team at the Brain Injury Service of the Aita Menni Hospital. I like being a catalyzing and&hellip;<\/p>\n","protected":false},"author":2,"featured_media":307,"parent":15075,"menu_order":0,"comment_status":"closed","ping_status":"closed","template":"","meta":{"footnotes":""},"_links":{"self":[{"href":"https:\/\/xn--daocerebral-2db.es\/en\/wp-json\/wp\/v2\/pages\/15071"}],"collection":[{"href":"https:\/\/xn--daocerebral-2db.es\/en\/wp-json\/wp\/v2\/pages"}],"about":[{"href":"https:\/\/xn--daocerebral-2db.es\/en\/wp-json\/wp\/v2\/types\/page"}],"author":[{"embeddable":true,"href":"https:\/\/xn--daocerebral-2db.es\/en\/wp-json\/wp\/v2\/users\/2"}],"replies":[{"embeddable":true,"href":"https:\/\/xn--daocerebral-2db.es\/en\/wp-json\/wp\/v2\/comments?post=15071"}],"version-history":[{"count":1,"href":"https:\/\/xn--daocerebral-2db.es\/en\/wp-json\/wp\/v2\/pages\/15071\/revisions"}],"predecessor-version":[{"id":91477,"href":"https:\/\/xn--daocerebral-2db.es\/en\/wp-json\/wp\/v2\/pages\/15071\/revisions\/91477"}],"up":[{"embeddable":true,"href":"https:\/\/xn--daocerebral-2db.es\/en\/wp-json\/wp\/v2\/pages\/15075"}],"wp:featuredmedia":[{"embeddable":true,"href":"https:\/\/xn--daocerebral-2db.es\/en\/wp-json\/wp\/v2\/media\/307"}],"wp:attachment":[{"href":"https:\/\/xn--daocerebral-2db.es\/en\/wp-json\/wp\/v2\/media?parent=15071"}],"curies":[{"name":"wp","href":"https:\/\/api.w.org\/{rel}","templated":true}]}}