{"id":15063,"date":"2011-12-24T13:19:31","date_gmt":"2011-12-24T13:19:31","guid":{"rendered":"http:\/\/da\u00f1ocerebral.es\/danio\/\/marcos-rios\/"},"modified":"2024-04-15T11:33:46","modified_gmt":"2024-04-15T11:33:46","slug":"marcos-rios","status":"publish","type":"page","link":"https:\/\/xn--daocerebral-2db.es\/en\/a-great-human-team\/marcos-rios\/","title":{"rendered":"Marcos R\u00edos"},"content":{"rendered":"<p><img decoding=\"async\" class=\"alignleft\" src=\"http:\/\/xn--daocerebral-2db.es\/wp-content\/uploads\/2011\/12\/marcos-rios-682x1024.jpg\" alt=\"Marcos R\u00edos\" \/><\/p>\n<h3>Neuropsychologist at the Brain Injury Unit at the Beata Mar\u00eda Ana Hospital<\/h3>\n<p>Working with patients who have suffered brain damage is enriching for different reasons. On the one hand, it enables me to put into practice those things that I have studied and for which I have prepared myself. Every patient becomes a small piece of research to find out what is failing, which strong points they maintain and how to organise a rehabilitation programme that enables the patient and their family to handle the new situation in which they find themselves.<\/p>\n<p>Furthermore, it is important to continually learn about brain damage, and at the Brain Injury Unit it is possible to put different hypotheses to the test and progress different research projects. Both the contact with patients and their families, and the opportunities to carry out research make my work highly gratifying.<\/p>\n<h4><strong>University education<\/strong><\/h4>\n<p>\u2022\u00a0\u00a0 \u00a0Graduated in Psychology (Faculty of Psychology. Complutense University of Madrid), 1993-1998<br \/>\n\u2022\u00a0\u00a0 \u00a0Masters in Cognitive Neuropsychology (Complutense University of Madrid), 1999-2000<br \/>\n\u2022\u00a0\u00a0 \u00a0Awarded PhD in Psychology by the Complutense University of Madrid, 2003. Doctoral thesis supervised by Juan Manuel Mu\u00f1oz C\u00e9spedes, with the title: Immediate Care and Control following a Traumatic Brain Injury.<\/p>\n<h4><strong>Research activity<\/strong><\/h4>\n<p>Anatomical, functional and effective connectivity for the early diagnosis of Alzheimer\u2019s disease: Contribution of the diffusion tensor in a multidisciplinary approach. Department of Science and Innovation, 2009-2012.<\/p>\n<p>Speed and phases of processing information in traumatic brain injuries: study using diffusion tensor imaging. Mapfre Foundation, 2009-2010.<\/p>\n<p>Repercussions of cognitive rehabilitation in a case of acquired brain injury in neuro-imaging testing. La Caixa Foundation, 2008-2009.<\/p>\n<p>Supervision plan for relatives of those suffering acquired brain injury: assessment of the impact on the level of the relative\u2019s burden and on emotional\/behavioural disorders of patients and their relatives. Mutua Madrile\u00f1a Foundation, 2005-2008.<\/p>\n<p>Diffusion tensor imaging and speed of processing: Study of white-matter in patients with traumatic brain injuries. Mapfre Medicine Foundation, 2006-2007.<\/p>\n<p>Functional neuroimaging, cognitive processes and cerebral palsy. Inocente Foundation. 2005-2006.<\/p>\n<h4><strong>Professional activity<\/strong><\/h4>\n<p>\u2022\u00a0\u00a0 \u00a0Lecturer in the Department of Basic Psychology II at the Spanish Distance Learning University (UNED)<br \/>\n\u2022\u00a0\u00a0 \u00a0Researcher in the Neuroimaging group of the Alzheimer\u2019s Centre at the CIEN Foundation &#8211; Reina Sof\u00eda Foundation (Madrid)<\/p>\n<h4><strong>Published books and chapters<\/strong><\/h4>\n<p>Peria\u00f1ez, J.A., Miranda Garc\u00eda, R., and R\u00edos-Lago, M. (forthcoming title). The exploration of cognitive processes: methodology and techniques. Redolar Ripoll D. and Valero Cabr\u00e9 A. Cognitive Neuroscience. Ed. Panamericana. Madrid.<\/p>\n<p>Tirapu J., Garc\u00eda Molina A., R\u00edos Lago M. and Ardila A. (2011). Neuropsychology of the prefrontal cortex and executive functions. Editorial Viguera. Barcelona.<\/p>\n<p>Roig T., R\u00edos-Lago M. and Paul N. (2011). Attention and concentration. O. Bruna, T. Roig, M. Puyuelo, C. Junqu\u00e9, and A. Ruano. Neuropsychological Rehabilitation. Elsevier. Barcelona.<\/p>\n<p>Tirapu J., Garc\u00eda A., R\u00edos-Lago M. and Pelegrin Valero C. (2011) Executive Functions. O. Bruna, T. Roig, M. Puyuelo, C. Junqu\u00e9, and A. Ruano. Neuropsychological Rehabilitation. Elsevier. Barcelona.<\/p>\n<p>Gonz\u00e1lez B., Huidobro A., Pascual M. and R\u00edos-Lago M. (2010). Labour integration of people with acquired brain injury. B. Polonio and D. Romero: Occupational Therapy applied to ABI. Panamericana. Madrid.<\/p>\n<p>R\u00edos Lago M. and Peria\u00f1ez Morales J.A. (2010). Attention and Speed of Information Processing. G. Koob, R. F. Thompson &amp; M. Le Moal (Eds.), Encyclopaedia of Behavioural Neuroscience. Elsevier. Boston.<\/p>\n<p>R\u00edos-Lago M., Lubrini G. and Peria\u00f1ez J.A. (2009). Neuropsychological Rehabilitation. E. Mu\u00f1oz Marr\u00f3n (Ed). Cognitive stimulation and neuropsychological rehabilitation. Open University of Catalonia (UOC). Barcelona.<\/p>\n<p>Lubrini G., Peria\u00f1ez J.A. and R\u00edos-Lago M. (2009). Stimulation of Attention. E. Mu\u00f1oz Marr\u00f3n (Ed). Cognitive stimulation and neuropsychological rehabilitation. Open University of Catalonia (UOC). Barcelona.<\/p>\n<p>R\u00edos-Lago M., Pascual M. and De Nore\u00f1a D. (2009). Family and Brain Injury. In R\u00edos-Gonz\u00e1lez J.A (coord.). Personality, human maturity and family context. CCS. Madrid.<\/p>\n<p>R\u00edos M. and S\u00e1nchez Cubillo I. (2009). Neuro-anatomy of positive emotions. In G.Fern\u00e1ndez-Abascal (coord.). Positive emotions. Pir\u00e1mide. Madrid.<\/p>\n<p>Paul N, Bilbao A. and R\u00edos M. (2008). Neuropsychological rehabilitation. In J. Tirapu-Ust\u00e1rroz, M. R\u00edos-Lago, F. Maest\u00fa (Eds). Neuropsychology manual. Viguera Editores. Barcelona.<\/p>\n<p>R\u00edos M., Benito-Le\u00f3n J., Tirapu J. and Paul N. (2008). Neuropsychology of acquired brain injury. In J. Tirapu-Ust\u00e1rroz, M. R\u00edos-Lago, F. Maest\u00fa (Eds). Neuropsychology manual. Viguera Editores. Barcelona.<\/p>\n<p>R\u00edos M., Peria\u00f1ez J.A. and Rodriguez J.M. (2008). Neuropsychology of attention. In J. Tirapu-Ust\u00e1rroz, M. R\u00edos-Lago, F. Maest\u00fa (Eds). Neuropsychology manual. Viguera Editores. Barcelona.<\/p>\n<p>Tirapu J., R\u00edos M., Maest\u00fa F. and Gonz\u00e1lez Marqu\u00e9s J. (2008). Historical view and concept of Neuropsychology. In J. Tirapu-Ust\u00e1rroz, M. R\u00edos-Lago, F. Maest\u00fa (Eds). Neuropsychology manual. Viguera Editores. Barcelona.<\/p>\n<p>Tirapu J., R\u00edos M. and Maest\u00fa F. (2008). Neuropsychology manual. In J. Tirapu-Ust\u00e1rroz, M. R\u00edos-Lago, F. Maest\u00fa (Eds). Neuropsychology manual. Viguera Editores. Barcelona.<\/p>\n<p>Maest\u00fa, F., R\u00edos, M. and Cabestrero, R. (2007). Neuroimaging: Tecniques and Cognitive Processes. Barcelona. Elsevier-Masson.<\/p>\n<p>\u00c1lvarez-Linera, J., R\u00edos, M., Hern\u00e1ndez J.A., Bargall\u00f3, N. and Calvo Merino, B. (2007). Magnetic Resonance I: Functional MRI. In F Maest\u00fa, M. R\u00edos and R. Cabestrero. Neuroimaging: Tecniques and Cognitive Processes. Barcelona. Elsevier-Masson.<\/p>\n<p>Peria\u00f1ez J.A., R\u00edos M., Barcel\u00f3 F., Madrid E. and Ruz M. (2007). Neuroimaging and attention. In F. Maest\u00fa, M. R\u00edos and R. Cabestrero. Neuroimaging: Tecniques and Cognitive Processes. Barcelona. Elsevier-Masson.<\/p>\n<p>Mu\u00f1oz C\u00e9spedes J.M., R\u00edos M. and Paul N. (2007). Neuroimaging, plasticity and recovery of cognitive processes. In\u00a0 F. Maest\u00fa, M. R\u00edos and R. Cabestrero. Neuroimaging: Tecniques and Cognitive processes. Barcelona. Elsevier-Masson.<\/p>\n<p>R\u00edos, M. (2006). Research considerations in the clinical context: Attention and Speed of processing. In VA. Progress in Clinical Neuropsychology. Madrid. Editorial MAPFRE.<\/p>\n<p>R\u00edos, M. and Mu\u00f1oz C\u00e9spedes, J.M. (2004). Immediate attention and control following a traumatic brain injury. Madrid. Ed. Mapfre.<\/p>\n<h4><strong>Journal articles<\/strong><\/h4>\n<p>Fern\u00e1ndez A., R\u00edos-Lago M., Ab\u00e1solo D., Hornero R., Alvarez-Linera J., Paul N., Maest\u00fa F. and Ortiz T. The correlation between white-matter microstructure and the complexity of spontaneous brain activity: a diffusion tensor imaging-MEG study. Neuroimage. 57 (4): 1300 -1307, 2011.<\/p>\n<p>De Nore\u00f1a D., R\u00edos-Lago M., Bomb\u00edn I., S\u00e1nchez-Cubillo I., Garc\u00eda-Molina A. and Tirapu-Ustarroz J. Effectiveness of neuropsychological rehabilitation on acquired brain injury (I): Attention, Speed of processing, Memory and Language. Neurology Journal. 51(11): 687-698.<\/p>\n<p>De Nore\u00f1a D., S\u00e1nchez-Cubillo I., Garc\u00eda-Molina A., Tirapu-Ustarroz J., Bomb\u00edn I. and R\u00edos-Lago M. Effectiveness of neuropsychological rehabilitation on acquired brain injury (II): Executive Functions, Modification of conduct and psychotherapy, and use of new technologies. Neurology Journal. 51 (12): 733-744.<\/p>\n<p>Carreti\u00e9 L., R\u00edos-Lago M., Tapia M., de la G\u00e1ndara B., Albert J., L\u00f3pez-Mart\u00edn S. and \u00c1lvarez-Linera J. (2009). The striatum beyond reward: caudate responds intensely to unpleasant pictures. Neuroscience. 164: 1615-1622.<\/p>\n<p>S\u00e1nchez I., Peria\u00f1ez\u00a0 J.A., Adrover D., Rodr\u00edguez-S\u00e1nchez J.M., R\u00edos-Lago M., Tirapu J. and Barcel\u00f3 F. (2009). Construct validity of the Trail Making Test: role of task-switching, working memory, inhibition\/interference control and visuomotor abilities. Journal of the International Neuropsychological Society (JINS). 15: 438-450.<\/p>\n<p>Solana A.B., Maestu C., Bajo R., R\u00edos-Lago M., \u00c1lvarez-Linera J., Serratosa J.M., Marinas A., Gir\u00e1ldez B.G. and Del Pozo F. (2009). Dependency of the duration of the paroxistic activity in the analysis of the localization in epilepsy disease, using a simultaneous combination of EEG-fMRI. International Journal of Bioelectromagnetism. 11: 123-129.<\/p>\n<p>R\u00edos Lago M. (2008). Neuropsychology and functional magnetic resonance: general concepts. Radiology. 50: 351-365.<\/p>\n<p>R\u00edos-Lago, M., Alonso, R., Peria\u00f1ez, J. A., Paul, N., Oliva, P., and \u00c1lvarez-Linera, J. (2007). Diffusion Tensor Imaging and Speed of Processing: Study of White-matter in patients with traumatic brain injury. Trauma. 19: 102-112.<\/p>\n<p>Gonz\u00e1lez B., Paul N, Bl\u00e1zquez J.L. and R\u00edos M. (2007). Factors related to the lack of awareness of deficit in brain injury. Psychological Action. 3(4): 54-62<\/p>\n<p>De Nore\u00f1a, D. and R\u00edos M. (2007). The role of the neuropsychologist. Psychological Action. 3: 5-10.<\/p>\n<p>R\u00edos M. (2007). Neuropsychology: working with other professionals. Psychological Action. 3: 1-4.<\/p>\n<p>\u00c1lvarez-Linera J., R\u00edos-Lago M., Mart\u00edn H., Hern\u00e1ndez J.A., Escribano J. and S\u00e1nchez del R\u00edo M. (2007). Functional Magnetic Resonance of the visual cortex: Study of relationships between the intensity of the stimulus and the BOLD response. Neurology Journal. 45: 147-151.<\/p>\n<p>Perianez J.A., R\u00edos-Lago M., Adrover-Roig D., Rodr\u00edguez-S\u00e1nchez J.M., Sanchez I., Crespo-Facorro B., Quemada J.I. and Barcelo F. (2007). Trail Making Test in traumatic brain injury, schizophrenia, and normal ageing: Sample comparisons and normative data. Archives of Clinical Neuropsychology. 22: 433-447.<\/p>\n<p>R\u00edos, M., Mu\u00f1oz C\u00e9spedes, J.M. and Pa\u00fal N. (2007).\u00a0 Attention disorders following traumatic brain injury: assessment and rehabilitation. Neurology Journal. 44: 153-158.<\/p>\n<p>Mu\u00f1oz C\u00e9spedes, J.M., R\u00edos, M., Pa\u00fal, N., Maest\u00fa, F. and \u00c1lvarez-Linera, J. (2005). Functional neuroimaging studies of cognitive recovery alter acquired brain injury in adults. Neuropsychology Review. 15: 169-183.<\/p>\n<p>R\u00edos, M., Pa\u00fal, N., Mu\u00f1oz C\u00e9spedes, J.M., Maest\u00fa, F., \u00c1lvarez Linera, J. and Ortiz, T. (2004). Application of functional neuroimaging to the study of neuropsychological rehabilitation. Neurology Journal. 38: 366-373.<\/p>\n<p>R\u00edos, M., Peria\u00f1ez, J.A. and Mu\u00f1oz C\u00e9spedes, J.M. (2004). Attentional control and slowness of information processing alter severe traumatic brain injury. Brain Injury. 18: 257-272.<\/p>\n<p>Fern\u00e1ndez, A., R\u00edos, M., Segovia, J.C., Fern\u00e1ndez, S., Legido, J., Maest\u00fa, F., Pa\u00fal, N., Mu\u00f1oz-C\u00e9spedes, J.M., Amo, C., Campo, P., Capilla, A. and Ortiz, T. (2003). Contributions of Magnetoencephalography to the assessment of traumatic brain injury. Occupational Medicine and Safety Journal. 193: 23-32.<\/p>\n<p>Mu\u00f1oz C\u00e9spedes, J.M., R\u00edos, M., Ruano, A. and Moreno, F. (1999). Emotional disorders and the labour integration of people with traumatic brain injury. Polibea. 50: 10-16.<\/p>\n<p>Mu\u00f1oz C\u00e9spedes, J.M., R\u00edos, M., Ruano, A. and Moreno, F. (1998). Cognitive deficit and labour integration of people with traumatic brain injury. Polibea. 48: 38-43.<\/p>\n<p>Contributions at conferences and meetings (only as first author)<\/p>\n<p>Models of Care in Acquired Brain Injury. Second Conference on Acquired Brain Injury. Seville, 2011.<\/p>\n<p>Applications of functional MRI and tractography in Neuro-ophthalmology. National Neuro-ophthalmology Conference. Madrid, 2011.<\/p>\n<p>Applications of imaging techniques in acquired brain injury. Third Conference of the Spanish Federation of Neuropsychology. Oviedo, 2010.<\/p>\n<p>Brain plasticity: Rational basis for cognitive rehabilitation. LXIth Annual Meeting of the Spanish Neurology Society (SEN). Behavioural Neurology and Dementia Group. Barcelona, 2009.<\/p>\n<p>Attention Rehabilitation. VIIth Conference of the Spanish Neurorehabilitation Society\/Spanish Neurology Society. Barcelona, 2008.<\/p>\n<p>Attention Rehabilitation. Prefrontal Cortex: from research to intervention. Bilbao, 2007.<\/p>\n<p>Attention and Processing Speed. First International Conference on Clinical Neuropsychology. Madrid, 2006.<\/p>\n<p>Neuropsychology and functional neuroimaging of traumatic brain injury. Imaging the mind. Palma de Mallorca, 2005.<\/p>\n<p>What can functional neuroimaging contribute to the study of neuropsychological rehabilitation of brain injury? Third Neurorehabilitation Conference. Spanish Neurorehabilitation Society. Madrid, 2004.<\/p>\n<h4><strong>Other relevant information<\/strong><\/h4>\n<p>Member of the International Neuropsychological Society (INS), Madrid Neuropsychology Society and FANPSE; Spanish Association for the research and development of Family Therapy (AEI+DTF); and Spanish Neurorehabilitation Society (SENR).<\/p>\n<h4><strong>Interests<\/strong><\/h4>\n<p>I devote my free time to enjoying my family and friends. I like films, music and reading. Furthermore, I have always spent time playing sport, but recently I have not done so much. In any case, I organise myself to ensure that I do not miss my weekly judo class.<\/p>\n","protected":false},"excerpt":{"rendered":"<p>Neuropsychologist at the Brain Injury Unit at the Beata Mar\u00eda Ana Hospital Working with patients who have suffered brain damage is enriching for different reasons. On the one hand, it enables me to put into practice those things that I have studied and for which I have prepared myself. Every patient becomes a small piece&hellip;<\/p>\n","protected":false},"author":3,"featured_media":335,"parent":15075,"menu_order":0,"comment_status":"closed","ping_status":"closed","template":"","meta":{"footnotes":""},"_links":{"self":[{"href":"https:\/\/xn--daocerebral-2db.es\/en\/wp-json\/wp\/v2\/pages\/15063"}],"collection":[{"href":"https:\/\/xn--daocerebral-2db.es\/en\/wp-json\/wp\/v2\/pages"}],"about":[{"href":"https:\/\/xn--daocerebral-2db.es\/en\/wp-json\/wp\/v2\/types\/page"}],"author":[{"embeddable":true,"href":"https:\/\/xn--daocerebral-2db.es\/en\/wp-json\/wp\/v2\/users\/3"}],"replies":[{"embeddable":true,"href":"https:\/\/xn--daocerebral-2db.es\/en\/wp-json\/wp\/v2\/comments?post=15063"}],"version-history":[{"count":1,"href":"https:\/\/xn--daocerebral-2db.es\/en\/wp-json\/wp\/v2\/pages\/15063\/revisions"}],"predecessor-version":[{"id":86800,"href":"https:\/\/xn--daocerebral-2db.es\/en\/wp-json\/wp\/v2\/pages\/15063\/revisions\/86800"}],"up":[{"embeddable":true,"href":"https:\/\/xn--daocerebral-2db.es\/en\/wp-json\/wp\/v2\/pages\/15075"}],"wp:featuredmedia":[{"embeddable":true,"href":"https:\/\/xn--daocerebral-2db.es\/en\/wp-json\/wp\/v2\/media\/335"}],"wp:attachment":[{"href":"https:\/\/xn--daocerebral-2db.es\/en\/wp-json\/wp\/v2\/media?parent=15063"}],"curies":[{"name":"wp","href":"https:\/\/api.w.org\/{rel}","templated":true}]}}