{"id":15031,"date":"2011-12-21T13:05:02","date_gmt":"2011-12-21T13:05:02","guid":{"rendered":"http:\/\/da\u00f1ocerebral.es\/danio\/\/naiara-mimetza\/"},"modified":"2025-01-23T12:14:07","modified_gmt":"2025-01-23T12:14:07","slug":"naiara-mimetza","status":"publish","type":"page","link":"https:\/\/xn--daocerebral-2db.es\/en\/a-great-human-team\/naiara-mimetza\/","title":{"rendered":"Naiara Mimetza"},"content":{"rendered":"<p><img decoding=\"async\" class=\"alignleft\" src=\"http:\/\/xn--daocerebral-2db.es\/wp-content\/uploads\/2011\/12\/7020900303.jpg\" alt=\"Naiara Mimetza\" \/><\/p>\n<h3>Neuropsychologist at the Inpatient Unit of the Brain Injury Service, Ospitalarioak Fundazioa Euskadi<\/h3>\n<p>My work consists in studying the neuropsychological (emotional, behavioural and cognitive) disorders associated with acquired brain injury to develop custom treatments that help improve the quality of life of both patients and their families.<\/p>\n<p>Helping people who have difficulties functioning in daily life is a privilege. Learning about different disorders and realities is a professional and personal challenge to me. Finally, working together with other members in our team towards the same goal gives me the chance of sharing, questioning different aspects of my job, and advancing my career.<\/p>\n<p>I provide specialist neuropsychological assessment, develop cognitive rehabilitation plans for individuals and groups, and apply programmes using behaviour modification techniques and cognitive-behavioural methods (social skills training, psycho-education, stress management). Along with other members of our team, I offer support to the patients\u2019 families too.<\/p>\n<p>In addition to the clinical tasks mentioned above, I coordinate the work of the speech-language therapy and occupational therapy areas, and I take part in various training programmes.<\/p>\n<h4><strong>Academic background<\/strong><\/h4>\n<p>&#8211; Psychologist. University of Deusto. 1997-2002.<\/p>\n<p>&#8211; Master\u2019s Degree in Clinical Psychology. University of Deusto. 2002-2004.<\/p>\n<p>&#8211; Postgraduate course in Clinical Neuropsychology. ISEP Formaci\u00f3n. 2006-2007.<\/p>\n<p>&#8211; Diploma of Advanced Studies (PhD programme). University of Deusto. 2003-2004.<\/p>\n<h4><strong>Publications<\/strong><\/h4>\n<p>&#8211; N. Mimentza, A. Jim\u00e9nez, and J.I. Quemada. \u201cAbordaje conductual de alteraciones comportamentales en el da\u00f1o cerebral adquirido,\u201d Informaciones Psiqui\u00e1tricas, 187(1), 2007, 5-18.<\/p>\n<p>&#8211; J.I. Quemada Ubis, N. Mimentza, A. Jim\u00e9nez, and I. S\u00e1nchez Cubillo. \u201cTratamientos no farmacol\u00f3gicos de las alteraciones conductuales en el da\u00f1o cerebral,\u201d in Avances en neuropsicolog\u00eda cl\u00ednica, Madrid, Fundaci\u00f3n Mapfre Medicina, 2006, 275-299.<\/p>\n<p>Teaching activities<\/p>\n<p>&#8211; Master\u2019s Programme in Mental Health and Psychological Treatments. Professor. University of Deusto. 2007-present.<\/p>\n<p>&#8211; Master\u2019s Programme in Gerontology. Professor. University of Deusto. 2008-2010.<\/p>\n<h4><strong>Courses, conferences, seminars<\/strong><\/h4>\n<p>&#8211; 3rd National Neuropsychology Conference. FANPSE. Oviedo. 2010.<\/p>\n<p>&#8211; Advances in traumatic brain injury treatment: Approaching behavioural disorders. Guttmann Institute, Barcelona. 2010.<\/p>\n<p>&#8211; Family and brain damage. Beata Mar\u00eda Ana Hospital, Madrid. 2010.<\/p>\n<p>&#8211; Advances in the study of anosognosia &amp; principles of neuropsychological rehabilitation ten years later. Donostia-San Sebastian. 2009.<\/p>\n<p>&#8211; 3rd Workshop of the Basque-Navarre Society of Neuropsychology, \u201cChildren Neuropsychology.\u201d University of the Basque Country, Donostia-San Sebastian. 2009.<\/p>\n<p>&#8211; 6th Workshop of the Spanish Neurorehabilitation Society, \u201cWhat is Neuropsychological Rehabilitation? Outcome measurement in neuropsychological rehabilitation.\u201d Barcelona. 2008.<\/p>\n<p>&#8211; Dysarthria: Assessment and rehabilitation. Seminar. Bilbao. 2008.<\/p>\n<p>&#8211; Neuropsychological rehabilitation in patients with brain injury: A practical approach. Seminar. Bilbao. 2008.<\/p>\n<p>&#8211; Prefrontal cortex: From research to intervention. Bilbao. 2007.<\/p>\n<p>&#8211; Course in Psychopathology. Madrid. 2007.<\/p>\n<p>&#8211; Brief and short-term psychotherapy targeted at PTSD in neuropsychiatric patients. Course. Bilbao. 2007.<\/p>\n<p>&#8211; 1st International Conference, \u201cAdvances in Clinical Neuropsychology.\u201d Madrid. 2006.<\/p>\n<p>&#8211; \u201cAssessment and cognitive rehabilitation programmes for patients with language impairments.\u201d Seminar. Bilbao. 2005.<\/p>\n<p>&#8211; Behaviour and the frontal lobe. Seminar. Bilbao. 2004.<\/p>\n<p>Work experience<\/p>\n<p>As an undergraduate student, I started working as a leisure time instructor for children and psychiatric patients.<\/p>\n<p>During my Master\u2019s studies at the University of Deusto, I worked as a clinical psychologist in areas such as psychiatry and geriatric psychology.<\/p>\n<p>Since October 2004, I have been working at the Inpatient Unit of the Brain Injury Service of the Aita Menni Hospital in Mondrag\u00f3n.<\/p>\n<h4><strong>Languages<\/strong><\/h4>\n<p>Basque<br \/>\nEnglish<\/p>\n<h4><strong>Hobbies and interests<\/strong><\/h4>\n<p>I enjoy meeting people from different cultures, speaking and spending time with people form other countries. Whenever I can, I pack my luggage and board a plane with friends. I try to work out as often as the weather permits. Besides, I do volunteer work at several social organisations.<\/p>\n","protected":false},"excerpt":{"rendered":"<p>Neuropsychologist at the Inpatient Unit of the Brain Injury Service, Ospitalarioak Fundazioa Euskadi My work consists in studying the neuropsychological (emotional, behavioural and cognitive) disorders associated with acquired brain injury to develop custom treatments that help improve the quality of life of both patients and their families. Helping people who have difficulties functioning in daily&hellip;<\/p>\n","protected":false},"author":3,"featured_media":364,"parent":15075,"menu_order":0,"comment_status":"closed","ping_status":"closed","template":"","meta":{"footnotes":""},"_links":{"self":[{"href":"https:\/\/xn--daocerebral-2db.es\/en\/wp-json\/wp\/v2\/pages\/15031"}],"collection":[{"href":"https:\/\/xn--daocerebral-2db.es\/en\/wp-json\/wp\/v2\/pages"}],"about":[{"href":"https:\/\/xn--daocerebral-2db.es\/en\/wp-json\/wp\/v2\/types\/page"}],"author":[{"embeddable":true,"href":"https:\/\/xn--daocerebral-2db.es\/en\/wp-json\/wp\/v2\/users\/3"}],"replies":[{"embeddable":true,"href":"https:\/\/xn--daocerebral-2db.es\/en\/wp-json\/wp\/v2\/comments?post=15031"}],"version-history":[{"count":3,"href":"https:\/\/xn--daocerebral-2db.es\/en\/wp-json\/wp\/v2\/pages\/15031\/revisions"}],"predecessor-version":[{"id":91479,"href":"https:\/\/xn--daocerebral-2db.es\/en\/wp-json\/wp\/v2\/pages\/15031\/revisions\/91479"}],"up":[{"embeddable":true,"href":"https:\/\/xn--daocerebral-2db.es\/en\/wp-json\/wp\/v2\/pages\/15075"}],"wp:featuredmedia":[{"embeddable":true,"href":"https:\/\/xn--daocerebral-2db.es\/en\/wp-json\/wp\/v2\/media\/364"}],"wp:attachment":[{"href":"https:\/\/xn--daocerebral-2db.es\/en\/wp-json\/wp\/v2\/media?parent=15031"}],"curies":[{"name":"wp","href":"https:\/\/api.w.org\/{rel}","templated":true}]}}