{"id":15027,"date":"2011-12-20T17:30:40","date_gmt":"2011-12-20T17:30:40","guid":{"rendered":"http:\/\/da\u00f1ocerebral.es\/danio\/\/juan-ignacio-marin\/"},"modified":"2025-01-23T12:14:27","modified_gmt":"2025-01-23T12:14:27","slug":"juan-ignacio-marin","status":"publish","type":"page","link":"https:\/\/xn--daocerebral-2db.es\/en\/a-great-human-team\/juan-ignacio-marin\/","title":{"rendered":"Juan Ignacio Mar\u00edn"},"content":{"rendered":"<p><img decoding=\"async\" class=\"alignleft\" src=\"http:\/\/xn--daocerebral-2db.es\/wp-content\/uploads\/2011\/12\/36V9005.jpg\" alt=\"Juan Ignacio Mar\u00edn\" \/><\/p>\n<h3>Physician specialising in Physical and Rehabilitation Medicine, Ospitalarioak Fundazioa Euskadi<\/h3>\n<p>Early in my career I discovered my interest in treating and caring for disabled people, which is my overall professional goal. I have vast experience in brain injury rehabilitation, coordinating and activating multidisciplinary teams. I am deeply interested in applied rehabilitation technology (IT, robotics, innovative rehabilitation programmes and techniques) and try to use it in my daily professional activities.<\/p>\n<p>I am in charge of the coordination of the Children\u2019s Rehabilitation Service at the Aita Menni Hospital. I am a clinical advisor at the Inpatient Unit of the Service in Mondrag\u00f3n and a rehabilitation consultant at the Outpatient Centres of the Service in Bilbao and Donostia-San Sebasti\u00e1n. I encourage the inclusion of new rehabilitation technologies and techniques in the list of services offered to brain-injured patients.<\/p>\n<p>I consider myself fortunate for having a job I enjoy so much, which gives me the opportunity to meet colleagues, patients and their families, and to achieve my professional and personal goals. At the Children\u2019s Rehabilitation Service I can care for, support, advise, and listen to disabled patients and their families.<\/p>\n<h4><strong>Academic background<\/strong><\/h4>\n<p>&#8211; Physician and surgeon. University of the Basque Country. 1990-1996.<br \/>\nIntern at the Neuroscience Department. 1991-1994.<\/p>\n<p>&#8211; The Scientific Fundamentals of Surgery. PhD programme. Department of Surgery, Radiology and Physical Medicine. Research aptitude accreditation. 1998-2000.<\/p>\n<p>&#8211; Physician specialising in Physical and Rehabilitation Medicine (internship). Intern at the Rehabilitation Service of the Cruces Hospital (Vizcaya). 1997-2001.<\/p>\n<p>&#8211; Master\u2019s Degree in Children\u2019s Disability. Complutense University of Madrid. 2007-2008.<\/p>\n<h4><strong>Courses, conferences, seminars<\/strong><\/h4>\n<p>&#8211; 5th International Course in Rehabilitation and Orthopaedic Surgery: Head Trauma. Vall d\u2019Hebron Hospital and Orthopaedics and Orthopaedic Surgery Chair. 1998.<\/p>\n<p>&#8211; Movement analysis techniques. Basurto Hospital. 1998.<\/p>\n<p>&#8211; Jay seating and posture systems. Vitoria-Gasteiz. 1999.<\/p>\n<p>&#8211; Assessment and rehabilitation of patients with hemiplegia. 1999.<\/p>\n<p>&#8211; 12th Guttmann Institute Foundation Technical Workshop. Developments in spine injury and traumatic brain injury. Barcelona. 2000.<\/p>\n<p>&#8211; Treatment of spastic patients with botulinum toxin type A. Theoretical-practical course. Madrid. 2000.<\/p>\n<p>&#8211; Brain injury trauma neurorehabilitation. Society of Physical and Rehabilitation Medicine of Arag\u00f3n. Zaragoza. 2001.<\/p>\n<p>&#8211; International Workshop for Experts in Assistive Technologies for Neurorehabilitation. 16th European Courses. Donostia-San Sebastian. 2004.<\/p>\n<p>&#8211; Prefrontal cortex: From research to intervention. Brain Injury Service, Aita Menni Hospital. Bilbao. 2007.<\/p>\n<p>&#8211; Forotox 2009: Training in botulinum toxin treatment. Spanish Neurological Society. Madrid. 2009.<\/p>\n<p>&#8211; Neuro-kinesiological examination of infants using the Vojta method. Ni\u00f1o Jes\u00fas University Hospital. Madrid. 2009.<\/p>\n<p>&#8211; Integrated treatment for spastic patients: A multidisciplinary approach. Madrid. 2010.<\/p>\n<h4><strong>Publications<\/strong><\/h4>\n<p>&#8211; J.I. Mar\u00edn and E. Nin. \u201cDesarrollo psicomotor del ni\u00f1o,\u201d in Tratado de rehabilitaci\u00f3n infantil. Madrid, Editorial M\u00e9dica Panamericana, 2011 (in print).<\/p>\n<p>&#8211; J.I. Mar\u00edn Ojea, R.A. Ruano Hern\u00e1ndez, and J.I. Quemada Ubis. \u201cRehabilitaci\u00f3n integral del traumatizado craneoencef\u00e1lico,\u201d in J. Vaquero Crespo and G. Rodr\u00edguez Boto, Da\u00f1o cerebral postraum\u00e1tico, Madrid, Fundaci\u00f3n Mapfre Medicina, 2007, 521-536.<\/p>\n<p>&#8211; J.I. Quemada Ubis, I. S\u00e1nchez Cubillo, and J.I. Mar\u00edn Ojea. \u201cTrastornos cognitivos, conductuales y emocionales en el da\u00f1o cerebral adquirido.\u201d in Manual SERMEF de Rehabilitaci\u00f3n y Medicina F\u00edsica, Madrid, Editorial M\u00e9dica Panamericana, 2006, 591-596.<\/p>\n<p>&#8211; J.I. Quemada Ubis, J.I. Mar\u00edn Ojea, and J.M. Mu\u00f1oz-C\u00e9spedes. \u201cEvaluaci\u00f3n de aspectos cognitivos y emocionales,\u201d in Manual SERMEF de Rehabilitaci\u00f3n y Medicina F\u00edsica, Madrid, Editorial M\u00e9dica Panamericana, 2006, 62-67.<\/p>\n<p>&#8211; J.I. Quemada Ubis, A. Sagasta Errasti, and J.I. Marin Ojea. \u201cEl paciente con da\u00f1o cerebral adquirido,\u201d in Tratado de psicofarmacolog\u00eda. Bases y aplicaci\u00f3n cl\u00ednica, Madrid, Editorial M\u00e9dica Panamericana, 2004, 147-153.<\/p>\n<p>&#8211; J.I. Quemada, J.I. Mar\u00edn, M.J. Ruiz, I. Bori, and L. Gangoiti. \u201cModelo de atenci\u00f3n a las personas con da\u00f1o cerebral,\u201d Ministerio de Trabajo y Asuntos Sociales, 2007.<\/p>\n<p>Research activities<\/p>\n<p>&#8211; \u201cYoung patients with spinal cord concussion syndrome.\u201d 20th SERMEF Conference.\u00a0 Barcelona. 2001.<\/p>\n<p>&#8211; \u201cMultidisciplinary rehabilitation of a patient with herpes encephalitis. A case study.\u201d 6th Trans-Pyrenees Conference on Physical and Rehabilitation Medicine. Tarragona. 2001.<\/p>\n<p>&#8211; \u201cHeterotopic ossification in acquired brain injury.\u201d 6th Trans-Pyrenees Conference on Physical and Rehabilitation Medicine. Tarragona. 2001.<\/p>\n<p>&#8211; \u201cOutcomes of intensive multidisciplinary rehabilitation in patients with severe brain injury.\u201d 2nd Conference of the Spanish Neurorehabilitation Society. Barcelona. 2002.<\/p>\n<p>&#8211; \u201cOutcomes of intensive multidisciplinary rehabilitation programmes in patients with severe brain injury.\u201d 7th Trans-Pyrenees Conference on Physical and Rehabilitation Medicine. Toulouse. 2003.<\/p>\n<p>&#8211; \u201cPosture assistance platform. Mobile phone and satellite navigation systems applied to brain-injured individuals.\u201d 7th Trans-Pyrenees Conference on Physical and Rehabilitation Medicine. Toulouse. 2003.<\/p>\n<p>&#8211; \u201cOutcome measurements of multidisciplinary rehabilitation in patients with severe traumatic brain injury.\u201d 6th Conference of the Spanish Neurorehabilitation Society. Barcelona. 2006.<\/p>\n<p>&#8211; \u201cNeuromotor assessment of infants of diabetic mothers.\u201d 15th Scientific Workshop of the Spanish Society of Children\u2019s Rehabilitation. Madrid. 2010.<\/p>\n<p>&#8211; \u201cIntervention in infants with risk of neurologic impairment.\u201d 7th Workshop of Recent Developments in Paediatrics. Puebla. April 2010.<\/p>\n<h4><strong>Research projects<\/strong><\/h4>\n<p>&#8211; INTELSAN project. Integrated healthcare e-systems. Officially approved by the PROFIT Programme. 2000-2003.<\/p>\n<p>&#8211; PAP project. Postural assistance platform for users with acquired brain injury. Officially approved by the PROFIT Programme. 2004-2007.<\/p>\n<p>&#8211; E-Orienta project. Assistance platform for the guidance of disabled people. INTEK Programme. 2004-2005.<\/p>\n<p>&#8211; TAD project. Remotely controlled assistance to disabled people. PROFIT. 2004-2005.<\/p>\n<p>&#8211; Telerehabilitation for patients with severe acquired neurological deficits. Guttmann Institute. Supported by the Catalan Agency for the Evaluation of Medical Research and Technology and the Carlos III Health Institute. 2006-2007.<\/p>\n<p>&#8211; Garun project. Supported by the Basque Association of Agencies for Development and funded by the Provincial Government of Guip\u00fazcoa. Knowledge sharing between doctors at the Brain Injury Service of the Aita Menni Hospital and engineers at the University of Mondrag\u00f3n aimed at planning joint action in the global field of neurological disease and acquired brain injury.<\/p>\n<h4><strong>Work experience<\/strong><\/h4>\n<p>Physician specialising in rehabilitation at the Brain Injury Service of the Aita Menni Hospital. Head of the Research and Development area. Head of the Children\u2019s Rehabilitation Service. Clinical advisor at the Inpatient Unit of the Brain Injury Service. Consultant at the Outpatient Neurorehabilitation Units of the Service in Bilbao and Donostia-San Sebasti\u00e1n. May 2001-present<\/p>\n<h4><strong>Languages<\/strong><\/h4>\n<p>English<\/p>\n<h4><strong>Hobbies and interests<\/strong><\/h4>\n<p>Reading, going to the movies, travelling to foreign countries, doing outdoor activities like hiking, mountaineering, or skiing.<\/p>\n","protected":false},"excerpt":{"rendered":"<p>Physician specialising in Physical and Rehabilitation Medicine, Ospitalarioak Fundazioa Euskadi Early in my career I discovered my interest in treating and caring for disabled people, which is my overall professional goal. I have vast experience in brain injury rehabilitation, coordinating and activating multidisciplinary teams. I am deeply interested in applied rehabilitation technology (IT, robotics, innovative&hellip;<\/p>\n","protected":false},"author":2,"featured_media":301,"parent":15075,"menu_order":0,"comment_status":"closed","ping_status":"closed","template":"","meta":{"footnotes":""},"_links":{"self":[{"href":"https:\/\/xn--daocerebral-2db.es\/en\/wp-json\/wp\/v2\/pages\/15027"}],"collection":[{"href":"https:\/\/xn--daocerebral-2db.es\/en\/wp-json\/wp\/v2\/pages"}],"about":[{"href":"https:\/\/xn--daocerebral-2db.es\/en\/wp-json\/wp\/v2\/types\/page"}],"author":[{"embeddable":true,"href":"https:\/\/xn--daocerebral-2db.es\/en\/wp-json\/wp\/v2\/users\/2"}],"replies":[{"embeddable":true,"href":"https:\/\/xn--daocerebral-2db.es\/en\/wp-json\/wp\/v2\/comments?post=15027"}],"version-history":[{"count":2,"href":"https:\/\/xn--daocerebral-2db.es\/en\/wp-json\/wp\/v2\/pages\/15027\/revisions"}],"predecessor-version":[{"id":91480,"href":"https:\/\/xn--daocerebral-2db.es\/en\/wp-json\/wp\/v2\/pages\/15027\/revisions\/91480"}],"up":[{"embeddable":true,"href":"https:\/\/xn--daocerebral-2db.es\/en\/wp-json\/wp\/v2\/pages\/15075"}],"wp:featuredmedia":[{"embeddable":true,"href":"https:\/\/xn--daocerebral-2db.es\/en\/wp-json\/wp\/v2\/media\/301"}],"wp:attachment":[{"href":"https:\/\/xn--daocerebral-2db.es\/en\/wp-json\/wp\/v2\/media?parent=15027"}],"curies":[{"name":"wp","href":"https:\/\/api.w.org\/{rel}","templated":true}]}}