{"id":15007,"date":"2011-12-16T13:09:39","date_gmt":"2011-12-16T13:09:39","guid":{"rendered":"http:\/\/da\u00f1ocerebral.es\/danio\/\/olatz-beitia\/"},"modified":"2021-09-16T14:40:30","modified_gmt":"2021-09-16T14:40:30","slug":"mariana-cairos","status":"publish","type":"page","link":"https:\/\/xn--daocerebral-2db.es\/en\/a-great-human-team\/mariana-cairos\/","title":{"rendered":"Mariana Cair\u00f3s"},"content":{"rendered":"\n<p><img loading=\"lazy\" decoding=\"async\" class=\"size-full wp-image-53487 alignleft\" src=\"https:\/\/xn--daocerebral-2db.es\/wp-content\/uploads\/2020\/11\/Marian-Cair\u00f3s685X1024.jpg\" alt=\"\" width=\"685\" height=\"1024\" srcset=\"https:\/\/xn--daocerebral-2db.es\/wp-content\/uploads\/2020\/11\/Marian-Cair\u00f3s685X1024.jpg 685w, https:\/\/xn--daocerebral-2db.es\/wp-content\/uploads\/2020\/11\/Marian-Cair\u00f3s685X1024-201x300.jpg 201w\" sizes=\"(max-width: 685px) 100vw, 685px\" \/><\/p>\n<h3>Coordinadora de la Unidad de D\u00eda de Da\u00f1o Cerebral Adquirido, Complejo Acam\u00e1n<\/h3>\n<p><strong>Trabajar con el colectivo de DCA no s\u00f3lo es un privilegio viviendo en Canarias, sino un aut\u00e9ntico reto. Siempre cre\u00ed que un Servicio como este era extremadamente necesario en las Islas. Y ahora tengo la oportunidad de poner mi granito de arena para que funcione. Sin duda lo que m\u00e1s me gusta de este trabajo es sentir que mi formaci\u00f3n puede ser \u00fatil para alguien, as\u00ed como el reto profesional que esto supone.<\/strong><\/p>\n<p>Mi labor, junto al resto del equipo multidisciplinar, consiste en hacer funcionar el primer Centro de D\u00eda de Da\u00f1o Cerebral Adquirido de Canarias. Esto supone la puesta en marcha de m\u00faltiples labores de organizaci\u00f3n tanto de las personas usuarias como del personal del recurso. Asimismo, mi trabajo consiste en el dise\u00f1o de un programa de intervenci\u00f3n neuropsicol\u00f3gica transdisciplinar, que toma en cuenta a los diferentes profesionales del equipo abarcando los componentes cognitivo, conductual y funcional de las personas usuarias, con el \u00faltimo objetivo de mejorar su calidad de vida. Por supuesto, para poder alcanzar este prop\u00f3sito es imprescindible el acompa\u00f1amiento a las familias, actividad que realizamos a diario dando pautas y resolviendo situaciones del d\u00eda a d\u00eda.<\/p>\n<h4><strong>Formaci\u00f3n acad\u00e9mica<\/strong><\/h4>\n<p>&#8211; Doctorada en Psicolog\u00eda (Universidad de La Laguna, 2013-2017) Tesis titulada: \u201cFunciones ejecutivas, distorsiones de memoria y toma de decisiones en Epilepsia del L\u00f3bulo Temporal: efectos de la lateralizaci\u00f3n hemisf\u00e9rica\u201d dirigida por la Dra. M\u00aa \u00c1ngeles Alonso y el Dr. Sergio Hern\u00e1ndez.<br \/>\nDescripci\u00f3n: Mi tesis doctoral est\u00e1 centrada en el estudio de las alteraciones t\u00edpicamente frontales en aquellos pacientes con afectaci\u00f3n de los l\u00f3bulos temporales, porque estoy especialmente interesada en el estudio del cerebro como una red de trabajo cuya reorganizaci\u00f3n ante eventos traum\u00e1ticos es, en muchas ocasiones, impredecible y sorprendentemente eficaz.<\/p>\n<p>&#8211; M\u00e1ster en Psicolog\u00eda Cl\u00ednica y de la Salud (Universidad de La Laguna, 2011-2013).<br \/>\nDescripci\u00f3n: La formaci\u00f3n en psicolog\u00eda cl\u00ednica me ha permitido poder hacer un mejor abordaje del paciente neurol\u00f3gico. Adem\u00e1s aprend\u00ed habilidades de gesti\u00f3n tras realizar las pr\u00e1cticas en la secci\u00f3n de Salud P\u00fablica del Servicio Canario de Salud.<\/p>\n<p>&#8211; M\u00e1ster en Neuropsicolog\u00eda Cl\u00ednica (Instituto de Estudios Psicol\u00f3gicos de Valencia, 2009-2011).<br \/>\nDescripci\u00f3n: La neuropsicolog\u00eda siempre fue mi objetivo de especializaci\u00f3n. Decid\u00ed hacer mi formaci\u00f3n fuera de Canarias porque ten\u00eda especial inter\u00e9s por aprender de otros profesionales del campo, y porque quer\u00eda conocer c\u00f3mo funcionaban los centros en los que los tratamientos eran multidisciplinares. Gracias a ello tuve la oportunidad de hacer pr\u00e1cticas en el Servicio de Neuropsicolog\u00eda Cl\u00ednica de la Cl\u00ednica Ubarm\u00edn de Pamplona o en el Centro de Rehabilitaci\u00f3n de Da\u00f1o Cerebral NeuroRHB de Valencia, entro otros.<\/p>\n<p>&#8211; Licenciatura en Psicolog\u00eda (Universidad de La Laguna, 2003-2009).<br \/>\nDescripci\u00f3n: En las pr\u00e1cticas de la licenciatura aprend\u00ed a evaluar e interpretar los resultados de los test neuropsicol\u00f3gico con pacientes neurol\u00f3gicos. Rot\u00e9 por la Unidad de Esclerosis M\u00faltiple del Hospital Universitario Nuestra Se\u00f1ora de Candelaria (HUNSC) y la Unidad de Neuropsicolog\u00eda de la Universidad de La Laguna, ambas experiencias confirmaron mi inter\u00e9s por la neuropsicolog\u00eda.<\/p>\n<h4><strong>Formaci\u00f3n extra acad\u00e9mica. \u00daltimos cursos<\/strong><\/h4>\n<p>&#8211; \u201cIII Curso del Manejo Integral del Da\u00f1o Cerebral\u201d y \u201cI Jornadas de Formaci\u00f3n en Neuropsicolog\u00eda\u201d organizado por la Unidad de Da\u00f1o Cerebral Beata Mar\u00eda Ana y la Universidad Francisco de Vitoria. Marzo 2018. 25 horas.<br \/>\n&#8211; \u201cII Jornadas de la Sociedad Canaria de Neuropsicolog\u00eda (SOCANEP)\u201d organizada por la SOCANEP. Abril 2016. 8 horas.<br \/>\n&#8211; \u201cI Jornadas Canarias de Da\u00f1o Cerebral Adquirido\u201d organizadas por el Grupo ICOT. Enero 2018. 4 horas.<br \/>\n&#8211; Taller de \u201cMovimiento Oculares. Aplicaciones para la investigaci\u00f3n en Psicolog\u00eda\u201d organizado por el Instituto Universitario de Neurociencia &#8211; Universidad de La Laguna. Octubre 2017. 8 horas.<br \/>\n&#8211; Conferencia \u201cGliomas de bajo grado: el papel del neuropsic\u00f3logo\/a en el mapeo cerebral neuroquir\u00fargico de paciente despierto\u201d organizado por el Instituto Universitario de Neurociencia &#8211; Universidad de La Laguna. Octubre 2017. 2 horas.<br \/>\n&#8211; \u201cI Jornadas de la Sociedad Canaria de Neuropsicolog\u00eda\u201d organizada por la SOCANEP. Abril 2016. 8 horas.<br \/>\n&#8211; Taller de \u201cIniciaci\u00f3n a los procedimientos de ECNI: tDCS\u201d organizado por el Instituto Universitario de Neurociencia &#8211; Universidad de La Laguna. Octubre 2017. 2 horas.<br \/>\n&#8211; Curso titulado \u201c15th Neuroanatomy and Tractography Workshop\u201d organizado por el NATBRAINLAB. Febrero 2014. 20 horas.<br \/>\n&#8211; Taller \u201cRehabilitaci\u00f3n neuropsicol\u00f3gica en el da\u00f1o cerebral en la infancia\u201d organizado por la Federaci\u00f3n de Asociaciones de Neuropsicolog\u00eda (FANPSE). Octubre 2011. 5 horas.<br \/>\n&#8211; Conferencia \u201cHemispheric Asymmetry in Prefrontal Cortex\u201d organizado por el NEUROCOG &#8211; Universidad de La Laguna. Febrero 2011. 2 horas.<\/p>\n<h4><strong>Publicaciones<\/strong><\/h4>\n<p>Art\u00edculo:<\/p>\n<p>&#8211; Learning healthy lifestyles through active videogames, motor games and the gamification of educational activities. Carina Soledad Gonz\u00e1lez; Nazaret G\u00f3mez; Vicente Navarro; Mariana Cair\u00f3s; Carmela Quirce; Pedro Toledo; Norberto Marrero-Gordillo. Computers in Human Behavior (doi:10.1016\/j.chb.2015.08.052). Computers in Human Behavior, 30\/08\/2015.<\/p>\n<p>Cap\u00edtulo de libro:<\/p>\n<p>&#8211; Trastornos neurol\u00f3gicos: epilepsia. En Paidopsiquiatr\u00eda Psicosom\u00e1tica. Emilio Verche; Mariana Cair\u00f3s; Bel\u00e9n Rubio; Sergio Hern\u00e1ndez. Selene, 2014. ISBN 978 84 614 1398 0<\/p>\n<h4><strong>Asistencia y participaci\u00f3n en Congresos:<\/strong><\/h4>\n<p>Nacionales:<\/p>\n<p>&#8211; <em>X Congreso Nacional de Neuropsicolog\u00eda<\/em>. Federaci\u00f3n de Asociaciones de Neuropsicolog\u00eda de Espa\u00f1a (FANPSE). Marzo 2018.<br \/>\n&#8211; <em>II Congreso de J\u00f3venes Investigadores de Canarias<\/em>. P\u00f3ster: Funciones ejecutivas en epilepsia del l\u00f3bulo temporal: papel de la lateralizaci\u00f3n del foco epil\u00e9ptico\u201d. Mariana Cair\u00f3s; Emilio Verche; Ruth Marrero Abrante; Sergio Hern\u00e1ndez; M\u00aa \u00c1ngeles Alonso. Abril 2017.<br \/>\n&#8211; <em>IX Congreso Nacional de Neuropsicolog\u00eda. Red de redes<\/em>. FANPSE. P\u00f3ster: \u201cDificultades en las habilidades de monitorizaci\u00f3n en epilepsia del l\u00f3bulo temporal derecho&#8221;. Mariana Cair\u00f3s; Ruth Marrero-Abrante; Sergio Hern\u00e1ndez; M\u00aa \u00c1ngeles Alonso. Marzo 2017.<br \/>\n&#8211; <em>III Congreso de la sociedad espa\u00f1ola de epilepsia<\/em>. P\u00f3ster: \u201cDiferencias entre la memoria asociativa y sem\u00e1ntica en ELT derecho e izquierdo\u201d Mariana Cair\u00f3s; Ruth Marrero-Abrante; Jos\u00e9 Flores; Sergio Hern\u00e1ndez; M\u00aa \u00c1ngeles Alonso. Octubre 2016.<br \/>\n&#8211; <em>VIII Congreso Nacional de Neuropsicolog\u00eda. Estado del arte<\/em>. FANPSE. P\u00f3ster: \u201cEstrategias de evocaci\u00f3n en tareas de fluidez verbal fon\u00e9tica en ni\u00f1os con epilepsia del l\u00f3bulo frontal\u201d. M. Candelaria Luque; Emilio Verche; Mariana Cair\u00f3s; Ruth Marrero-Abrante; Sergio Hern\u00e1ndez. Marzo 2016.<br \/>\n&#8211; <em>VII Congreso Nacional de Neuropsicolog\u00eda. Neuropsicolog\u00eda 3.0<\/em>. FANPSE. Comunicaci\u00f3n oral: \u201cToma de decisiones en pacientes con epilepsia del l\u00f3bulo temporal seg\u00fan la lateralizaci\u00f3n del \u00e1rea epilept\u00f3gena\u201d. Mariana Cair\u00f3s; Emilio Verche; Ruth Marrero-Abrante; Sergio Hern\u00e1ndez. Octubre 2015.<br \/>\n&#8211; <em>I Congreso de J\u00f3venes Investigadores de Canarias<\/em>. Comunicaci\u00f3n oral: \u201cCaracter\u00edsticas emocionales en pacientes con Epilepsia del L\u00f3bulo Temporal\u201d. Mariana Cair\u00f3s; Emilio Verche; Ruth Marrero Abrante; Sergio Hern\u00e1ndez. Abril 2015.<br \/>\n&#8211; <em>X Congreso de la SEPEX y IX Congreso de la SEPNECA<\/em>. P\u00f3ster: \u201cLos falsos recuerdos en la epilepsia: Mecanismos asociativos y sem\u00e1ntico\u201d. M. A. Alonso; C. Hidalgo; M. Cair\u00f3s; R. Marrero-Abrante. Octubre 2014.<br \/>\n&#8211; <em>V Congreso Nacional de Neuropsicolog\u00eda<\/em>. FANPSE. P\u00f3ster: &#8220;Rendimiento lector en ni\u00f1os y adolescentes con Epilepsia del L\u00f3bulo Frontal\u201d Emilio Verche; Mariana Cair\u00f3s; Ruth Marrero Abrante; Sergio Hern\u00e1ndez. Octubre 2012.<br \/>\n&#8211; <em>IV Congreso Nacional de Neuropsicolog\u00eda<\/em>. FANPSE. Octubre 2011.<br \/>\n&#8211; <em>XV Reuni\u00f3n Anual de la Sociedad Canaria de Neurolog\u00eda (SOCANE)<\/em>. P\u00f3ster: \u201cPercepci\u00f3n de la enfermedad en pacientes con Esclerosis M\u00faltiple\u201d. Cair\u00f3s Gonz\u00e1lez, Mariana; P\u00e9rez Mart\u00edn, M\u00aa Yaiza; Villar Van den Weygaert, Claudia; Hern\u00e1ndez P\u00e9rez, Yaiza. Abril 2011.<br \/>\n&#8211; <em>III Congreso Nacional de Neuropsicolog\u00eda.<\/em> FANPSE. Noviembre 2010.<\/p>\n<p>Internacionales:<\/p>\n<p>&#8211; <em><a href=\"https:\/\/mandrillapp.com\/track\/click\/30803593\/www.psychonomic.org?p=eyJzIjoiaFFrSEZScVdra2J3d0UwSzRFOXBCNFhsUkg4IiwidiI6MSwicCI6IntcInVcIjozMDgwMzU5MyxcInZcIjoxLFwidXJsXCI6XCJodHRwOlxcXC9cXFwvd3d3LnBzeWNob25vbWljLm9yZ1xcXC9wYWdlXFxcLzE4QU1TXCIsXCJpZFwiOlwiODE1ODBmODg2M2EwNGJiMThhOWExOGQ4Mzg1NThjYjVcIixcInVybF9pZHNcIjpbXCJjNTg5YzRlM2E2NTliNzk0NGIwNDI0OWZkZjhlZWNlODMzOGM2MDNhXCJdfSJ9\" target=\"_blank\" rel=\"noopener\">3rd International Meeting of the Psychonomic Society<\/a><\/em>. P\u00f3ster: \u201cMonitoring problems underlie false memories in Temporal Lobe Epilepsy\u201d Mariana Cair\u00f3s; Sergio Hern\u00e1ndez; M\u00aa \u00c1ngeles Alonso. Mayo 2018.<br \/>\n&#8211; <em>International Convention of Psychological Science (ICPS)<\/em>. P\u00f3ster: &#8220;False recognition in temporal lobe epilepsy: are associative illusions more likely in right temporal lobe?&#8221; Mariana Cair\u00f3s; Ruth Marrero-Abrante; Jos\u00e9 Flores; Sergio Hern\u00e1ndez; M\u00aa \u00c1ngeles Alonso. Marzo 2017.<br \/>\n&#8211; <em>12th European Congress on Epileptology (ILAE)<\/em>. P\u00f3ster: \u201cDifferences between associative and semantic memory in right and left temporal lobe epilepsy\u201d. Mariana Cair\u00f3s; Ruth Marrero-Abrante; Jos\u00e9 Flores; Sergio Hern\u00e1ndez; M\u00aa \u00c1ngeles Alonso. Septiembre 2016.<br \/>\n&#8211; International Conference on Memory (ICOM-6). P\u00f3ster: \u201cThe nature of false recognition in Mesial Temporal Lobe Epilepsy: associative illusions. Mariana Cair\u00f3s; Ruth Marrero-Abrante; Jos\u00e9 Flores; M\u00aa \u00c1ngeles Alonso. Julio 2016.<br \/>\n&#8211; International Neuropsychological Society 2016 Mid-Year Meeting: From Neurons to Neurorehabilitation (INS). P\u00f3ster: \u201cDisadvantageous decision making in right temporal lobe epilepsy\u201d. Mariana Cair\u00f3s; Emilio Verche; Ruth Marrero-Abrante; Jos\u00e9 Flores; Sergio Hern\u00e1ndez. Julio 2016.<br \/>\n&#8211; International Neuropsychological Society 2016 Mid-Year Meeting: From Neurons to Neurorehabilitation (INS). P\u00f3ster: \u201cFalse recognition in mesial temporal lobe epilepsy: Differences between associative and semantic mechanism\u201d. M\u00aa \u00c1ngeles Alonso; Mariana Cair\u00f3s; Ruth Marrero-Abrante; Jos\u00e9 Flores. Julio 2016.<br \/>\n&#8211; 42nd Congress of International Neuropsychological Society (INS). P\u00f3ster: \u201cReading problems in children and adolescents with frontal lobe epilepsy\u201d. Emilio Verche; Mariana Cair\u00f3s; Ruth Marrero-Abrante; Sergio Hern\u00e1ndez. Febrero 2014.<br \/>\n&#8211; International Conference on Intelligent Technologies for Enhanced Learning (ITEL 2013). P\u00f3ster: \u201cTANGO:H: Creating active educational games for hospitalized children\u201d. Carina Soledad Gonz\u00e1lez Gonz\u00e1lez; Pedro Toledo; Miguel Padr\u00f3n; Elena Santos; Mariana Cair\u00f3s. Mayo 2013.<br \/>\n&#8211; International Neuropsychological Society 2012 Mid-Year Meeting. P\u00f3ster: \u201cIs there a behavioral profile in children and adolescents with frontal lobe epilepsy? Evidences of variability assessing behavior problems\u201d. Emilio Verche; Mariana Cair\u00f3s; Ruth Marrero Abrante; Sergio Hern\u00e1ndez. Junio 2012.<br \/>\n&#8211; 29th International Epilepsy Congress (ILAE). P\u00f3ster: \u201cNeuropsychological assessment of executive function in children and adolescents with frontal lobe epilepsy\u201d. Emilio Verche; Mariana Cair\u00f3s; Ruth Marrero Abrante; Sergio Hern\u00e1ndez. Agosto 2011.<\/p>\n<h4><strong>Otras actividades relacionadas con la investigaci\u00f3n: <\/strong><\/h4>\n<p>Divulgaci\u00f3n cient\u00edfica y otros eventos:<\/p>\n<p>&#8211; Organizaci\u00f3n del festival internacional \u201cPint of Science\u201d. 2016-2017.<br \/>\n&#8211; Organizaci\u00f3n del I Congreso de J\u00f3venes Investigadores de Canarias. 2015.<br \/>\n&#8211; Creaci\u00f3n de la web de divulgaci\u00f3n \u201cCerebro inquieto: aprendiendo sobre epilepsia\u201d. 2014.<br \/>\n&#8211; Participaci\u00f3n en ferias de divulgaci\u00f3n cient\u00edfica as\u00ed como en el programa de fomento de las vocaciones cient\u00edficas. 2012-2015.<\/p>\n<p>Grupos de investigaci\u00f3n, sociedades cient\u00edficas y asociaciones profesionales:<\/p>\n<p>&#8211; Sociedad Espa\u00f1ola de Epilepsia (SEEP), 2016.<br \/>\n&#8211; Asociaci\u00f3n de J\u00f3venes Investigadores de Tenerife (JINTE), 2012.<br \/>\n&#8211; Grupo iTED (Grupo de investigaci\u00f3n en interacci\u00f3n, TIC y educaci\u00f3n), 2012.<br \/>\n&#8211; Federaci\u00f3n de Asociaciones de Neuropsicolog\u00eda Espa\u00f1olas (FANPSE), 2010.<br \/>\n&#8211; Sociedad Canaria de Neuropsicolog\u00eda (SOCANEP), 2010 (miembro de la junta directiva desde 2014).<br \/>\n&#8211; Grupo de Investigaci\u00f3n en Neuropsicolog\u00eda del Desarrollo (GINDe), 2009.<\/p>\n<h4><strong>Experiencia laboral<\/strong><\/h4>\n<p>&#8211; 2013-2017: Personal Docente en Formaci\u00f3n del Departamento de Psicolog\u00eda Cl\u00ednica, Psicobiolog\u00eda y Metodolog\u00eda de la Facultad de Ciencias de la Salud en la Secci\u00f3n de Psicolog\u00eda y Logopedia de la Universidad de La Laguna. Puesto: Becario predoctoral financiado por la Agencia Canaria de Investigaci\u00f3n, Innovaci\u00f3n y Sociedad de la Informaci\u00f3n (ACIISI) a trav\u00e9s de las \u201cAyudas a la formaci\u00f3n del personal investigador para la realizaci\u00f3n de Tesis Doctorales, cofinanciadas con el Fondo Social Europeo (Convocatoria 2012)\u201d. Funciones: dise\u00f1o, desarrollo y publicaci\u00f3n de la tesis doctoral (incluye contactos en los hospitales, defensa ante comit\u00e9s \u00e9ticos, b\u00fasqueda de participantes, evaluaci\u00f3n neuropsicol\u00f3gica, redacci\u00f3n y entrega de informes neuropsicol\u00f3gicos, an\u00e1lisis de datos, publicaci\u00f3n de resultados, etc.). Asimismo particip\u00e9 de la actividad docente durante los 4 a\u00f1os en los grados de psicolog\u00eda y logopedia llegando a impartir 180 horas de docencia universitaria.<\/p>\n<p>&#8211; 2012-2013: Personal investigador del Departamento de Ingenier\u00eda de Sistemas y Autom\u00e1tica y Arquitectura y Tecnolog\u00eda de Computadores (ISAATC) en la Escuela de Ingenier\u00edas Industrial e Inform\u00e1tica de la Universidad de La Laguna. Puesto: Investigadora del proyecto \u201cDesarrollo de h\u00e1bitos saludables y la educaci\u00f3n f\u00edsica a trav\u00e9s de Videojuegos Educativos Motores para Ni\u00f1os y Adolescentes Hospitalizados (VIDEM)\u201d. Funciones: coordinaci\u00f3n del grupo de investigaci\u00f3n. Dise\u00f1o e implementaci\u00f3n del protocolo de investigaci\u00f3n para la validaci\u00f3n de una propuesta de intervenci\u00f3n con menores de edad obesos. Dise\u00f1o y puesta en pr\u00e1ctica de actividades l\u00fadico-educativas para menores hospitalizados. Testeo de herramientas TIC de car\u00e1cter educativo en plataformas tipo <em>tablets<\/em>. An\u00e1lisis de datos e interpretaci\u00f3n de resultados.<\/p>\n<p>&#8211; 2010-2012: Personal investigador del Departamento de Psicobiolog\u00eda y Metodolog\u00eda de las Ciencias del Comportamiento de la Facultad de Psicolog\u00eda de la Universidad de La Laguna. Puesto: Investigadora en el proyecto \u201cEvaluaci\u00f3n Neuropsicol\u00f3gica en ni\u00f1os con epilepsia del l\u00f3bulo frontal: relaci\u00f3n con par\u00e1metros de neuroimagen funcional\u201d. Financiado por la ACIISI. Funciones: selecci\u00f3n de participantes en el estudio, entrevistas iniciales con los familiares, evaluaci\u00f3n neuropsicol\u00f3gica, emisi\u00f3n y entrega de informes.<\/p>\n<p>&#8211; 2010-2012: Psic\u00f3loga en la Unidad de Esclerosis M\u00faltiple del Hospital Universitario Nuestra Se\u00f1ora de Candelaria en el \u201cProyecto de asesoramiento, evaluaci\u00f3n y tratamiento psicol\u00f3gico a pacientes con Esclerosis M\u00faltiple\u201d. Funciones: evaluaci\u00f3n e intervenci\u00f3n para el afrontamiento a la enfermedad. Recogida y an\u00e1lisis de los datos.<\/p>\n<p>&#8211; 2009 (6 meses): Becaria del proyecto de investigaci\u00f3n \u201cAn\u00e1lisis de las causas que provocan un bajo rendimiento en los primeros cursos de la Universidad de La Laguna\u201d en el Vicerrectorado de Alumnado de la Universidad de La Laguna. Funciones: entrevistas telef\u00f3nicas.<\/p>\n<h4><strong>Idiomas<\/strong><\/h4>\n<p>Ingl\u00e9s:B2<\/p>\n<p>&#8211; 2016: Curso \u201cEnglish for academic presentation advanced\u201d en la Universidad de La Laguna.<br \/>\n&#8211; 2008: Estancia Erasmus en la Universidad de Troms\u00f8, Noruega (7 meses).<br \/>\n&#8211; 2003: Ciclo Superior de Ense\u00f1anza en INGL\u00c9S (600 horas) por la Escuela Oficial de Idiomas.<\/p>\n<h4><strong>Competencias y capacidades<\/strong><\/h4>\n<p>Mi experiencia profesional, especialmente en el campo de la investigaci\u00f3n, me ha permitido desarrollar habilidades organizativas y de gesti\u00f3n as\u00ed como competencias en la coordinaci\u00f3n de equipos de trabajo. Por otra parte, mi experiencia cl\u00ednica en el trato directo con personas con patolog\u00edas neurol\u00f3gicas de diferente \u00edndole, ha hecho que tenga un visi\u00f3n amplia del funcionamiento cognitivo, conductual, emocional y social de estos pacientes y sus familiares. Lo que me permite a d\u00eda de hoy empatizar m\u00e1s f\u00e1cilmente con la realidad de las personas usuarias que acuden a diario al centro. En definitiva, disfruto realizando mi trabajo, la neuropsicolog\u00eda me entusiasma y me motivan los retos que supone la atenci\u00f3n a la persona usuaria y el trabajo en equipo.<\/p>\n<h4><strong>Aficiones<\/strong><\/h4>\n<p>Entiendo por aficiones aquello que elijo hacer para ser feliz. De modo que en primer lugar estar\u00eda compartir, ya sea tiempo con familiares y amigos, viajes a cualquier lugar del mundo, ratos en la naturaleza, cenas interminables\u2026pero siempre compartir. Tambi\u00e9n tengo aficiones que practico en soledad como la fotograf\u00eda o el pilates.<\/p>\n","protected":false},"excerpt":{"rendered":"<p>Coordinadora de la Unidad de D\u00eda de Da\u00f1o Cerebral Adquirido, Complejo Acam\u00e1n Trabajar con el colectivo de DCA no s\u00f3lo es un privilegio viviendo en Canarias, sino un aut\u00e9ntico reto. Siempre cre\u00ed que un Servicio como este era extremadamente necesario en las Islas. Y ahora tengo la oportunidad de poner mi granito de arena para&hellip;<\/p>\n","protected":false},"author":3,"featured_media":0,"parent":15075,"menu_order":0,"comment_status":"open","ping_status":"open","template":"","meta":{"footnotes":""},"_links":{"self":[{"href":"https:\/\/xn--daocerebral-2db.es\/en\/wp-json\/wp\/v2\/pages\/15007"}],"collection":[{"href":"https:\/\/xn--daocerebral-2db.es\/en\/wp-json\/wp\/v2\/pages"}],"about":[{"href":"https:\/\/xn--daocerebral-2db.es\/en\/wp-json\/wp\/v2\/types\/page"}],"author":[{"embeddable":true,"href":"https:\/\/xn--daocerebral-2db.es\/en\/wp-json\/wp\/v2\/users\/3"}],"replies":[{"embeddable":true,"href":"https:\/\/xn--daocerebral-2db.es\/en\/wp-json\/wp\/v2\/comments?post=15007"}],"version-history":[{"count":5,"href":"https:\/\/xn--daocerebral-2db.es\/en\/wp-json\/wp\/v2\/pages\/15007\/revisions"}],"predecessor-version":[{"id":56763,"href":"https:\/\/xn--daocerebral-2db.es\/en\/wp-json\/wp\/v2\/pages\/15007\/revisions\/56763"}],"up":[{"embeddable":true,"href":"https:\/\/xn--daocerebral-2db.es\/en\/wp-json\/wp\/v2\/pages\/15075"}],"wp:attachment":[{"href":"https:\/\/xn--daocerebral-2db.es\/en\/wp-json\/wp\/v2\/media?parent=15007"}],"curies":[{"name":"wp","href":"https:\/\/api.w.org\/{rel}","templated":true}]}}