{"id":14991,"date":"2011-12-13T17:24:54","date_gmt":"2011-12-13T17:24:54","guid":{"rendered":"http:\/\/da\u00f1ocerebral.es\/danio\/\/location\/"},"modified":"2018-09-11T06:59:50","modified_gmt":"2018-09-11T06:59:50","slug":"location","status":"publish","type":"page","link":"https:\/\/xn--daocerebral-2db.es\/en\/location\/","title":{"rendered":"Location"},"content":{"rendered":"\n<style>.gm-style-iw { line-height: inherit !important;}<\/style><div class=\"wpgmp_map_container \" rel=\"map1\"><div class=\"wpgmp_map_parent\"><div class=\"wpgmp_map \" style=\"width:100%; height:500px;\" id=\"map1\" ><\/div><\/div><\/div><div style=\"display:none !important;visiblity:hidden !important:width:0px;height:0px;padding:0px;margin:0px;\" class=\"wpgmp-map-data-container\" data-map-id=\"1\">eyJtYXBfb3B0aW9ucyI6eyJjZW50ZXJfbGF0IjoiNDEuNjI4ODc2MSIsImNlbnRlcl9sbmciOiItNC43MjMyMzYzMDAwMDAwNTMiLCJ6b29tIjo0LCJtYXBfdHlwZV9pZCI6IkhZQlJJRCIsImZpdF9ib3VuZHMiOmZhbHNlLCJkcmFnZ2FibGUiOnRydWUsInNjcm9sbF93aGVlbCI6dHJ1ZSwiZGlzcGxheV80NV9pbWFnZXJ5IjoiIiwibWFya2VyX2RlZmF1bHRfaWNvbiI6Imh0dHBzOlwvXC94bi0tZGFvY2VyZWJyYWwtMmRiLmVzXC93cC1jb250ZW50XC9wbHVnaW5zXC93cC1nb29nbGUtbWFwLXBsdWdpblwvYXNzZXRzXC9pbWFnZXNcL2RlZmF1bHRfbWFya2VyLnBuZyIsImluZm93aW5kb3dfc2V0dGluZyI6IiIsImluZm93aW5kb3dfYm91bmNlX2FuaW1hdGlvbiI6IiIsImluZm93aW5kb3dfZHJvcF9hbmltYXRpb24iOmZhbHNlLCJjbG9zZV9pbmZvd2luZG93X29uX21hcF9jbGljayI6ZmFsc2UsImluZm93aW5kb3dfc2tpbiI6IiIsImRlZmF1bHRfaW5mb3dpbmRvd19vcGVuIjpmYWxzZSwiaW5mb3dpbmRvd19vcGVuX2V2ZW50IjoiY2xpY2siLCJmdWxsX3NjcmVlbl9jb250cm9sIjp0cnVlLCJzZWFyY2hfY29udHJvbCI6dHJ1ZSwiem9vbV9jb250cm9sIjp0cnVlLCJtYXBfdHlwZV9jb250cm9sIjp0cnVlLCJzdHJlZXRfdmlld19jb250cm9sIjp0cnVlLCJmdWxsX3NjcmVlbl9jb250cm9sX3Bvc2l0aW9uIjoiVE9QX1JJR0hUIiwic2VhcmNoX2NvbnRyb2xfcG9zaXRpb24iOiJUT1BfTEVGVCIsInpvb21fY29udHJvbF9wb3NpdGlvbiI6bnVsbCwibWFwX3R5cGVfY29udHJvbF9wb3NpdGlvbiI6bnVsbCwibWFwX3R5cGVfY29udHJvbF9zdHlsZSI6bnVsbCwic3RyZWV0X3ZpZXdfY29udHJvbF9wb3NpdGlvbiI6bnVsbCwibWFwX2NvbnRyb2wiOnRydWUsIm1hcF9jb250cm9sX3NldHRpbmdzIjpmYWxzZSwibWFwX3pvb21fYWZ0ZXJfc2VhcmNoIjo2LCJ3aWR0aCI6IjEwMCUiLCJoZWlnaHQiOiI1MDAifSwicGxhY2VzIjpbeyJpZCI6IjEiLCJ0aXRsZSI6IkNlbnRybyBIb3NwaXRhbGFyaW8gQmVuaXRvIE1lbm5pIiwiYWRkcmVzcyI6IlBhc2VvIGRlIEp1YW4gQ2FybG9zIEksIDEwLCA0NzAwOCBWYWxsYWRvbGlkLCBTcGFpbiIsInNvdXJjZSI6Im1hbnVhbCIsImNvbnRlbnQiOiJQXHUwMGJhIEp1YW4gQ2FybG9zIEksIDEwXHJcbjQ3MDA4IFZhbGxhZG9saWRcclxuVGVsOiArMzQgOTgzIDI3MiA2MDBcclxuRS1tYWlsOiA8YSBocmVmPVwibWFpbHRvOmlmb2xnYWRvQG1lbm5pLmNvbVwiPmlmb2xnYWRvQG1lbm5pLmNvbTxcL2E+IFxyXG5XZWI6IDxhIGhyZWY9XCJodHRwOlwvXC93d3cuYmVuaXRvbWVubmkub3JnXCIgdGFyZ2V0PVwiYmxhbmtcIj53d3cuYmVuaXRvbWVubmkub3JnPFwvYT4iLCJsb2NhdGlvbiI6eyJpY29uIjoiaHR0cHM6XC9cL3huLS1kYW9jZXJlYnJhbC0yZGIuZXNcL3dwLWNvbnRlbnRcL3VwbG9hZHNcLzIwMjVcLzAxXC9mYXZpMzIucG5nIiwibGF0IjoiNDEuNjI4ODc2MSIsImxuZyI6Ii00LjcyMzIzNjMwMDAwMDA1MyIsImNpdHkiOm51bGwsInN0YXRlIjpudWxsLCJjb3VudHJ5IjpudWxsLCJvbmNsaWNrX2FjdGlvbiI6Im1hcmtlciIsInJlZGlyZWN0X2N1c3RvbV9saW5rIjoiIiwibWFya2VyX2ltYWdlIjoiIiwib3Blbl9uZXdfdGFiIjoiIiwicG9zdGFsX2NvZGUiOm51bGwsImRyYWdnYWJsZSI6ZmFsc2UsImluZm93aW5kb3dfZGVmYXVsdF9vcGVuIjpmYWxzZSwiYW5pbWF0aW9uIjpudWxsLCJpbmZvd2luZG93X2Rpc2FibGUiOnRydWUsInpvb20iOjUsImV4dHJhX2ZpZWxkcyI6IiJ9LCJjYXRlZ29yaWVzIjpbeyJpZCI6IjEiLCJuYW1lIjoiSG9zcGl0YWwiLCJ0eXBlIjoiY2F0ZWdvcnkiLCJleHRlbnNpb25fZmllbGRzIjpbXSwiaWNvbiI6Imh0dHBzOlwvXC94bi0tZGFvY2VyZWJyYWwtMmRiLmVzXC93cC1jb250ZW50XC91cGxvYWRzXC8yMDI1XC8wMVwvZmF2aTMyLnBuZyJ9XSwiY3VzdG9tX2ZpbHRlcnMiOiIifSx7ImlkIjoiMiIsInRpdGxlIjoiQ2VudHJvIEhvc3BpdGFsYXJpbyBQYWRyZSBNZW5uaSIsImFkZHJlc3MiOiJBdmRhLiBkZSBDYW50YWJyaWEsIDUyIDM5MDEyIFNhbnRhbmRlciAoQ0FOVEFCUklBKSIsInNvdXJjZSI6Im1hbnVhbCIsImNvbnRlbnQiOiJBdmRhLiBkZSBDYW50YWJyaWEsIDUyXHJcbjM5MDEyIFNhbnRhbmRlciAoQ0FOVEFCUklBKVxyXG5UZWw6ICszNCA5NDIzOTAwNjBcclxuUGVyc29uYSBkZSBjb250YWN0bzpcclxuTWlndWVsIENhbXBvIE1hdGlsbGFcclxuRW1haWw6IDxhIGhyZWY9XCJtYWlsdG86aG9zcGl0YWxAbWVubmlzYW50LmNvbVwiPmhvc3BpdGFsQG1lbm5pc2FudC5jb208XC9hPlxyXG5XZWI6IDxhIGhyZWY9XCJodHRwOlwvXC93d3cuY2VudHJvcGFkcmVtZW5uaS5vcmdcIiB0YXJnZXQ9XCJibGFua1wiPnd3dy5jZW50cm9wYWRyZW1lbm5pLm9yZzxcL2E+IiwibG9jYXRpb24iOnsiaWNvbiI6Imh0dHBzOlwvXC94bi0tZGFvY2VyZWJyYWwtMmRiLmVzXC93cC1jb250ZW50XC91cGxvYWRzXC8yMDI1XC8wMVwvZmF2aTMyLnBuZyIsImxhdCI6IjQzLjQ3Njg1OSIsImxuZyI6Ii0zLjgwMjUxNjcwMDAwMDA2OTIiLCJjaXR5IjpudWxsLCJzdGF0ZSI6bnVsbCwiY291bnRyeSI6bnVsbCwib25jbGlja19hY3Rpb24iOiJtYXJrZXIiLCJyZWRpcmVjdF9jdXN0b21fbGluayI6IiIsIm1hcmtlcl9pbWFnZSI6IiIsIm9wZW5fbmV3X3RhYiI6IiIsInBvc3RhbF9jb2RlIjpudWxsLCJkcmFnZ2FibGUiOmZhbHNlLCJpbmZvd2luZG93X2RlZmF1bHRfb3BlbiI6ZmFsc2UsImFuaW1hdGlvbiI6bnVsbCwiaW5mb3dpbmRvd19kaXNhYmxlIjp0cnVlLCJ6b29tIjo1LCJleHRyYV9maWVsZHMiOiIifSwiY2F0ZWdvcmllcyI6W3siaWQiOiIxIiwibmFtZSI6Ikhvc3BpdGFsIiwidHlwZSI6ImNhdGVnb3J5IiwiZXh0ZW5zaW9uX2ZpZWxkcyI6W10sImljb24iOiJodHRwczpcL1wveG4tLWRhb2NlcmVicmFsLTJkYi5lc1wvd3AtY29udGVudFwvdXBsb2Fkc1wvMjAyNVwvMDFcL2ZhdmkzMi5wbmcifV0sImN1c3RvbV9maWx0ZXJzIjoiIn0seyJpZCI6IjMiLCJ0aXRsZSI6IlJlZCBNZW5uaSBCaWxiYW8iLCJhZGRyZXNzIjoiQ2FsbGUgRWdhXHUwMGYxYSwgMTAsIDQ4MDEwIEJpbGJhbywgU3BhaW4iLCJzb3VyY2UiOiJtYW51YWwiLCJjb250ZW50IjoiQ1wvIEVnYVx1MDBmMWEsIDEwXHJcbjQ4MDEwIEJJTEJBT1xyXG5UZWw6ICszNCA5NDQgNDM0IDkyN1xyXG5FLW1haWw6IDxhIGhyZWY9XCJtYWlsdG86Y2VuZXJAYWl0YS1tZW5uaS5vcmdcIj5jZW5lckBhaXRhLW1lbm5pLm9yZzxcL2E+IiwibG9jYXRpb24iOnsiaWNvbiI6Imh0dHBzOlwvXC94bi0tZGFvY2VyZWJyYWwtMmRiLmVzXC93cC1jb250ZW50XC91cGxvYWRzXC8yMDI1XC8wMVwvZmF2aTMyLnBuZyIsImxhdCI6IjQzLjI1ODI3NiIsImxuZyI6Ii0yLjkzNzU3ODA5OTk5OTk5NiIsImNpdHkiOm51bGwsInN0YXRlIjpudWxsLCJjb3VudHJ5IjpudWxsLCJvbmNsaWNrX2FjdGlvbiI6Im1hcmtlciIsInJlZGlyZWN0X2N1c3RvbV9saW5rIjoiIiwibWFya2VyX2ltYWdlIjoiIiwib3Blbl9uZXdfdGFiIjoiIiwicG9zdGFsX2NvZGUiOm51bGwsImRyYWdnYWJsZSI6ZmFsc2UsImluZm93aW5kb3dfZGVmYXVsdF9vcGVuIjpmYWxzZSwiYW5pbWF0aW9uIjpudWxsLCJpbmZvd2luZG93X2Rpc2FibGUiOnRydWUsInpvb20iOjUsImV4dHJhX2ZpZWxkcyI6IiJ9LCJjYXRlZ29yaWVzIjpbeyJpZCI6IjEiLCJuYW1lIjoiSG9zcGl0YWwiLCJ0eXBlIjoiY2F0ZWdvcnkiLCJleHRlbnNpb25fZmllbGRzIjpbXSwiaWNvbiI6Imh0dHBzOlwvXC94bi0tZGFvY2VyZWJyYWwtMmRiLmVzXC93cC1jb250ZW50XC91cGxvYWRzXC8yMDI1XC8wMVwvZmF2aTMyLnBuZyJ9XSwiY3VzdG9tX2ZpbHRlcnMiOiIifSx7ImlkIjoiNCIsInRpdGxlIjoiQ2VudHJvIGRlIENydXogUm9qYSAiLCJhZGRyZXNzIjoiQ2VudHJvIGRlIENydXogUm9qYS4gQ1wvIE1hdGlhLCA3IDIwMDA4IERPTk9TVElBLVNBTiBTRUJBU1RJXHUwMGMxTiIsInNvdXJjZSI6Im1hbnVhbCIsImNvbnRlbnQiOiJDZW50cm8gZGUgQ3J1eiBSb2phLiBDXC8gTWF0aWEsIDdcclxuMjAwMDggRE9OT1NUSUEtU0FOIFNFQkFTVElcdTAwYzFOXHJcblRlbDogKzM0IDk0MyAyMiA0NCAwMVxyXG5FLW1haWw6IDxhIGhyZWY9XCJtYWlsdG86Y2RkY2Rvbm9zdGlhQGFpdGEtbWVubmkub3JnXCI+Y2RkY2Rvbm9zdGlhQGFpdGEtbWVubmkub3JnPFwvYT4iLCJsb2NhdGlvbiI6eyJpY29uIjoiaHR0cHM6XC9cL3huLS1kYW9jZXJlYnJhbC0yZGIuZXNcL3dwLWNvbnRlbnRcL3VwbG9hZHNcLzIwMjVcLzAxXC9mYXZpMzIucG5nIiwibGF0IjoiNDMuMzE0MDMwOCIsImxuZyI6Ii0yLjAwMTczOTc5OTk5OTk5NTciLCJjaXR5IjpudWxsLCJzdGF0ZSI6bnVsbCwiY291bnRyeSI6bnVsbCwib25jbGlja19hY3Rpb24iOiJtYXJrZXIiLCJyZWRpcmVjdF9jdXN0b21fbGluayI6IiIsIm1hcmtlcl9pbWFnZSI6IiIsIm9wZW5fbmV3X3RhYiI6IiIsInBvc3RhbF9jb2RlIjpudWxsLCJkcmFnZ2FibGUiOmZhbHNlLCJpbmZvd2luZG93X2RlZmF1bHRfb3BlbiI6ZmFsc2UsImFuaW1hdGlvbiI6bnVsbCwiaW5mb3dpbmRvd19kaXNhYmxlIjp0cnVlLCJ6b29tIjo1LCJleHRyYV9maWVsZHMiOiIifSwiY2F0ZWdvcmllcyI6W3siaWQiOiIxIiwibmFtZSI6Ikhvc3BpdGFsIiwidHlwZSI6ImNhdGVnb3J5IiwiZXh0ZW5zaW9uX2ZpZWxkcyI6W10sImljb24iOiJodHRwczpcL1wveG4tLWRhb2NlcmVicmFsLTJkYi5lc1wvd3AtY29udGVudFwvdXBsb2Fkc1wvMjAyNVwvMDFcL2ZhdmkzMi5wbmcifV0sImN1c3RvbV9maWx0ZXJzIjoiIn0seyJpZCI6IjUiLCJ0aXRsZSI6IlJlZCBNZW5uaSBBcnJhc2F0ZSIsImFkZHJlc3MiOiJDXC8gQXpva2EsIDQgMjAwMDggQVJSQVNBVEUtTU9ORFJBR1x1MDBkM04iLCJzb3VyY2UiOiJtYW51YWwiLCJjb250ZW50IjoiQ1wvIEF6b2thLCA0XHJcbjIwMDA4IEFSUkFTQVRFLU1PTkRSQUdcdTAwZDNOXHJcblRlbDogKzM0IDk0Mzc5IDI4IDA3XHJcbkUtbWFpbDogPGEgaHJlZj1cIm1haWx0bzphem9rYUBhaXRhLW1lbm5pLm9yZ1wiPmF6b2thQGFpdGEtbWVubmkub3JnPFwvYT4iLCJsb2NhdGlvbiI6eyJpY29uIjoiaHR0cHM6XC9cL3huLS1kYW9jZXJlYnJhbC0yZGIuZXNcL3dwLWNvbnRlbnRcL3VwbG9hZHNcLzIwMjVcLzAxXC9mYXZpMzIucG5nIiwibGF0IjoiNDMuMDY2OTM0NiIsImxuZyI6Ii0yLjQ4ODQ5OTYwMDAwMDA2ODMiLCJjaXR5IjpudWxsLCJzdGF0ZSI6bnVsbCwiY291bnRyeSI6bnVsbCwib25jbGlja19hY3Rpb24iOiJtYXJrZXIiLCJyZWRpcmVjdF9jdXN0b21fbGluayI6IiIsIm1hcmtlcl9pbWFnZSI6IiIsIm9wZW5fbmV3X3RhYiI6IiIsInBvc3RhbF9jb2RlIjpudWxsLCJkcmFnZ2FibGUiOmZhbHNlLCJpbmZvd2luZG93X2RlZmF1bHRfb3BlbiI6ZmFsc2UsImFuaW1hdGlvbiI6bnVsbCwiaW5mb3dpbmRvd19kaXNhYmxlIjp0cnVlLCJ6b29tIjo1LCJleHRyYV9maWVsZHMiOiIifSwiY2F0ZWdvcmllcyI6W3siaWQiOiIxIiwibmFtZSI6Ikhvc3BpdGFsIiwidHlwZSI6ImNhdGVnb3J5IiwiZXh0ZW5zaW9uX2ZpZWxkcyI6W10sImljb24iOiJodHRwczpcL1wveG4tLWRhb2NlcmVicmFsLTJkYi5lc1wvd3AtY29udGVudFwvdXBsb2Fkc1wvMjAyNVwvMDFcL2ZhdmkzMi5wbmcifV0sImN1c3RvbV9maWx0ZXJzIjoiIn0seyJpZCI6IjYiLCJ0aXRsZSI6IlJlZCBNZW5uaSBBcnJhc2F0ZSBJSSIsImFkZHJlc3MiOiJHZXNhbGliYXIsIDE1IDIwNTA5IEFSUkFTQVRFLU1PTkRSQUdcdTAwZDNOIiwic291cmNlIjoibWFudWFsIiwiY29udGVudCI6Ikdlc2FsaWJhciwgMTVcclxuMjA1MDkgQVJSQVNBVEUtTU9ORFJBR1x1MDBkM05cclxuVGVsOiArMzQgOTQzIDc5NCA0MTFcclxuRS1tYWlsOiA8YSBocmVmPVwibWFpbHRvOnVkY0BhaXRhLW1lbm5pLm9yZ1wiPnVkY0BhaXRhLW1lbm5pLm9yZzxcL2E+XHJcbldlYjogPGEgaHJlZj1cImh0dHA6XC9cL3d3dy5haXRhLW1lbm5pLm9yZ1wiIHRhcmdldD1cImJsYW5rXCI+d3d3LmFpdGEtbWVubmkub3JnPFwvYT4iLCJsb2NhdGlvbiI6eyJpY29uIjoiaHR0cHM6XC9cL3huLS1kYW9jZXJlYnJhbC0yZGIuZXNcL3dwLWNvbnRlbnRcL3VwbG9hZHNcLzIwMjVcLzAxXC9mYXZpMzIucG5nIiwibGF0IjoiNDMuMDYyODU2MyIsImxuZyI6Ii0yLjUyOTk5NDc5OTk5OTk0MDQiLCJjaXR5IjpudWxsLCJzdGF0ZSI6bnVsbCwiY291bnRyeSI6bnVsbCwib25jbGlja19hY3Rpb24iOiJtYXJrZXIiLCJyZWRpcmVjdF9jdXN0b21fbGluayI6IiIsIm1hcmtlcl9pbWFnZSI6IiIsIm9wZW5fbmV3X3RhYiI6IiIsInBvc3RhbF9jb2RlIjpudWxsLCJkcmFnZ2FibGUiOmZhbHNlLCJpbmZvd2luZG93X2RlZmF1bHRfb3BlbiI6ZmFsc2UsImFuaW1hdGlvbiI6bnVsbCwiaW5mb3dpbmRvd19kaXNhYmxlIjp0cnVlLCJ6b29tIjo1LCJleHRyYV9maWVsZHMiOiIifSwiY2F0ZWdvcmllcyI6W3siaWQiOiIxIiwibmFtZSI6Ikhvc3BpdGFsIiwidHlwZSI6ImNhdGVnb3J5IiwiZXh0ZW5zaW9uX2ZpZWxkcyI6W10sImljb24iOiJodHRwczpcL1wveG4tLWRhb2NlcmVicmFsLTJkYi5lc1wvd3AtY29udGVudFwvdXBsb2Fkc1wvMjAyNVwvMDFcL2ZhdmkzMi5wbmcifV0sImN1c3RvbV9maWx0ZXJzIjoiIn0seyJpZCI6IjciLCJ0aXRsZSI6Ikhvc3BpdGFsIEJlYXRhIE1hclx1MDBlZGEgQW5hLVVuaWRhZCBkZSBEYVx1MDBmMW8gQ2VyZWJyYWwiLCJhZGRyZXNzIjoiQ2FsbGUgRG9jdG9yIEVzcXVlcmRvLCA4MywgMjgwMDcgTWFkcmlkLCBTcGFpbiIsInNvdXJjZSI6Im1hbnVhbCIsImNvbnRlbnQiOiJEb2N0b3IgRXNxdWVyZG8sIDgzXHJcbjI4MDA3IE1BRFJJRFxyXG5UZWw6ICszNCA5MTQgMDkwIDkwM1xyXG5cclxuRS1tYWlsOiAgPGEgaHJlZj1cIm1haWx0bzp0aGlkYWxnb0Bob3NwaXRhbGFyaWFzbWFkcmlkLm9yZ1wiPnRoaWRhbGdvQGhvc3BpdGFsYXJpYXNtYWRyaWQub3JnPFwvYT5cclxuRS1tYWlsOiA8YSBocmVmPVwibWFpbHRvOnZtYXJ0aW5lekBob3NwaXRhbGFyaWFzbWFkcmlkLm9yZ1wiPnZtYXJ0aW5lekBob3NwaXRhbGFyaWFzbWFkcmlkLm9yZzxcL2E+XHJcbldlYjogPGEgaHJlZj1cImh0dHA6XC9cL3d3dy5ob3NwaXRhbGJlYXRhLm9yZ1wiIHRhcmdldD1cImJsYW5rXCI+IHd3dy5ob3NwaXRhbGJlYXRhLm9yZyA8XC9hPlxyXG4iLCJsb2NhdGlvbiI6eyJpY29uIjoiaHR0cHM6XC9cL3huLS1kYW9jZXJlYnJhbC0yZGIuZXNcL3dwLWNvbnRlbnRcL3VwbG9hZHNcLzIwMjVcLzAxXC9mYXZpMzIucG5nIiwibGF0IjoiNDAuNDE4MDY4OTAwMDAwMDEiLCJsbmciOiItMy42Njg5OTk5MDAwMDAwMTciLCJjaXR5IjpudWxsLCJzdGF0ZSI6bnVsbCwiY291bnRyeSI6bnVsbCwib25jbGlja19hY3Rpb24iOiJtYXJrZXIiLCJyZWRpcmVjdF9jdXN0b21fbGluayI6IiIsIm1hcmtlcl9pbWFnZSI6IiIsIm9wZW5fbmV3X3RhYiI6IiIsInBvc3RhbF9jb2RlIjpudWxsLCJkcmFnZ2FibGUiOmZhbHNlLCJpbmZvd2luZG93X2RlZmF1bHRfb3BlbiI6ZmFsc2UsImFuaW1hdGlvbiI6bnVsbCwiaW5mb3dpbmRvd19kaXNhYmxlIjp0cnVlLCJ6b29tIjo1LCJleHRyYV9maWVsZHMiOiIifSwiY2F0ZWdvcmllcyI6W3siaWQiOiIxIiwibmFtZSI6Ikhvc3BpdGFsIiwidHlwZSI6ImNhdGVnb3J5IiwiZXh0ZW5zaW9uX2ZpZWxkcyI6W10sImljb24iOiJodHRwczpcL1wveG4tLWRhb2NlcmVicmFsLTJkYi5lc1wvd3AtY29udGVudFwvdXBsb2Fkc1wvMjAyNVwvMDFcL2ZhdmkzMi5wbmcifV0sImN1c3RvbV9maWx0ZXJzIjoiIn0seyJpZCI6IjgiLCJ0aXRsZSI6IkNlbnRybyBTb2Npb3Nhbml0YXJpbyBOdHJhLiBTcmEuIGRlbCBDYXJtZW4gfCBVbmlkYWQgZGUgRGFcdTAwZjFvIENlcmVicmFsIiwiYWRkcmVzcyI6IkNhcnJlciBkJ0V1Z1x1MDBlOG5pYSBWaVx1MDBmMWVzLCAxNTYsIDQ2MDExIFZhbGVuY2lhLCBTcGFpbiIsInNvdXJjZSI6Im1hbnVhbCIsImNvbnRlbnQiOiJFdWdlbmlhIFZpXHUwMGYxZXMsIDE1NlxyXG40NjAxMSBWQUxFTkNJQVxyXG5UZWw6ICszNCA5NjMgNTY4IDI2MVxyXG5FLW1haWw6IDxhIGhyZWY9bWFpbHRvOmZob3J0aXpAaG9zcGl0YWxhcmlhc21hZHJpZC5vcmdcIj4gZmhvcnRpekBob3NwaXRhbGFyaWFzbWFkcmlkLm9yZyA8XC9hPlxyXG5XZWI6IDxhIGhyZWY9XCJodHRwOlwvXC93d3cuc29jaW9zYW5pdGFyaW9lbGNhcm1lbi5vcmdcIiB0YXJnZXQ9XCJibGFua1wiPiB3d3cuc29jaW9zYW5pdGFyaW9lbGNhcm1lbi5vcmcgPFwvYT5cclxuXHJcbiIsImxvY2F0aW9uIjp7Imljb24iOiJodHRwczpcL1wveG4tLWRhb2NlcmVicmFsLTJkYi5lc1wvd3AtY29udGVudFwvdXBsb2Fkc1wvMjAyNVwvMDFcL2ZhdmkzMi5wbmciLCJsYXQiOiIzOS40NzMwMjczIiwibG5nIjoiLTAuMzI1NDkxNjk5OTk5OTI5NTUiLCJjaXR5IjpudWxsLCJzdGF0ZSI6bnVsbCwiY291bnRyeSI6bnVsbCwib25jbGlja19hY3Rpb24iOiJtYXJrZXIiLCJyZWRpcmVjdF9jdXN0b21fbGluayI6IiIsIm1hcmtlcl9pbWFnZSI6IiIsIm9wZW5fbmV3X3RhYiI6IiIsInBvc3RhbF9jb2RlIjpudWxsLCJkcmFnZ2FibGUiOmZhbHNlLCJpbmZvd2luZG93X2RlZmF1bHRfb3BlbiI6ZmFsc2UsImFuaW1hdGlvbiI6bnVsbCwiaW5mb3dpbmRvd19kaXNhYmxlIjp0cnVlLCJ6b29tIjo1LCJleHRyYV9maWVsZHMiOiIifSwiY2F0ZWdvcmllcyI6W3siaWQiOiIxIiwibmFtZSI6Ikhvc3BpdGFsIiwidHlwZSI6ImNhdGVnb3J5IiwiZXh0ZW5zaW9uX2ZpZWxkcyI6W10sImljb24iOiJodHRwczpcL1wveG4tLWRhb2NlcmVicmFsLTJkYi5lc1wvd3AtY29udGVudFwvdXBsb2Fkc1wvMjAyNVwvMDFcL2ZhdmkzMi5wbmcifV0sImN1c3RvbV9maWx0ZXJzIjoiIn0seyJpZCI6IjkiLCJ0aXRsZSI6IkNlbnRybyBkZSBEXHUwMGVkYSBwYXJhIFBlcnNvbmFzIGNvbiBEaXNjYXBhY2lkYWQgTmV1cm9sXHUwMGYzZ2ljYSIsImFkZHJlc3MiOiJadWF0enUgS2FsZWEsIDgsIFNhbiBTZWJhc3RpXHUwMGUxbiwgU3BhaW4iLCJzb3VyY2UiOiJtYW51YWwiLCJjb250ZW50IjoiUEFSUVVFIEVNUFJFU0FSSUFMIFpVQVRaVVxyXG5adWF0enUgS2FsZWEgOFxyXG5FZGlmaWNpbyBPcmlhXHJcblBsYW50YSBCYWphLCBsb2NhbGVzIDEgeSAyXHJcbjIwMDE4IERvbm9zdGlhLVNhbiBTZWJhc3RpYW5cclxuVGVsOiArMzQgOTQzIDIyIDQ0IDAxXHJcbkUtbWFpbDogPGEgaHJlZj1cIm1haWx0bzpvdXJpYXJ0ZUBhaXRhLW1lbm5pLm9yZ1wiPm91cmlhcnRlQGFpdGEtbWVubmkub3JnPFwvYT4iLCJsb2NhdGlvbiI6eyJpY29uIjoiaHR0cHM6XC9cL3huLS1kYW9jZXJlYnJhbC0yZGIuZXNcL3dwLWNvbnRlbnRcL3VwbG9hZHNcLzIwMjVcLzAxXC9mYXZpMzIucG5nIiwibGF0IjoiNDMuMjk1NzQiLCJsbmciOiItMi4wMTA4NjQzOTk5OTk5NDYiLCJjaXR5IjpudWxsLCJzdGF0ZSI6bnVsbCwiY291bnRyeSI6bnVsbCwib25jbGlja19hY3Rpb24iOiJtYXJrZXIiLCJyZWRpcmVjdF9jdXN0b21fbGluayI6IiIsIm1hcmtlcl9pbWFnZSI6IiIsIm9wZW5fbmV3X3RhYiI6IiIsInBvc3RhbF9jb2RlIjpudWxsLCJkcmFnZ2FibGUiOmZhbHNlLCJpbmZvd2luZG93X2RlZmF1bHRfb3BlbiI6ZmFsc2UsImFuaW1hdGlvbiI6bnVsbCwiaW5mb3dpbmRvd19kaXNhYmxlIjp0cnVlLCJ6b29tIjo1LCJleHRyYV9maWVsZHMiOiIifSwiY2F0ZWdvcmllcyI6W3siaWQiOiIxIiwibmFtZSI6Ikhvc3BpdGFsIiwidHlwZSI6ImNhdGVnb3J5IiwiZXh0ZW5zaW9uX2ZpZWxkcyI6W10sImljb24iOiJodHRwczpcL1wveG4tLWRhb2NlcmVicmFsLTJkYi5lc1wvd3AtY29udGVudFwvdXBsb2Fkc1wvMjAyNVwvMDFcL2ZhdmkzMi5wbmcifV0sImN1c3RvbV9maWx0ZXJzIjoiIn0seyJpZCI6IjEwIiwidGl0bGUiOiJDb21wbGVqbyBBY2FtXHUwMGUxbiIsImFkZHJlc3MiOiJDYXJyZXRlcmEgU2FuIE1pZ3VlbCBkZSBHZW5ldG8sIG5cdTAwYmEgNywgU2FudGEgY3J1eiBkZSB0ZW5lcmlmZSwgc3BhaW4iLCJzb3VyY2UiOiJtYW51YWwiLCJjb250ZW50IjoiQ29tcGxlam8gQWNhbVx1MDBlMW5cclxuQ3RyYS4gU2FuIE1pZ3VlbCBkZSBHZW5ldG8sIG5cdTAwYmEgNzMuXHJcbjM4Mjk2IFNhbiBDcmlzdFx1MDBmM2JhbCBkZSBMYSBMYWd1bmEgKFRlbmVyaWZlKVxyXG5UZWw6ICszNCA5MjIgIDI1NSAwNDBcclxuRS1tYWlsOiA8YSBocmVmPVwibWFpbHRvOmJnYWxkb25hLmFjYW1hbkBob3NwaXRhbGFyaWFzLmVzXCI+YmdhbGRvbmEuYWNhbWFuQGhvc3BpdGFsYXJpYXMuZXM8XC9hPiBcclxuIiwibG9jYXRpb24iOnsiaWNvbiI6Imh0dHBzOlwvXC94bi0tZGFvY2VyZWJyYWwtMmRiLmVzXC93cC1jb250ZW50XC91cGxvYWRzXC8yMDI1XC8wMVwvZmF2aTMyLnBuZyIsImxhdCI6IjI4LjQ3OTQwNzIiLCJsbmciOiItMTYuMzIwMzY1MyIsImNpdHkiOm51bGwsInN0YXRlIjpudWxsLCJjb3VudHJ5IjpudWxsLCJvbmNsaWNrX2FjdGlvbiI6Im1hcmtlciIsInJlZGlyZWN0X2N1c3RvbV9saW5rIjoiIiwibWFya2VyX2ltYWdlIjoiIiwib3Blbl9uZXdfdGFiIjoiIiwicG9zdGFsX2NvZGUiOm51bGwsImRyYWdnYWJsZSI6ZmFsc2UsImluZm93aW5kb3dfZGVmYXVsdF9vcGVuIjpmYWxzZSwiYW5pbWF0aW9uIjpudWxsLCJpbmZvd2luZG93X2Rpc2FibGUiOnRydWUsInpvb20iOjUsImV4dHJhX2ZpZWxkcyI6IiJ9LCJjYXRlZ29yaWVzIjpbeyJpZCI6IjEiLCJuYW1lIjoiSG9zcGl0YWwiLCJ0eXBlIjoiY2F0ZWdvcnkiLCJleHRlbnNpb25fZmllbGRzIjpbXSwiaWNvbiI6Imh0dHBzOlwvXC94bi0tZGFvY2VyZWJyYWwtMmRiLmVzXC93cC1jb250ZW50XC91cGxvYWRzXC8yMDI1XC8wMVwvZmF2aTMyLnBuZyJ9XSwiY3VzdG9tX2ZpbHRlcnMiOiIifV0sInN0eWxlcyI6IiIsImxpc3RpbmciOiIiLCJtYXJrZXJfY2x1c3RlciI6IiIsIm1hcF9wcm9wZXJ0eSI6eyJtYXBfaWQiOiIxIiwiZGVidWdfbW9kZSI6ZmFsc2V9fQ==<\/div>\n<h3>Pa\u00eds Vasco<\/h3>\n<p>[one-fourth last=false]<\/p>\n<h5>Hospital Aita Menni<\/h5>\n<p>Unidad de Da\u00f1o Cerebral<br \/>\nGesalibar, 15<br \/>\n20509 ARRASATE-MONDRAG\u00d3N<br \/>\nTel: +34 943 794 411<\/p>\n<p>E-mail: <a href=\"mailto:udc@aita-menni.org\">udc.aitamenni@hospitalarias.es<\/a><br \/>\nWeb:\u00a0<a title=\"Escr\u00edbenos\" href=\"http:\/\/www.aita-menni.org\" target=\"_blank\" rel=\"noopener\">www.aita-menni.org<\/a><\/p>\n<p>[\/one-fourth]<\/p>\n<p>[one-fourth last=false]<\/p>\n<h5>Centro de Neurorrehabilitaci\u00f3n<\/h5>\n<p>c\/ Ega\u00f1a, 10<br \/>\n48010 BILBAO<br \/>\nTel: +34 944 434 927<\/p>\n<p>E-mail: <a title=\"Escr\u00edbenos\" href=\"mailto:cener@aita-menni.org\">cener.aitamenni@hospitalarias.es<\/a>\u00a0[\/one-fourth]<\/p>\n<p>[one-fourth last=false]<\/p>\n<h5>Centro de D\u00eda para Personas con Discapacidad Neurol\u00f3gica<\/h5>\n<p>PARQUE EMPRESARIAL ZUATZU<br \/>\nZuatzu Kalea 8<br \/>\nEdificio Oria<br \/>\nPlanta Baja, locales 1 y 2<br \/>\n20018 Donostia-San Sebastian<br \/>\nTel: +34 943 22 44 01<\/p>\n<p>E-mail: <a href=\"mailto:ouriarte@aita-menni.org\">ouriarte.aitamenni@hospitalarias.es<\/a>\u00a0[\/one-fourth]<\/p>\n<p>[one-fourth last=true]<\/p>\n<h5>Centro de D\u00eda para Personas con Discapacidad Neurol\u00f3gica<\/h5>\n<p>C\/ Azoka, 4<br \/>\n20008 ARRASATE-MONDRAG\u00d3N<br \/>\nTel: +34 94379 28 07<\/p>\n<p>E-mail: <a href=\"mailto:ouriarte@aita-menni.org\">ouriarte.aitamenni@hospitalarias.es\u00a0<\/a>[\/one-fourth]<\/p>\n<h3>Cantabria<\/h3>\n<h5>Centro Hospitalario Padre Menni<br \/>\nUnidad de Rehabilitaci\u00f3n Ambulatoria<\/h5>\n<p>Avda. de Cantabria, 52 &#8211; 39012 Santander<br \/>\n(CANTABRIA)<br \/>\nTel: +34 942390060<\/p>\n<p>Persona de contacto: Miguel Campo Matilla<br \/>\nEmail: <a href=\"mailto:hospital@mennisant.com\">hospital.cantabria@hospitalarias.es<\/a><br \/>\nWeb: <a title=\"Visita la web\" href=\"http:\/\/www.centropadremenni.org\" target=\"_blank\" rel=\"noopener\">www.centropadremenni.org<\/a><\/p>\n<h3>Madrid<\/h3>\n<h5>Hospital Beata Mar\u00eda Ana-Unidad de Da\u00f1o Cerebral<\/h5>\n<p>Doctor Esquerdo, 83<br \/>\n28007 MADRID<br \/>\nTel: +34 914 090 903<\/p>\n<p>E-mail: <a title=\"Escr\u00edbenos\" href=\"mailto:thidalgo@hospitalariasmadrid.org\">thidalgo@hospitalariasmadrid.org<\/a><br \/>\nE-mail:<a title=\"Escr\u00edbenos\" href=\"mailto:vmartinez@hospitalariasmadrid.org\">vmartinez@hospitalariasmadrid.org<\/a><br \/>\nWeb: <a title=\"Visita la web\" href=\"http:\/\/www.hospitalbeata.org\u00a0\" target=\"_blank\">www.hospitalbeata.org<\/a><\/p>\n<h3>Valencia<\/h3>\n<h5>Centro Sociosanitario Ntra. Sra. del Carmen<br \/>\nUnidad de Da\u00f1o Cerebral<\/h5>\n<p>Eugenia Vi\u00f1es, 156<br \/>\n46011 VALENCIA<\/p>\n<p>Tel: +34 963 568 261<br \/>\nE-mail: <a href=\"mailto:fhortiz@hospitalariasmadrid.org\">fhortiz@hospitalariasmadrid.org<\/a><br \/>\nWeb: <a title=\"Ir a la web\" href=\"http:\/\/www.sociosanitarioelcarmen.org\" target=\"_blank\" rel=\"noopener\">www.sociosanitarioelcarmen.org<\/a><\/p>\n<h3>Valladolid<\/h3>\n<h5>Centro Hospitalario Benito Menni- Unidad de Da\u00f1o Cerebral<\/h5>\n<p>P\u00ba Juan Carlos I, 10<br \/>\n47008 Valladolid<br \/>\nTel: +34 983 272 600<\/p>\n<p>E-mail: <a href=\"mailto:bmartin.valladolid@hospitalarias.es\">bmartin.valladolid@hospitalarias.es<\/a><br \/>\nWeb: <a title=\"Visita la web\" href=\"http:\/\/www.benitomenni.org\" target=\"_blank\" rel=\"noopener\">www.benitomenni.org<\/a><\/p>\n","protected":false},"excerpt":{"rendered":"<p>Pa\u00eds Vasco [one-fourth last=false] Hospital Aita Menni Unidad de Da\u00f1o Cerebral Gesalibar, 15 20509 ARRASATE-MONDRAG\u00d3N Tel: +34 943 794 411 E-mail: udc.aitamenni@hospitalarias.es Web:\u00a0www.aita-menni.org [\/one-fourth] [one-fourth last=false] Centro de Neurorrehabilitaci\u00f3n c\/ Ega\u00f1a, 10 48010 BILBAO Tel: +34 944 434 927 E-mail: cener.aitamenni@hospitalarias.es\u00a0[\/one-fourth] [one-fourth last=false] Centro de D\u00eda para Personas con Discapacidad Neurol\u00f3gica PARQUE EMPRESARIAL ZUATZU Zuatzu&hellip;<\/p>\n","protected":false},"author":2,"featured_media":0,"parent":0,"menu_order":89,"comment_status":"closed","ping_status":"closed","template":"","meta":{"footnotes":""},"_links":{"self":[{"href":"https:\/\/xn--daocerebral-2db.es\/en\/wp-json\/wp\/v2\/pages\/14991"}],"collection":[{"href":"https:\/\/xn--daocerebral-2db.es\/en\/wp-json\/wp\/v2\/pages"}],"about":[{"href":"https:\/\/xn--daocerebral-2db.es\/en\/wp-json\/wp\/v2\/types\/page"}],"author":[{"embeddable":true,"href":"https:\/\/xn--daocerebral-2db.es\/en\/wp-json\/wp\/v2\/users\/2"}],"replies":[{"embeddable":true,"href":"https:\/\/xn--daocerebral-2db.es\/en\/wp-json\/wp\/v2\/comments?post=14991"}],"version-history":[{"count":0,"href":"https:\/\/xn--daocerebral-2db.es\/en\/wp-json\/wp\/v2\/pages\/14991\/revisions"}],"wp:attachment":[{"href":"https:\/\/xn--daocerebral-2db.es\/en\/wp-json\/wp\/v2\/media?parent=14991"}],"curies":[{"name":"wp","href":"https:\/\/api.w.org\/{rel}","templated":true}]}}