{"id":94294,"date":"2025-07-22T09:17:08","date_gmt":"2025-07-22T09:17:08","guid":{"rendered":"https:\/\/xn--daocerebral-2db.es\/?page_id=94294"},"modified":"2025-07-22T09:17:08","modified_gmt":"2025-07-22T09:17:08","slug":"monica-valverde","status":"publish","type":"page","link":"https:\/\/xn--daocerebral-2db.es\/ca\/el-teu-equip-de-tractament\/monica-valverde\/","title":{"rendered":"M\u00f3nica Valverde"},"content":{"rendered":"<h3>M\u00e9dica de familia, coordinadora del Servicio de Atenci\u00f3n Intermedia de <a href=\"https:\/\/fundaciohospitalariesmartorell.org\/\" target=\"_blank\" rel=\"noopener\">Fundaci\u00f3 Hospital\u00e0ries Martorell<\/a><\/h3>\n<p><a class=\"dt-pswp-item\" href=\"https:\/\/xn--daocerebral-2db.es\/wp-content\/uploads\/2025\/07\/Monica_Valverde.jpg\" data-dt-img-description=\"\" data-large_image_width=\"682\" data-large_image_height=\"1024\"><img loading=\"lazy\" decoding=\"async\" class=\"size-full wp-image-94268 alignleft\" src=\"https:\/\/xn--daocerebral-2db.es\/wp-content\/uploads\/2025\/07\/Monica_Valverde.jpg\" alt=\"\" width=\"682\" height=\"1024\" srcset=\"https:\/\/xn--daocerebral-2db.es\/wp-content\/uploads\/2025\/07\/Monica_Valverde.jpg 682w, https:\/\/xn--daocerebral-2db.es\/wp-content\/uploads\/2025\/07\/Monica_Valverde-200x300.jpg 200w\" sizes=\"(max-width: 682px) 100vw, 682px\" \/><\/a><\/p>\n<p>Soy m\u00e9dica de familia con una amplia trayectoria profesional en el \u00e1mbito de la atenci\u00f3n primaria, urgencias y atenci\u00f3n a pacientes en centros residenciales. Destaco por mi habilidad en la gesti\u00f3n eficiente de equipos de atenci\u00f3n primaria y en la coordinaci\u00f3n de grupos de soporte asistencial, incluyendo equipos especializados en PADES y en la asistencia a pacientes con condiciones cr\u00f3nicas.<\/p>\n<p>Mi experiencia se extiende tambi\u00e9n al \u00e1mbito acad\u00e9mico, donde he ejercido como profesora de grado medio en T\u00e9cnico de Transporte Sanitario de Urgencias. Actualmente, soy docente y coordinadora del curso de expertos en atenci\u00f3n a la tercera y cuarta edad en el ISEP, donde aporto mi experiencia cl\u00ednica para formar profesionales altamente cualificados en la atenci\u00f3n a estos grupos poblacionales.<\/p>\n<h4><strong>Formaci\u00f3n acad\u00e9mica<\/strong><\/h4>\n<ul>\n<li>Especialista en Medicina Familiar y Comunitaria<br \/>\nHospital Sant Pau i Santa Tecla, 2000 \u2013 2003<\/li>\n<li>Licenciatura en Medicina General y Cirug\u00eda<br \/>\nUAB \u2013 Unidad Docente Hospital de Sant Pau, 1999<\/li>\n<li>M\u00e1ster en Gesti\u00f3n Integrada de Servicios de Atenci\u00f3n Primaria, Social y Hospitalaria,<br \/>\nGESAP IL3UB, 2018 \u2013 2019<\/li>\n<\/ul>\n<h4><strong>Actividad docente<\/strong><\/h4>\n<ul>\n<li>Profesora de grado medio en T\u00e9cnico de Transporte Sanitario de Urgencias,\u00a02010-2011\/2011-2012<\/li>\n<li>Docente y coordinadora del Curso de Experto en Programas de Intervenci\u00f3n en 3\u00aa y 4\u00aa edad, Instituto Superior de Estudios Psicol\u00f3gicos (ISEP), cursos 2023 y 2024<\/li>\n<\/ul>\n<h4><strong>Experiencia profesional<\/strong><\/h4>\n<ul>\n<li style=\"list-style-type: none;\">\n<ul>\n<li>M\u00e9dica de Familia en Atenci\u00f3n Primaria<br \/>\nPujol i Cap\u00e7ada del Prat de Llobregat (ICS), 2003 \u2013 2009<\/li>\n<li>M\u00e9dica Adjunta en el Servicio de Urgencias<br \/>\nHospital Sant Joan de D\u00e9u de Sant Boi y CUAP de Castelldefels (CASAP), 2010 \u2013 2016<\/li>\n<li>Adjunta a Direcci\u00f3n del \u00c1rea B\u00e1sica de Salud<br \/>\nSant Andreu de la Barca (ICS), 2016 \u2013 2020<\/li>\n<\/ul>\n<\/li>\n<\/ul>\n<p>&#8211; Coordinaci\u00f3n eficaz del equipo de atenci\u00f3n primaria, optimizando recursos y desempe\u00f1o del personal.<br \/>\n&#8211; Gesti\u00f3n proactiva de la formaci\u00f3n y desarrollo continuo.<br \/>\n&#8211; Implementaci\u00f3n de estrategias innovadoras para garantizar calidad y seguridad del paciente.<br \/>\n&#8211; Participaci\u00f3n activa en desarrollo de protocolos de salud y coordinaci\u00f3n interequipos.<\/p>\n<ul>\n<li>Delegada de Residencias \u2013 Regi\u00f3n Baix Llobregat Nord<br \/>\nSubdirecci\u00f3n General de Atenci\u00f3n y Promoci\u00f3n de la Autonom\u00eda Personal \u2013 Departamento de Derechos Sociales, 2020 \u2013 2021<\/li>\n<\/ul>\n<p>&#8211; Coordinaci\u00f3n entre residencias de mayores, discapacitados y salud mental con departamentos de Salud, Derechos Sociales, Epidemiolog\u00eda y Salud P\u00fablica.<br \/>\n&#8211; Desarrollo e implementaci\u00f3n de planes funcionales para la integraci\u00f3n de proveedores sanitarios y sociales en la regi\u00f3n.<\/p>\n<ul>\n<li>Referente de la Unidad Funcional de Atenci\u00f3n a la Cronicidad y Complejidad SAP Baix Llobregat Centre (ICS), 2022 \u2013 enero 2024<\/li>\n<\/ul>\n<p>&#8211; Atenci\u00f3n integral a pacientes cr\u00f3nicos complejos y paliativos.<br \/>\n&#8211; Coordinaci\u00f3n de equipos PADES y unidad de cronicidad.<br \/>\n&#8211; Gesti\u00f3n de atenci\u00f3n primaria en residencias de mayores, salud mental y discapacitados.<br \/>\n&#8211; Desarrollo de rutas asistenciales con proveedores sanitarios de la regi\u00f3n (Fontsanta y Sant Boi).<\/p>\n<ul>\n<li>Medica adjunta servicio de Unidad de cuidados paliativos y subagudos Fundacion Hospitalarias Martorell, febrero 2024-diciembre 2024<\/li>\n<li>Coordinadora de Atencion Intermedia de Fundaci\u00f3n Hospitalarias Martorell, desde enero 2025:<\/li>\n<\/ul>\n<p>-Gesti\u00f3n integral de casos<strong>, <\/strong>supervisando la continuidad asistencial entre niveles sanitarios, garantizando una transici\u00f3n fluida del paciente entre atenci\u00f3n primaria, hospitalaria y sociosanitaria.<br \/>\n&#8211; Coordinaci\u00f3n multidisciplinar, facilitando la comunicaci\u00f3n y colaboraci\u00f3n entre equipos m\u00e9dicos, sociales y de enfermer\u00eda para una atenci\u00f3n centrada en el paciente.<br \/>\n&#8211; Optimizaci\u00f3n de recursos, organizando y adaptando los recursos disponibles para mejorar la eficiencia, reducir reingresos y asegurar una atenci\u00f3n segura y de calidad.<\/p>\n<h4><strong>Aficiones<\/strong><\/h4>\n<p>Soy\u00a0 una apasionada del british style y de la moda en general. Me encanta el maquillaje y estudiar nuevas tecnicas. Ademas soy una devoradora de novelas, policiacas (las suecas son las mejores) y romance paranormal.<\/p>\n<p>En mi tiempo libre me dedico a la lectura, al estudio de la moda y el makeup, a disfrutar de mi familia y en verano a los viajes cortos en la camper.<\/p>\n","protected":false},"excerpt":{"rendered":"<p>M\u00e9dica de familia, coordinadora del Servicio de Atenci\u00f3n Intermedia de Fundaci\u00f3 Hospital\u00e0ries Martorell Soy m\u00e9dica de familia con una amplia trayectoria profesional en el \u00e1mbito de la atenci\u00f3n primaria, urgencias y atenci\u00f3n a pacientes en centros residenciales. Destaco por mi habilidad en la gesti\u00f3n eficiente de equipos de atenci\u00f3n primaria y en la coordinaci\u00f3n de&hellip;<\/p>\n","protected":false},"author":3,"featured_media":0,"parent":15077,"menu_order":0,"comment_status":"closed","ping_status":"closed","template":"","meta":{"footnotes":""},"_links":{"self":[{"href":"https:\/\/xn--daocerebral-2db.es\/ca\/wp-json\/wp\/v2\/pages\/94294"}],"collection":[{"href":"https:\/\/xn--daocerebral-2db.es\/ca\/wp-json\/wp\/v2\/pages"}],"about":[{"href":"https:\/\/xn--daocerebral-2db.es\/ca\/wp-json\/wp\/v2\/types\/page"}],"author":[{"embeddable":true,"href":"https:\/\/xn--daocerebral-2db.es\/ca\/wp-json\/wp\/v2\/users\/3"}],"replies":[{"embeddable":true,"href":"https:\/\/xn--daocerebral-2db.es\/ca\/wp-json\/wp\/v2\/comments?post=94294"}],"version-history":[{"count":1,"href":"https:\/\/xn--daocerebral-2db.es\/ca\/wp-json\/wp\/v2\/pages\/94294\/revisions"}],"predecessor-version":[{"id":94297,"href":"https:\/\/xn--daocerebral-2db.es\/ca\/wp-json\/wp\/v2\/pages\/94294\/revisions\/94297"}],"up":[{"embeddable":true,"href":"https:\/\/xn--daocerebral-2db.es\/ca\/wp-json\/wp\/v2\/pages\/15077"}],"wp:attachment":[{"href":"https:\/\/xn--daocerebral-2db.es\/ca\/wp-json\/wp\/v2\/media?parent=94294"}],"curies":[{"name":"wp","href":"https:\/\/api.w.org\/{rel}","templated":true}]}}