{"id":87267,"date":"2024-05-10T07:12:03","date_gmt":"2024-05-10T07:12:03","guid":{"rendered":"https:\/\/xn--daocerebral-2db.es\/?page_id=87267"},"modified":"2025-01-09T11:28:44","modified_gmt":"2025-01-09T11:28:44","slug":"irma-garcia-oliveros","status":"publish","type":"page","link":"https:\/\/xn--daocerebral-2db.es\/ca\/el-teu-equip-de-tractament\/irma-garcia-oliveros\/","title":{"rendered":"Irma Garc\u00eda Oliveros"},"content":{"rendered":"<h3>Coordinadora de la Unidad de Rehabilitaci\u00f3n Infantil de Ospitalarioak Fundazioa Euskadi<\/h3>\n<p><a class=\"dt-pswp-item\" href=\"https:\/\/xn--daocerebral-2db.es\/wp-content\/uploads\/2024\/05\/Irma-Garcia-Oliveros-778X1383-576x1024.jpg\" data-dt-img-description=\"\" data-large_image_width=\"778\" data-large_image_height=\"1383\"><img loading=\"lazy\" decoding=\"async\" class=\"alignleft wp-image-87273 size-large\" src=\"https:\/\/xn--daocerebral-2db.es\/wp-content\/uploads\/2024\/05\/Irma-Garcia-Oliveros-778X1383-576x1024.jpg\" alt=\"\" width=\"576\" height=\"1024\" srcset=\"https:\/\/xn--daocerebral-2db.es\/wp-content\/uploads\/2024\/05\/Irma-Garcia-Oliveros-778X1383-576x1024.jpg 576w, https:\/\/xn--daocerebral-2db.es\/wp-content\/uploads\/2024\/05\/Irma-Garcia-Oliveros-778X1383-169x300.jpg 169w, https:\/\/xn--daocerebral-2db.es\/wp-content\/uploads\/2024\/05\/Irma-Garcia-Oliveros-778X1383-768x1365.jpg 768w, https:\/\/xn--daocerebral-2db.es\/wp-content\/uploads\/2024\/05\/Irma-Garcia-Oliveros-778X1383.jpg 778w\" sizes=\"(max-width: 576px) 100vw, 576px\" \/><\/a>Me siento una persona privilegiada por haber podido crecer y desarrollarme personal y profesionalmente, yendo de la mano de dos de mis pasiones: la Fisioterapia y los ni\u00f1os. No concibo mi trabajo bajo otro marco que no gravite en torno al compromiso personal con las necesidades especiales, mi aportaci\u00f3n en la optimizaci\u00f3n de la autonom\u00eda personal de quien lo necesite y el reto constante en la mejora de la calidad de vida de mis pacientes y sus familias.<\/p>\n<p>Colaborar en una gran instituci\u00f3n como <a href=\"https:\/\/da\u00f1ocerebral.es\/la-red-menni\/la-red-menni-en-el-pais-vasco\/\" target=\"_blank\" rel=\"noopener\">Ospitalarioak Fundazioa Euskadi<\/a> (antes, Hospital Aita Menni) me permite crecer como profesional, tener acceso a las \u00faltimas tecnolog\u00edas de este complejo y din\u00e1mico \u00e1mbito de atenci\u00f3n, y prestar mis cuidados bajo una constante proyecci\u00f3n de ambici\u00f3n y excelencia.<\/p>\n<p>De manera a\u00f1adida, el perfil social de la Unidad, me est\u00e1 permitiendo contactar y desarrollar numerosas colaboraciones altruistas con m\u00faltiples asociaciones e instituciones, as\u00ed como con empresas tecnol\u00f3gicas que me permiten ser copart\u00edcipe, en primera l\u00ednea, del desarrollo de proyectos de innovaci\u00f3n e investigaci\u00f3n en este apasionante campo asistencial.<\/p>\n<h4><strong>Formaci\u00f3n acad\u00e9mica<\/strong><\/h4>\n<ul>\n<li>Diplomada en Fisioterapia, por la Universidad de Castilla La Mancha (1994-1997).<\/li>\n<li>Postgrado en Fisioterapia Pedi\u00e1trica, por la Universidad Aut\u00f3noma de Barcelona (2000).<\/li>\n<\/ul>\n<h4><strong>Formaci\u00f3n extraacad\u00e9mica<\/strong><\/h4>\n<p>Amplia formaci\u00f3n en m\u00faltiples cursos, siempre centrados en neurolog\u00eda y espec\u00edficamente en pediatr\u00eda.<\/p>\n<h4><strong>Publicaciones. Actividad investigadora<\/strong><\/h4>\n<ul>\n<li>Noviembre 2023. P\u00f3ster en Jornadas Anuales SEFIP, \u201cImpacto del exoesqueleto infantil ATLAS 2030 en la funcionalidad y calidad de vida de ni\u00f1os con par\u00e1lisis cerebral infantil o patolog\u00edas afines\u201d.<\/li>\n<li>Noviembre 2023. Ponente en el Foro Iberoamericano de Buenas Pr\u00e1cticas en Neurorrehabilitaci\u00f3n Rob\u00f3tica Infantil.<\/li>\n<li>Octubre 2023. Docente en el curso \u201cS\u00cdNDROME CTNNB1 (S\u00edndrome de Discapacidad Intelectual grave-diplej\u00eda esp\u00e1stica progresiva) 2023\u201d, organizado por la Direcci\u00f3n General de Humanizaci\u00f3n y Atenci\u00f3n al Paciente perteneciente a la Consejer\u00eda de Sanidad de la Comunidad de Madrid. 4 horas de duraci\u00f3n.<\/li>\n<li>Marzo 2023. Ponente en I Congreso Internacional del S\u00edndrome CTNNB1. \u201cImpacto del exoesqueleto infantil ATLAS 2030 en la funcionalidad y calidad de vida de ni\u00f1os con alteraciones motrices\u201d.<\/li>\n<\/ul>\n<ul>\n<li>Octubre 2022- Investigadora en el proyecto de investigaci\u00f3n Aprobado por el CEIm-C. \u201cImpacto del exoesqueleto infantil ATLAS en la funcionalidad y calidad de vida de ni\u00f1os con par\u00e1lisis cerebral infantil o patolog\u00edas afines\u201d.<\/li>\n<li>2000- actualidad: Profesora de alumnos en pr\u00e1cticas de diferentes Universidades: Gimbernat, UPV, Blanquerna, Universidad de Navarra.<\/li>\n<\/ul>\n<ul>\n<li>2013-2014- Docente en Cursos de Formaci\u00f3n a Pediatras y Neuropediatras de Bizkaia. \u201cDetecci\u00f3n precoz de alteraciones y retrasos en el desarrollo madurativo. Intervenci\u00f3n precoz en el lactante de riesgo\u201d.<strong>\u00a0<\/strong><\/li>\n<\/ul>\n<h4><strong>Experiencia laboral<\/strong><\/h4>\n<ul>\n<li>2021-actualidad: Coordinadora del Servicio de Rehabilitaci\u00f3n Infantil del Hospital Aita Menni, Bilbao.<\/li>\n<li>1998-actualidad: Fisioterapeuta en el Hospital Aita Menni, en Da\u00f1o Cerebral y Servicio de Rehabilitaci\u00f3n Infantil<\/li>\n<li>1997-2000: Fisioterapeuta en Aspace Bizkaia.<\/li>\n<\/ul>\n<h4><strong>Competencias y capacidades<\/strong><\/h4>\n<p>Durante mi carrera profesional he desarrollado labores de coordinaci\u00f3n y administraci\u00f3n de personas, equipos t\u00e9cnicos espec\u00edficos y proyectos sociales y de investigaci\u00f3n.<\/p>\n<p>He gestionado la incorporaci\u00f3n de nueva log\u00edstica.<\/p>\n<p>He desarrollado colaboraciones, charlas y formaci\u00f3n en marco de voluntariado, por lo que mi capacidad de comunicaci\u00f3n est\u00e1 acreditada.<\/p>\n<p>He trabajado con otras personas en entornos multiculturales, en puestos donde la comunicaci\u00f3n es importante y en situaciones donde el trabajo en equipo resulta esencial.<\/p>\n<p>Tengo una gran capacidad para aportar, cuidar, empatizar y comprender en el complejo \u00e1mbito de la discapacidad.<\/p>\n<h4><strong>Aficiones<\/strong><\/h4>\n<p>Disfrutar de la naturaleza, un buen libro, viajar y compartir momentos con mi familia y mi cuadrilla ocupa buena parte de mi tiempo libre. Valoro la verdadera amistad y disfruto queriendo y dej\u00e1ndome querer por mi gente.<\/p>\n","protected":false},"excerpt":{"rendered":"<p>Coordinadora de la Unidad de Rehabilitaci\u00f3n Infantil de Ospitalarioak Fundazioa Euskadi Me siento una persona privilegiada por haber podido crecer y desarrollarme personal y profesionalmente, yendo de la mano de dos de mis pasiones: la Fisioterapia y los ni\u00f1os. No concibo mi trabajo bajo otro marco que no gravite en torno al compromiso personal con&hellip;<\/p>\n","protected":false},"author":3,"featured_media":0,"parent":15077,"menu_order":0,"comment_status":"closed","ping_status":"closed","template":"","meta":{"footnotes":""},"_links":{"self":[{"href":"https:\/\/xn--daocerebral-2db.es\/ca\/wp-json\/wp\/v2\/pages\/87267"}],"collection":[{"href":"https:\/\/xn--daocerebral-2db.es\/ca\/wp-json\/wp\/v2\/pages"}],"about":[{"href":"https:\/\/xn--daocerebral-2db.es\/ca\/wp-json\/wp\/v2\/types\/page"}],"author":[{"embeddable":true,"href":"https:\/\/xn--daocerebral-2db.es\/ca\/wp-json\/wp\/v2\/users\/3"}],"replies":[{"embeddable":true,"href":"https:\/\/xn--daocerebral-2db.es\/ca\/wp-json\/wp\/v2\/comments?post=87267"}],"version-history":[{"count":5,"href":"https:\/\/xn--daocerebral-2db.es\/ca\/wp-json\/wp\/v2\/pages\/87267\/revisions"}],"predecessor-version":[{"id":91158,"href":"https:\/\/xn--daocerebral-2db.es\/ca\/wp-json\/wp\/v2\/pages\/87267\/revisions\/91158"}],"up":[{"embeddable":true,"href":"https:\/\/xn--daocerebral-2db.es\/ca\/wp-json\/wp\/v2\/pages\/15077"}],"wp:attachment":[{"href":"https:\/\/xn--daocerebral-2db.es\/ca\/wp-json\/wp\/v2\/media?parent=87267"}],"curies":[{"name":"wp","href":"https:\/\/api.w.org\/{rel}","templated":true}]}}