{"id":40291,"date":"2018-10-23T15:36:13","date_gmt":"2018-10-23T15:36:13","guid":{"rendered":"http:\/\/xn--daocerebral-2db.es\/?page_id=40291"},"modified":"2025-03-05T12:14:32","modified_gmt":"2025-03-05T12:14:32","slug":"red-de-dca-y-neurorrehabilitacion-tenerife","status":"publish","type":"page","link":"https:\/\/xn--daocerebral-2db.es\/ca\/fh-red-de-dca-y-neurorrehabilitacion\/red-de-dca-y-neurorrehabilitacion-tenerife\/","title":{"rendered":"Canarias"},"content":{"rendered":"<div class=\"wpb-content-wrapper\"><p>[vc_row][vc_column][vc_column_text]<\/p>\n<h4>La Unidad de D\u00eda de Da\u00f1o Cerebral Adquirido de <strong>Fundaci\u00f3n Hospitalarias Tenerife <\/strong><span style=\"font-weight: normal;\">comienza su andadura en el a\u00f1o 2017, sum\u00e1ndose as\u00ed a <\/span><strong><a title=\"La Red Menni\" href=\"http:\/\/xn--daocerebral-2db.es\/la-red-menni\/el-compromiso-de-la-red-menni\/\" target=\"_blank\" rel=\"noopener\">Fundaci\u00f3n Hospitalarias: Red de Da\u00f1o Cerebral y Neurorrehabilitaci\u00f3n<\/a><\/strong><span style=\"font-weight: normal;\">.<\/span><\/h4>\n<p><img loading=\"lazy\" decoding=\"async\" class=\"alignleft wp-image-40256 size-full\" src=\"http:\/\/xn--daocerebral-2db.es\/wp-content\/uploads\/2018\/10\/Complejo-Acam\u00e1n-Hermanas-Hospitalarias-Canarias1.jpg\" alt=\"\" width=\"600\" height=\"450\" \/><\/p>\n<h4><span style=\"color: #666e74;\">Nuestros principios de intervenci\u00f3n son: normalizaci\u00f3n, integraci\u00f3n, individualizaci\u00f3n, participaci\u00f3n y\u00a0 profesionalizaci\u00f3n. El objetivo de nuestro centro es mejorar la calidad de vida de las personas a trav\u00e9s de la integraci\u00f3n social, facilitando sus mejoras funcionales as\u00ed como dotando a sus vidas de estructura.<\/span><\/h4>\n<h4><\/h4>\n<blockquote>\n<h4><strong>Fundaci\u00f3n Hospitalarias Tenerife (antes, Complejo Acam\u00e1n)<\/strong><br \/>\nCtra. San Miguel de Geneto, 73<br \/>\n38296 San Crist\u00f3bal de La Laguna\u00a0(TENERIFE)<br \/>\nTel: +34 922 255 040<br \/>\nEmail:\u00a0<a href=\"mailto:malabargah.tenerife@fundacionhospitalarias.org\">malabargah.tenerife@fundacionhospitalarias.org<\/a><br \/>\nWeb:\u00a0<strong><a href=\"https:\/\/fundacionhospitalariastenerife.org\/\" target=\"_blank\" rel=\"noopener\">www.fundacionhospitalariastenerife.org<\/a><\/strong><\/h4>\n<\/blockquote>\n<p>&nbsp;<\/p>\n<p>&nbsp;<\/p>\n<p>La Unidad de D\u00eda de DCA est\u00e1 dirigida a personas adultas con <a href=\"http:\/\/xn--daocerebral-2db.es\/el-dano-cerebral\/\" target=\"_blank\" rel=\"noopener\">da\u00f1o cerebral adquirido o sobrevenido<\/a>, entre 21 y 64 a\u00f1os. Este servicio cuenta con <strong>un equipo que trabaja de forma transdiciplinar<\/strong>. Cuenta con un conjunto de profesionales de fisioterapia, logopedia, neuropsicolog\u00eda, terapia ocupacional, trabajo social y asistencial. Nuestra Unidad de D\u00eda forma parte del Hermanas Hospitalarias\u00a0Acam\u00e1n. Nuestras instalaciones incluyen un m\u00f3dulo con sala multifunci\u00f3n, dos canchas, comedor, aula multisensorial, espacio para entrenar las actividades de la vida diaria (AVD), espacios de logopedia y fisioterapia, sal\u00f3n de actos, huerto, as\u00ed como otros espacios comunes. Desde la Unidad llevamos a cabo m\u00faltiples actividades que combinan la estimulaci\u00f3n cognitiva y talleres de expresi\u00f3n art\u00edstica, creaci\u00f3n de materiales o elaboraci\u00f3n de peri\u00f3dico. Tambi\u00e9n realizamos talleres grupales de car\u00e1cter rehabilitador como es el entrenamiento en actividades instrumentales de la vida diaria o el grupo de conciencia de d\u00e9ficits. Adem\u00e1s, se realiza deporte de manera habitual y hemos constituido un coro en el que participamos profesionales y personas usuarias. Finalmente, esta programaci\u00f3n se complementa con salidas fuera del centro, tanto de ocio como de inserci\u00f3n social.<\/p>\n<p><img loading=\"lazy\" decoding=\"async\" class=\"aligncenter wp-image-66495 size-full\" src=\"https:\/\/xn--daocerebral-2db.es\/wp-content\/uploads\/2023\/07\/Complejo-Acaman-Hermanas-HospitalariasTenerife.jpg\" alt=\"\" width=\"850\" height=\"472\" srcset=\"https:\/\/xn--daocerebral-2db.es\/wp-content\/uploads\/2023\/07\/Complejo-Acaman-Hermanas-HospitalariasTenerife.jpg 850w, https:\/\/xn--daocerebral-2db.es\/wp-content\/uploads\/2023\/07\/Complejo-Acaman-Hermanas-HospitalariasTenerife-300x167.jpg 300w, https:\/\/xn--daocerebral-2db.es\/wp-content\/uploads\/2023\/07\/Complejo-Acaman-Hermanas-HospitalariasTenerife-768x426.jpg 768w\" sizes=\"(max-width: 850px) 100vw, 850px\" \/>[\/vc_column_text][\/vc_column][\/vc_row]<\/p>\n<\/div>","protected":false},"excerpt":{"rendered":"<p>[vc_row][vc_column][vc_column_text] La Unidad de D\u00eda de Da\u00f1o Cerebral Adquirido de Fundaci\u00f3n Hospitalarias Tenerife comienza su andadura en el a\u00f1o 2017, sum\u00e1ndose as\u00ed a Fundaci\u00f3n Hospitalarias: Red de Da\u00f1o Cerebral y Neurorrehabilitaci\u00f3n. Nuestros principios de intervenci\u00f3n son: normalizaci\u00f3n, integraci\u00f3n, individualizaci\u00f3n, participaci\u00f3n y\u00a0 profesionalizaci\u00f3n. El objetivo de nuestro centro es mejorar la calidad de vida de las&hellip;<\/p>\n","protected":false},"author":3,"featured_media":0,"parent":15109,"menu_order":3,"comment_status":"closed","ping_status":"open","template":"","meta":{"footnotes":""},"_links":{"self":[{"href":"https:\/\/xn--daocerebral-2db.es\/ca\/wp-json\/wp\/v2\/pages\/40291"}],"collection":[{"href":"https:\/\/xn--daocerebral-2db.es\/ca\/wp-json\/wp\/v2\/pages"}],"about":[{"href":"https:\/\/xn--daocerebral-2db.es\/ca\/wp-json\/wp\/v2\/types\/page"}],"author":[{"embeddable":true,"href":"https:\/\/xn--daocerebral-2db.es\/ca\/wp-json\/wp\/v2\/users\/3"}],"replies":[{"embeddable":true,"href":"https:\/\/xn--daocerebral-2db.es\/ca\/wp-json\/wp\/v2\/comments?post=40291"}],"version-history":[{"count":24,"href":"https:\/\/xn--daocerebral-2db.es\/ca\/wp-json\/wp\/v2\/pages\/40291\/revisions"}],"predecessor-version":[{"id":91917,"href":"https:\/\/xn--daocerebral-2db.es\/ca\/wp-json\/wp\/v2\/pages\/40291\/revisions\/91917"}],"up":[{"embeddable":true,"href":"https:\/\/xn--daocerebral-2db.es\/ca\/wp-json\/wp\/v2\/pages\/15109"}],"wp:attachment":[{"href":"https:\/\/xn--daocerebral-2db.es\/ca\/wp-json\/wp\/v2\/media?parent=40291"}],"curies":[{"name":"wp","href":"https:\/\/api.w.org\/{rel}","templated":true}]}}