{"id":15109,"date":"2012-04-22T20:05:51","date_gmt":"2012-04-22T20:05:51","guid":{"rendered":"http:\/\/da\u00f1ocerebral.es\/danio\/\/la-xarxa-menni\/"},"modified":"2025-07-02T10:33:15","modified_gmt":"2025-07-02T10:33:15","slug":"fh-red-de-dca-y-neurorrehabilitacion","status":"publish","type":"page","link":"https:\/\/xn--daocerebral-2db.es\/ca\/fh-red-de-dca-y-neurorrehabilitacion\/","title":{"rendered":"FH: Red de DCA y Neurorrehabilitaci\u00f3n"},"content":{"rendered":"<p><img loading=\"lazy\" decoding=\"async\" class=\"alignnone\" src=\"https:\/\/xn--daocerebral-2db.es\/wp-content\/uploads\/2011\/12\/compromiso1.jpg\" alt=\"\" width=\"956\" height=\"339\" \/><\/p>\n<h3>A la Xarxa de Dany Cerebral i Neurorehabilitaci\u00f3 de la Fundaci\u00f3 Hospital\u00e0ries ajuntem compet\u00e8ncia t\u00e8cnica i qualitat humana per a rehabilitar, fer costat i tindre cura de les persones amb dany cerebral.<\/h3>\n<p>Els valors hist\u00f2rics de les <a href=\"http:\/\/da\u00f1ocerebral.es\/ca\/g-hospitalaries\/\" target=\"_blank\" rel=\"noopener\">Germanes Hospital\u00e0ries<\/a> \u2013hospitalitat, acolliment, dedicaci\u00f3 i lliurament- agafen forma en aquesta xarxa de Serveis, dedicats als qui pateixen de lesions cerebrals i a les seues fam\u00edlies.<\/p>\n<h4 style=\"text-align: left;\"><strong>Els <a href=\"http:\/\/xn--daocerebral-2db.es\/ca\/on-estem\/\" target=\"_blank\" rel=\"noopener\">nostres centres<\/a><\/strong> s\u00f3n el resultat de combinar la tradici\u00f3 de servei al pacient amb l\u2019empenta innovadora en l\u2019assist\u00e8ncia.<\/h4>\n<p>&nbsp;<\/p>\n<p>Partintd\u2019una valoraci\u00f3 individualitzada de cada cas, el nostre equip \u2013constitu\u00eft per professionals en diverses disciplines- desenvolupa un tractament integral per al pacient que hi inclou les dimensions:\u00a0<strong>motora, de comunicaci\u00f3, d\u2019autonomia en activitats de la vida di\u00e0ria, emocional i de compet\u00e8ncia intel\u00b7lectual<\/strong>. L\u2019objectiu \u00e9s recuperar-ne, del pacient, el m\u00e0xim grau d\u2019autonomia possible, i el nostre comprom\u00eds sempre posa l\u2019\u00e8mfasi en la dignificaci\u00f3 de la persona.<\/p>\n<h3>La Xarxa de Dany Cerebral i Neurorehabilitaci\u00f3 de la Fundaci\u00f3 Hospital\u00e0ries se centra essencialment en la rehabilitaci\u00f3<\/h3>\n<p>Ospitalarioak Fundazioa Euskadi (abans \u2019<strong><a title=\"Hospital Aita Menni\" href=\"http:\/\/www.aita-menni.org\/AM\/portadai.htm\" target=\"_blank\" rel=\"noopener\">Hospital Aita Menni<\/a><\/strong>) \u00e9s una instituci\u00f3 sense \u00e0nim de lucre dedicada al tractament i a la cura de persones amb malaltia mental, amb dem\u00e8ncia o amb dany cerebral. Fundada el 1898, Aita Menni compta hui dia amb centres hospitalaris, resid\u00e8ncies, unitats de rehabilitaci\u00f3 i centres de dia repartits pertot el Pa\u00eds Basc.<\/p>\n<p>El <strong>Servei de Dany Cerebral de l\u2019Hospital Aita Menni, creat el 1992, n\u2019\u00e9s el primer que s\u2019obr\u00ed a Espanya<\/strong>. Compta amb una Unitat d\u2019hospitalitzaci\u00f3 de 20 llits a la seua seu de Mondrag\u00f3n, i unitats de rehabilitaci\u00f3 ambulat\u00f2ria a Bilbao, Sant Sebasti\u00e0 i Mondrag\u00f3n, aix\u00ed com una unitat de rehabilitaci\u00f3 infantil a Bilbao, i sengles centres de dia a Sant Sebasti\u00e0 i Mondrag\u00f3n.<\/p>\n<p><a href=\"http:\/\/xn--daocerebral-2db.es\/wp-content\/uploads\/2012\/04\/centros.jpg\"><img loading=\"lazy\" decoding=\"async\" class=\" wp-image-13512 alignleft\" title=\"La Red Menni\" src=\"http:\/\/xn--daocerebral-2db.es\/wp-content\/uploads\/2012\/04\/centros.jpg\" alt=\"La Red Menni\" width=\"540\" height=\"540\" srcset=\"https:\/\/xn--daocerebral-2db.es\/wp-content\/uploads\/2012\/04\/centros.jpg 600w, https:\/\/xn--daocerebral-2db.es\/wp-content\/uploads\/2012\/04\/centros-150x150.jpg 150w, https:\/\/xn--daocerebral-2db.es\/wp-content\/uploads\/2012\/04\/centros-300x300.jpg 300w, https:\/\/xn--daocerebral-2db.es\/wp-content\/uploads\/2012\/04\/centros-420x419.jpg 420w\" sizes=\"(max-width: 540px) 100vw, 540px\" \/><\/a><\/p>\n<h3><\/h3>\n<p>Fundaci\u00f3n Hospitalarias Madrid (abans <strong><a title=\"La Red Menni en Madrid\" href=\"http:\/\/xn--daocerebral-2db.es\/ca\/la-red-menni\/la-red-menni-en-madrid\/\" target=\"_blank\" rel=\"noopener\">Hospital Beata Mar\u00eda Ana de Madrid<\/a><\/strong>) fou fundat el 1888 per a proporcionar asil i educaci\u00f3 a xiquetes \u00f2rfenes. A hores d\u2019ara, \u00e9s un centre medicoquir\u00fargic que compta amb multitud d\u2019especialitats i moderns dispositius centrals, com ara les unitats d\u2019hospitalitzaci\u00f3, el servei d\u2019urg\u00e8ncies, el bloc quir\u00fargic, UCI, imatge diagn\u00f2stica (TAC i RM), i un ampli i complet ventall de serveis relacionats amb la rehabilitaci\u00f3 f\u00edsica i neurol\u00f2gica, entre dels quals hi re\u00efx el Servei de Dany Cerebral. Aquest \u00faltim disposa d\u2019una unitat d\u2019hospitalitzaci\u00f3 amb 19 llits, una unitat de rehabilitaci\u00f3 ambulat\u00f2ria i un servei de rehabilitaci\u00f3 infantil.<\/p>\n<p>Fundaci\u00f3n Hospitalarias Valladolid (abans <strong><a title=\"La Red Menni en Valladolid\" href=\"http:\/\/xn--daocerebral-2db.es\/la-red-menni\/la-red-menni-en-valladolid\/\" target=\"_blank\" rel=\"noopener\">Centre Hospitalari Benito Menni de Valladolid<\/a><\/strong>) ve desenvolupant la seua activitat des de l\u2019any 1972. Es caracteritza per ser un Model Assistencial Integral que ha rebut alguns premis: Premi IMSERSO 1999, Premi IMSERSO 2000, en la celebraci\u00f3 del seu 25\u00e9 aniversari, i Premi de la Cl\u00ednica San Francisco 2003 al Millor Centre Sociosanitari de Castella i Lle\u00f3; Premi Sanit\u00e0ria-2000 al Millor Centre Sanitari de Castella i Lle\u00f3 2009\u2026 Aquests reconeixements han servit d\u2019est\u00edmul per a continuar treballant en la consecuci\u00f3 d\u2019una assist\u00e8ncia de qualitat. El Servei de Dany Cerebral del Centre Hospitalari Benito Menni de Valladolid disposa d\u2019una Unitat de rehabilitaci\u00f3 ambulat\u00f2ria i una Unitat de rehabilitaci\u00f3 infantil. Tamb\u00e9 compta amb la possibilitat de proporcionar cures mediques i d\u2019infermeria, en r\u00e8gim d\u2019ingr\u00e9s, als pacients que estiguen rebent rehabilitaci\u00f3.<\/p>\n<p>Fundaci\u00f3n Hospitalarias Valencia, nomenat en els seus or\u00edgens Asil Hospital Nostra Senyora del Carme, es fund\u00e0 l\u2019any 1919 a <strong>Val\u00e8ncia<\/strong> amb la missi\u00f3 espec\u00edfica d\u2019emparar i curar xiquetes malaltes. Amb el pas del temps, el centre pass\u00e0 d\u2019hospital quir\u00fargic a resid\u00e8ncia i centre de dia per a persones majors, bo i conservant un servei de rehabilitaci\u00f3 ambulat\u00f2ria. Per a donar resposta a les necessitats m\u00e9s urgents, <strong>en 2002 s\u2019obr\u00ed la Unitat de Dany Cerebral<\/strong>. Hui, el Servei de Dany Cerebral de <strong><a title=\"La Red Menni en Valencia\" href=\"http:\/\/xn--daocerebral-2db.es\/la-red-menni\/la-red-menni-en-valencia\/\" target=\"_blank\" rel=\"noopener\">Fundaci\u00f3n Hospitalarias Valencia<\/a><\/strong>\u00a0compta amb una Unitat de rehabilitaci\u00f3 ambulat\u00f2ria i una Unitat de rehabilitaci\u00f3 infantil.<\/p>\n","protected":false},"excerpt":{"rendered":"<p>A la Xarxa de Dany Cerebral i Neurorehabilitaci\u00f3 de la Fundaci\u00f3 Hospital\u00e0ries ajuntem compet\u00e8ncia t\u00e8cnica i qualitat humana per a rehabilitar, fer costat i tindre cura de les persones amb dany cerebral. Els valors hist\u00f2rics de les Germanes Hospital\u00e0ries \u2013hospitalitat, acolliment, dedicaci\u00f3 i lliurament- agafen forma en aquesta xarxa de Serveis, dedicats als qui pateixen&hellip;<\/p>\n","protected":false},"author":2,"featured_media":10425,"parent":0,"menu_order":2,"comment_status":"closed","ping_status":"closed","template":"","meta":{"footnotes":""},"_links":{"self":[{"href":"https:\/\/xn--daocerebral-2db.es\/ca\/wp-json\/wp\/v2\/pages\/15109"}],"collection":[{"href":"https:\/\/xn--daocerebral-2db.es\/ca\/wp-json\/wp\/v2\/pages"}],"about":[{"href":"https:\/\/xn--daocerebral-2db.es\/ca\/wp-json\/wp\/v2\/types\/page"}],"author":[{"embeddable":true,"href":"https:\/\/xn--daocerebral-2db.es\/ca\/wp-json\/wp\/v2\/users\/2"}],"replies":[{"embeddable":true,"href":"https:\/\/xn--daocerebral-2db.es\/ca\/wp-json\/wp\/v2\/comments?post=15109"}],"version-history":[{"count":6,"href":"https:\/\/xn--daocerebral-2db.es\/ca\/wp-json\/wp\/v2\/pages\/15109\/revisions"}],"predecessor-version":[{"id":93899,"href":"https:\/\/xn--daocerebral-2db.es\/ca\/wp-json\/wp\/v2\/pages\/15109\/revisions\/93899"}],"wp:featuredmedia":[{"embeddable":true,"href":"https:\/\/xn--daocerebral-2db.es\/ca\/wp-json\/wp\/v2\/media\/10425"}],"wp:attachment":[{"href":"https:\/\/xn--daocerebral-2db.es\/ca\/wp-json\/wp\/v2\/media?parent=15109"}],"curies":[{"name":"wp","href":"https:\/\/api.w.org\/{rel}","templated":true}]}}