{"id":15105,"date":"2011-12-30T17:20:26","date_gmt":"2011-12-30T17:20:26","guid":{"rendered":"http:\/\/da\u00f1ocerebral.es\/danio\/\/consells-de-prevencio\/"},"modified":"2023-06-07T11:18:32","modified_gmt":"2023-06-07T11:18:32","slug":"consells-de-prevencio","status":"publish","type":"page","link":"https:\/\/xn--daocerebral-2db.es\/ca\/al-dany-cerebral\/consells-de-prevencio\/","title":{"rendered":"Consells de prevenci\u00f3"},"content":{"rendered":"<br \/>\n<h3>\u00a0El millor tractament \u00e9s la prevenci\u00f3<\/h3>\n<p>En el cas dels traumatismes hem assistit, en les \u00faltimes d\u00e8cades, a una marcada reducci\u00f3 de morts i ferits. La disminuci\u00f3 en els \u00faltims anys de la sinistralitat a les carreteres ens anima a no afluixar en l\u2019esfor\u00e7 preventiu. Per aix\u00f2, s\u2019ha de seguir incidint en la necessitat d\u2019utilitzar cotxes segurs amb un bon manteniment, d\u2019usar el cintur\u00f3 de seguretat, d\u2019observar els l\u00edmits de velocitat i de l\u2019abstin\u00e8ncia de beure alcohol. Aquestes, entre d\u2019altres, s\u00f3n mesures amb un efecte acumulatiu extraordinari. La seguretat en el lloc de treball i la protecci\u00f3 i prud\u00e8ncia en la practica esportiva completen l\u2019\u00edndex d\u2019apartats que devem desenvolupar en la prevenci\u00f3 dels traumatismes cranials.<\/p>\n<p><iframe loading=\"lazy\" title=\"YouTube video player\" src=\"https:\/\/www.youtube.com\/embed\/iXejikffudU\" width=\"100%\" height=\"315\" frameborder=\"0\" allowfullscreen=\"allowfullscreen\"><\/iframe><\/p>\n<h6 style=\"text-align: center;\">* V\u00eddeo propiedad de la\u00a0<a title=\"Fundaci\u00f3n Freno al ICTUS\" href=\"http:\/\/www.frenoalictus.org\" target=\"_blank\" rel=\"noopener\">Fundaci\u00f3n Freno al ICTUS<\/a><\/h6>\n<p>En el cas dels ictus, la lluita contra l\u2019obesitat, la hipertensi\u00f3 arterial i el tabaquisme s\u00f3n els eixos de la prevenci\u00f3. Per aix\u00f2, l\u2019educaci\u00f3 en h\u00e0bits saludables des de la infantesa n\u2019\u00e9s clau. \u00c9s interessant consultar aquesta breu guia de prevenci\u00f3 d\u2019ictus que utilitzem en el Servei, tant per a la\u00a0<a href=\"http:\/\/xn--daocerebral-2db.es\/wp-content\/uploads\/2011\/12\/primaria.pdf\">la prevenci\u00f3 del primer ictus<\/a> com per a la prevenci\u00f3 <a href=\"http:\/\/xn--daocerebral-2db.es\/wp-content\/uploads\/2011\/12\/secundaria.pdf\">secund\u00e0ria<\/a>.<\/p>\n","protected":false},"excerpt":{"rendered":"<p>\u00a0El millor tractament \u00e9s la prevenci\u00f3 En el cas dels traumatismes hem assistit, en les \u00faltimes d\u00e8cades, a una marcada reducci\u00f3 de morts i ferits. La disminuci\u00f3 en els \u00faltims anys de la sinistralitat a les carreteres ens anima a no afluixar en l\u2019esfor\u00e7 preventiu. Per aix\u00f2, s\u2019ha de seguir incidint en la necessitat d\u2019utilitzar&hellip;<\/p>\n","protected":false},"author":3,"featured_media":2807,"parent":15053,"menu_order":3,"comment_status":"closed","ping_status":"closed","template":"","meta":{"footnotes":""},"_links":{"self":[{"href":"https:\/\/xn--daocerebral-2db.es\/ca\/wp-json\/wp\/v2\/pages\/15105"}],"collection":[{"href":"https:\/\/xn--daocerebral-2db.es\/ca\/wp-json\/wp\/v2\/pages"}],"about":[{"href":"https:\/\/xn--daocerebral-2db.es\/ca\/wp-json\/wp\/v2\/types\/page"}],"author":[{"embeddable":true,"href":"https:\/\/xn--daocerebral-2db.es\/ca\/wp-json\/wp\/v2\/users\/3"}],"replies":[{"embeddable":true,"href":"https:\/\/xn--daocerebral-2db.es\/ca\/wp-json\/wp\/v2\/comments?post=15105"}],"version-history":[{"count":2,"href":"https:\/\/xn--daocerebral-2db.es\/ca\/wp-json\/wp\/v2\/pages\/15105\/revisions"}],"predecessor-version":[{"id":65463,"href":"https:\/\/xn--daocerebral-2db.es\/ca\/wp-json\/wp\/v2\/pages\/15105\/revisions\/65463"}],"up":[{"embeddable":true,"href":"https:\/\/xn--daocerebral-2db.es\/ca\/wp-json\/wp\/v2\/pages\/15053"}],"wp:featuredmedia":[{"embeddable":true,"href":"https:\/\/xn--daocerebral-2db.es\/ca\/wp-json\/wp\/v2\/media\/2807"}],"wp:attachment":[{"href":"https:\/\/xn--daocerebral-2db.es\/ca\/wp-json\/wp\/v2\/media?parent=15105"}],"curies":[{"name":"wp","href":"https:\/\/api.w.org\/{rel}","templated":true}]}}