{"id":15097,"date":"2011-12-30T11:00:32","date_gmt":"2011-12-30T11:00:32","guid":{"rendered":"http:\/\/da\u00f1ocerebral.es\/danio\/\/la-lesio-cerebral-i-les-seues-causes\/"},"modified":"2014-09-01T14:04:42","modified_gmt":"2014-09-01T14:04:42","slug":"la-lesio-cerebral-i-les-seues-causes","status":"publish","type":"page","link":"https:\/\/xn--daocerebral-2db.es\/ca\/al-dany-cerebral\/la-lesio-cerebral-i-les-seues-causes\/","title":{"rendered":"La lesi\u00f3 cerebral i les seues causes"},"content":{"rendered":"<p> Quan parlem de dany cerebral adquirit (DCA) estem fent refer\u00e8ncia a una lesi\u00f3 cerebral que irromp de colp en la vida d\u2019una persona. L\u2019exemple m\u00e9s clar \u00e9s el dels traumatismes craniencef\u00e0lics greus secundaris en accidents de tr\u00e0nsit. Unes altres causes de dany cerebral que poden provocar p\u00e8rdues importants d\u2019autonomia s\u00f3n els ictus, els tumors cerebrals i les infeccions.<!--more-->L\u2019ampli ventall en la severitat i en les possibles seq\u00fceles del dany cerebral va des de la recuperaci\u00f3 completa fins els estats vegetatius. Algunes d\u2019aquestes seq\u00fceles poden afectar de manera significativa a l\u2019autonomia del pacient, aix\u00ed com modificar tamb\u00e9 la situaci\u00f3 de les fam\u00edlies. A la Xarxa Menni treballem amb aqueix grup de persones per ajudar-les a recuperar autonomia i qualitat de vida.<\/p>\n<h3>Causes m\u00e9s comunes<\/h3>\n<h4>\u2022<strong>\u00a0\u00a0\u00a0 Traumatismes craniencef\u00e0lics<\/strong><\/h4>\n<p>Un traumatisme craniencef\u00e0lic (TCE) \u00e9s un colp en el cap, suficientment intens com per alterar el nivell de consciencia o ser-ne la causa d\u2019una fractura cranial. La major part de les persones que pateixen un TCE s\u00f3n j\u00f3vens que han tingut accidents laborals o de tr\u00e0nsit. Una altra font de TCEs s\u00f3n les caigudes (sobretot en menuts i ancians), les agressions i els colps soferts en la pr\u00e0ctica esportiva o de risc.<\/p>\n<h4>\u2022\u00a0\u00a0\u00a0\u00a0 <strong>Ictus: infarts i hemorr\u00e0gies cerebrals<\/strong><\/h4>\n<p>Els ictus o accidents cerebrovasculars (ACV) s\u00f3n provocats per problemes del reg cerebral. Els ictus es poden produir per obstruccions de les art\u00e8ries, en aquest cas parlar\u00edem de trombosi, o per trencament de les art\u00e8ries, i en aquest cas parlar\u00edem d\u2019hemorr\u00e0gies. La paraula vessament fa refer\u00e8ncia a aquest \u00faltim tipus d\u2019ictus. L\u2019extensi\u00f3 de l\u2019\u00e0rea cerebral afectada, la localitzaci\u00f3 de la lesi\u00f3 i l\u2019edat del pacient s\u00f3n els tres factors que incideixen de manera m\u00e9s clara en el quadre cl\u00ednic que emergeix als dies o setmanes de l\u2019ictus.<a href=\"http:\/\/xn--daocerebral-2db.es\/wp-content\/uploads\/2011\/12\/lesion-cerebral1.jpg\"><img loading=\"lazy\" decoding=\"async\" class=\"alignright size-medium wp-image-2718\" title=\"Red Menni\" src=\"http:\/\/xn--daocerebral-2db.es\/wp-content\/uploads\/2011\/12\/lesion-cerebral1-300x200.jpg\" alt=\"Red Menni\" width=\"300\" height=\"200\" srcset=\"https:\/\/xn--daocerebral-2db.es\/wp-content\/uploads\/2011\/12\/lesion-cerebral1-300x200.jpg 300w, https:\/\/xn--daocerebral-2db.es\/wp-content\/uploads\/2011\/12\/lesion-cerebral1-1024x682.jpg 1024w\" sizes=\"(max-width: 300px) 100vw, 300px\" \/><\/a> D\u2019aquesta manera, podem tindre pacients en estat vegetatius que plantegen sobretot necessitats de cura, mentre que a l\u2019extrem contrari altres persones recuperen la salut en dies o setmanes. Tota aquesta problem\u00e0tica es troba rebent a hores d\u2019ara d\u2019una atenci\u00f3 especial per part del Ministeri de Sanitat, a trav\u00e9s de l\u2019anomenada Estrat\u00e8gia en ictus del Sistema Nacional de Salut. El Ministeri, junt a les comunitats aut\u00f2nomes, les societats cient\u00edfiques, les agrupacions d\u2019afectats i altres grups d\u2019inter\u00e9s est\u00e0 unificant esfor\u00e7os a favor d\u2019una millor atenci\u00f3 a aquesta malaltia.<\/p>\n<h4>\u2022\u00a0\u00a0\u00a0\u00a0 <strong>An\u00f2xia cerebral<\/strong><\/h4>\n<p>\u00c9s la manca d\u2019oxigen en el cervell i pot estar motivada per una aturada card\u00edaca, un ofegament, una intoxicaci\u00f3 per mon\u00f2xid de carboni, un ennuegament o d\u2019altres trastorns del sistema respiratori. Les an\u00f2xies prenatals o perinatals tamb\u00e9 s\u00f3n causes freq\u00fcents de lesi\u00f3 cerebral.<\/p>\n<h4>\u2022<strong>\u00a0\u00a0\u00a0\u00a0 Tumors<\/strong><\/h4>\n<p>Aix\u00ed com en el cas dels traumatismes, la superviv\u00e8ncia en els tumors cerebrals est\u00e0 augmentant. Aix\u00f2 d\u00f3na lloc a situacions de persones que sobreviuen a aquesta greu malaltia per\u00f2 que han d\u2019encarar-se amb processos de rehabilitaci\u00f3.<\/p>\n<h4>\u2022\u00a0\u00a0\u00a0<strong>\u00a0 Encefalitis<\/strong><\/h4>\n<p>La causa m\u00e9s freq\u00fcent \u00e9s la infecci\u00f3 per herpes viral. Aquesta classe d\u2019infecci\u00f3 afecta els l\u00f2buls temporals i frontals de manera preferent. Els problemes de mem\u00f2ria i de llenguatge, aix\u00ed com els canvis emocionals i de conducta s\u00f3n comuns en els casos m\u00e9s greus.<\/p>\n","protected":false},"excerpt":{"rendered":"<p>Quan parlem de dany cerebral adquirit (DCA) estem fent refer\u00e8ncia a una lesi\u00f3 cerebral que irromp de colp en la vida d\u2019una persona. L\u2019exemple m\u00e9s clar \u00e9s el dels traumatismes craniencef\u00e0lics greus secundaris en accidents de tr\u00e0nsit. Unes altres causes de dany cerebral que poden provocar p\u00e8rdues importants d\u2019autonomia s\u00f3n els ictus, els tumors cerebrals&hellip;<\/p>\n","protected":false},"author":3,"featured_media":2716,"parent":15053,"menu_order":1,"comment_status":"closed","ping_status":"closed","template":"","meta":{"footnotes":""},"_links":{"self":[{"href":"https:\/\/xn--daocerebral-2db.es\/ca\/wp-json\/wp\/v2\/pages\/15097"}],"collection":[{"href":"https:\/\/xn--daocerebral-2db.es\/ca\/wp-json\/wp\/v2\/pages"}],"about":[{"href":"https:\/\/xn--daocerebral-2db.es\/ca\/wp-json\/wp\/v2\/types\/page"}],"author":[{"embeddable":true,"href":"https:\/\/xn--daocerebral-2db.es\/ca\/wp-json\/wp\/v2\/users\/3"}],"replies":[{"embeddable":true,"href":"https:\/\/xn--daocerebral-2db.es\/ca\/wp-json\/wp\/v2\/comments?post=15097"}],"version-history":[{"count":0,"href":"https:\/\/xn--daocerebral-2db.es\/ca\/wp-json\/wp\/v2\/pages\/15097\/revisions"}],"up":[{"embeddable":true,"href":"https:\/\/xn--daocerebral-2db.es\/ca\/wp-json\/wp\/v2\/pages\/15053"}],"wp:featuredmedia":[{"embeddable":true,"href":"https:\/\/xn--daocerebral-2db.es\/ca\/wp-json\/wp\/v2\/media\/2716"}],"wp:attachment":[{"href":"https:\/\/xn--daocerebral-2db.es\/ca\/wp-json\/wp\/v2\/media?parent=15097"}],"curies":[{"name":"wp","href":"https:\/\/api.w.org\/{rel}","templated":true}]}}