{"id":15093,"date":"2011-12-29T18:42:21","date_gmt":"2011-12-29T18:42:21","guid":{"rendered":"http:\/\/da\u00f1ocerebral.es\/danio\/\/assessorament-i-recolzament-a-la-familia\/"},"modified":"2018-08-09T08:49:17","modified_gmt":"2018-08-09T08:49:17","slug":"assessorament-i-recolzament-a-la-familia","status":"publish","type":"page","link":"https:\/\/xn--daocerebral-2db.es\/ca\/rehabilitacio-integral\/assessorament-i-recolzament-a-la-familia\/","title":{"rendered":"Assessorament i recolzament a la fam\u00edlia"},"content":{"rendered":"\n<p style=\"text-align: center;\"><img loading=\"lazy\" decoding=\"async\" class=\"alignright size-full wp-image-38696\" src=\"http:\/\/xn--daocerebral-2db.es\/wp-content\/uploads\/2011\/12\/rehabilitaci\u00f3n-integral.jpg\" alt=\"rehabilitaci\u00f3n-integral\" width=\"1000\" height=\"394\" srcset=\"https:\/\/xn--daocerebral-2db.es\/wp-content\/uploads\/2011\/12\/rehabilitaci\u00f3n-integral.jpg 1000w, https:\/\/xn--daocerebral-2db.es\/wp-content\/uploads\/2011\/12\/rehabilitaci\u00f3n-integral-300x118.jpg 300w\" sizes=\"(max-width: 1000px) 100vw, 1000px\" \/><img loading=\"lazy\" decoding=\"async\" class=\"alignnone\" src=\"http:\/\/www.da\u00f1ocerebral.es\/cms\/wp-content\/uploads\/2011\/12\/rehabilitacion_da%C3%91o_cerebral_24-banner-800x335.jpg\" alt=\"\" width=\"800\" height=\"335\" \/><\/p>\n<h3>B\u00e9 siga per un traumatisme o b\u00e9 per un accident vascular, el m\u00e9s habitual \u00e9s que el dany cerebral sobrevinga de colp. En molts casos arriba per quedar-s\u2019hi i convertir-se\u2019n en una realitat amb la qual hem d\u2019aprendre a conviure. Enfrontar-se a les seq\u00fceles, sobretot a les alteracions del comportament, si n\u2019hi hagueren, suposa un repte psicol\u00f2gic tant per al mateix pacient com per al seus familiars.<\/h3>\n<p>A la Xarxa Menni assessorem i ajudem a la fam\u00edlia en el proc\u00e9s de rehabilitaci\u00f3 i en l\u2019adaptaci\u00f3 a la nova situaci\u00f3, amb la confian\u00e7a de que entre tots podrem trobar nous equilibris, els quals ens permetran recuperar el benestar temporalment alterat.<\/p>\n<h4>o <strong>Qu\u00e8 li passa al meu familiar, i per qu\u00e8?<\/strong><\/h4>\n<p>Ens \u00e9s necessari comprendre qu\u00e8 li passa al nostre \u00e9sser estimat. Amb algunes seq\u00fceles \u00e9s m\u00e9s senzill que no amb d\u2019altres. Estem avesats a veure persones amb una par\u00e0lisi d\u2019una part del cos, per\u00f2 ens resulta molt m\u00e9s dif\u00edcil entendre per qu\u00e8 sembla haver oblidat l\u2019idioma o per qu\u00e8 no \u00e9s capa\u00e7 de controlar les emocions o els impulsos. Assumim com una de les tasques de l\u2019equip terap\u00e8utic la d\u2019informar i explicar a les fam\u00edlies la natura dels s\u00edmptomes que hi apareixen, el seu pron\u00f2stic i les maneres possibles de millorar-los.<\/p>\n<h4>o <strong>Entrenament en el maneig i la cura<\/strong><\/h4>\n<p>El trasllat del bany a la cadira, l\u2019aspiraci\u00f3 de secrecions o l\u2019endre\u00e7ament en un dutxa adaptada s\u00f3n nom\u00e9s algunes tasques a les quals familiars i cuidadors potser hagen d\u2019habituar-se. Assolir per\u00edcia en aquestes cures \u00e9s molt important per a evitar accidents, previndre estr\u00e9s innecessari i dotar-ne els cuidadors de compet\u00e8ncia i confian\u00e7a. Abans que els familiars hagen d\u2019assumir aquestes tasques en solitari, programem sessions d\u2019entrenament.<\/p>\n<h4>o <strong>Atenci\u00f3 psicol\u00f2gica a les persones m\u00e9s pr\u00f2ximes<\/strong><\/h4>\n<p>Les persones que tenen cura, constantment, d\u2019un \u00e9sser estimat poden desenvolupar malestar emocional, alteracions del son i altres problemes de salut, degut, si m\u00e9s no en part, a les responsabilitats que hi assumeixen. A la Xarxa Menni som sensibles a aquesta mena de problemes i ens oferim a prestar-ne ajuda m\u00e8dica i psicoterap\u00e8utica en produir-se aquestes situacions.<\/p>\n<h4 style=\"text-align: left;\">o <strong>Ter\u00e0pia de fam\u00edlia<\/strong><\/h4>\n<p style=\"text-align: left;\">Desenvolupament d\u2019habilitats per a manejar i fer front a la discapacitat. \u00c9s important identificar els problemes i els recursos familiars, desenvolupar habilitats per a manejar els conflictes i controlar, segons les possibilitats, les emocions negatives. El manteniment d\u2019activitats gratificants i dels contactes socials habituals \u00e9s molt recomanable.<\/p>\n<h4>o <strong>Adaptaci\u00f3 de l\u2019habitatge<\/strong><\/h4>\n<p>L\u2019adequaci\u00f3 de l\u2019habitatge juga un paper primordial a l\u2019hora de tindre cura d\u2019una persona amb dany cerebral, per aix\u00f2 en prestem l\u2019assist\u00e8ncia t\u00e8cnica necess\u00e0ria per a l\u2019adaptaci\u00f3 del domicili.<\/p>\n","protected":false},"excerpt":{"rendered":"<p>B\u00e9 siga per un traumatisme o b\u00e9 per un accident vascular, el m\u00e9s habitual \u00e9s que el dany cerebral sobrevinga de colp. En molts casos arriba per quedar-s\u2019hi i convertir-se\u2019n en una realitat amb la qual hem d\u2019aprendre a conviure. Enfrontar-se a les seq\u00fceles, sobretot a les alteracions del comportament, si n\u2019hi hagueren, suposa un&hellip;<\/p>\n","protected":false},"author":3,"featured_media":0,"parent":15045,"menu_order":2,"comment_status":"closed","ping_status":"closed","template":"","meta":{"footnotes":""},"_links":{"self":[{"href":"https:\/\/xn--daocerebral-2db.es\/ca\/wp-json\/wp\/v2\/pages\/15093"}],"collection":[{"href":"https:\/\/xn--daocerebral-2db.es\/ca\/wp-json\/wp\/v2\/pages"}],"about":[{"href":"https:\/\/xn--daocerebral-2db.es\/ca\/wp-json\/wp\/v2\/types\/page"}],"author":[{"embeddable":true,"href":"https:\/\/xn--daocerebral-2db.es\/ca\/wp-json\/wp\/v2\/users\/3"}],"replies":[{"embeddable":true,"href":"https:\/\/xn--daocerebral-2db.es\/ca\/wp-json\/wp\/v2\/comments?post=15093"}],"version-history":[{"count":0,"href":"https:\/\/xn--daocerebral-2db.es\/ca\/wp-json\/wp\/v2\/pages\/15093\/revisions"}],"up":[{"embeddable":true,"href":"https:\/\/xn--daocerebral-2db.es\/ca\/wp-json\/wp\/v2\/pages\/15045"}],"wp:attachment":[{"href":"https:\/\/xn--daocerebral-2db.es\/ca\/wp-json\/wp\/v2\/media?parent=15093"}],"curies":[{"name":"wp","href":"https:\/\/api.w.org\/{rel}","templated":true}]}}