{"id":15089,"date":"2011-12-29T17:26:30","date_gmt":"2011-12-29T17:26:30","guid":{"rendered":"http:\/\/da\u00f1ocerebral.es\/danio\/\/unitats-de-rehabilitacio-infantil\/"},"modified":"2026-04-01T13:05:05","modified_gmt":"2026-04-01T13:05:05","slug":"unitats-de-rehabilitacio-infantil","status":"publish","type":"page","link":"https:\/\/xn--daocerebral-2db.es\/ca\/rehabilitacio-integral\/unitats-de-rehabilitacio-infantil\/","title":{"rendered":"Unitats de rehabilitaci\u00f3 infantil"},"content":{"rendered":"<p><img loading=\"lazy\" decoding=\"async\" class=\"alignright size-full wp-image-38693\" src=\"https:\/\/xn--daocerebral-2db.es\/wp-content\/uploads\/2011\/12\/Rehabilitaci\u00f3n-infantil1.jpg\" alt=\"Rehabilitaci\u00f3n-infantil\" width=\"1000\" height=\"394\" srcset=\"https:\/\/xn--daocerebral-2db.es\/wp-content\/uploads\/2011\/12\/Rehabilitaci\u00f3n-infantil1.jpg 1000w, https:\/\/xn--daocerebral-2db.es\/wp-content\/uploads\/2011\/12\/Rehabilitaci\u00f3n-infantil1-300x118.jpg 300w\" sizes=\"(max-width: 1000px) 100vw, 1000px\" \/><\/p>\n<p>&nbsp;<\/p>\n<h3>Les Unitats de rehabilitaci\u00f3 Infantil, ofereixen rehabilitaci\u00f3 ambulat\u00f2ria individual i personalitzada en casos com ara:<\/h3>\n<p>-Alteracions\u00a0 i retards en el desenvolupament psicomotor secund\u00e0ries a prematuritat, baix pes al n\u00e0ixer, s\u00edndromes gen\u00e8tics, complicacions del part i per\u00edode postpart.<\/p>\n<p>-Par\u00e0lisi cerebral infantil.<\/p>\n<p>-Dany cerebral adquirit infantil: traumatismes, infeccions del sistema nervi\u00f3s central (meningitis i encefalitis).<\/p>\n<p>-Seq\u00fceles derivades de processos oncol\u00f2gics en edat infantil o del seu tractament.<\/p>\n<p>Els programes de rehabilitaci\u00f3 se centren, segons les necessitats, en una o v\u00e0ries \u00e0rees alhora: fisioter\u00e0pia, ter\u00e0pia ocupacional. Logop\u00e8dia o neuropsicolog\u00eda.<br \/>\n<a href=\"http:\/\/xn--daocerebral-2db.es\/wp-content\/uploads\/2011\/12\/rehabilitcion-infantil.jpg\"><img loading=\"lazy\" decoding=\"async\" class=\"alignright size-medium wp-image-2605\" title=\"Rehabilitci\u00f3n infantil\" src=\"http:\/\/xn--daocerebral-2db.es\/wp-content\/uploads\/2011\/12\/rehabilitcion-infantil-300x225.jpg\" alt=\"Rehabilitci\u00f3n infantil\" width=\"300\" height=\"225\" srcset=\"https:\/\/xn--daocerebral-2db.es\/wp-content\/uploads\/2011\/12\/rehabilitcion-infantil-300x225.jpg 300w, https:\/\/xn--daocerebral-2db.es\/wp-content\/uploads\/2011\/12\/rehabilitcion-infantil-1024x768.jpg 1024w\" sizes=\"(max-width: 300px) 100vw, 300px\" \/><\/a><strong><br \/>\n<\/strong><\/p>\n<h4><strong>Estimulaci\u00f3 primerenca<\/strong><\/h4>\n<p>Amb els nostres tractaments preco\u00e7os ajudem a pal\u00b7liar possibles d\u00e8ficits del desenvolupament infantil. \u00c9s un treball constant en qu\u00e8 hi proporcionem est\u00edmuls al cervell per a permetre els menuts aconseguir un desenvolupament sensorial, psicoafectiu, motor i de llenguatge. L\u2019objectiu \u00e9s afavorir-ne la seua autonomia i millorar el seu nivell socioeducatiu.<\/p>\n<h4><strong>Fisioter\u00e0pia<\/strong><\/h4>\n<p>Busquem la normalitzaci\u00f3 del desenvolupament motor mitjan\u00e7ant t\u00e8cniques especialment recomanades pels seus resultats en la rehabilitaci\u00f3 cerebral infantil.<\/p>\n<h4><strong>Ter\u00e0pia miofuncional<\/strong><\/h4>\n<p>Quan cal corregir disfuncions que poden interferir en la fonaci\u00f3, l\u2019articulaci\u00f3 de la parla, la masticaci\u00f3 o la degluci\u00f3, hi apliquem la disciplina que es coneix com a ter\u00e0pia miofuncional. Consisteix aquesta en la reeducaci\u00f3 dels \u00f2rgans orofacials.<\/p>\n<h4>\u00a0<strong>Logop\u00e8dia<\/strong><\/h4>\n<p>A l\u2019\u00e0rea de Logop\u00e8dia de les Unitats Infantils de la Xarxa Menni de Dany Cerebral tractem els trastorns de la parla, la veu i el llenguatge, b\u00e9 siguen adquirits o cong\u00e8nits. Treballem tamb\u00e9 en el disseny i entrenament de sistemes de comunicaci\u00f3 alternativa i en l\u2019estimulaci\u00f3 del prellenguatge.<\/p>\n<h4><strong>\u00a0Increment en l\u2019autonomia<\/strong><\/h4>\n<p>Sempre que la p\u00e8rdua de salut comprometa l\u2019autonomia del menut o la menuda a l\u2019hora de realitzar activitats de la vida di\u00e0ria (endre\u00e7 personal, roba de vestir, alimentaci\u00f3, control d\u2019esf\u00ednters\u2026) estudiem i apliquem un programa de ter\u00e0pia ocupacional. A vegades, \u00e9s necess\u00e0ria l\u2019adaptaci\u00f3 del domicili i del centre educatiu. Per a la superaci\u00f3 d\u2019aquestes barreres, n\u2019oferim tamb\u00e9 assessoria i entrenament.<\/p>\n<h4>\u00a0<strong>Valoraci\u00f3 neuropsicol\u00f2gica (cognici\u00f3, conducta i estat an\u00edmic)<\/strong><\/h4>\n<p>Detectem quins s\u00f3n els d\u00e8ficits i definim els programes dirigits a la seua reducci\u00f3 i compensaci\u00f3, amb el fi de millorar-ne el rendiment acad\u00e8mic i l\u2019exercici de les funcions del menut en la vida quotidiana. A\u00e7\u00f2 inclou l\u2019assessorament a la fam\u00edlia del xiquet o xiqueta i al centre educatiu, aix\u00ed com la pertinent intervenci\u00f3, si hi haguera problemes d\u2019aprenentatge.<\/p>\n<h4>\u00a0<strong>Intervenci\u00f3 sobre problemes de conducta<\/strong><\/h4>\n<p>Dissenyem i posem en marxa programes de modificaci\u00f3 del comportament dirigits a corregir conductes disruptives de tipus oposicionista, desafiant, agressivitat, etc.<\/p>\n<h4>\u00a0<strong>Atenci\u00f3 a les fam\u00edlies<\/strong><\/h4>\n<p>Les persones m\u00e9s pr\u00f2ximes a un xiquet que haja patit un dany cerebral han d\u2019encarar la nova situaci\u00f3 i els canvis que en comporta en les seues pr\u00f2pies vides. A la Xarxa Menni estem a prop de les fam\u00edlies, les n\u2019informem i les ajudem a enfrontar-se amb les seq\u00fceles, a assumir en molts casos el paper de cuidadores i a aconseguir un estat emocional estable, necessari per a donar suport a la recuperaci\u00f3 del menor.<\/p>\n","protected":false},"excerpt":{"rendered":"<p>&nbsp; Les Unitats de rehabilitaci\u00f3 Infantil, ofereixen rehabilitaci\u00f3 ambulat\u00f2ria individual i personalitzada en casos com ara: -Alteracions\u00a0 i retards en el desenvolupament psicomotor secund\u00e0ries a prematuritat, baix pes al n\u00e0ixer, s\u00edndromes gen\u00e8tics, complicacions del part i per\u00edode postpart. -Par\u00e0lisi cerebral infantil. -Dany cerebral adquirit infantil: traumatismes, infeccions del sistema nervi\u00f3s central (meningitis i encefalitis). -Seq\u00fceles&hellip;<\/p>\n","protected":false},"author":3,"featured_media":0,"parent":15045,"menu_order":0,"comment_status":"closed","ping_status":"closed","template":"","meta":{"footnotes":""},"_links":{"self":[{"href":"https:\/\/xn--daocerebral-2db.es\/ca\/wp-json\/wp\/v2\/pages\/15089"}],"collection":[{"href":"https:\/\/xn--daocerebral-2db.es\/ca\/wp-json\/wp\/v2\/pages"}],"about":[{"href":"https:\/\/xn--daocerebral-2db.es\/ca\/wp-json\/wp\/v2\/types\/page"}],"author":[{"embeddable":true,"href":"https:\/\/xn--daocerebral-2db.es\/ca\/wp-json\/wp\/v2\/users\/3"}],"replies":[{"embeddable":true,"href":"https:\/\/xn--daocerebral-2db.es\/ca\/wp-json\/wp\/v2\/comments?post=15089"}],"version-history":[{"count":2,"href":"https:\/\/xn--daocerebral-2db.es\/ca\/wp-json\/wp\/v2\/pages\/15089\/revisions"}],"predecessor-version":[{"id":98076,"href":"https:\/\/xn--daocerebral-2db.es\/ca\/wp-json\/wp\/v2\/pages\/15089\/revisions\/98076"}],"up":[{"embeddable":true,"href":"https:\/\/xn--daocerebral-2db.es\/ca\/wp-json\/wp\/v2\/pages\/15045"}],"wp:attachment":[{"href":"https:\/\/xn--daocerebral-2db.es\/ca\/wp-json\/wp\/v2\/media?parent=15089"}],"curies":[{"name":"wp","href":"https:\/\/api.w.org\/{rel}","templated":true}]}}