{"id":15085,"date":"2011-12-29T06:01:10","date_gmt":"2011-12-29T06:01:10","guid":{"rendered":"http:\/\/da\u00f1ocerebral.es\/danio\/\/el-compromis-de-la-xarxa-menni\/"},"modified":"2014-07-29T09:53:02","modified_gmt":"2014-07-29T09:53:02","slug":"el-compromis-de-la-xarxa-menni","status":"publish","type":"page","link":"https:\/\/xn--daocerebral-2db.es\/ca\/fh-red-de-dca-y-neurorrehabilitacion\/el-compromis-de-la-xarxa-menni\/","title":{"rendered":"El comprom\u00eds de la Xarxa Menni"},"content":{"rendered":"<p> <img loading=\"lazy\" decoding=\"async\" class=\"aligncenter size-full wp-image-16499\" src=\"http:\/\/xn--daocerebral-2db.es\/wp-content\/uploads\/2011\/12\/compromiso1.jpg\" alt=\"compromiso\" width=\"956\" height=\"339\" srcset=\"https:\/\/xn--daocerebral-2db.es\/wp-content\/uploads\/2011\/12\/compromiso1.jpg 956w, https:\/\/xn--daocerebral-2db.es\/wp-content\/uploads\/2011\/12\/compromiso1-300x106.jpg 300w\" sizes=\"(max-width: 956px) 100vw, 956px\" \/><\/p>\n<p>La Xarxa Menni se centra essencialment en la rehabilitaci\u00f3. Partintd\u2019una valoraci\u00f3 individualitzada de cada cas, el nostre equip \u2013constitu\u00eft per professionals en diverses disciplines- desenvolupa un tractament integral per al pacient que hi inclou les dimensions: <strong>motora, de comunicaci\u00f3, d\u2019autonomia en activitats de la vida di\u00e0ria, emocional i de compet\u00e8ncia intel\u00b7lectual<\/strong>. L\u2019objectiu \u00e9s recuperar-ne, del pacient, el m\u00e0xim grau d\u2019autonomia possible, i el nostre comprom\u00eds sempre posa l\u2019\u00e8mfasi en la dignificaci\u00f3 de la persona.<\/p>\n<h3>El teu equip de tractament<\/h3>\n<p>&nbsp;<\/p>\n<p>U dels recursos m\u00e9s valuosos de la Xarxa Menni de Dany Cerebral s\u00f3n les <a title=\"El teu equip de tractament\" href=\"http:\/\/xn--daocerebral-2db.es\/ca\/tu-equipo-de-tratamiento\/\" target=\"_blank\">persones que formen els seus equips humans<\/a>. Totes elles posseeixen un <strong>excel\u2022lent perfil t\u00e8cnic, amb un alt nivell d\u2019especialitzaci\u00f3 i d\u2019experi\u00e8ncia<\/strong>. La formaci\u00f3 continuada i la supervisi\u00f3 permanent de cada persona que s\u2019hi incorpora a l\u2019equip asseguren una assist\u00e8ncia de qualitat. Qualificaci\u00f3, dedicaci\u00f3 i serietat, formen part del tracte professional en els diversos programes assistencials. Les persones, de l\u2019organitzaci\u00f3 que ac\u00ed apareixen, s\u00f3n les m\u00e9s representatives d\u2019un <strong>ampli equip multidisciplinar, din\u00e0mic i entusiasta<\/strong>. L\u2019excel\u2022l\u00e8ncia en l\u2019atenci\u00f3 integral a pacients i familiars determina el nostre cam\u00ed a seguir.<\/p>\n","protected":false},"excerpt":{"rendered":"<p>La Xarxa Menni se centra essencialment en la rehabilitaci\u00f3. Partintd\u2019una valoraci\u00f3 individualitzada de cada cas, el nostre equip \u2013constitu\u00eft per professionals en diverses disciplines- desenvolupa un tractament integral per al pacient que hi inclou les dimensions: motora, de comunicaci\u00f3, d\u2019autonomia en activitats de la vida di\u00e0ria, emocional i de compet\u00e8ncia intel\u00b7lectual. L\u2019objectiu \u00e9s recuperar-ne, del&hellip;<\/p>\n","protected":false},"author":3,"featured_media":13172,"parent":15109,"menu_order":2,"comment_status":"open","ping_status":"open","template":"homeb.php","meta":{"footnotes":""},"_links":{"self":[{"href":"https:\/\/xn--daocerebral-2db.es\/ca\/wp-json\/wp\/v2\/pages\/15085"}],"collection":[{"href":"https:\/\/xn--daocerebral-2db.es\/ca\/wp-json\/wp\/v2\/pages"}],"about":[{"href":"https:\/\/xn--daocerebral-2db.es\/ca\/wp-json\/wp\/v2\/types\/page"}],"author":[{"embeddable":true,"href":"https:\/\/xn--daocerebral-2db.es\/ca\/wp-json\/wp\/v2\/users\/3"}],"replies":[{"embeddable":true,"href":"https:\/\/xn--daocerebral-2db.es\/ca\/wp-json\/wp\/v2\/comments?post=15085"}],"version-history":[{"count":0,"href":"https:\/\/xn--daocerebral-2db.es\/ca\/wp-json\/wp\/v2\/pages\/15085\/revisions"}],"up":[{"embeddable":true,"href":"https:\/\/xn--daocerebral-2db.es\/ca\/wp-json\/wp\/v2\/pages\/15109"}],"wp:featuredmedia":[{"embeddable":true,"href":"https:\/\/xn--daocerebral-2db.es\/ca\/wp-json\/wp\/v2\/media\/13172"}],"wp:attachment":[{"href":"https:\/\/xn--daocerebral-2db.es\/ca\/wp-json\/wp\/v2\/media?parent=15085"}],"curies":[{"name":"wp","href":"https:\/\/api.w.org\/{rel}","templated":true}]}}