{"id":15081,"date":"2011-12-26T17:31:31","date_gmt":"2011-12-26T17:31:31","guid":{"rendered":"http:\/\/da\u00f1ocerebral.es\/danio\/\/inigo-urrutikoetxea-3\/"},"modified":"2024-04-15T14:10:23","modified_gmt":"2024-04-15T14:10:23","slug":"inigo-urrutikoetxea-3","status":"publish","type":"page","link":"https:\/\/xn--daocerebral-2db.es\/ca\/el-teu-equip-de-tractament\/inigo-urrutikoetxea-3\/","title":{"rendered":"I\u00f1igo Urrutikoetxea"},"content":{"rendered":"<p><img decoding=\"async\" class=\"alignleft\" src=\"http:\/\/xn--daocerebral-2db.es\/wp-content\/uploads\/2011\/12\/0406421820.jpg\" alt=\"I\u00f1igo Urritikoetxea\" \/><\/p>\n<h3>Llicenciat en Psicologia. Especialista en Neuropsicologia en els Centres de Dia per a Persones amb Discapacitat Neurol\u00f2gica de Sant Sebasti\u00e0, Mondrag\u00f3n i del Dispositiu Ambulatori del Servei de Dany Cerebral de Donostia<\/h3>\n<p>De sempre he intentat aprofundir en el coneixement de la Neuropsiquiatria i la Neuropsicologia del dany cerebral adquirit. Porte dedicant-me a l\u2019atenci\u00f3 de pacients amb D.C.A. des de 1992. De la meua vida professional en destacaria els dos grups de formaci\u00f3 interna que hi organitzarem, durant els primers anys de funcionament del nostre Servei, amb els doctors Peter Eames i Juan Manuel Mu\u00f1oz-C\u00e9spedes. Amb tots dos adquirirem una perspectiva dels aspectes fonamentals de l\u2019avaluaci\u00f3 i la rehabilitaci\u00f3 d\u2019aquest grup de pacients.<\/p>\n<p>Pense que els professionals que participarem en aquest projecte, juntament amb altres equips, associacions de familiars, universitats, etc., estem contribuint a la millora dels serveis de rehabilitaci\u00f3 i a la generaci\u00f3 de noves alternatives sociosanit\u00e0ries per a aquest grup de pacients i familiars. El poder portar-ho a terme des d\u2019una instituci\u00f3 sense \u00e0nim de lucre, amb un model de treball honest i amb un equip d\u2019elevada qualitat humana, ens hi aporta, sens dubte, una satisfacci\u00f3 afegida.<\/p>\n<h4><strong>Formaci\u00f3 acad\u00e8mica<\/strong><\/h4>\n<p>&#8211; Llicenciat en Psicologia per la Universitat Pontif\u00edcia de Salamanca ,1980-1985.<br \/>\n&#8211; Especialista en Psicologia Cl\u00ednica per la Direcci\u00f3 General d\u2019Universitats (2004), segons Reial Decret 2490\/98.<br \/>\n&#8211; Especialista en Psicologia del Llenguatge i Logop\u00e8dia per la Universitat Pontif\u00edcia de Salamanca, 1987-1989.<br \/>\n&#8211; Especialista en Ter\u00e0pia de fam\u00edlia i de parella pel Col\u2022legi Oficial de Psic\u00f2legs de Castella i Lle\u00f3, 1983-1985.<\/p>\n<h4><strong>Col\u2022legiaci\u00f3 i societats<\/strong><\/h4>\n<p>&#8211; Membre del Col\u2022legi Oficial de Psic\u00f2legs d\u2019\u00c0laba.<br \/>\n&#8211; Membre fundador de la Societat Basco Navarra de Neuropsicologia (SVNPS).<br \/>\n&#8211; Membre de la Societat Espanyola de Neurorehabilitaci\u00f3 (SEN).<br \/>\n&#8211; Membre de l\u2019Associaci\u00f3 Espanyola de Logop\u00e8dia, Foniatria i Audiologia (AELFA).<\/p>\n<h4><strong>Publicacions<\/strong><\/h4>\n<p>Cap\u00edtols de llibres<br \/>\n&#8211; Urrutikoetxea, I. Alteraciones de la Comunicaci\u00f3n e Intervenci\u00f3n logop\u00e9dica tras un Traumatismo Craneoencef\u00e1lico. A: Neuropsiquiatr\u00eda del Da\u00f1o Cerebral Traum\u00e1tico. Aspectos Cl\u00ednicos y Terap\u00e9uticos. Barcelona: Editorial J.R. Prous, S.A.; 1997. P\u00e0g. 319-330. ISBN: 84-8124-150-4. Mu\u00f1oz-C\u00e9spedes, J.M.; Ugarteburu, I.; Urrutikoetxea, I. Evaluaci\u00f3n Neuropsicol\u00f3gica de las lesiones cerebrales postraum\u00e1ticas. A: Medici\u00f3n Cl\u00ednica en Psiquiatr\u00eda. P\u00e0g. 323-334. 2000. ISBN: 84-458-0962-8.<br \/>\n&#8211; Ruiz, M.J.; Medina, C.; Urrutikoetxea, I.; Garc\u00eda, O.; Muela, T.; S\u00e1nchez, V. Modelo de Centro de D\u00eda para personas con Da\u00f1o Cerebral Adquirido. IMSERSO, 2007. NIPO: 216-07-063-7.<\/p>\n<h4><strong>Articles<\/strong><\/h4>\n<p>&#8211; Urrutikoetxea, I.; Berm\u00fadez, M.; Fern\u00e1ndez de Corres, A. Intervenci\u00f3n logop\u00e9dica en las alteraciones de la comunicaci\u00f3n consecutivas a da\u00f1o cerebral adquirido. En: Bolet\u00edn de AELFA n\u00ba 3. P\u00e0g. 5-10. 1999. ISSN: 1137-8174.<br \/>\n&#8211; Mu\u00f1oz C\u00e9spedes, J.M.; Garc\u00eda, M.; Iruarrizaga I.; Urrutikoetxea, I. La conciencia de los d\u00e9ficit en la rehabilitaci\u00f3n de las personas con un da\u00f1o cerebral. En: Ansiedad y Estr\u00e9s. P\u00e0g. 313-325. 1999. ISSN: 1134-7937.<br \/>\n&#8211; Ojeda del Pozo, N.; Quemada, J.I.; Ezquerra, J.A.; Urrutikoetxea, I.; Mu\u00f1oz-C\u00e9spedes, J.M. Entrenamiento en habilidades sociales en pacientes con da\u00f1o cerebral adquirido. En: Revista de Neurolog\u00eda. P\u00e0g. 783-787. 2000. ISNN: 0210-0010.<br \/>\n&#8211; Urrutikoetxea, I.; Alteraciones de la articulaci\u00f3n en personas con da\u00f1o cerebral. En: MAPFRE MEDICINA, 2001; Vol.12 (supl. I): 71-76. ISSN: 1133-5602.<br \/>\n&#8211; Quemada, J. I.; Mu\u00f1oz C\u00e9spedes, J.M.; Ezkerra, J. M.; Ballesteros, J.; Ibarra, N.; Urruticoechea, I. Outcome of Memory Rehabilitation in Traumatic Brain Injury Assessed by Neuropsychological Tests and Questionnaires. En: Journal of Head Trauma Rehabilitation. Focus on Clinical Research and Practice, Part 3. 18(6): 532-540, November\/December 2003. ISSN: 0885-9701.<br \/>\n&#8211; Martos Garc\u00eda, E.; Urrutikoetxea Sarriegi, I. Disfunciones sexuales en personas con da\u00f1o cerebral adquirido. Revista FEATECE; N\u00fam 14 (2004). P\u00e0g: 8-9.<br \/>\n&#8211; Urrutikoetxea, I.; Lertxundi N. La problem\u00e1tica del Da\u00f1o Cerebral adquirido: respuestas asistenciales en la C.A.V. ofrecidas desde el Hospital Aita Menni. En: Euskonews &amp; Media; N\u00fam 257. Publicaci\u00f3 electr\u00f2nica setmanal sobre la ci\u00e8ncia i la cultura basca, editada per Eusko Ikaskuntza Societat d\u2019Estudis Bascos.<\/p>\n<h4><strong>Activitat investigadora i acad\u00e8mica<\/strong><\/h4>\n<p>Universitat de Deusto (UD):<br \/>\n&#8211; Professor de l\u2019assignatura Avaluaci\u00f3 Neuropsicol\u00f2gica (2003, 2004, 2006, 2007).<br \/>\n&#8211; Professor del M\u00e0ster de Psicologia Cl\u00ednica des de l\u2019any 1992 fins l\u2019actualitat.<\/p>\n<p>Universitat de Mondrag\u00f3n (UM):<br \/>\n&#8211; Professor de l\u2019assignatura Patologia del Llenguatge (2003, 2004, 2005, 2006, 2007, 2008, 2009, 2010).<\/p>\n<p>Universitat Pontif\u00edcia de Salamanca (UPS):<br \/>\n&#8211; Tutor en Pr\u00e0ctiques d\u2019alumnes de Psicologia i Logop\u00e8dia.<\/p>\n<p>Universitat del Pa\u00eds Basc (UPB):<br \/>\n&#8211; Tutor en Pr\u00e0ctiques d\u2019alumnes de Psicologia.<\/p>\n<p>Universitat Complutense de Madrid (UCM):<br \/>\n&#8211; Tutor en Pr\u00e0ctiques d\u2019alumnes de Psicologia.<\/p>\n<p>Universitat Nacional d\u2019Educaci\u00f3 a Dist\u00e0ncia (UNED):<br \/>\n&#8211; Tutor en Pr\u00e0ctiques d\u2019alumnes de Psicologia.<\/p>\n<p>Ministeri d\u2019Educaci\u00f3 i Ci\u00e8ncia (MEC):<br \/>\n&#8211; Tutor en Pr\u00e0ctiques de Psic\u00f2legs Interns Residents (PIR).<\/p>\n<h4><strong>Confer\u00e8ncies, comunicacions, p\u00f2sters de fa poc<\/strong><\/h4>\n<p>&#8211; Urrutikoetxea, I. Confer\u00e8ncia: Rehabilitaci\u00f3n del D.C.A.: un enfoque multidisciplinar. III Jornades cient\u00edfiques d\u2019investigaci\u00f3 sobre persones amb discapacitat. Simp\u00f2sium Persones amb afectacions greus, Institut de migracions i serveis socials, Salamanca, 2000.<br \/>\n&#8211; Urrutikoetxea, I. Sesis\u00f3 Cl\u00ednica: Nuevos instrumentos de valoraci\u00f3n del grado de autonom\u00eda de los pacientes ambulatorios en la realizaci\u00f3n de las A.V.D. Hospital Aita Menni, Mondrag\u00f3n, Guip\u00fascoa, 2000.<br \/>\n&#8211; Urrutikoetxea, I. Sessi\u00f3 Cl\u00ednica: Evaluaci\u00f3n Neuropsicol\u00f3gica. Hospital Aita Menni, Mondrag\u00f3n, Guip\u00fascoa, 2001.<br \/>\n&#8211; Urrutikoetxea, I. Classe: Servicio de rehabilitaci\u00f3n de da\u00f1o cerebral. Universitat de M\u00e0laga, Facultat de Psicologia, Diplomatura de Logop\u00e8dia, M\u00e0laga, 2002.<br \/>\n&#8211; Urrutikoetxea, I. Sessi\u00f3 Cl\u00ednica: La carga del Equipo Terap\u00e9utico derivada del manejo de pacientes don alteraciones conductuales. Hospital Aita Menni, Mondrag\u00f3n, Guip\u00fascoa, 2002.<br \/>\n&#8211; Urrutikoetxea, I. Sessi\u00f3 Cl\u00ednica: 2+2=8. Hospital Aita Menni, Mondrag\u00f3n, Guip\u00fascoa, 2002.<br \/>\n&#8211; Urrutikoetxea, I. Seminari adre\u00e7at al Berritzegune d\u2019\u00c0laba: Evaluaci\u00f3n y rehabilitaci\u00f3n neuropsicol\u00f3gica infantil en d.c.a. Hospital Aita Menni, Mondrag\u00f3n, Guip\u00fascoa, 2003.<br \/>\n&#8211; Urrutikoetxea, I. Seminari adre\u00e7at als professionals del C.S.M. de Vit\u00f2ria-Gasteiz: Memoria y Alcohol: evaluaci\u00f3n y rehabilitaci\u00f3n neuropsicol\u00f3gica. Vit\u00f2ria-Gasteiz, 2004.<br \/>\n&#8211; Urrutikoetxea, I.; Hueso, V.; i altres. Seminari Neuropsicologia forense a D.C.A. Bilbao, COP. 2006.<br \/>\n&#8211; Urrutikoetxea, I. Alteraciones conductuales en pacientes con d.c.a., Resid\u00e8ncia IZA, Sant Sebasti\u00e0, 2007.<br \/>\n&#8211; Urrutikoetxea, I; S\u00e1nchez Cubillo, I.: Formaci\u00f3n en Neuropsicolog\u00eda: DCA, Seminari de 12 hores organitzat pel COP de Gal\u00edcia. Ourense, 2010.<\/p>\n<h4><strong>Aficions<\/strong><\/h4>\n<p>La fam\u00edlia i els amics omplin la major part del temps lliure de que en dispose.<\/p>\n","protected":false},"excerpt":{"rendered":"<p>Llicenciat en Psicologia. Especialista en Neuropsicologia en els Centres de Dia per a Persones amb Discapacitat Neurol\u00f2gica de Sant Sebasti\u00e0, Mondrag\u00f3n i del Dispositiu Ambulatori del Servei de Dany Cerebral de Donostia De sempre he intentat aprofundir en el coneixement de la Neuropsiquiatria i la Neuropsicologia del dany cerebral adquirit. Porte dedicant-me a l\u2019atenci\u00f3 de&hellip;<\/p>\n","protected":false},"author":3,"featured_media":362,"parent":15077,"menu_order":0,"comment_status":"closed","ping_status":"closed","template":"","meta":{"footnotes":""},"_links":{"self":[{"href":"https:\/\/xn--daocerebral-2db.es\/ca\/wp-json\/wp\/v2\/pages\/15081"}],"collection":[{"href":"https:\/\/xn--daocerebral-2db.es\/ca\/wp-json\/wp\/v2\/pages"}],"about":[{"href":"https:\/\/xn--daocerebral-2db.es\/ca\/wp-json\/wp\/v2\/types\/page"}],"author":[{"embeddable":true,"href":"https:\/\/xn--daocerebral-2db.es\/ca\/wp-json\/wp\/v2\/users\/3"}],"replies":[{"embeddable":true,"href":"https:\/\/xn--daocerebral-2db.es\/ca\/wp-json\/wp\/v2\/comments?post=15081"}],"version-history":[{"count":2,"href":"https:\/\/xn--daocerebral-2db.es\/ca\/wp-json\/wp\/v2\/pages\/15081\/revisions"}],"predecessor-version":[{"id":86837,"href":"https:\/\/xn--daocerebral-2db.es\/ca\/wp-json\/wp\/v2\/pages\/15081\/revisions\/86837"}],"up":[{"embeddable":true,"href":"https:\/\/xn--daocerebral-2db.es\/ca\/wp-json\/wp\/v2\/pages\/15077"}],"wp:featuredmedia":[{"embeddable":true,"href":"https:\/\/xn--daocerebral-2db.es\/ca\/wp-json\/wp\/v2\/media\/362"}],"wp:attachment":[{"href":"https:\/\/xn--daocerebral-2db.es\/ca\/wp-json\/wp\/v2\/media?parent=15081"}],"curies":[{"name":"wp","href":"https:\/\/api.w.org\/{rel}","templated":true}]}}