{"id":15073,"date":"2011-12-25T17:31:16","date_gmt":"2011-12-25T17:31:16","guid":{"rendered":"http:\/\/da\u00f1ocerebral.es\/danio\/\/olatz-uriarte-3\/"},"modified":"2014-09-15T16:19:05","modified_gmt":"2014-09-15T16:19:05","slug":"olatz-uriarte-3","status":"publish","type":"page","link":"https:\/\/xn--daocerebral-2db.es\/ca\/el-teu-equip-de-tractament\/olatz-uriarte-3\/","title":{"rendered":"Olatz Uriarte"},"content":{"rendered":"\n<p><img loading=\"lazy\" decoding=\"async\" class=\"alignleft size-full wp-image-18096\" src=\"https:\/\/xn--daocerebral-2db.es\/wp-content\/uploads\/2011\/12\/olatz-uriarte.jpg\" alt=\"olatz-uriarte\" width=\"450\" height=\"676\" srcset=\"https:\/\/xn--daocerebral-2db.es\/wp-content\/uploads\/2011\/12\/olatz-uriarte.jpg 450w, https:\/\/xn--daocerebral-2db.es\/wp-content\/uploads\/2011\/12\/olatz-uriarte-199x300.jpg 199w\" sizes=\"(max-width: 450px) 100vw, 450px\" \/><\/p>\n<h3>Coordinadora del Servei de Dany Cerebral de l\u2019Hospital Aita Menni<\/h3>\n<p>Al Servei de Dany Cerebral d\u2019Aita Menni, hi desenvolupem un treball multidisciplinar dins d\u2019un equip en el qu\u00e8 em sent formant part real d\u2019ell. M\u2019agrada exercir de dinamitzadora, impulsora i catalitzadora dins de l\u2019equip. La proximitat i el contacte directe amb el pacient i la seua fam\u00edlia \u00e9s que m\u00e9s m\u2019agrada. Tracte sempre d\u2019empatitzar tant amb la problem\u00e0tica individual del pacient com amb la diversitat de situacions de la fam\u00edlia in el seu entorn. Per altre costat, tinc capacitat per il\u2022lusionar-me el dia de cada dia davant la problem\u00e0tica i les dificultats que se\u2019n plantegen en la nostra tasca professional. Ho compense emportant-me a casa la gran satisfacci\u00f3 personal davant els \u00e8xits assolits en el treball rehabilitador dels nostres pacients.<\/p>\n<h4><strong>Formaci\u00f3 acad\u00e8mica<\/strong><\/h4>\n<p>&#8211; Diplomada en Treball Social per la Universitat del Pa\u00eds Basc. Donostia-Sant Sebasti\u00e0, 1994.<br \/>\n&#8211; M\u00e0ster en Gerontologia-psicosocial per la Universitat del Pa\u00eds Basc. Donostia-Sant Sebasti\u00e0, 1996-1998.<\/p>\n<h4><strong>Formaci\u00f3 extra acad\u00e8mica<\/strong><\/h4>\n<p>Assist\u00e8ncia a cursos de formaci\u00f3 continuada tant en l\u2019\u00e0mbit del treball social com en el de dany cerebral i participaci\u00f3 en sessions monogr\u00e0fiques, en els equips multidisciplinaris de l\u2019hospital, entre d\u2019altres:<br \/>\n&#8211; Tutela Institucional: La protecci\u00f3 de l\u2019incapa\u00e7. Fundaci\u00f3 Hurkoa. Donostia-Sant Sebasti\u00e0, octubre de 2002.<br \/>\n&#8211; L\u2019atenci\u00f3 al major des de la perspectiva del professional. Diputaci\u00f3 de Guip\u00fascoa. Donostia-Sant Sebasti\u00e0, octubre de 2003.<br \/>\n&#8211; Introducci\u00f3 a la qualitat total i al model EFQM. Hospital Aita Mennni, maig de 2004.<br \/>\n&#8211; II Jornades de Vida Independent. Diputaci\u00f3 de Guip\u00fascoa. Donostia-Sant Sebasti\u00e0, juny de 2006.<br \/>\n&#8211; La tutela de les persones adultes incapacitades en situaci\u00f3 de desemparament. Fundaci\u00f3 Hurkoa. Donostia-Sant Sebasti\u00e0, mar\u00e7 de 2006.<br \/>\n&#8211; Jornada de Treball Social en Salut a la CAPV. Donostia-Sant Sebasti\u00e0, octubre de 2007.<br \/>\n&#8211; 2\u00aa Jornada de Drogodepend\u00e8ncies de Biscaia. Bilbao, octubre de 2007.<br \/>\n&#8211; X Jornades de Rehabilitaci\u00f3 Psicosocial i Assist\u00e8ncia a la malaltia mental greu de cursos cr\u00f2nic. Bilbao, novembre de 2007.<br \/>\n&#8211; 3\u00aa Jornada de Drogodepend\u00e8ncies de Biscaia. Bilbao, octubre de 2008.<br \/>\n&#8211; VII Trobada de Professionals de Salut Mental de Guip\u00fascoa: Cronicitat i psiquiatria: Estrat\u00e8gies d\u2019Abordament. Donostia-Sant Sebasti\u00e0, juny de 2008.<br \/>\n&#8211; Fam\u00edlia i Dany Cerebral. Hospital Beata Mar\u00eda Ana. Madrid, mar\u00e7 de 2010.<\/p>\n<h4><strong>Experi\u00e8ncia laboral<\/strong><\/h4>\n<p>&#8211; Treballadora Social a l\u2019Hospital Aita-Menni des de l\u2019any 1995, desenvolupant la meua activitat assistencial en les seg\u00fcents \u00e0rees: Unitat de Mitja Estan\u00e7a, \u00c0rea de Psicogeriatria i centres de dia de persones majors depenents.<\/p>\n<p>&#8211; Des de l\u2019any 2009, forme part de l\u2019Equip de Dany Cerebral.<\/p>\n<p>&#8211; Durant aquests anys he col\u2022laborat amb la Universitat de Deusto i la Universitat del Pa\u00eds Basc en la supervisi\u00f3 d\u2019alumnes en pr\u00e0ctiques de Treball Social.<\/p>\n<h4><strong>Idiomes<\/strong><\/h4>\n<p>&#8211; Euskara<\/p>\n<h4><strong>Aficions<\/strong><\/h4>\n<p>Dedique el temps lliure a gaudir viatjant en fam\u00edlia, escoltant m\u00fasica en directe, practicant l\u2019esqu\u00ed i amb la gastronomia. <\/p>\n","protected":false},"excerpt":{"rendered":"<p>Coordinadora del Servei de Dany Cerebral de l\u2019Hospital Aita Menni Al Servei de Dany Cerebral d\u2019Aita Menni, hi desenvolupem un treball multidisciplinar dins d\u2019un equip en el qu\u00e8 em sent formant part real d\u2019ell. M\u2019agrada exercir de dinamitzadora, impulsora i catalitzadora dins de l\u2019equip. La proximitat i el contacte directe amb el pacient i la&hellip;<\/p>\n","protected":false},"author":2,"featured_media":307,"parent":15077,"menu_order":0,"comment_status":"closed","ping_status":"closed","template":"","meta":{"footnotes":""},"_links":{"self":[{"href":"https:\/\/xn--daocerebral-2db.es\/ca\/wp-json\/wp\/v2\/pages\/15073"}],"collection":[{"href":"https:\/\/xn--daocerebral-2db.es\/ca\/wp-json\/wp\/v2\/pages"}],"about":[{"href":"https:\/\/xn--daocerebral-2db.es\/ca\/wp-json\/wp\/v2\/types\/page"}],"author":[{"embeddable":true,"href":"https:\/\/xn--daocerebral-2db.es\/ca\/wp-json\/wp\/v2\/users\/2"}],"replies":[{"embeddable":true,"href":"https:\/\/xn--daocerebral-2db.es\/ca\/wp-json\/wp\/v2\/comments?post=15073"}],"version-history":[{"count":0,"href":"https:\/\/xn--daocerebral-2db.es\/ca\/wp-json\/wp\/v2\/pages\/15073\/revisions"}],"up":[{"embeddable":true,"href":"https:\/\/xn--daocerebral-2db.es\/ca\/wp-json\/wp\/v2\/pages\/15077"}],"wp:featuredmedia":[{"embeddable":true,"href":"https:\/\/xn--daocerebral-2db.es\/ca\/wp-json\/wp\/v2\/media\/307"}],"wp:attachment":[{"href":"https:\/\/xn--daocerebral-2db.es\/ca\/wp-json\/wp\/v2\/media?parent=15073"}],"curies":[{"name":"wp","href":"https:\/\/api.w.org\/{rel}","templated":true}]}}