{"id":15065,"date":"2011-12-24T13:19:31","date_gmt":"2011-12-24T13:19:31","guid":{"rendered":"http:\/\/da\u00f1ocerebral.es\/danio\/\/marcos-rios-3\/"},"modified":"2025-01-24T12:49:31","modified_gmt":"2025-01-24T12:49:31","slug":"marcos-rios-3","status":"publish","type":"page","link":"https:\/\/xn--daocerebral-2db.es\/ca\/el-teu-equip-de-tractament\/marcos-rios-3\/","title":{"rendered":"Marcos R\u00edos"},"content":{"rendered":"<p><img decoding=\"async\" class=\"alignleft\" src=\"http:\/\/xn--daocerebral-2db.es\/wp-content\/uploads\/2011\/12\/marcos-rios-682x1024.jpg\" alt=\"Marcos R\u00edos\" \/><\/p>\n<h3>Neuropsic\u00f2leg en la Unitat de Dany Cerebral de Fundaci\u00f3n Hospitalarias Madrid<\/h3>\n<p>El treball amb els pacients que han patit de dany cerebral \u00e9s enriquidor, per diferents raons. Per un costat em permet posar en pr\u00e0ctica tot all\u00f2 que he estudiat i per all\u00f2 que m\u2019he preparat. Cada un dels pacients es converteix en una xicoteta investigaci\u00f3 on averiguar qu\u00e8 \u00e9s el que est\u00e0 fallant, quins s\u00f3n els punts fort que en conserva i en com organitzar un programa de rehabilitaci\u00f3 que li permeta, al pacient, i a la seua fam\u00edlia arreglar-se-les b\u00e9 en la nova situaci\u00f3 que els ha tocat viure.<br \/>\nA m\u00e9s, \u00e9s important aprendre cont\u00ednuament sobre el dany cerebral, i a la Unitat de Dany Cerebral \u00e9s possible posar a prova diferents hip\u00f2tesis i traure\u2019n avant diversos projectes d\u2019investigaci\u00f3. Tant el contacte amb els pacients i amb les seues fam\u00edlies, com les possibilitats de poder-ne fer investigaci\u00f3 fan que la meua faena siga molt gratificant.<\/p>\n<h4><strong>Formaci\u00f3 acad\u00e8mica<\/strong><\/h4>\n<p>\u2022\u00a0\u00a0 \u00a0Llicenciat en Psicologia (Facultat de Psicologia. Universitat Complutense de Madrid). 1993-1998.<br \/>\n\u2022\u00a0\u00a0 \u00a0M\u00e0ster en Neuropsicologia Cognitiva (Universitat Complutense de Madrid). 1999-2000.<br \/>\n\u2022\u00a0\u00a0 \u00a0Doctor en Psicologia per la Universitat Complutense de Madrid. 2003. Tesi doctoral dirigida por Juan Manuel Mu\u00f1oz C\u00e9spedes, amb el T\u00edtol Atenci\u00f3n y Control Ejecutivo despu\u00e9s de un Traumatismo Craneoencef\u00e1lico.<\/p>\n<h4><strong>Activitat investigadora<\/strong><\/h4>\n<p>Connectivitat anat\u00f2mica, funcional i efectiva per al diagn\u00f2stic preco\u00e7 de la malaltia d\u2019Alzheimer: Contribuci\u00f3 del tensor de difusi\u00f3 en un enfocament multidisciplinar. Ministeri de Ci\u00e8ncia i Innovaci\u00f3. 2009-2012.<br \/>\nVelocitat i fases del processament d\u2019informaci\u00f3 en traumatismes craniencef\u00e0lics: estudi mitjan\u00e7ant tensor de difusi\u00f3 per resson\u00e0ncia magn\u00e8tica. Fundaci\u00f3 Mapfre. 2009-2010.<br \/>\nRepercussions de la rehabilitaci\u00f3 cognitiva en un cas de dany cerebral adquirit en proves de neuroimatge. Fundaci\u00f3 La Caixa. 2008-2009.<br \/>\nPla d\u2019intervenci\u00f3 per a familiars d\u2019afectats amb dany cerebral adquirit: valoraci\u00f3 de l\u2019impacte sobre el nivell de c\u00e0rrega del familiar i sobre las alteracions emocionals\/conductuals de pacients i els seus familiars. Fundaci\u00f3 Mutua Madrile\u00f1a. 2005-2008.<br \/>\nTensor de difusi\u00f3 per Resson\u00e0ncia Magn\u00e8tica i Velocitat de processament: Estudi de la Subst\u00e0ncia blanca en pacients amb traumatisme craniencef\u00e0lic. Fundaci\u00f3 Mapfre Medicina. 2006-2007.<br \/>\nNeuroimatge funcional, processos cognitius i par\u00e0lisi cerebral. Fundaci\u00f3 Inocente. 2005-2006.<\/p>\n<h4><strong>\u00a0Activitat professional<\/strong><\/h4>\n<p>\u2022\u00a0\u00a0 \u00a0Professor del Departament de Psicologia B\u00e0sica II de la Universitat Nacional d\u2019Educaci\u00f3 a Dist\u00e0ncia (UNED).<br \/>\n\u2022\u00a0\u00a0 \u00a0Investigador en el grup de Neuroimatge del Centre Alzheimer de la Fundaci\u00f3 CIEN-Fundaci\u00f3 Reina Sof\u00eda (Madrid).<\/p>\n<h4><strong>Llibres i cap\u00edtols publicats<\/strong><\/h4>\n<p>Peria\u00f1ez, J.A., Miranda Garc\u00eda, R., y R\u00edos-Lago, M. (en premsa). La exploraci\u00f3n de los procesos cognitivos: metodolog\u00eda y t\u00e9cnicas. Redolar Ripoll D y Valero Cabr\u00e9 A. Neurociencia Cognitiva. Ed. Panamericana. Madrid.<br \/>\nTirapu J., Garc\u00eda Molina A., R\u00edos Lago M. y Ardila A. (2011). Neuropsicolog\u00eda del cortex prefrontal y de las funciones ejecutivas. Editorial Viguera. Barcelona.<br \/>\nRoig T., R\u00edos-Lago M. y Paul N. (2011). Atenci\u00f3n y concentraci\u00f3n. O Bruna, T Roig, M Puyuelo, C Junqu\u00e9, y A Ruano. Rehabilitaci\u00f3n Neuropsicol\u00f3gica. Elsevier. Barcelona.<br \/>\nTirapu J, Garc\u00eda A, R\u00edos-Lago M y Pelegrin Valero C. (2011) Funciones Ejecutivas. O Bruna, T Roig, M Puyuelo, C Junqu\u00e9, y A Ruano. Rehabilitaci\u00f3n Neuropsicol\u00f3gica. Elsevier. Barcelona.<br \/>\nGonz\u00e1lez B, Huidobro A, Pascual M y R\u00edos-Lago M. (2010). Integraci\u00f3n laboral de la persona con da\u00f1o cerebral adquirido. B Polonio y D Romero: Terapia Ocupacional aplicada al DCA. Panamericana. Madrid.<br \/>\nR\u00edos Lago M y Peria\u00f1ez Morales JA (2010). Attention and Speed of Information Processing. G. Koob, R. F. Thompson &amp; M. Le Moal (Eds.), Encyclopedia of Behavioral Neuroscience. Elsevier. Boston.<br \/>\nR\u00edos-Lago M, Lubrini G y Peria\u00f1ez JA. (2009). Rehabilitaci\u00f3n Neuropsicol\u00f3gica. E Mu\u00f1oz Marr\u00f3n (Ed). Estimulaci\u00f3n cognitiva y rehabilitaci\u00f3n neuropsicol\u00f3gica. Universitat Oberta de Catalunya (UOC). Barcelona.<br \/>\nLubrini G, Peria\u00f1ez JA y R\u00edos-Lago M. (2009). Estimulaci\u00f3n de la Atenci\u00f3n. E Mu\u00f1oz Marr\u00f3n (Ed). Estimulaci\u00f3n cognitiva y rehabilitaci\u00f3n neuropsicol\u00f3gica. Universitat Oberta de Catalunya (UOC). Barcelona.<br \/>\nR\u00edos-Lago M, Pascual M y De Nore\u00f1a D. (2009). Familia y Da\u00f1o Cerebral. En R\u00edos-Gonz\u00e1lez JA (coord.). Personalidad, madurez humana y contexto familiar. CCS. Madrid.<br \/>\nR\u00edos M y S\u00e1nchez Cubillo I. (2009). Neuroanatom\u00eda de las emociones positivas. En G.Fern\u00e1ndez-Abascal (coord.). Emociones positivas. Pir\u00e1mide. Madrid.<br \/>\nPaul N, Bilbao A y R\u00edos M. (2008). La rehabilitaci\u00f3n neuropsicol\u00f3gica. En J. Tirapu-Ust\u00e1rroz, M. R\u00edos-Lago, F. Maest\u00fa (Edts). Manual de neuropsicolog\u00eda. Viguera Editores. Barcelona.<br \/>\nR\u00edos M, Benito-Le\u00f3n J, Tirapu J y Paul N. (2008). Neuropsicolog\u00eda del da\u00f1o cerebral adquirido. En J. Tirapu-Ust\u00e1rroz, M. R\u00edos-Lago, F. Maest\u00fa (Edts). Manual de neuropsicolog\u00eda. Viguera Editores. Barcelona.<br \/>\nR\u00edos M, Peria\u00f1ez JA y Rodriguez JM. (2008). Neuropsicolog\u00eda de la atenci\u00f3n. En J. Tirapu-Ust\u00e1rroz, M. R\u00edos-Lago, F. Maest\u00fa (Edts). Manual de neuropsicolog\u00eda. Viguera Editores. Barcelona.<br \/>\nTirapu J, R\u00edos M, Maest\u00fa F y Gonz\u00e1lez Marqu\u00e9s J. (2008). Visi\u00f3n hist\u00f3rica y concepto de. Neuropsicolog\u00eda. En J. Tirapu-Ust\u00e1rroz, M. R\u00edos-Lago, F. Maest\u00fa (Edts). Manual de neuropsicolog\u00eda. Viguera Editores. Barcelona.<br \/>\nTirapu J, R\u00edos M y Maest\u00fa F. (2008). Manual de Neuropsicolog\u00eda. En J. Tirapu-Ust\u00e1rroz, M. R\u00edos-Lago, F. Maest\u00fa (Edts). Manual de neuropsicolog\u00eda. Viguera Editores. Barcelona.<br \/>\nMaest\u00fa, F., R\u00edos, M. y Cabestrero, R. (2007). Neuroimagen: T\u00e9cnicas y Procesos Cognitivos. Barcelona. Elsevier-Masson.<br \/>\n\u00c1lvarez-Linera, J., R\u00edos, M., Hern\u00e1ndez JA, Bargall\u00f3, N. Calvo Merino, B. (2007). Resonancia Magn\u00e9tica I: RM Funcional. En\u00a0 F Maest\u00fa, M R\u00edos y R Cabestrero. Neuroimagen: T\u00e9cncias y Procesos Cognitivos. Barcelona. Elsevier-Masson.<br \/>\nPeria\u00f1ez JA., R\u00edos, M., Barcel\u00f3 F., Madrid E. y Ruz M. (2007). Neuroimagen y atenci\u00f3n. En\u00a0 F Maest\u00fa, M R\u00edos y R Cabestrero. Neuroimagen: T\u00e9cncias y Procesos Cognitivos. Barcelona. Elsevier-Masson.<br \/>\nMu\u00f1oz C\u00e9spedes JM, R\u00edos M., Paul N. (2007). Neuroimagen, plasticidad y recuperaci\u00f3n de los procesos cognitivos. En\u00a0 F Maest\u00fa, M R\u00edos y R Cabestrero. Neuroimagen: T\u00e9cncias y Procesos Cognitivos. Barcelona. Elsevier-Masson.<br \/>\nR\u00edos, M. (2006). Consideraciones sobre la investigaci\u00f3n en el contexto cl\u00ednico: Atenci\u00f3n y Velocidad de procesamiento. En VVAA. Avances en Neuropsicolog\u00eda Cl\u00ednica. Madrid. Editorial MAPFRE.<br \/>\nR\u00edos, M. y Mu\u00f1oz C\u00e9spedes, J.M. (2004). La atenci\u00f3n y el control ejecutivo despu\u00e9s de un traumatismo craneoencef\u00e1lico. Madrid. Ed. Mapfre.<\/p>\n<h4><strong>Articles en revistes<\/strong><\/h4>\n<p>Fern\u00e1ndez A, R\u00edos-Lago M, Ab\u00e1solo D, Hornero R, Alvarez-Linera J, Paul N, Maest\u00fa F, Ortiz T. The correlation between white-matter microstructure and the complexity of spontaneous brain activity: a difussion tensor imaging-MEG study. Neuroimage. 57 (4)\u00a0\u00a0 \u00a0: 1300 -1307, 2011.<br \/>\nDe Nore\u00f1a D, R\u00edos-Lago M, Bomb\u00edn I, S\u00e1nchez-Cubillo I, Garc\u00eda-Molina A, Tirapu-Ustarroz J. Efectividad de la rehabilitaci\u00f3n neuropsicol\u00f3gica en el da\u00f1o cerebral adquirido (I): Atenci\u00f3n, Velocidad de procesamiento, Memoria y Lenguaje. Revista de Neurolog\u00eda. 51(11): 687-698.<br \/>\nDe Nore\u00f1a D, S\u00e1nchez-Cubillo I, Garc\u00eda-Molina A, Tirapu-Ustarroz J, Bomb\u00edn I, R\u00edos-Lago M. Efectividad de la rehabilitaci\u00f3n neuropsicol\u00f3gica en el da\u00f1o cerebral adquirido (II): Funciones Ejecutivas, Modificaci\u00f3n de conducta y psicoterapia, y uso de nuevas tecnolog\u00edas. Revista de Neurolog\u00eda. 51 (12): 733-744.<br \/>\nCarreti\u00e9 L., R\u00edos-Lago M, Tapia M, de la G\u00e1ndara B, Albert J., L\u00f3pez-Mart\u00edn S, y \u00c1lvarez-Linera J. (2009). The striatum beyond reward: caudate responds intensely to unpleasant pictures. Neuroscience. 164: 1615-1622.<br \/>\nS\u00e1nchez I, Peria\u00f1ez\u00a0 JA, Adrover D, Rodr\u00edguez-S\u00e1nchez JM, R\u00edos-Lago M, Tirapu J y Barcel\u00f3 F. (2009). Construct validity of the Trail Making Test: role of task-switching, working memory, inhibition\/interference control and visuo-motor abilities. Journal of the International Neuropsychological Society (JINS). 15: 438-450.<br \/>\nSolana AB, Maestu C, Bajo R, R\u00edos-Lago M, \u00c1lvarez-Linera J, Serratosa JM, Marinas A, Gir\u00e1ldez BG, Del Pozo F. (2009). Dependency of the duration of the paroxistic activity in the analysis of the localization in epilepsia disease, using a simultaneous combination of EEG-fMRI. International Journal of Bioelectromagnetism. 11: 123-129.<br \/>\nR\u00edos Lago M (2008). Neuriopsicolog\u00eda y resonancia magn\u00e9tica funcional: conceptos generales. Radiologia. 50: 351-365.<br \/>\nR\u00edos-Lago, M., Alonso, R., Peria\u00f1ez, J. A., Paul, N., Oliva, P., &amp; \u00c1lvarez-Linera, J. (2007). Tensor de difusi\u00f3n por Resonancia Magn\u00e9tica y Velocidad de procesamiento: Estudio de la sustancia blanca en pacientes con traumatismo craneoencef\u00e1lico. Trauma. 19: 102-112.<br \/>\nGonz\u00e1lez B, Paul N, Bl\u00e1zquez JL y R\u00edos M. (2007). Factores relacionados con la falta de conciencia de los deficit en el da\u00f1o cerebral. Acci\u00f3n Psicol\u00f3gica. 3(4): 54-62<br \/>\nDe Nore\u00f1a, D. y R\u00edos M. (2007). El papel del neuropsic\u00f3logo. Acci\u00f3n Psicol\u00f3gica. 3: 5-10.<br \/>\nR\u00edos M. (2007). Neuropsicolog\u00eda: el trabajo con otros profesionales. Acci\u00f3n Psicol\u00f3gica. 3: 1-4.<br \/>\n\u00c1lvarez-Linera J, R\u00edos-Lago M, Mart\u00edn H, Hern\u00e1ndez JA, Escribano J y S\u00e1nchez del R\u00edo M. (2007).\u00a0 Resonancia Magn\u00e9tica Funcional de la corteza visual: Estudio de las relaciones entre la intensidad del est\u00edmulo y la respuesta BOLD. Revista de Neurolog\u00eda. 45: 147-151.<br \/>\nPerianez JA, R\u00edos-Lago M, Adrover-Roig D, Rodr\u00edguez-S\u00e1nchez JM, Sanchez I, Crespo-Facorro B, Quemada JI y Barcelo F. (2007). Trail Making Test in traumatic brain injury, schizophrenia, and normal ageing: Sample comparisons and normative data. Archives of Clinical Neuropsychology. 22: 433-447.<br \/>\nR\u00edos, M., Mu\u00f1oz C\u00e9spedes, JM y Pa\u00fal N. (2007).\u00a0 Alteraciones de la atenci\u00f3n tras da\u00f1o cerebral traum\u00e1tico: evaluaci\u00f3n y rehabilitaci\u00f3n. Revista de Neurolog\u00eda. 44: 153-158.<br \/>\nMu\u00f1oz C\u00e9spedes, J.M. R\u00edos, M., Pa\u00fal, N., Maest\u00fa, F. y \u00c1lvarez-Linera, J. (2005). Functional neuroimaging studies of cognitive recovery alter acquired brain damage in adults. Neuropsychology Review. 15: 169-183.<br \/>\nR\u00edos, M., Pa\u00fal, N., Mu\u00f1oz C\u00e9spedes, J.M., Maest\u00fa, F., \u00c1lvarez Linera, J. y Ortiz, T. (2004). Aplicaci\u00f3n de la neuroimagen funcional al estudio de la rehabilitaci\u00f3n neuropsicol\u00f3gica. Revista de Neurolog\u00eda. 38: 366-373.<br \/>\nR\u00edos, M., Peria\u00f1ez, J.A. y Mu\u00f1oz C\u00e9spedes, J.M. (2004). Attentional control and slowness of information processing alter severe traumatic brain injury. Brain Injury. 18: 257-272.<br \/>\nFern\u00e1ndez, A., R\u00edos, M., Segovia, J.C., Fern\u00e1ndez, S., Legido, J., Maest\u00fa, F., Pa\u00fal, N., Mu\u00f1oz-C\u00e9spedes, J.M., Amo, C., Campo, P., Capilla, A. y Ortiz, T. (2003). Aportaciones de la Magnetoencefalograf\u00eda a la evaluaci\u00f3n del traumatismo craneoencef\u00e1lico. Revista de Medicina y Seguridad del Trabajo. 193: 23-32.<br \/>\nMu\u00f1oz C\u00e9spedes, J.M., R\u00edos, M., Ruano, A. y Moreno, F. (1999). Las alteraciones emocionales y la integraci\u00f3n laboral de las personas con da\u00f1o cerebral traum\u00e1tico. Polibea. 50: 10-16.<br \/>\nMu\u00f1oz C\u00e9spedes, J.M., R\u00edos, M., Ruano, A. y Moreno, F. (1998). D\u00e9ficit cognitivo e integraci\u00f3n laboral de las personas con da\u00f1o cerebral traum\u00e1tico. Polibea. 48: 38-43.<\/p>\n<p>Contribucions en congressos i reunions (nom\u00e9s primer autor)<br \/>\nModelos de Atenci\u00f3n en Da\u00f1o Cerebral Adquirido. II Jornada sobre Dany Cerebral Adquirit. Sevilla, 2011.<br \/>\nAplicaciones de la RM funcional y la tractograf\u00eda en Neurooftalmolog\u00eda. Congr\u00e9s Nacional de Neuro-oftalmologia. Madrid, 2011.<\/p>\n<p>Aplicaciones de las t\u00e9cnicas de imagen en el da\u00f1o cerebral adquirido. III Congr\u00e9s de la Federaci\u00f3 Espanyola de Neuropsicologia. Oviedo, 2010.<\/p>\n<p>La plasticidad cerebral: base racional de la rehabilitaci\u00f3n cognitiva. LXI Reuni\u00f3 Anual de la Societat Espanyola de Neurologia (SEN). Grup de Neurologia de la Conducta i Dem\u00e8ncies. Barcelona, 2009.<\/p>\n<p>Rehabilitaci\u00f3n de la Atenci\u00f3n. VII Congr\u00e9s de la Societat Espanyola de Neurorehabilitaci\u00f3 \/ Societat Espanyola de Neurologia. Barcelona, 2008.<\/p>\n<p>Rehabilitaci\u00f3n de la Atenci\u00f3n. C\u00f3rtex prefrontal: de la investigaci\u00f3n a la intervenci\u00f3n. Bilbao, 2007.<\/p>\n<p>Atenci\u00f3n y Velocidad de procesamiento. I Congr\u00e9s Internacional de Neuropsicologia cl\u00ednica. Madrid, 2006.<\/p>\n<p>Neuropsychology and functional neuroimaging of traumatic brain injury. Imaging the mind. Palma de Mallorca, 2005.<\/p>\n<p>\u00bfQu\u00e9 puede aportar la neuroimagen funcional al estudio de la rehabilitaci\u00f3n neuropsicol\u00f3gica del da\u00f1o cerebral? III Congr\u00e9s de Neurorehabilitaci\u00f3. Societat Espanyola de Neurorehabilitaci\u00f3. Madrid, 2004.<\/p>\n<h4><strong>Altres dades d\u2019inter\u00e9s<\/strong><\/h4>\n<p>Membre de la Interantional Neuropsychological Society (INS), Societat Madrilenya de Neuropsicologia i FANPSE; Associaci\u00f3 Espanyola per a la investigaci\u00f3 i el desenvolupament de la Ter\u00e0pia Familiar (AEI+DTF); i Societat Espanyola de Neurorehabilitaci\u00f3 (SENR).<\/p>\n<h4><strong>Aficions<\/strong><\/h4>\n<p>El temps lliure el dedique a gaudir de la fam\u00edlia i dels amics. M\u2019agrada el cine, la m\u00fasica i la lectura. A m\u00e9s a m\u00e9s, sempre he dedicat temps a fer esport,\u00a0 per\u00f2 \u00faltimament el tinc un poc oblidat. Tanmateix, m\u2019organitze per a no perdre la meua classe de judo setmanal.<\/p>\n","protected":false},"excerpt":{"rendered":"<p>Neuropsic\u00f2leg en la Unitat de Dany Cerebral de Fundaci\u00f3n Hospitalarias Madrid El treball amb els pacients que han patit de dany cerebral \u00e9s enriquidor, per diferents raons. Per un costat em permet posar en pr\u00e0ctica tot all\u00f2 que he estudiat i per all\u00f2 que m\u2019he preparat. Cada un dels pacients es converteix en una xicoteta&hellip;<\/p>\n","protected":false},"author":3,"featured_media":335,"parent":15077,"menu_order":0,"comment_status":"closed","ping_status":"closed","template":"","meta":{"footnotes":""},"_links":{"self":[{"href":"https:\/\/xn--daocerebral-2db.es\/ca\/wp-json\/wp\/v2\/pages\/15065"}],"collection":[{"href":"https:\/\/xn--daocerebral-2db.es\/ca\/wp-json\/wp\/v2\/pages"}],"about":[{"href":"https:\/\/xn--daocerebral-2db.es\/ca\/wp-json\/wp\/v2\/types\/page"}],"author":[{"embeddable":true,"href":"https:\/\/xn--daocerebral-2db.es\/ca\/wp-json\/wp\/v2\/users\/3"}],"replies":[{"embeddable":true,"href":"https:\/\/xn--daocerebral-2db.es\/ca\/wp-json\/wp\/v2\/comments?post=15065"}],"version-history":[{"count":4,"href":"https:\/\/xn--daocerebral-2db.es\/ca\/wp-json\/wp\/v2\/pages\/15065\/revisions"}],"predecessor-version":[{"id":91502,"href":"https:\/\/xn--daocerebral-2db.es\/ca\/wp-json\/wp\/v2\/pages\/15065\/revisions\/91502"}],"up":[{"embeddable":true,"href":"https:\/\/xn--daocerebral-2db.es\/ca\/wp-json\/wp\/v2\/pages\/15077"}],"wp:featuredmedia":[{"embeddable":true,"href":"https:\/\/xn--daocerebral-2db.es\/ca\/wp-json\/wp\/v2\/media\/335"}],"wp:attachment":[{"href":"https:\/\/xn--daocerebral-2db.es\/ca\/wp-json\/wp\/v2\/media?parent=15065"}],"curies":[{"name":"wp","href":"https:\/\/api.w.org\/{rel}","templated":true}]}}