{"id":15061,"date":"2011-12-23T13:31:09","date_gmt":"2011-12-23T13:31:09","guid":{"rendered":"http:\/\/da\u00f1ocerebral.es\/danio\/\/paulina-oliva-3\/"},"modified":"2024-04-15T14:01:04","modified_gmt":"2024-04-15T14:01:04","slug":"paulina-oliva-3","status":"publish","type":"page","link":"https:\/\/xn--daocerebral-2db.es\/ca\/el-teu-equip-de-tractament\/paulina-oliva-3\/","title":{"rendered":"Paulina Oliva"},"content":{"rendered":"<p><img decoding=\"async\" class=\"alignleft\" src=\"http:\/\/xn--daocerebral-2db.es\/wp-content\/uploads\/2011\/12\/paulina-oliva-682x1024.jpg\" alt=\"Paulina Oliva\" \/><\/p>\n<h3 id=\"tw-target-text\" class=\"tw-data-text tw-text-large tw-ta\" dir=\"ltr\" data-placeholder=\"Traducci\u00f3n\" aria-label=\"Texto traducido\" data-ved=\"2ahUKEwi96P64sMSFAxWZU6QEHXwYB_kQ3ewLegQIChAU\"><span class=\"Y2IQFc\" lang=\"ca\">Especialista en Medicina F\u00edsica i Rehabilitaci\u00f3. <\/span>Unitat de Dany Cerebral de l\u2019Hospital Beata Mar\u00eda Ana<\/h3>\n<p>Porte treballant en aquesta Unitat des del juliol de 2004. De bon comen\u00e7ament, la meua dedicaci\u00f3 era a temps parcial acudint-hi \u00fanicament com a metge rehabilitador a la que llavors era la unitat ambulat\u00f2ria. Ja estava constru\u00efda la nova Unitat en la qual, a m\u00e9s de pacient ambulatoris, hi hauria una planta d\u2019Hospitalitzaci\u00f3 per a pacients and dany cerebral; tot all\u00f2, aleshores, estava coordinat pel Dr. Juan Manuel Mu\u00f1oz-C\u00e9spedes, verdader impulsor del desenvolupament\u00a0 d\u2019aquest projecte. A poc a poc an\u00e0rem creixent tant en nombre de pacients com en el de professionals, i jo m\u2019hi incorpor\u00ed a jornada completa perqu\u00e8 comprengu\u00ed que l\u2019assist\u00e8ncia a aquests pacients en requeria la plena dedicaci\u00f3 i una major disponibilitat. Hui dia en s\u00f3c la coordinadora de tota la unitat i continue fent funcions com a metge rehabilitador perqu\u00e8 no vull renunciar al contacte amb els pacients i amb les seues fam\u00edlies.<\/p>\n<p>Aquest treball m\u2019ha aportat, i em segueix aportant, molt\u00edssim, tant a nivell professional com personal. Treballar en una unitat d\u2019aquestes caracter\u00edstiques t\u2019obliga i et permet alhora actualitzar coneixements degut a que cada pacient \u00e9s diferent d\u2019un altre, i a que cont\u00ednuament apareixen noves propostes i noves dades sobre la lesi\u00f3 cerebral. Just comenc\u00ed el\u00a0 meu trajecte professional en aquesta unitat acabava la meua formaci\u00f3 com a metge rehabilitador i tot i la il\u2022lusi\u00f3 arribava amb molts dubtes sobre la meua capacitat per encarar aquest repte. Despr\u00e9s de tots aquests anys, i veient tot el que s\u2019ha aconseguit amb l\u2019equip format, la il\u2022lusi\u00f3 es mant\u00e9 i les pors, tot i sempre presents, van esva\u00efnt-se. Hui puc dir que \u00e9s un verdader plaer treballar amb persones altament professionals i amb verdadera vocaci\u00f3 pel seu treball; aix\u00ed mateix, \u00e9s una satisfacci\u00f3 veure com els pacients amb l\u2019esfor\u00e7 de tots els professionals i dels familiars en una majoria de casos arriben a aconseguir moltes de les metes proposades.<\/p>\n<h4><strong>Formaci\u00f3 acad\u00e8mica<\/strong><\/h4>\n<p>&#8211; Llicenciada en Medicina i Cirurgia per la Universitat de Sevilla, 1992-1998.<br \/>\n&#8211; Alumna Interna del Departament de Pediatria, 1996-1998.<br \/>\n&#8211; Programa de Doctorat: Actualitzacions Pedi\u00e0triques Universitat de Sevilla, 1999 \u2013 2000.<br \/>\n&#8211; Metge especialista en Medicina F\u00edsica i Rehabilitaci\u00f3 via MIR. Metge Intern Resident en el Servei de Rehabilitaci\u00f3 de l\u2019Hospital de la Paz (Madrid) 2000-2004.<br \/>\n&#8211; M\u00e0ster universitari en Valoraci\u00f3 de Discapacitat i Dany Corporal. Universitat Aut\u00f2noma de Madrid, 2003-2004.<\/p>\n<h4><strong>Formaci\u00f3 extra acad\u00e8mica<\/strong><\/h4>\n<p>\u2022\u00a0\u00a0 \u00a0 XI Curs te\u00f2ricopr\u00e0ctic \u2018electroter\u00e0pia i electrodiagn\u00f2stic, Hospital R\u00edo Ortega (Valladolid) 2001.<br \/>\n\u2022\u00a0\u00a0 \u00a0Taller de Toxina Botul\u00ednica. A Coru\u00f1a, 2001.<br \/>\n\u2022\u00a0\u00a0 \u00a0Valoraci\u00f3 i avan\u00e7os en el tractament de l\u2019osteoporosi. Reial Acad\u00e8mia de Medicina, Madrid, 2002.<br \/>\n\u2022\u00a0\u00a0 \u00a0Medicina ortop\u00e8dica i manual. Torremolinos, M\u00e1laga,\u00a0 2002.<br \/>\n\u2022\u00a0\u00a0 \u00a0Valoraci\u00f3 del Dany Corporal en l\u2019Aparell Locomotor Hospital Ram\u00f3n y Cajal, Madrid, 2002.<br \/>\n\u2022\u00a0\u00a0 \u00a0Toxina Botul\u00ednica. Hospital La Paz, Madrid, 2002.<br \/>\n\u2022\u00a0\u00a0 \u00a0Dolor neurop\u00e0tic. Pla Nacional per a l\u2019ensenyament i formaci\u00f3 de t\u00e8cniques i tractament del dolor. Hospital Ram\u00f3n y Cajal. Madrid, 2002.<br \/>\n\u2022\u00a0\u00a0 \u00a0Jornada Formaci\u00f3 sobre seq\u00fceles de s\u00e8psia meningoc\u00f2ccies. Hospital La Paz. Madrid, 2003.<br \/>\n\u2022\u00a0\u00a0 \u00a0Curs b\u00e0sic d\u2019alteracions psiqui\u00e0triques i psicofarmacologia en dany cerebral. CEADAC, Madrid, 2005.<br \/>\n\u2022\u00a0\u00a0 \u00a0Curs sobre selecci\u00f3 i \u00fas de Baclofen intratecal en pacients amb espasticitat severa Institut Guttmann. Barcelona, 2006.<br \/>\n\u2022\u00a0\u00a0 \u00a0Curs de Tractament Integral de l\u2019Espasticitat: Un enfocament Multidisciplinar. Madrid, 2010.<br \/>\n\u2022\u00a0\u00a0 \u00a0Curs de Nutrici\u00f3 i Funci\u00f3 Cognitiva. Hospital Universitari Gregorio Mara\u00f1\u00f3n. Madrid 2011.<\/p>\n<h4><strong>Publicacions<\/strong><\/h4>\n<p>\u2022\u00a0\u00a0 \u00a0\u00bfQu\u00e9 es el coma? Gu\u00eda de familias. FEDACE, 2004.<br \/>\n\u2022\u00a0\u00a0 \u00a0Criterios para el alta hospitalaria. Gu\u00eda de familias. FEDACE, 2004.<\/p>\n<h4><strong>Activitat investigadora<\/strong><\/h4>\n<p>\u2022\u00a0\u00a0 \u00a0Comunicaci\u00f3: Peculiaritats de la s\u00edndrome de Guillain\u2013Barr\u00e9\u00a0 infantil. XXXIX Congr\u00e9s de la Societat Espanyola de Rehabilitaci\u00f3 i Medicina F\u00edsica. Granada, 2001.<br \/>\n\u2022\u00a0\u00a0 \u00a0Sessi\u00f3 cl\u00ednica: Antiinflamatoris i antiesp\u00e0stics utilitzats en rehabilitaci\u00f3. Hospital La Paz. Madrid, 2001<br \/>\n\u2022\u00a0\u00a0 \u00a0Comunicaci\u00f3 oral: M\u00e8todes d\u2019actuaci\u00f3 en les complicacions respirat\u00f2ries del lesionat medul\u2022lar. Revisi\u00f3 bibliogr\u00e0fica. La Corunya, 2001.<br \/>\n\u2022\u00a0\u00a0 \u00a0Sessi\u00f3 cl\u00ednica: Fisiologia i Fisiopatologia reparadora dels diferents teixits. Cicatritzaci\u00f3 i les seues complicacions. Hospital La Paz. Madrid, 2002.<br \/>\n\u2022\u00a0\u00a0 \u00a0Comunicaci\u00f3: Linfedema: Definici\u00f3, Diagn\u00f2stic i Tractament. Reuni\u00f3 de la Societat Centre de Rehabilitaci\u00f3 i Medicina F\u00edsica. Madrid, 2003.<br \/>\n\u2022\u00a0\u00a0 \u00a0Comunicaci\u00f3: Linfedema: Efic\u00e0cia de la Terap\u00e8utica F\u00edsica en el seu Tractament. XLI Congr\u00e9s Nacional de la SERMEF, Santander, 2003.<br \/>\n\u2022\u00a0\u00a0 \u00a0Comunicaci\u00f3: Linfedema: Estudi sobre la seua Etiologia. XLI Congr\u00e9s Nacional de la SERMEF. Santander, 2003.<br \/>\n\u2022\u00a0\u00a0 \u00a0Comunicaci\u00f3: An\u00e0lisis de les revistes cient\u00edfiques de 2003 de major factor d\u2019impacte. XLII Congr\u00e9s Nacional de la SERMEF, La Corunya, 2004.<br \/>\n\u2022\u00a0\u00a0 \u00a0Comunicaci\u00f3: Presentaci\u00f3 de la UDC Hospital Beata Mar\u00eda Ana. Col\u2022legi M\u00e8dic. Madrid, 2007.<br \/>\n\u2022\u00a0\u00a0 \u00a0Comunicaci\u00f3: tractament f\u00edsic de l\u2019espasticitat. Hospital Beata Mar\u00eda Ana, 2010.<br \/>\n\u2022\u00a0\u00a0 \u00a0Participaci\u00f3 en els cursos per a fam\u00edlies de la Unitat de Dany Cerebral de l\u2019Hospital Beata Mar\u00eda Ana en les edicions de 2004, 2005, 2007, 2009, 2010, 2010, 2011.<br \/>\n\u2022\u00a0\u00a0 \u00a0Projecte de rehabilitaci\u00f3 de membre superior pl\u00e8xic a trav\u00e9s de sistema robotitzat. Actualment en desenvolupament. Prevista la conclusi\u00f3 del mateix en el primer trimestre de 2012.<\/p>\n<h4><strong>Experi\u00e8ncia laboral<\/strong><\/h4>\n<p>\u2022\u00a0\u00a0 \u00a0Metge rehabilitador en Cl\u00ednica Sanitas. Madrid, 2004.<\/p>\n<p>\u2022\u00a0\u00a0 \u00a0Coordinadora de la Unitat de Dany Cerebral de l\u2019Hospital Beata Mar\u00eda Ana. Amb funcions de responsable principal de la mateixa, tinc al meu c\u00e0rrec un equip de 26 persones, i un volum de 19 pacients ingressats i 60 ambulatoris. Exercisc la meua activitat cl\u00ednica com a metge rehabilitador de dita unitat i a m\u00e9s s\u00f3c integrant de la comissi\u00f3 de formaci\u00f3 i de la comissi\u00f3 de subvencions. Des de juliol de 2004 fins hores d\u2019ara.<\/p>\n<h4><strong>Idiomes<\/strong><\/h4>\n<p>\u2022\u00a0\u00a0 \u00a0Angl\u00e9s<br \/>\n\u2022\u00a0\u00a0 \u00a0Alemany<\/p>\n<h4><strong>Aficions<\/strong><\/h4>\n<p>M\u2019agrada dedicar el meu temps lliure a la fam\u00edlia i als amics, els meus fills ocupen gran part d\u2019eixe temps. Per altra banda, s\u00f3c una gran aficionada a la lectura, sobretot als llibres que tenen un rerefons hist\u00f2ric, i tamb\u00e9 intente tots els anys fer algun viatge, ja que con\u00e9ixer altres pa\u00efsos i cultures \u00e9s una de les meues grans aficions.<\/p>\n","protected":false},"excerpt":{"rendered":"<p>Especialista en Medicina F\u00edsica i Rehabilitaci\u00f3. Unitat de Dany Cerebral de l\u2019Hospital Beata Mar\u00eda Ana Porte treballant en aquesta Unitat des del juliol de 2004. De bon comen\u00e7ament, la meua dedicaci\u00f3 era a temps parcial acudint-hi \u00fanicament com a metge rehabilitador a la que llavors era la unitat ambulat\u00f2ria. Ja estava constru\u00efda la nova Unitat&hellip;<\/p>\n","protected":false},"author":3,"featured_media":343,"parent":15077,"menu_order":0,"comment_status":"closed","ping_status":"closed","template":"","meta":{"footnotes":""},"_links":{"self":[{"href":"https:\/\/xn--daocerebral-2db.es\/ca\/wp-json\/wp\/v2\/pages\/15061"}],"collection":[{"href":"https:\/\/xn--daocerebral-2db.es\/ca\/wp-json\/wp\/v2\/pages"}],"about":[{"href":"https:\/\/xn--daocerebral-2db.es\/ca\/wp-json\/wp\/v2\/types\/page"}],"author":[{"embeddable":true,"href":"https:\/\/xn--daocerebral-2db.es\/ca\/wp-json\/wp\/v2\/users\/3"}],"replies":[{"embeddable":true,"href":"https:\/\/xn--daocerebral-2db.es\/ca\/wp-json\/wp\/v2\/comments?post=15061"}],"version-history":[{"count":2,"href":"https:\/\/xn--daocerebral-2db.es\/ca\/wp-json\/wp\/v2\/pages\/15061\/revisions"}],"predecessor-version":[{"id":86828,"href":"https:\/\/xn--daocerebral-2db.es\/ca\/wp-json\/wp\/v2\/pages\/15061\/revisions\/86828"}],"up":[{"embeddable":true,"href":"https:\/\/xn--daocerebral-2db.es\/ca\/wp-json\/wp\/v2\/pages\/15077"}],"wp:featuredmedia":[{"embeddable":true,"href":"https:\/\/xn--daocerebral-2db.es\/ca\/wp-json\/wp\/v2\/media\/343"}],"wp:attachment":[{"href":"https:\/\/xn--daocerebral-2db.es\/ca\/wp-json\/wp\/v2\/media?parent=15061"}],"curies":[{"name":"wp","href":"https:\/\/api.w.org\/{rel}","templated":true}]}}