{"id":15057,"date":"2011-12-22T20:07:20","date_gmt":"2011-12-22T20:07:20","guid":{"rendered":"http:\/\/da\u00f1ocerebral.es\/danio\/\/g-hospitalaries\/"},"modified":"2025-01-09T12:37:41","modified_gmt":"2025-01-09T12:37:41","slug":"fundacion-hospitalarias","status":"publish","type":"page","link":"https:\/\/xn--daocerebral-2db.es\/ca\/fundacion-hospitalarias\/","title":{"rendered":"Fundaci\u00f3n Hospitalarias"},"content":{"rendered":"<p><img loading=\"lazy\" decoding=\"async\" class=\"aligncenter size-full wp-image-16390\" src=\"http:\/\/xn--daocerebral-2db.es\/wp-content\/uploads\/2011\/12\/logo_hna.hospitalarias.jpg\" alt=\"logo_hna.hospitalarias\" width=\"1024\" height=\"399\" srcset=\"https:\/\/xn--daocerebral-2db.es\/wp-content\/uploads\/2011\/12\/logo_hna.hospitalarias.jpg 1024w, https:\/\/xn--daocerebral-2db.es\/wp-content\/uploads\/2011\/12\/logo_hna.hospitalarias-300x116.jpg 300w\" sizes=\"(max-width: 1024px) 100vw, 1024px\" \/><\/p>\n<h3>La Congregaci\u00f3 de <a href=\"http:\/\/www.hospitalarias.org\/index.php\" target=\"_blank\" rel=\"noopener\">Les Germanes Hospital\u00e0ries<\/a> nasqu\u00e9 a finals del S. XIX a Madrid, sent fundada pel <a href=\"https:\/\/www.hospitalarias.es\/quienes-somos\/congregacion\/\" target=\"_blank\" rel=\"noopener\">Pare Benito Menni<\/a>, canonitzat el 1999.<\/h3>\n<p>Sorg\u00ed com a resposta a la situaci\u00f3 d\u2019abandonament sanitari i d\u2019exclusi\u00f3 social en qu\u00e8 vivien les dones amb problemes de salut mental. Actualment, la seua acci\u00f3 hospital\u00e0ria es troba present en 24 pa\u00efsos repartits per Europa, Am\u00e8rica, \u00c0sia i \u00c0frica. La seua missi\u00f3 es caracteritza per l\u2019assist\u00e8ncia sanit\u00e0ria i l\u2019atenci\u00f3 integral a les persones.<\/p>\n","protected":false},"excerpt":{"rendered":"<p>La Congregaci\u00f3 de Les Germanes Hospital\u00e0ries nasqu\u00e9 a finals del S. XIX a Madrid, sent fundada pel Pare Benito Menni, canonitzat el 1999. Sorg\u00ed com a resposta a la situaci\u00f3 d\u2019abandonament sanitari i d\u2019exclusi\u00f3 social en qu\u00e8 vivien les dones amb problemes de salut mental. Actualment, la seua acci\u00f3 hospital\u00e0ria es troba present en 24&hellip;<\/p>\n","protected":false},"author":2,"featured_media":0,"parent":0,"menu_order":7,"comment_status":"closed","ping_status":"closed","template":"","meta":{"footnotes":""},"_links":{"self":[{"href":"https:\/\/xn--daocerebral-2db.es\/ca\/wp-json\/wp\/v2\/pages\/15057"}],"collection":[{"href":"https:\/\/xn--daocerebral-2db.es\/ca\/wp-json\/wp\/v2\/pages"}],"about":[{"href":"https:\/\/xn--daocerebral-2db.es\/ca\/wp-json\/wp\/v2\/types\/page"}],"author":[{"embeddable":true,"href":"https:\/\/xn--daocerebral-2db.es\/ca\/wp-json\/wp\/v2\/users\/2"}],"replies":[{"embeddable":true,"href":"https:\/\/xn--daocerebral-2db.es\/ca\/wp-json\/wp\/v2\/comments?post=15057"}],"version-history":[{"count":2,"href":"https:\/\/xn--daocerebral-2db.es\/ca\/wp-json\/wp\/v2\/pages\/15057\/revisions"}],"predecessor-version":[{"id":91210,"href":"https:\/\/xn--daocerebral-2db.es\/ca\/wp-json\/wp\/v2\/pages\/15057\/revisions\/91210"}],"wp:attachment":[{"href":"https:\/\/xn--daocerebral-2db.es\/ca\/wp-json\/wp\/v2\/media?parent=15057"}],"curies":[{"name":"wp","href":"https:\/\/api.w.org\/{rel}","templated":true}]}}