{"id":15053,"date":"2011-12-22T20:07:13","date_gmt":"2011-12-22T20:07:13","guid":{"rendered":"http:\/\/da\u00f1ocerebral.es\/danio\/\/al-dany-cerebral\/"},"modified":"2014-07-29T16:54:30","modified_gmt":"2014-07-29T16:54:30","slug":"al-dany-cerebral","status":"publish","type":"page","link":"https:\/\/xn--daocerebral-2db.es\/ca\/al-dany-cerebral\/","title":{"rendered":"Al dany cerebral"},"content":{"rendered":"<br \/>\n<h3>Un poc d\u2019hist\u00f2ria<\/h3>\n<p> La problem\u00e0tica del dany cerebral comen\u00e7\u00e0 a cobrar import\u00e0ncia a les acaballes de la d\u00e8cada dels 80 i primeries dels 90. En aquell moment, la sinistralitat en accidents de tr\u00e0nsit havia adquirit proporcions for\u00e7a preocupants. Durant l\u2019any 1992, per exemple, se\u2019n comptabilitzaren m\u00e9s de 5.000 morts a les carreteres espanyoles. Aix\u00f2 suposava quasi 14 persones mortes al dia. Desconeixem la dada dels lesionats greus per\u00f2 \u00e9s f\u00e0cil deduir-ne que serien nombroses les persones amb TCE sever. A la gran sinistralitat se li afeg\u00ed llavors un extraordinari desenvolupament de totes les t\u00e8cniques d\u2019atenci\u00f3 al pacient cr\u00edtic i politraumatitzat.<\/p>\n<p>La millora del transport medicalitzat, tant en all\u00f2 referent a la rapidesa d\u2019assist\u00e8ncia com a la per\u00edcia t\u00e8cnica en les primeres fases. De manera paral\u2022lela s\u2019anaren generalitzant els serveis de medicina intensiva i les t\u00e8cniques de monitoritzaci\u00f3 de pressi\u00f3 intracranial i intervenci\u00f3 neurocir\u00fargica.<\/p>\n<p>La resultant de la combinaci\u00f3 d\u2019una gran sinistralitat i d\u2019una millor assist\u00e8ncia m\u00e8dica en la fase aguda fou una <strong>major taxa de la superviv\u00e8ncia en persones amb lesions severes<\/strong>. Moltes d\u2019aquestes persones eren j\u00f3vens i presentaven una esperan\u00e7a de vida dilatada.<\/p>\n<p>La societat comen\u00e7ava a experimentar intensos canvis sociol\u00f2gics, els quals suposaven una menor disponibilitat de cuidadors informals i una major <strong>exig\u00e8ncia de rehabilitaci\u00f3 i atenci\u00f3 d\u2019aquestes persones<\/strong>.<\/p>\n<p>Els primers serveis especialitzats en la rehabilitaci\u00f3 del dany cerebral s\u2019iniciaren en la d\u00e8cada dels 90, al temps que sorg\u00ed tamb\u00e9 un important moviment associatiu que en 1995 acab\u00e0 en la creaci\u00f3 de la <a title=\"FEDACE\" href=\"http:\/\/www.fedace.org\/portal\/\" target=\"_blank\" rel=\"noopener\">Federaci\u00f3 Espanyola de Dany Cerebral (FEDACE)<\/a>.<\/p>\n<p>La tend\u00e8ncia en la reducci\u00f3 dels accidents de tr\u00e0nsit t\u00e9 el seu reflex en el descens del dany cerebral adquirit causat per TCE. Hui, <strong>la majoria de les lesions cerebrals provenen dels ictus<\/strong>, que han anat incrementant-se a causa del progressiu envelliment de la poblaci\u00f3.  <img loading=\"lazy\" decoding=\"async\" class=\"alignright  wp-image-14669\" title=\"rehabilitacion DCA Red Menni\" src=\"http:\/\/xn--daocerebral-2db.es\/wp-content\/uploads\/2011\/12\/toni.jpg\" alt=\"rehabilitacion DCA Red Menni\" width=\"823\" height=\"1230\" srcset=\"https:\/\/xn--daocerebral-2db.es\/wp-content\/uploads\/2011\/12\/toni.jpg 450w, https:\/\/xn--daocerebral-2db.es\/wp-content\/uploads\/2011\/12\/toni-200x300.jpg 200w\" sizes=\"(max-width: 823px) 100vw, 823px\" \/>  <\/p>\n","protected":false},"excerpt":{"rendered":"<p>Un poc d\u2019hist\u00f2ria La problem\u00e0tica del dany cerebral comen\u00e7\u00e0 a cobrar import\u00e0ncia a les acaballes de la d\u00e8cada dels 80 i primeries dels 90. En aquell moment, la sinistralitat en accidents de tr\u00e0nsit havia adquirit proporcions for\u00e7a preocupants. Durant l\u2019any 1992, per exemple, se\u2019n comptabilitzaren m\u00e9s de 5.000 morts a les carreteres espanyoles. Aix\u00f2 suposava&hellip;<\/p>\n","protected":false},"author":2,"featured_media":0,"parent":0,"menu_order":6,"comment_status":"closed","ping_status":"closed","template":"","meta":{"footnotes":""},"_links":{"self":[{"href":"https:\/\/xn--daocerebral-2db.es\/ca\/wp-json\/wp\/v2\/pages\/15053"}],"collection":[{"href":"https:\/\/xn--daocerebral-2db.es\/ca\/wp-json\/wp\/v2\/pages"}],"about":[{"href":"https:\/\/xn--daocerebral-2db.es\/ca\/wp-json\/wp\/v2\/types\/page"}],"author":[{"embeddable":true,"href":"https:\/\/xn--daocerebral-2db.es\/ca\/wp-json\/wp\/v2\/users\/2"}],"replies":[{"embeddable":true,"href":"https:\/\/xn--daocerebral-2db.es\/ca\/wp-json\/wp\/v2\/comments?post=15053"}],"version-history":[{"count":0,"href":"https:\/\/xn--daocerebral-2db.es\/ca\/wp-json\/wp\/v2\/pages\/15053\/revisions"}],"wp:attachment":[{"href":"https:\/\/xn--daocerebral-2db.es\/ca\/wp-json\/wp\/v2\/media?parent=15053"}],"curies":[{"name":"wp","href":"https:\/\/api.w.org\/{rel}","templated":true}]}}