{"id":15049,"date":"2011-12-22T20:06:26","date_gmt":"2011-12-22T20:06:26","guid":{"rendered":"http:\/\/da\u00f1ocerebral.es\/danio\/\/els-nostres-recursos-i-serveis\/"},"modified":"2014-07-29T16:33:51","modified_gmt":"2014-07-29T16:33:51","slug":"els-nostres-recursos-i-serveis","status":"publish","type":"page","link":"https:\/\/xn--daocerebral-2db.es\/ca\/els-nostres-recursos-i-serveis\/","title":{"rendered":"Els nostres recursos i serveis"},"content":{"rendered":"<br \/>\n<h3>Des de la nostra creaci\u00f3 l\u2019any 1992, tractem d\u2019oferir rehabilitaci\u00f3 integral a les persones que n\u2019han sofert d\u2019un dany cerebral.<\/h3>\n<h4><strong>Unitats d\u2019Hospitalitzaci\u00f3<\/strong><\/h4>\n<p>&nbsp;<\/p>\n<p>El tractament en el mitj\u00e0 hospitalari ens permet desenvolupar una tasca rehabilitadora intensiva. A les nostres Unitats d\u2019Hospitalitzaci\u00f3, treballem en la rehabilitaci\u00f3 de pacients que presenten seq\u00fceles motores, de comunicaci\u00f3, conductuals, intel\u2022lectuals, emocionals i\/o sensorials. Desenvolupem programes personals integrats de logop\u00e8dia, neuropsicologia, fisioter\u00e0pia i ter\u00e0pia ocupacional. Si en cal, els complementem amb tractaments psicofarmacol\u00f2gics i ortop\u00e8dics.<\/p>\n<div id=\"attachment_2655\" style=\"width: 310px\" class=\"wp-caption alignright\"><a href=\"http:\/\/xn--daocerebral-2db.es\/wp-content\/uploads\/2011\/12\/valladolid.jpg\"><img decoding=\"async\" aria-describedby=\"caption-attachment-2655\" class=\"size-medium wp-image-2655\" title=\"Hospital Beata Mar\u00eda Ana (Red Menni)\" src=\"http:\/\/xn--daocerebral-2db.es\/wp-content\/uploads\/2011\/12\/valladolid.jpg\" alt=\"Hospital Beata Mar\u00eda Ana (Red Menni)\" \/><\/a><p id=\"caption-attachment-2655\" class=\"wp-caption-text\">Hospital Beata Mar\u00eda Ana, Madrid<\/p><\/div>\n<h4><strong>Rehabilitaci\u00f3 ambulat\u00f2ria<\/strong><\/h4>\n<p>&nbsp;<\/p>\n<p>En els casos de menor gravetat i en quan les persones hospitalitzades arriben a un nivell d\u2019autonomia suficient, portem a terme els programes de rehabilitaci\u00f3 en r\u00e8gim ambulatori. Els tractaments que n\u2019oferim en els nostres diferents centres sempre responen a les necessitats especifiques de cada pacient.<\/p>\n<h4><strong>Rehabilitaci\u00f3 a domicili<\/strong><\/h4>\n<p>&nbsp;<\/p>\n<p>Els programes a domicili estan pensats per a persones amb un alt nivell de depend\u00e8ncia i serioses dificultats per als despla\u00e7aments. Els terapeutes especialitzats en la rehabilitaci\u00f3 del dany cerebral que formen el nostre equip realitzen tractaments a domicili en la rodalia de Donostia-Sant Sebasti\u00e0, Vit\u00f2ria-Gasteiz, Bilbao i Arrasate-Mondrag\u00f3n.<\/p>\n<h4><strong>Centres de dia<\/strong><\/h4>\n<p>&nbsp;<\/p>\n<p>Els centres de dia gestionats per la Xarxa Menni tenen com objectiu millorar l\u2019autonomia funcional i la reinserci\u00f3 social de les persones amb dany cerebral. El pla d\u2019activitats en aquests centres inclou sessions majorit\u00e0riament grupals de continguts molt diversos: maneig de tecnologies, augment d\u2019\u00fas de la comunitat, activitats l\u00fadiques, grups d\u2019habilitats socials, activitats manuals, esport, rehabilitaci\u00f3 f\u00edsica o logop\u00e8dica de grup redu\u00eft.<\/p>\n<h4><strong>Servei de valoraci\u00f3 medicolegal<\/strong><\/h4>\n<p>&nbsp;<\/p>\n<p>Aquest servei, que gaudeix d\u2019una gran acceptaci\u00f3 pel seu abast i repercussi\u00f3, inclou la realitzaci\u00f3 de peritacions medicolegals per part d\u2019especialistes en psiquiatria, medicina rehabilitadora, neurologia i neuropsicologia. Aquests informes tenen per objecte la determinaci\u00f3 de les seq\u00fceles dels pacients amb dany cerebral, contribueixen a la valoraci\u00f3 de la capacitat laboral o civil i ajuden a la resoluci\u00f3 de la responsabilitat penal. Aix\u00ed mateix, en alguns casos, l\u2019assist\u00e8ncia com a perits als ju\u00efns \u00e9s tamb\u00e9 necess\u00e0ria per a poder explicar les avaluacions i l\u2019impacte del dany sobre la vida del pacient.<\/p>\n","protected":false},"excerpt":{"rendered":"<p>Des de la nostra creaci\u00f3 l\u2019any 1992, tractem d\u2019oferir rehabilitaci\u00f3 integral a les persones que n\u2019han sofert d\u2019un dany cerebral. Unitats d\u2019Hospitalitzaci\u00f3 &nbsp; El tractament en el mitj\u00e0 hospitalari ens permet desenvolupar una tasca rehabilitadora intensiva. A les nostres Unitats d\u2019Hospitalitzaci\u00f3, treballem en la rehabilitaci\u00f3 de pacients que presenten seq\u00fceles motores, de comunicaci\u00f3, conductuals, intel\u2022lectuals,&hellip;<\/p>\n","protected":false},"author":2,"featured_media":3947,"parent":0,"menu_order":5,"comment_status":"closed","ping_status":"closed","template":"","meta":{"footnotes":""},"_links":{"self":[{"href":"https:\/\/xn--daocerebral-2db.es\/ca\/wp-json\/wp\/v2\/pages\/15049"}],"collection":[{"href":"https:\/\/xn--daocerebral-2db.es\/ca\/wp-json\/wp\/v2\/pages"}],"about":[{"href":"https:\/\/xn--daocerebral-2db.es\/ca\/wp-json\/wp\/v2\/types\/page"}],"author":[{"embeddable":true,"href":"https:\/\/xn--daocerebral-2db.es\/ca\/wp-json\/wp\/v2\/users\/2"}],"replies":[{"embeddable":true,"href":"https:\/\/xn--daocerebral-2db.es\/ca\/wp-json\/wp\/v2\/comments?post=15049"}],"version-history":[{"count":0,"href":"https:\/\/xn--daocerebral-2db.es\/ca\/wp-json\/wp\/v2\/pages\/15049\/revisions"}],"wp:featuredmedia":[{"embeddable":true,"href":"https:\/\/xn--daocerebral-2db.es\/ca\/wp-json\/wp\/v2\/media\/3947"}],"wp:attachment":[{"href":"https:\/\/xn--daocerebral-2db.es\/ca\/wp-json\/wp\/v2\/media?parent=15049"}],"curies":[{"name":"wp","href":"https:\/\/api.w.org\/{rel}","templated":true}]}}