{"id":15045,"date":"2011-12-22T20:06:15","date_gmt":"2011-12-22T20:06:15","guid":{"rendered":"http:\/\/da\u00f1ocerebral.es\/danio\/\/rehabilitacio-integral\/"},"modified":"2014-09-10T08:44:06","modified_gmt":"2014-09-10T08:44:06","slug":"rehabilitacio-integral","status":"publish","type":"page","link":"https:\/\/xn--daocerebral-2db.es\/ca\/rehabilitacio-integral\/","title":{"rendered":"Rehabilitaci\u00f3 integral"},"content":{"rendered":"<br \/>\n<h3 style=\"text-align: justify;\">A la Xarxa Menni de Dany Cerebral treballem per aconseguir que les persones afectades arriben a assolir el m\u00e0xim grau de benestar possible.<strong>\u00a0<\/strong><br \/>\nL\u2019objectiu dels nostres programes terap\u00e8utics \u00e9s augmentar les possibilitats de participaci\u00f3 activa i integraci\u00f3 social dels nostres pacients. Per a aix\u00f2, intervenim a tots els \u00e0mbits: f\u00edsic, psicol\u00f2gic, educatiu, ocupacional\u2026, i complementem l\u2019atenci\u00f3 individual amb assessorament i orientaci\u00f3 a les fam\u00edlies.  <\/h3>\n<h4 style=\"text-align: justify;\"><strong>Rehabilitaci\u00f3 f\u00edsica<\/strong><\/h4>\n<p style=\"text-align: justify;\">Darrere d\u2019un dany cerebral es pot perdre la capacitat de caminar, de mantindre\u2019s dret o, fins i tot, assegut. Els nostres equips de fisioter\u00e0pia articulen programes individuals per a millorar el funcionament motor, destinats a aconseguir el manteniment dels balan\u00e7os articulars, la normalitzaci\u00f3 de la postura, la bipedestaci\u00f3, l\u2019equilibri i la recuperaci\u00f3 de la marxa.<\/p>\n<h4 style=\"text-align: justify;\"><strong>Rehabilitaci\u00f3 neuropsicol\u00f2gica<\/strong><\/h4>\n<p style=\"text-align: justify;\">La neuropsicologia estudia els processos ps\u00edquics que interaccionen per afavorir la conducta i la relaci\u00f3 social. Les capacitats cognitives, les emocions, la voluntat d\u2019acci\u00f3 i el govern de la conducta, poden veure-s\u2019hi afectades en ra\u00f3 d\u2019haver-se produ\u00eft una lesi\u00f3 cerebral. Els nostres programes de rehabilitaci\u00f3 neuropsicol\u00f2gica n\u2019aborden aquestes alteracions. Exemples de programes concrets de rehabilitaci\u00f3 neuropsicol\u00f2gica s\u00f3n aquells que se centren en l\u2019atenci\u00f3, la mem\u00f2ria, les funcions executives, la recuperaci\u00f3 de l\u2019autoconsci\u00e8ncia o de les habilitats socials.<br \/>\n<img loading=\"lazy\" decoding=\"async\" class=\"alignright wp-image-18013\" src=\"https:\/\/xn--daocerebral-2db.es\/wp-content\/uploads\/2011\/12\/rehabilitacionDCA.jpg\" alt=\"rehabilitacionDCA\" width=\"385\" height=\"358\" \/><\/p>\n<h4 style=\"text-align: justify;\"><strong>Ter\u00e0pia ocupacional<\/strong><\/h4>\n<p style=\"text-align: justify;\">Els terapeutes ocupacionals dels nostres Serveis treballen per assolir objectius molt directament relacionats amb l\u2019autonomia de les diferents activitats de la vida di\u00e0ria, des de les m\u00e9s b\u00e0siques, com l\u2019endre\u00e7 personal, la roba de vestir o l\u2019alimentaci\u00f3, fins unes altres de m\u00e9s complexes, com l\u2019\u00fas del transport p\u00fablic, els ordinadors o els quefers laborals.<\/p>\n<p style=\"text-align: justify;\">El disseny d\u2019adaptacions arquitect\u00f2niques per a la llar i la selecci\u00f3 de productes d\u2019ajuda (instruments adaptats, com coberts o ratolins, per exemple) s\u00f3n tamb\u00e9 una part de la tasca dels terapeutes ocupacionals. La millora de la destresa i la for\u00e7a de la m\u00e0 afectada per una lesi\u00f3 cerebral tamb\u00e9 n\u2019\u00e9s una important \u00e0rea de treball.<\/p>\n<h4 style=\"text-align: justify;\"><strong>Psicoter\u00e0pia<\/strong><\/h4>\n<p style=\"text-align: justify;\">L\u2019estat psicol\u00f2gic de les persones afectades per una lesi\u00f3 cerebral i el dels seus familiars m\u00e9s pr\u00f2xims juga un paper fonamental en el proc\u00e9s de recuperaci\u00f3. Per aix\u00f2, els nostres programes dediquen una atenci\u00f3 especial a aquests aspectes, incloent-hi el recolzament psicoterap\u00e8utic sempre que en calga.<\/p>\n<h4 style=\"text-align: justify;\"><strong>Logop\u00e8dia<\/strong><\/h4>\n<p style=\"text-align: justify;\">Tractem els problemes que es presenten als camps de la parla (dis\u00e0rtria, dispr\u00e0xia, dispros\u00f2dia), del llenguatge (alteraci\u00f3 ling\u00fc\u00edstica global, mutisme, af\u00e0sia, al\u00e8xia, agrafia) i de la veu (disfonies). Quan \u00e9s prec\u00eds, hi apliquem sistemes alternatius de comunicaci\u00f3.<\/p>\n","protected":false},"excerpt":{"rendered":"<p>A la Xarxa Menni de Dany Cerebral treballem per aconseguir que les persones afectades arriben a assolir el m\u00e0xim grau de benestar possible.\u00a0 L\u2019objectiu dels nostres programes terap\u00e8utics \u00e9s augmentar les possibilitats de participaci\u00f3 activa i integraci\u00f3 social dels nostres pacients. Per a aix\u00f2, intervenim a tots els \u00e0mbits: f\u00edsic, psicol\u00f2gic, educatiu, ocupacional\u2026, i complementem&hellip;<\/p>\n","protected":false},"author":2,"featured_media":2562,"parent":0,"menu_order":4,"comment_status":"closed","ping_status":"closed","template":"","meta":{"footnotes":""},"_links":{"self":[{"href":"https:\/\/xn--daocerebral-2db.es\/ca\/wp-json\/wp\/v2\/pages\/15045"}],"collection":[{"href":"https:\/\/xn--daocerebral-2db.es\/ca\/wp-json\/wp\/v2\/pages"}],"about":[{"href":"https:\/\/xn--daocerebral-2db.es\/ca\/wp-json\/wp\/v2\/types\/page"}],"author":[{"embeddable":true,"href":"https:\/\/xn--daocerebral-2db.es\/ca\/wp-json\/wp\/v2\/users\/2"}],"replies":[{"embeddable":true,"href":"https:\/\/xn--daocerebral-2db.es\/ca\/wp-json\/wp\/v2\/comments?post=15045"}],"version-history":[{"count":0,"href":"https:\/\/xn--daocerebral-2db.es\/ca\/wp-json\/wp\/v2\/pages\/15045\/revisions"}],"wp:featuredmedia":[{"embeddable":true,"href":"https:\/\/xn--daocerebral-2db.es\/ca\/wp-json\/wp\/v2\/media\/2562"}],"wp:attachment":[{"href":"https:\/\/xn--daocerebral-2db.es\/ca\/wp-json\/wp\/v2\/media?parent=15045"}],"curies":[{"name":"wp","href":"https:\/\/api.w.org\/{rel}","templated":true}]}}