{"id":15033,"date":"2011-12-21T13:05:02","date_gmt":"2011-12-21T13:05:02","guid":{"rendered":"http:\/\/da\u00f1ocerebral.es\/danio\/\/naiara-mimetza-3\/"},"modified":"2024-04-15T13:56:17","modified_gmt":"2024-04-15T13:56:17","slug":"naiara-mimetza-3","status":"publish","type":"page","link":"https:\/\/xn--daocerebral-2db.es\/ca\/el-teu-equip-de-tractament\/naiara-mimetza-3\/","title":{"rendered":"Naiara Mimetza"},"content":{"rendered":"<p><img decoding=\"async\" class=\"alignleft\" src=\"http:\/\/xn--daocerebral-2db.es\/wp-content\/uploads\/2011\/12\/7020900303.jpg\" alt=\"Naiara Mimetza\" \/><\/p>\n<h3>Neuropsic\u00f2loga en la Unitat d\u2019Hospitalitzaci\u00f3 del Servei de Dany Cerebral de l\u2019Hospital Aita Menni<\/h3>\n<p>La meua tasca es concreta en l\u2019estudi de les alteracions neuropsicol\u00f2giques (emocionals, conductuals i cognitives) secund\u00e0ries al dany cerebral adquirit, per a dissenyar-ne m\u00e9s tard plans de tractament individualitzats amb la finalitat de millorar la qualitat de vida del pacient i dels seus familiars.<\/p>\n<p>Poder ajudar a persones en situacions vitals complicades \u00e9s, per ami, tot un privilegi. Con\u00e9ixer les diferents patologies i realitats \u00e9s un repte laboral i de creixement personal. Aix\u00ed mateix, treballar en coordinaci\u00f3 amb la resta de l\u2019equip terap\u00e8utic per un mateix objectiu em permet compartir, q\u00fcestionar-me\u2019n diferents aspectes i cr\u00e9ixer professionalment.<\/p>\n<p>D\u2019entre les funcions que hi desenvolupe destaquen la valoraci\u00f3 neuropsicol\u00f2gica, el disseny i la implementaci\u00f3 de programes de rehabilitaci\u00f3 cognitiva individual i grupal, aix\u00ed com l\u2019aplicaci\u00f3 de programes de modificaci\u00f3 de la conducta i de t\u00e8cniques terap\u00e8utiques cognitiu-conductuals (entrenament en habilitats socials, psicoeducaci\u00f3, domini de l\u2019ansietat&#8230;). Sense oblidar l\u2019atenci\u00f3 a les fam\u00edlies en col\u2022laboraci\u00f3 amb altres membres de l\u2019equip terap\u00e8utic.<\/p>\n<p>Endem\u00e9s de les faenes cl\u00edniques esmentades, tamb\u00e9 porte a terme funcions de coordinaci\u00f3 en les \u00e0rees de logop\u00e8dia i ter\u00e0pia ocupacional i, per una altra banda, participe en la doc\u00e8ncia de diferents programes formatius.<\/p>\n<h4><strong>Formaci\u00f3 acad\u00e8mica<\/strong><\/h4>\n<p>&#8211; Llicenciada en Psicologia per la Universitat de Deusto, 1997-2002.<br \/>\n&#8211; M\u00e0ster en Psicologia Cl\u00ednica. Universitat de Deusto, 2002-2004.<br \/>\n&#8211; Curs de postgrau en Neuropsicologia Cl\u00ednica. ISEP Formaci\u00f3, 2006-2007.<br \/>\n&#8211; Diploma d\u2019Estudis Avan\u00e7ats (Estudis de Doctorat). Universitat de Deusto, 2003-2004.<\/p>\n<h4><strong>Formaci\u00f3 extra acad\u00e8mica<\/strong><\/h4>\n<p>&#8211; III Congr\u00e9s Nacional de Neuropsicologia. FANPSE. Oviedo, 2010.<br \/>\n&#8211; Avan\u00e7ant en el tractament del TCE: Abordatge dels trastorns de la conducta en traumatismes craniencef\u00e0lics. Institut Guttman, Barcelona, 2010.<br \/>\n&#8211; Fam\u00edlia i dany cerebral. Hospital Beata Maria Ana, Madrid, 2010.<br \/>\n&#8211; Advances in the study of anosognosia &amp; Principles of neuropsychological rehabilitation ten years later. Donostia-Sant Sebasti\u00e0, 2009.<br \/>\n&#8211; III Jornades Societat Basco-Navarra de Neuropsicologia Infantil. Universitat del Pa\u00eds Basc, Donostia-Sant Sebasti\u00e0 2009.<br \/>\n&#8211; VI Jornades de la Societat Espanyola de Neurorehabilitaci\u00f3: \u00bfQu\u00e9 es la rehabilitaci\u00f3n neuropsicol\u00f3gica? Outcome measurement in neuropsychological rehabilitation. Barcelona, 2008.<br \/>\n&#8211; Seminari Disartria: evaluaci\u00f3n y rehabilitaci\u00f3n. Bilbao, 2008.<br \/>\n&#8211; Seminari Rehabilitaci\u00f3 neuropsicol\u00f2gica en el dany cerebral: un enfocament pr\u00e0ctic. Bilbao, 2008.<br \/>\n&#8211; C\u00f2rtex prefrontal: de la investigaci\u00f3 a la intervenci\u00f3. Bilbao, 2007.<br \/>\n&#8211; Curs monogr\u00e0fic de Psicopatologia. Madrid 2007.<br \/>\n&#8211; Curs de Psicoter\u00e0pia de temps limitat i a curt termini amb pacients neuropsiqui\u00e0trics amb un enfocament al T.E.P.T. Bilbao, 2007.<br \/>\n&#8211; I Congr\u00e9s internacional Avan\u00e7os en neuropsicologia cl\u00ednica. Madrid, 2006.<br \/>\n&#8211; Seminari Avaluaci\u00f3 i Rehabilitaci\u00f3 de las alteracions de llenguatge des d\u2019un enfocament cognitiu. Bilbao, 2005.<br \/>\n&#8211; Seminari Conducta i L\u00f2bul Frontal. Bilbao, 2004.<\/p>\n<h4><strong>Publicacions<\/strong><\/h4>\n<p>&#8211; Mimentza N.; Jim\u00e9nez A.; Quemada J.I.: Abordaje conductual de alteraciones comportamentales en el da\u00f1o cerebral adquirido. Informaciones Psiqui\u00e1tricas, 187 (1): 5-18. (2007).<br \/>\n&#8211; Quemada Ubis, J. I.; Mimentza N.; Jim\u00e9nez A.; S\u00e1nchez Cubillo I. Tratamientos no farmacol\u00f3gicos de las alteraciones conductuales en el da\u00f1o cerebral. En: Avances en Neuropsicolog\u00eda Cl\u00ednica. Fundaci\u00f3 Mapfre Medicina. P\u00e0g: 275-299. (2006).<\/p>\n<h4><strong>Activitat docent<\/strong><\/h4>\n<p>&#8211; Docent en el M\u00e0ster de Salut Mental i Ter\u00e0pies Psicol\u00f2giques de la Universitat de Deusto. De 2007 fins l\u2019actualitat.<br \/>\n&#8211; Docent en el M\u00e0ster de Gerontologia de la Universitat de Deusto. 2008-2010.<\/p>\n<h4><strong>Experi\u00e8ncia laboral<\/strong><\/h4>\n<p>&#8211; Mentre estudiava la carrera de psicologia inici\u00ed la meua experi\u00e8ncia laboral com a monitora d\u2019oci i temps lliure amb poblaci\u00f3 infantil i poblaci\u00f3 psiqui\u00e0trica.<br \/>\n&#8211; M\u00e9s tard, en el marc del M\u00e0ster de Psicologia Cl\u00ednica de la Universitat de Deusto desenvolup\u00ed tasques de psic\u00f2loga cl\u00ednica en diferents \u00e0mbits de la salut mental, com ara la psiquiatria i la psicogeriatria.<br \/>\n&#8211; Des d\u2019octubre de 2004, desenvolupe el meu treball professional en la unitat d\u2019hospitalitzaci\u00f3 del Servei de Dany Cerebral de l\u2019Hospital Aita Menni a Mondrag\u00f3n.<\/p>\n<h4><strong>Idiomes<\/strong><\/h4>\n<p>Euskara<br \/>\nAngl\u00e9s<\/p>\n<h4><strong>Aficions<\/strong><\/h4>\n<p>M\u2019agrada con\u00e9ixer diferents cultures, parlar i conviure amb persones de diversos llocs. En tindre l\u2019oportunitat, faig la maleta i m\u2019embarque en un avi\u00f3 amb els meus amics.<\/p>\n<p>En la meua vida quotidiana mire de realitzar activitat f\u00edsica regular que sol variar en funci\u00f3 de l\u2019estaci\u00f3 de l\u2019any. A m\u00e9s, col\u2022labore de volunt\u00e0ria en diferents associacions de car\u00e0cter social.<\/p>\n","protected":false},"excerpt":{"rendered":"<p>Neuropsic\u00f2loga en la Unitat d\u2019Hospitalitzaci\u00f3 del Servei de Dany Cerebral de l\u2019Hospital Aita Menni La meua tasca es concreta en l\u2019estudi de les alteracions neuropsicol\u00f2giques (emocionals, conductuals i cognitives) secund\u00e0ries al dany cerebral adquirit, per a dissenyar-ne m\u00e9s tard plans de tractament individualitzats amb la finalitat de millorar la qualitat de vida del pacient i&hellip;<\/p>\n","protected":false},"author":3,"featured_media":364,"parent":15077,"menu_order":0,"comment_status":"closed","ping_status":"closed","template":"","meta":{"footnotes":""},"_links":{"self":[{"href":"https:\/\/xn--daocerebral-2db.es\/ca\/wp-json\/wp\/v2\/pages\/15033"}],"collection":[{"href":"https:\/\/xn--daocerebral-2db.es\/ca\/wp-json\/wp\/v2\/pages"}],"about":[{"href":"https:\/\/xn--daocerebral-2db.es\/ca\/wp-json\/wp\/v2\/types\/page"}],"author":[{"embeddable":true,"href":"https:\/\/xn--daocerebral-2db.es\/ca\/wp-json\/wp\/v2\/users\/3"}],"replies":[{"embeddable":true,"href":"https:\/\/xn--daocerebral-2db.es\/ca\/wp-json\/wp\/v2\/comments?post=15033"}],"version-history":[{"count":1,"href":"https:\/\/xn--daocerebral-2db.es\/ca\/wp-json\/wp\/v2\/pages\/15033\/revisions"}],"predecessor-version":[{"id":86824,"href":"https:\/\/xn--daocerebral-2db.es\/ca\/wp-json\/wp\/v2\/pages\/15033\/revisions\/86824"}],"up":[{"embeddable":true,"href":"https:\/\/xn--daocerebral-2db.es\/ca\/wp-json\/wp\/v2\/pages\/15077"}],"wp:featuredmedia":[{"embeddable":true,"href":"https:\/\/xn--daocerebral-2db.es\/ca\/wp-json\/wp\/v2\/media\/364"}],"wp:attachment":[{"href":"https:\/\/xn--daocerebral-2db.es\/ca\/wp-json\/wp\/v2\/media?parent=15033"}],"curies":[{"name":"wp","href":"https:\/\/api.w.org\/{rel}","templated":true}]}}