{"id":15029,"date":"2011-12-20T17:30:40","date_gmt":"2011-12-20T17:30:40","guid":{"rendered":"http:\/\/da\u00f1ocerebral.es\/danio\/\/juan-ignacio-marin-3\/"},"modified":"2024-05-21T11:43:00","modified_gmt":"2024-05-21T11:43:00","slug":"juan-ignacio-marin-3","status":"publish","type":"page","link":"https:\/\/xn--daocerebral-2db.es\/ca\/el-teu-equip-de-tractament\/juan-ignacio-marin-3\/","title":{"rendered":"Juan Ignacio Mar\u00edn"},"content":{"rendered":"<p><img decoding=\"async\" class=\"alignleft\" src=\"http:\/\/xn--daocerebral-2db.es\/wp-content\/uploads\/2011\/12\/36V9005.jpg\" alt=\"Juan Ignacio Mar\u00edn\" \/><\/p>\n<h3>Especialista en Medicina F\u00edsica i Rehabilitaci\u00f3.<\/h3>\n<p>Des de ben prompte es despert\u00e0 en mi una vocaci\u00f3 cap a la cura i el tractament de les persones amb discapacitat i cap a aqueix fi mene la meua carrera professional. Compte amb una dilatada experi\u00e8ncia en el camp de la rehabilitaci\u00f3 de pacients amb lesions cerebrals; treballant, coordinant i dinamitzant equips multidisciplinars. M\u2019apassionen les tecnologies aplicades a la rehabilitaci\u00f3 (tecnologies de la informaci\u00f3, rob\u00f2tica, aplicaci\u00f3 de nous programes i t\u00e8cniques de rehabilitaci\u00f3) i tracte d\u2019integrar-les en el meu quefer professional de diari.<\/p>\n<p>Coordine el servei de Rehabilitaci\u00f3 Infantil de l\u2019Hospital Aita Menni. Hi treballe com a referent cl\u00ednic de part dels pacients a la unitat d\u2019hospitalitzaci\u00f3 del Servei a Mondrag\u00f3n, i com a consultor de rehabilitaci\u00f3 als centres ambulatoris de Rehabilitaci\u00f3 de Bilbao i Sant Sebasti\u00e0. En facilite la incorporaci\u00f3 al cat\u00e0leg de prestacions del nostre servei de noves tecnologies i t\u00e8cniques de tractament aplicables a la rehabilitaci\u00f3 de persones amb lesions cerebrals.<\/p>\n<p>Em considere afortunat per gaudir tant del meu treball degut a les possibilitats que m\u2019ofereix de relacionar-me amb altres professionals, amb els pacients i les seues fam\u00edlies. M\u2019hi interessa tamb\u00e9 perqu\u00e8 em permet realitzar-me professionalment i com a persona, i des d\u2019ell puc aportar-ne la cura, l\u2019orientaci\u00f3, la informaci\u00f3 i l\u2019escolta a persones amb discapacitat i els seus familiars.<\/p>\n<h4><strong>Formaci\u00f3 acad\u00e8mica<\/strong><\/h4>\n<p>&#8211; Llicenciat en Medicina i Cirurgia per la Universitat del Pa\u00eds Basc, 1990-1996.<br \/>\n&#8211; Alumne Intern del Departament de Neuroci\u00e8ncies, 1991-1994.<br \/>\n&#8211; Programa de Doctorat: Bases Cient\u00edfiques de la Cirurgia. Bienni 1998-2000. Departament de Cirurgia, Radiologia i Medicina F\u00edsica. Diploma de Sufici\u00e8ncia Investigadora.<br \/>\n&#8211; Metge especialista en Medicina F\u00edsica i Rehabilitaci\u00f3 pel MIR. Metge Intern Resident al Servei de Rehabilitaci\u00f3 de l\u2019Hospital de Cruces (Biscaia), 1997- 2001.<br \/>\n&#8211; M\u00e0ster universitari en Discapacitat Infantil. Universitat Complutense de Madrid, 2007-2008.<\/p>\n<h4><strong>Formaci\u00f3 extra acad\u00e8mica<\/strong><\/h4>\n<p>&#8211; V Curs Internacional de Rehabilitaci\u00f3 i Cirurgia Ortop\u00e8dica: Traumatisme Cranial. Hospital Vall d\u2019Hebron i la C\u00e0tedra de Traumatologia i Cirurgia Ortop\u00e8dica, 1998.<br \/>\n&#8211; Curs de T\u00e8cniques d\u2019An\u00e0lisi del Moviment Hospital de Basurto, 1998.<br \/>\n&#8211; Curs de Sistemes de Sedestaci\u00f3 i Posicionament JAY. Vit\u00f2ria, 1999.<br \/>\n&#8211; Curs de Valoraci\u00f3 i Rehabilitaci\u00f3 de la s\u00edndrome hemipl\u00e8xica, 1999.<br \/>\n&#8211; XII Jornada T\u00e8cnica de la Fundaci\u00f3 Institut Guttmann. Avan\u00e7os en el Tractament de la Lesi\u00f3 Medul\u2022lar i el Traumatisme Craniencef\u00e0lic. Barcelona, 2000.<br \/>\n&#8211; Curs te\u00f2ricopr\u00e0ctic: Programa de Maneig de l\u2019Espasticitat amb Toxina Botul\u00ednica tipus A. Madrid, 2000.<br \/>\n&#8211; Neurorehabilitaci\u00f3 del Traumatisme Craniencef\u00e0lic. Societat Aragonesa de Medicina F\u00edsica i Rehabilitaci\u00f3, Zaragoza, 2001.<br \/>\n&#8211; International Workshop of Experts in Assistive Technologies for Neurorehabilitation. XVI Cursos europeus, Sant Sebasti\u00e0, 2004.<br \/>\n&#8211; C\u00f2rtex Prefrontal: de la Investigaci\u00f3 a la Intervenci\u00f3. Servei de Dany Cerebral Hospital Aita Menni. Bilbao, 2007.<br \/>\n&#8211; Forotox 2009. F\u00f2rum de formaci\u00f3 en Tractament amb Toxina Botul\u00ednica. Avalat per la Societat Espanyola de Neurologia. Madrid, 2009.<br \/>\n&#8211; Exploraci\u00f3 Neurocinesiol\u00f2gica del Lactant, segons Vojta. Hospital Universitari del Ni\u00f1o Jes\u00fas. Madrid, 2009.<br \/>\n&#8211; Curs de Tractament Integral de l\u2019Espasticitat: Un enfocament Multidisciplinar. Madrid, 2010.<\/p>\n<h4><strong>Publicacions<\/strong><\/h4>\n<p>Cap\u00edtols de Llibre<br \/>\n&#8211; Mar\u00edn, J. I.; Nin, E. Desarrollo psicomotor del ni\u00f1o. En Tratado de Rehabilitaci\u00f3n Infantil. En impremta. Medica Panamericana. Madrid 2011.<br \/>\n&#8211; Mar\u00edn Ojea, J. I.; Ruano Hern\u00e1ndez, R. A.; Quemada Ubis, J. I: Rehabilitaci\u00f3n integral del traumatizado craneoencef\u00e1lico. En: Da\u00f1o Cerebral Postraum\u00e1tico. Fundaci\u00f3 Mapfre Medicina 2007. P\u00e0g: 521-536.<br \/>\n&#8211; Quemada Ubis, J. I.; S\u00e1nchez Cubillo I.; Mar\u00edn Ojea, J.I.; Trastornos cognitivos, conductuales y emocionales en el da\u00f1o cerebral adquirido. En: Manual SERMEF de Rehabilitaci\u00f3n y Medicina F\u00edsica 2006. Cap\u00edtol 52. P\u00e0g 591-596.<br \/>\n&#8211; Quemada Ubis, J. I.; Mar\u00edn Ojea, J.I.; Mu\u00f1oz C\u00e9spedes J. M.; Evaluaci\u00f3n de aspectos cognitivos y emocionales. En: Manual SERMEF de Rehabilitaci\u00f3n y Medicina F\u00edsica 2006. Cap\u00edtol 3.5. P\u00e0g 62-67.<br \/>\n&#8211; Quemada Ubis, J. I.; Sagasta Errasti, A.; Marin Ojea, J. I.; El paciente con da\u00f1o cerebral adquirido. En: Tratado de psicofarmacolog\u00eda. Bases y aplicaci\u00f3n cl\u00ednica; Edit. M\u00e9dica Panamericana, 2004. P\u00e0g 147-153.<br \/>\nMonografies. Documents t\u00e8cnics<br \/>\n&#8211; Modelo de atenci\u00f3n a las personas con Da\u00f1o Cerebral. Quemada, J.I.; Marin, J.I.; Ruiz M.J., Bori I.; Gangoiti, L. Ministeri de treball i Afers Socials. 2007.<\/p>\n<h4><strong>Activitat investigadora<\/strong><\/h4>\n<p>Comunicacions i pon\u00e8ncies en Congressos i reunions Cient\u00edfiques (nom\u00e9s primer autor)<br \/>\n&#8211; S\u00edndrome de contusi\u00f3n centromedular en pacientes j\u00f3venes. XX Congr\u00e9s Nacional SERMEF. Barcelona, 2001.<br \/>\n&#8211; Rehabilitaci\u00f3n Multidisciplinar de la Encefalitis Herp\u00e9tica a Prop\u00f3sito de un Caso. VI Congr\u00e9s Transpirenaic de Rehabilitaci\u00f3 i Medicina F\u00edsica. Tarragona, 2001.<br \/>\n&#8211; Osificaciones Heterot\u00f3picas en Da\u00f1o Cerebral Adquirido. VI Congr\u00e9s Transpirinenc de Rehabilitaci\u00f3 i Medicina F\u00edsica. Tarragona, 2001.<br \/>\n&#8211; Resultados de la rehabilitaci\u00f3n interdisciplinar intensiva en pacientes con da\u00f1o cerebral grave. II Congr\u00e9s de la Societat Espanyola de Neurorehabilitaci\u00f3. Barcelona, 2002.<br \/>\n&#8211; Resultados de los programas de rehabilitaci\u00f3n multidisciplinar intensivos en pacientes con Da\u00f1o Cerebral Traum\u00e1tico Severo. VII Congr\u00e9s Transpirinenc de Rehabilitaci\u00f3 i Medicina F\u00edsica. Lloc: Toulouse (Fr\u00e0ncia), 2003.<br \/>\n&#8211; Plataforma de Asistencia Posicional. Aplicaci\u00f3n de la telefon\u00eda m\u00f3vil y la navegaci\u00f3n por sat\u00e9lite a la rehabilitaci\u00f3n de personas con Da\u00f1o Cerebral Adquirido. VII Congr\u00e9s Transpirinenc de Rehabilitaci\u00f3 i Medicina F\u00edsica. Lloc: Toulouse (Fr\u00e0ncia), 2003.<br \/>\n&#8211; Medici\u00f3n de resultados de la rehabilitaci\u00f3n multidisciplinar en Da\u00f1o Cerebral traum\u00e1tico severo. VI Congr\u00e9s de la Societat Espanyola de Neurorehabilitaci\u00f3. Barcelona, 2006.<br \/>\n&#8211; Evaluaci\u00f3n neuromotora de hijos de madres diab\u00e9ticas. XV jornades cient\u00edfiques de la Societat Espanyola de Rehabilitaci\u00f3 Infantil.<br \/>\n&#8211; Intervenci\u00f3n en lactantes con riesgo neurol\u00f3gico. VII jornades de actualitzaci\u00f3 en Pediatria. Puebla (M\u00e9xico), abril de 2010<\/p>\n<h4><strong>Projectes d\u2019investigaci\u00f3<\/strong><\/h4>\n<p>&#8211; Projecte INTELSAN: Sistema Integrat per a la Provisi\u00f3 de Serveis de Teleatenci\u00f3 Sociosanit\u00e0ria. Aprovaci\u00f3 oficial per part del Programa PROFIT 2000-2003.<br \/>\n&#8211; Projecte PAP: Plataforma Sociosanit\u00e0ria d\u2019Assist\u00e8ncia Posicional per a usuaris amb Dany Cerebral Adquirit. Aprovaci\u00f3 oficial per part del Programa PROFIT 2004-2007.<br \/>\n&#8211; Projecte: E-orienta. Plataforma Sistema d\u2019Ajuda a l\u2019Orientaci\u00f3 per a Persones Discapacitades. Programa INTEK 2004-2005.<br \/>\n&#8211; Projecte TAD: Plataforma de telecontrol assistencial a col\u2022lectius discapacitats. Empreses participants: PROFIT. 2004-2005.<br \/>\n&#8211; Telerehabilitaci\u00f3 a Pacients amb una Gran Discapacitat Adquirida d\u2019Origen Neurol\u00f2gic. Participaci\u00f3 com investigador. Projecte desenvolupat a l\u2019Institut Gutmmann avalat per Ag\u00e8ncia d\u2019Avaluaci\u00f3 de Tecnologia i Recerca M\u00e8diques i l\u2019Institut de Salut Carlos III. 2006-2007.<br \/>\n&#8211; Projecte Garun, promogut per l\u2019Associaci\u00f3 Basca d\u2019Ag\u00e8ncies del Desenvolupament i finan\u00e7at per la Diputaci\u00f3 Foral de Guip\u00fascoa. Proc\u00e9s de reflexi\u00f3 i posada en com\u00fa entre metges de la Unitat de Dany Cerebral de l\u2019Hospital d\u2019Aita Menni i enginyers de la Universitat de Mondrag\u00f3n que permeta dissenyar actuacions consensuades en l\u2019\u00e0mbit global de les malalties neurol\u00f2giques i del dany cerebral adquirit.<\/p>\n<h4><strong>Experi\u00e8ncia laboral<\/strong><\/h4>\n<p>&#8211; Metge Adjunt Especialista en Rehabilitaci\u00f3 al Servei de Dany Cerebral de l\u2019Hospital Aita Menni. Responsable de l\u2019\u00e0rea d\u2019Investigaci\u00f3 i Desenvolupament del Servei de Dany Cerebral. Responsable del Servei de Rehabilitaci\u00f3 Infantil. Coreferent cl\u00ednic de la Unitat d\u2019Hospitalitzaci\u00f3 del Servei de Dany Cerebral. Consultor de la Unitat de Neurorehabilitaci\u00f3 Ambulat\u00f2ria del Servei de Dany Cerebral (Bilbao i Sant Sebasti\u00e0). Des de maig de 2001 fins a hores d\u2019ara.<\/p>\n<h4><strong>Idiomes<\/strong><\/h4>\n<p>&#8211; Angl\u00e9s<\/p>\n<h4><strong>Aficions<\/strong><\/h4>\n<p>Lectura, cine, viatjar per a con\u00e9ixer altres pa\u00efsos i cultures, activitats en la natura (senderisme, muntanya, esqu\u00ed).<\/p>\n","protected":false},"excerpt":{"rendered":"<p>Especialista en Medicina F\u00edsica i Rehabilitaci\u00f3. Des de ben prompte es despert\u00e0 en mi una vocaci\u00f3 cap a la cura i el tractament de les persones amb discapacitat i cap a aqueix fi mene la meua carrera professional. Compte amb una dilatada experi\u00e8ncia en el camp de la rehabilitaci\u00f3 de pacients amb lesions cerebrals; treballant,&hellip;<\/p>\n","protected":false},"author":2,"featured_media":301,"parent":15077,"menu_order":0,"comment_status":"closed","ping_status":"closed","template":"","meta":{"footnotes":""},"_links":{"self":[{"href":"https:\/\/xn--daocerebral-2db.es\/ca\/wp-json\/wp\/v2\/pages\/15029"}],"collection":[{"href":"https:\/\/xn--daocerebral-2db.es\/ca\/wp-json\/wp\/v2\/pages"}],"about":[{"href":"https:\/\/xn--daocerebral-2db.es\/ca\/wp-json\/wp\/v2\/types\/page"}],"author":[{"embeddable":true,"href":"https:\/\/xn--daocerebral-2db.es\/ca\/wp-json\/wp\/v2\/users\/2"}],"replies":[{"embeddable":true,"href":"https:\/\/xn--daocerebral-2db.es\/ca\/wp-json\/wp\/v2\/comments?post=15029"}],"version-history":[{"count":4,"href":"https:\/\/xn--daocerebral-2db.es\/ca\/wp-json\/wp\/v2\/pages\/15029\/revisions"}],"predecessor-version":[{"id":87568,"href":"https:\/\/xn--daocerebral-2db.es\/ca\/wp-json\/wp\/v2\/pages\/15029\/revisions\/87568"}],"up":[{"embeddable":true,"href":"https:\/\/xn--daocerebral-2db.es\/ca\/wp-json\/wp\/v2\/pages\/15077"}],"wp:featuredmedia":[{"embeddable":true,"href":"https:\/\/xn--daocerebral-2db.es\/ca\/wp-json\/wp\/v2\/media\/301"}],"wp:attachment":[{"href":"https:\/\/xn--daocerebral-2db.es\/ca\/wp-json\/wp\/v2\/media?parent=15029"}],"curies":[{"name":"wp","href":"https:\/\/api.w.org\/{rel}","templated":true}]}}