{"id":15021,"date":"2011-12-18T13:24:26","date_gmt":"2011-12-18T13:24:26","guid":{"rendered":"http:\/\/da\u00f1ocerebral.es\/danio\/\/ines-folgado-3\/"},"modified":"2023-07-19T16:05:22","modified_gmt":"2023-07-19T16:05:22","slug":"eugenia-diaz-emparanza","status":"publish","type":"page","link":"https:\/\/xn--daocerebral-2db.es\/ca\/el-teu-equip-de-tractament\/eugenia-diaz-emparanza\/","title":{"rendered":"M\u00aa Eugenia D\u00edaz-Emparanza"},"content":{"rendered":"<div class=\"wpb-content-wrapper\"><p>[vc_row][vc_column width=&#8221;1\/2&#8243;][vc_single_image image=&#8221;66608&#8243; img_size=&#8221;full&#8221;][\/vc_column][vc_column width=&#8221;1\/2&#8243;][vc_column_text]<\/p>\n<h3>Coordinadora de la Unidad de Da\u00f1o Cerebral Ambulatoria del Centro Hospitalario Benito Menni (Valladolid)<\/h3>\n<p>Soy logopeda y trabajo en el \u00e1mbito de la comunicaci\u00f3n y la alimentaci\u00f3n humana. Mi objetivo es intentar que las personas afectadas por un da\u00f1o cerebral puedan alcanzar su m\u00e1xima capacidad comunicativa para favorecer su autonom\u00eda e interacci\u00f3n con su entorno. As\u00ed mismo, tambi\u00e9n trabajo para que puedan disfrutar de la comida con eficacia y seguridad.<\/p>\n<h4><strong>Formaci\u00f3n acad\u00e9mica<\/strong><\/h4>\n<p>&#8211; Diplomada en Logopedia por la Facultad de Medicina de la Universidad de Valladolid.<\/p>\n<p>&#8211; Diplomada en Magisterio, especialista en Educaci\u00f3n Musical por la Escuela Universitaria de Magisterio &#8216;Bego\u00f1ako Andra Mari&#8217; de Bilbao.<\/p>\n<p>Me he ido especializando en al \u00e1mbito neurol\u00f3gico tanto en el aspecto de la comunicaci\u00f3n como en el de la degluci\u00f3n, actualiz\u00e1ndome igualmente a nivel te\u00f3rico y en nuevas t\u00e9cnicas de intervenci\u00f3n.<\/p>\n<h4><strong>Formaci\u00f3n extraacad\u00e9mica<\/strong><\/h4>\n<p>&#8211; 2018: Electroestimulaci\u00f3n en la rehabilitaci\u00f3n de la Disfagia y Disfon\u00eda. Bruno Guimaraes. SCIRE Formaci\u00f3n. Madrid.<\/p>\n<p>&#8211; 2017: M\u00fasica para Despertar. GlobalCESS. Valladolid. Centro Hospitalario Benito Menni. Valladolid.<\/p>\n<p>&#8211; 2017: Integraci\u00f3n Cuerpo, Voz y Movimiento. Centro Expresate. Valladolid.<\/p>\n<p>&#8211; 2017: Estrategias Activas y Pasivas de Rehabilitaci\u00f3n Logop\u00e9dica a Pacientes con Da\u00f1o Cerebral. Neurofunci\u00f3n. Gij\u00f3n.<\/p>\n<p>&#8211; 2017: Curso Intensivo de Capacitaci\u00f3n Profesional en Fundamentaci\u00f3n Te\u00f3rico \u2013 pr\u00e1ctica en Disfagias Altas \u2013 rehabilitaci\u00f3n disfagias mec\u00e1nicas y neurog\u00e9nicas. Certificaci\u00f3n Internacional MND1\/MND2. Grupo FONOCENTER. Hospital Infanta Leonor. Madrid.<\/p>\n<p>&#8211; 2013: &#8216;Disfagia orofar\u00edngea neurog\u00e9nica&#8217;. Mas Formaci\u00f3n.<\/p>\n<p>&#8211; 2012:&#8217;Vendaje Neuromuscular en el tratamiento de las patolog\u00edas en Logopedia&#8217;. Adul (Asociaci\u00f3n de diplomados y graduados universitarios en Logopedia). Madrid.<\/p>\n<p>&#8211; 2012: &#8216;Degluci\u00f3n at\u00edpica: diagn\u00f3stico y tratamiento&#8217;.\u00a0 Mas Formaci\u00f3n.<\/p>\n<p>&#8211; 2010: &#8216;Patolog\u00eda neurol\u00f3gica para logopedas&#8217;. (4 cr\u00e9ditos ECTS) Escola de Patologia del Llenguatge. Hospital de la Santa Creu i Sant Pau. Barcelona.<\/p>\n<p>&#8211; 2010: &#8216;El Papel de la osteopat\u00eda en las alteraciones orofaciales&#8217;. AELFA Y ALE. Madrid.<\/p>\n<p>&#8211; 2010: Taller. &#8216;Intervenci\u00f3n tras cirug\u00eda orofacial y cuello&#8217;. XXVII Congreso Internacional de AELFA.<\/p>\n<p>&#8211; 2009: M\u00f3dulo &#8216;Intervenci\u00f3n Logop\u00e9dica en Disfagias Neurog\u00e9nicas y Disfagias Org\u00e1nicas. T\u00e9cnicas B\u00e1sicas de Intervenci\u00f3n&#8217;. Curso de Experto en Terapia Orofacial y Miofuncional. Universidad Pontificia de Salamanca.<\/p>\n<p>&#8211;\u00a02008: &#8216;Estimulaci\u00f3n Neurosensorial&#8217;. ASTRANE: Atenci\u00f3n en Trastornos Neurol\u00f3gicos. Madrid.<\/p>\n<p>&#8211; 2008: &#8216;Introducci\u00f3n al Concepto Castillo-Morales&#8217;. AELFA. ALE. Universidad Complutense. Madrid.<\/p>\n<p>&#8211; 2007:\u00a0 &#8216;Desarrollo Madurativo durante la Educaci\u00f3n Infantil: Dificultades en las Diferentes \u00c1reas, Prevenci\u00f3n e Intervenci\u00f3n en el Aula&#8217;. FETE-UGT. Universidad de Valladolid.<\/p>\n<p>&#8211;\u00a02005: &#8216;Intervenci\u00f3n Neuropsicol\u00f3gica del Lenguaje. Un enfoque distinto en la Rehabilitaci\u00f3n de la Afasia&#8217;. ASTRANE: Atenci\u00f3n en Trastornos Neurol\u00f3gicos. Madrid.<\/p>\n<p>-2004: &#8216;Rehabilitaci\u00f3n de Problemas de Degluci\u00f3n en Pacientes con Da\u00f1o Cerebral Sobrevenido&#8217;. ASTRANE: Atenci\u00f3n en Trastornos Neurol\u00f3gicos. Madrid.<\/p>\n<p>&#8211;\u00a02003: &#8216;Intervenci\u00f3n Logop\u00e9dica en Disfon\u00edas&#8217;. Fundaci\u00f3n Troconiz Santacoloma. Bilbao.<\/p>\n<h5><strong>\u00a0Congresos, jornadas y seminarios<\/strong><\/h5>\n<p>&#8211; 2018:\u00a0 X Congreso Internacional Asociaci\u00f3n de Logopedas de Espa\u00f1a. &#8216;Nuevas tendencias terap\u00e9uticas y de intervenci\u00f3n en Logopedia&#8217;. Madrid.<\/p>\n<p>&#8211; 2017:\u00a0 7\u00ba Congreso de la ESSD (Swallowing and ageing) &amp;\u00a0World Dysphagia Summit (Congreso mundial de disfagia). Barcelona.<\/p>\n<p>&#8211; 2017 : Jornadas Sociedad Castellano Leonesa de Medicina Rehabilitadora. Abordaje multidisciplinar del Da\u00f1o Cerebral Adquirido. Valladolid.<\/p>\n<p>&#8211; 2015:\u00a0 Jornada sobre peritaje judicial. Colegio Profesional de Logopedas de Castilla y Le\u00f3n. Burgos.<\/p>\n<p>&#8211; 2014: I Congreso de Da\u00f1o Cerebral Adquirido de Castilla y Le\u00f3n. Centro Hospitalario P. Benito Menni. Valladolid.<\/p>\n<p>&#8211; 2014:\u00a0 Jornada &#8216;Disfunci\u00f3n del procesamiento sensorial y calidad de vida en ni\u00f1os con s\u00edndrome de Asperger&#8217;. Centro Hospitalario P. Benito Menni.\u00a0Valladolid.<\/p>\n<p>&#8211; 2014 : Jornada &#8216;Pautas b\u00e1sicas de manejo de pacientes con disfagia&#8217;. Centro Hospitalario P. Benito Menni. Valladolid.<\/p>\n<p>&#8211; 2011: Seminario &#8216;Atenci\u00f3n temprana: alimentaci\u00f3n, lenguaje y comunicaci\u00f3n. Enfoque pr\u00e1ctico&#8217;. Hospital Aita Menni. Bilbao.<\/p>\n<h4><strong>Formaci\u00f3n impartida<\/strong><\/h4>\n<p>&#8211; 2013: Ponencia invitada: &#8216;Ictus: Importancia de un tratamiento rehabilitador precoz y de un abordaje multidisciplinar para conseguir la mayor autonom\u00eda del paciente&#8217;<strong>.<\/strong> Centro Hospitalario Padre Benito Menni.<\/p>\n<p>&#8211; 2013: Ponencia invitada: &#8216;Aprendemos mientras ense\u00f1amos. Dificultades de aprendizaje y trastornos de conducta. De la teor\u00eda a la pr\u00e1ctica, casos reales.\u00a0Soluci\u00f3n y resultados<strong>&#8216;<\/strong>. \u00a0Unidad Infanto-juvenil. Facultad de Educaci\u00f3n y trabajo social. Universidad de Valladolid.<\/p>\n<p>&#8211;\u00a02013: Organizaci\u00f3n y profesora del &#8216;Curso: Intervenci\u00f3n logop\u00e9dica en Da\u00f1o Cerebral Adquirido. Poblaci\u00f3n Adulta&#8217;. 35 horas. Centro Hospitalario Padre Benito Menni.<\/p>\n<p>&#8211; 2012: Ponencia invitada: &#8216;Aprendemos mientras ense\u00f1amos. Dificultades de Aprendizaje y Trastornos de Conducta. De la teor\u00eda a la pr\u00e1ctica, casos reales<strong>&#8216;. <\/strong>Unidad Infanto-juvenil. Hospital Padre Benito Menni. Valladolid.<\/p>\n<p>&#8211; 2012: Ponencia invitada<strong>: <\/strong>&#8216;Novedades en la rehabilitaci\u00f3n de la comunicaci\u00f3n&#8217;. XVII Jornadas cient\u00edficas de la SERI: Nuevos avances diagn\u00f3sticos y terap\u00e9uticos en rehabilitaci\u00f3n infantil. Madrid.<\/p>\n<p>&#8211; 2011: Ponencia Invitada: &#8216;Taller II: Intervenci\u00f3n logop\u00e9dica en da\u00f1o cerebral adquirido II: Intervenci\u00f3n en\u00a0 voz, habla y degluci\u00f3n&#8217;. Profesora-Colaboradora de los <em>V Talleres: Praxis de Logopedia<\/em>. Facultad de Medicina, Valladolid. Centro Buend\u00eda, Universidad de Valladolid.<\/p>\n<p>&#8211; 2011: Sesi\u00f3n cient\u00edfica: &#8216;Par\u00e1lisis facial en da\u00f1o cerebral adquirido&#8217;, en <em>Sesiones Cient\u00edficas en Logopedia, curso acad\u00e9mico 2010-2011<\/em>, Diplomatura de Logopedia. Facultad de Medicina. Universidad de Valladolid.<\/p>\n<p>&#8211; 2010: Ponencia Invitada<strong>: <\/strong>&#8216;Logopedia en Da\u00f1o Cerebral&#8217;\u00a0en el XXVII Congreso Internacional de AELFA. Facultad de Medicina, Valladolid.<\/p>\n<p>&#8211; 2010: Ponencia Invitada: &#8216;Taller V: Intervenci\u00f3n Logop\u00e9dica en Da\u00f1o Cerebral Adquirido I: Intervenci\u00f3n en\u00a0 Lenguaje&#8217;<strong>.<\/strong> Profesora-Colaboradora de los <em>III Talleres: Praxis de Logopedia<\/em>. Facultad de Medicina, Valladolid. Centro Buend\u00eda, Universidad de Valladolid.<\/p>\n<p>&#8211; 2010: Sesi\u00f3n cient\u00edfica: &#8216;Disfagia neur\u00f3gena&#8217;, en <em>Sesiones Cient\u00edficas en Logopedia, curso acad\u00e9mico 2009-2010<\/em>, Diplomatura de Logopedia. Facultad de Medicina. Universidad de Valladolid.<\/p>\n<p>&#8211; 2009: Ponencia Invitada: &#8216;Taller VI. Intervenci\u00f3n Logop\u00e9dica en Da\u00f1o Cerebral Adquirido&#8217;.\u00a0Profesora-Colaboradora de los <em>II Talleres: Praxis de Logopedia<\/em>. Facultad de Medicina, Valladolid. Centro Buend\u00eda, Universidad de Valladolid.<\/p>\n<p>&#8211; 2008: Sesi\u00f3n docente: &#8216;Disfagia: problemas de alimentaci\u00f3n&#8217;. Centro Hospitalario Benito Menni. Valladolid.<\/p>\n<p>&#8211; 2008: Sesi\u00f3n cient\u00edfica: &#8216;Intervenci\u00f3n logop\u00e9dica en un caso de da\u00f1o cerebral adquirido: anomia&#8217;, en <em>Sesiones Cient\u00edficas en Logopedia, curso acad\u00e9mico 2007-2008<\/em>, Diplomatura de Logopedia. Facultad de Medicina. Universidad de Valladolid.<\/p>\n<p>&#8211; 2007: Seminario de formaci\u00f3n interna: &#8216;Protocolo de Evaluaci\u00f3n funcional de la voz en pacientes con DCA&#8217;. Hospital Aita-Menni. Bilbao.<\/p>\n<p>&#8211; 2001: Seminario Pr\u00e1ctico: &#8216;Impostaci\u00f3n vocal en disfon\u00edas&#8217;. Diplomatura de Logopedia. Facultad de Medicina. Universidad de Valladolid.<\/p>\n<h4><strong>Publicaciones<\/strong><\/h4>\n<p>Libros:<\/p>\n<p>&#8211; Nieves Mendizabal de la Cruz, Rosa Bel\u00e9n Santiago Pardo, Natalia Jimeno Bulnes, M\u00aa Eugenia D\u00edaz-Emparanza Mateo, \u201cGu\u00eda pr\u00e1ctica para la elaboraci\u00f3n de informes logop\u00e9dicos\u201d. Editorial Panamericana, 2013. (ISBN 9788498357387)<\/p>\n<p>Cap\u00edtulos de libro:<\/p>\n<p>&#8211;\u00a0D\u00edaz-Emparanza Mateo, M.E; Murciego Rubio, P: \u201cRecuperaci\u00f3n fuera de pron\u00f3stico en paciente de edad avanzada con da\u00f1o cerebral adquirido\u201d, en Nuevo retos y posibilidades. Aportaciones de la logopedia, foniatr\u00eda, y audiolog\u00eda en el XXVII Congreso Internacional de AELFA. C.L. Valladolid, libro electr\u00f3nico, 2010. pps 427 \u2013 429. (ISBN 978-84-693-4553-5)<\/p>\n<p>&#8211; D\u00edaz-Emparanza Mateo, M.E; Murciego Rubio, P.: \u201cTratamiento multidisciplinar en un caso de par\u00e1lisis facial perif\u00e9rica bilateral\u201d, en Nuevo retos y posibilidades. Aportaciones de la logopedia, foniatr\u00eda, y audiolog\u00eda en el XXVII Congreso Internacional de AELFA. C.L. Valladolid, libro electr\u00f3nico, 2010. pps 614-623. (ISBN 978-84-693-4553-5)<\/p>\n<h4><strong>Otros datos de inter\u00e9s<\/strong><\/h4>\n<p>Soy colaboradora honor\u00edfica adscrita al Grado de Logopedia de la Universidad de Valladolid desde el a\u00f1o 2006.<\/p>\n<h4><strong>Experiencia laboral<\/strong><\/h4>\n<p>&#8211; Desde 2006:\u00a0Unidad de Da\u00f1o Cerebral. Centro Hospitalario Benito Menni. Valladolid. Logopeda.<\/p>\n<p>&#8211; 2003-2006:\u00a0\u00a0Hospital Aita-Menni. Unidad de Da\u00f1o Cerebral. Bilbao. Logopeda.<\/p>\n<p>&#8211; 2002:\u00a0C.E.E. OBREG\u00d3N. Valladolid. Logopeda.<\/p>\n<p>&#8211; 2002:\u00a0AVEM: Asociaci\u00f3n Vallisoletana de Esclerosis M\u00faltiple. Valladolid. Logopeda.<\/p>\n<p>&#8211; 2001:\u00a0AVEM: Asociaci\u00f3n Vallisoletana de Esclerosis M\u00faltiple: Programa de Pr\u00e1cticas de Formaci\u00f3n en Alternancia. Logopeda (240 horas).<\/p>\n<h4><strong>Idiomas<\/strong><\/h4>\n<p>&#8211; Ingl\u00e9s<br \/>\n&#8211; Euskera<\/p>\n<h4><strong>Aficiones<\/strong><\/h4>\n<p>Mi gran afici\u00f3n es la m\u00fasica coral, me encanta cantar en grupo y sentir como un gran grupo de gente diversa puede latir al mismo tempo para hace algo tan maravilloso como la m\u00fasica; es lo que me ayuda a \u2018cargar pilas\u2019. Tambi\u00e9n me gusta salir a pasear al campo y, por supuesto, y antes que nada, disfrutar del tiempo con mi familia.[\/vc_column_text][\/vc_column][\/vc_row]<\/p>\n<\/div>","protected":false},"excerpt":{"rendered":"<p>[vc_row][vc_column width=&#8221;1\/2&#8243;][vc_single_image image=&#8221;66608&#8243; img_size=&#8221;full&#8221;][\/vc_column][vc_column width=&#8221;1\/2&#8243;][vc_column_text] Coordinadora de la Unidad de Da\u00f1o Cerebral Ambulatoria del Centro Hospitalario Benito Menni (Valladolid) Soy logopeda y trabajo en el \u00e1mbito de la comunicaci\u00f3n y la alimentaci\u00f3n humana. Mi objetivo es intentar que las personas afectadas por un da\u00f1o cerebral puedan alcanzar su m\u00e1xima capacidad comunicativa para favorecer su autonom\u00eda&hellip;<\/p>\n","protected":false},"author":3,"featured_media":54135,"parent":15077,"menu_order":0,"comment_status":"closed","ping_status":"closed","template":"","meta":{"footnotes":""},"_links":{"self":[{"href":"https:\/\/xn--daocerebral-2db.es\/ca\/wp-json\/wp\/v2\/pages\/15021"}],"collection":[{"href":"https:\/\/xn--daocerebral-2db.es\/ca\/wp-json\/wp\/v2\/pages"}],"about":[{"href":"https:\/\/xn--daocerebral-2db.es\/ca\/wp-json\/wp\/v2\/types\/page"}],"author":[{"embeddable":true,"href":"https:\/\/xn--daocerebral-2db.es\/ca\/wp-json\/wp\/v2\/users\/3"}],"replies":[{"embeddable":true,"href":"https:\/\/xn--daocerebral-2db.es\/ca\/wp-json\/wp\/v2\/comments?post=15021"}],"version-history":[{"count":4,"href":"https:\/\/xn--daocerebral-2db.es\/ca\/wp-json\/wp\/v2\/pages\/15021\/revisions"}],"predecessor-version":[{"id":66614,"href":"https:\/\/xn--daocerebral-2db.es\/ca\/wp-json\/wp\/v2\/pages\/15021\/revisions\/66614"}],"up":[{"embeddable":true,"href":"https:\/\/xn--daocerebral-2db.es\/ca\/wp-json\/wp\/v2\/pages\/15077"}],"wp:featuredmedia":[{"embeddable":true,"href":"https:\/\/xn--daocerebral-2db.es\/ca\/wp-json\/wp\/v2\/media\/54135"}],"wp:attachment":[{"href":"https:\/\/xn--daocerebral-2db.es\/ca\/wp-json\/wp\/v2\/media?parent=15021"}],"curies":[{"name":"wp","href":"https:\/\/api.w.org\/{rel}","templated":true}]}}