{"id":15005,"date":"2011-12-15T13:08:30","date_gmt":"2011-12-15T13:08:30","guid":{"rendered":"http:\/\/da\u00f1ocerebral.es\/danio\/\/iban-arrien-3\/"},"modified":"2024-04-15T13:52:00","modified_gmt":"2024-04-15T13:52:00","slug":"iban-arrien-3","status":"publish","type":"page","link":"https:\/\/xn--daocerebral-2db.es\/ca\/el-teu-equip-de-tractament\/iban-arrien-3\/","title":{"rendered":"Iban Arrien"},"content":{"rendered":"<p><img decoding=\"async\" class=\"alignleft\" src=\"http:\/\/xn--daocerebral-2db.es\/wp-content\/uploads\/2011\/12\/36V9019.jpg\" alt=\"Iban Arrien\" \/><\/p>\n<h3><strong>Cap del Servei de Fisioter\u00e0pia de l\u2019Hospital Aita Menni<\/strong><\/h3>\n<p>Porte vinculat a l\u2019Hospital Aita Menni des del 1995, moments en qu\u00e8 la fisioter\u00e0pia era incipient en el Servei de Dany Cerebral. Aquest treball em lliga cada dia amb aspectes que sempre han sigut motivadors: la possibilitat d\u2019ajudar a les persones amb discapacitats i aprofundir en el funcionament del sistema nervi\u00f3s central.<br \/>\nResponsable del Servei de Fisioter\u00e0pia des de 1997, m\u2019agrada treballar en equips interdisciplinaris i relacionar-me amb les persones amb les que treballe a diari per assolir els objectius que es plantegen en un ambient de treball \u00f2ptim i familiar. Al llarg d\u2019aquest per\u00edode s\u2019ha procedit a obrir un Hospital de Dia a Bilbao, que oferta rehabilitaci\u00f3 multidisciplinar en r\u00e8gim ambulatori i domiciliari, i els corresponents centres de dia a Sant Sebasti\u00e0 i Bilbao.<br \/>\nS\u00f3c especialista en neurorehabilitaci\u00f3 i terapeuta Bobath. Juntament a l\u2019activitat laboral, he escrit articles per a revistes de fisioter\u00e0pia, col\u2022labore com a ponent en jornades, congressos, etc., relacionats amb la fisioter\u00e0pia i amb el dany cerebral, i s\u00f3c professor tutor dels alumnes de 3r. Curs de Fisioter\u00e0pia en estances cl\u00edniques de diverses universitats.<\/p>\n<h4><strong>Formaci\u00f3 acad\u00e8mica<\/strong><\/h4>\n<p>&#8211; Diplomat Universitari en Fisioter\u00e0pia per la Universitat Aut\u00f2noma de Barcelona, 1991-1994.<br \/>\n&#8211; Especialitats: Fisioter\u00e0pia. Ci\u00e8ncies de la Salut.<\/p>\n<h4><strong>Publicacions<\/strong><\/h4>\n<p>&#8211; Article a la revista de Fisioter\u00e0pia Trasko. T\u00edtol: Fisioterapia Neurol\u00f3gica. Associaci\u00f3 Espanyola de Fisioterapeutes. Delegaci\u00f3 del Pa\u00eds Basc. 2001.<br \/>\n&#8211; Revista-peri\u00f2dic El fisioterapeuta. Entrevista. Associaci\u00f3 Espanyola de Fisioterapeutes. (Nacional). Maig de 2002.<br \/>\n&#8211; Editorials i diversos articles a la Revista de Fisioter\u00e0pia Elkarberri. Col\u2022legi Oficial de Fisioterapeutes del Pa\u00eds Basc en torn al tema: Abordatge fisioter\u00e0pic del Dany Cerebral Adquirit.<\/p>\n<h4><strong>Activitat docent i investigadora<\/strong><\/h4>\n<p>-Coordinador de Seminaris de Fisioter\u00e0pia La Fragua. Servei de Dany Cerebral. Hospital Aita Menni. Cursos 2001, 2002, 2003, 2004.<br \/>\n&#8211; Professor-tutor d\u2019alumnes de 3r. curs de Fisioter\u00e0pia durant el desenvolupament de les Pr\u00e0ctiques Cl\u00edniques en el Servei de Dany Cerebral, Hospital Aita Menni (Arrasate-Mondrag\u00f3n) i Centre de Neurorehabilitaci\u00f3 (Bilbao). Escola Universit\u00e0ria de Ci\u00e8ncies de la Salut. Universitat de Vic (Barcelona). Des de 2005.<br \/>\n-Responsable de fisioterapeutes titulats en r\u00e8gim de formaci\u00f3 continuada en pr\u00e0ctiques en el Servei de Dany Cerebral. Hospital Aita Menni (Arrasate-Mondrag\u00f3n) i Centre de Neurorehabilitaci\u00f3 (Bilbao). Des de 1997.<br \/>\n-Ponent: Presentaci\u00f3: Fisioter\u00e0pia en la Malaltia de P\u00e0rkinson. Dia Mundial de la Fisioter\u00e0pia al servei del ciutad\u00e0. Organitzat per COFPV i la Federaci\u00f3 Basca de P\u00e0rkinson. Bilbao, setembre de 2006.<br \/>\n-Ponent en el VII Congr\u00e9s Zahartzaroa, Associaci\u00f3 Basca de Geriatria i Gerontologia del Pa\u00eds Basc. Tema: Valoraci\u00f3 Geri\u00e0trica: Valorar per a detectar, detectar per a intervindre. Vit\u00f2ria-Gasteiz, maig de 2008.<br \/>\n-Professor del M\u00e0ster de Gerontologia de la Universitat de Deusto (Bilbao). Cursos acad\u00e8mics 2008-2009.<br \/>\n-Professor del Curs per a Cuidadors de pacients amb discapacitat neurol\u00f2gica de Lantegi Batuak. Bilbao, octubre 2010.<br \/>\n-Ponent: Presentaci\u00f3: Fisioter\u00e0pia en la Fibrosi Qu\u00edstica. Dia Mundial de la Fisioter\u00e0pia al servei del ciutad\u00e0. Organitzat per COFPV amb la col\u2022laboraci\u00f3 de l\u2019Associaci\u00f3 Basca de Fibrosi Qu\u00edstica. Bilbao, setembre de 2010.<\/p>\n<h4><strong>Experi\u00e8ncia professional<\/strong><\/h4>\n<p>&#8211; Cap del Servei de Fisioter\u00e0pia del Servei de Dany Cerebral. Unitat d\u2019Hospitalitzaci\u00f3 (Arrasate-Mondrag\u00f3n) i de l\u2019Hospital de Dia-Centre de Neurorehabilitaci\u00f3 (Bilbao). Des de 1997.<br \/>\n&#8211; Cap del Servei de Fisioter\u00e0pia de l\u2019Hospital de Dia Dany Cerebral (Donostia-Sant Sebasti\u00e0). Des de 2008.<br \/>\n&#8211; Supervisor del Servei de Fisioter\u00e0pia del Centre Bekoetxe-Centre de Dia per a persones afectades amb lesions neurol\u00f2giques (Bilbao). Des de 2002. Diputaci\u00f3 Foral de Biscaia-Hospital Aita Menni.<br \/>\n&#8211; Supervisor del Servei de Fisioter\u00e0pia del Centre Lurgorri-Centre de Dia Guernica (Biscaia), per a persones afectades amb lesions neurol\u00f2giques. Des de 2009. Diputaci\u00f3 Foral de Biscaia-Hospital Aita Menni.<br \/>\n&#8211; Fisioterapeuta col\u2022laborador al Centre de Recuperaci\u00f3 Funcional i Medicina de l\u2019Esport Jes\u00fas Zelaia. 2004-2007.<br \/>\n&#8211; Fisioterapeuta en l\u2019empresa de Pilota Basca, Asegarce. 1996-1999.<\/p>\n<h4><strong>Idiomes<\/strong><\/h4>\n<p>&#8211; Angl\u00e9s<br \/>\n&#8211; Euskara<\/p>\n<h4><strong>Altres dades d\u2019inter\u00e9s<\/strong><\/h4>\n<p>-Soci de l\u2019Associaci\u00f3 Espanyola de Fisioterapeutes, de l\u2019Associaci\u00f3 Espanyola de Neurorehabilitaci\u00f3 i de l\u2019Associaci\u00f3 Espanyola de Terapeutes Bobath. Fisioter\u00e0pia Neurol\u00f2gica.<br \/>\n-President de l\u2019Il\u2022lustre Col\u2022legi Oficial de Fisioterapeutes del Pa\u00eds Basc i de l\u2019Associaci\u00f3 Espanyola de Fisioterapeutes a la Delegaci\u00f3 del Pa\u00eds Basc. Des de 2002.<br \/>\n-Membre de la Junta Directiva de l\u2019Associaci\u00f3 Espanyola de Fisioterapeutes a la Delegaci\u00f3 del Pa\u00eds Basc des de 2006.<br \/>\n&#8211; Vocal I del Consell General de Col\u2022legis de Fisioterapeutes d\u2019Espanya des de 2010.<\/p>\n<h4><strong>Aficions<\/strong><\/h4>\n<p>Gaudisc del meu temps lliure fent passejos per la platja, pel mont, viatjant\u2026 M\u2019agrada veure i practicar tota classe d\u2019esports. Cada volta valore m\u00e9s estar en companyia dels meus amics i fam\u00edlia. Col\u2022labore amb entitats p\u00fabliques sobre aspectes de la meua professi\u00f3 (gesti\u00f3, formaci\u00f3, etc).<\/p>\n","protected":false},"excerpt":{"rendered":"<p>Cap del Servei de Fisioter\u00e0pia de l\u2019Hospital Aita Menni Porte vinculat a l\u2019Hospital Aita Menni des del 1995, moments en qu\u00e8 la fisioter\u00e0pia era incipient en el Servei de Dany Cerebral. Aquest treball em lliga cada dia amb aspectes que sempre han sigut motivadors: la possibilitat d\u2019ajudar a les persones amb discapacitats i aprofundir en&hellip;<\/p>\n","protected":false},"author":3,"featured_media":351,"parent":15077,"menu_order":0,"comment_status":"closed","ping_status":"closed","template":"","meta":{"footnotes":""},"_links":{"self":[{"href":"https:\/\/xn--daocerebral-2db.es\/ca\/wp-json\/wp\/v2\/pages\/15005"}],"collection":[{"href":"https:\/\/xn--daocerebral-2db.es\/ca\/wp-json\/wp\/v2\/pages"}],"about":[{"href":"https:\/\/xn--daocerebral-2db.es\/ca\/wp-json\/wp\/v2\/types\/page"}],"author":[{"embeddable":true,"href":"https:\/\/xn--daocerebral-2db.es\/ca\/wp-json\/wp\/v2\/users\/3"}],"replies":[{"embeddable":true,"href":"https:\/\/xn--daocerebral-2db.es\/ca\/wp-json\/wp\/v2\/comments?post=15005"}],"version-history":[{"count":2,"href":"https:\/\/xn--daocerebral-2db.es\/ca\/wp-json\/wp\/v2\/pages\/15005\/revisions"}],"predecessor-version":[{"id":86820,"href":"https:\/\/xn--daocerebral-2db.es\/ca\/wp-json\/wp\/v2\/pages\/15005\/revisions\/86820"}],"up":[{"embeddable":true,"href":"https:\/\/xn--daocerebral-2db.es\/ca\/wp-json\/wp\/v2\/pages\/15077"}],"wp:featuredmedia":[{"embeddable":true,"href":"https:\/\/xn--daocerebral-2db.es\/ca\/wp-json\/wp\/v2\/media\/351"}],"wp:attachment":[{"href":"https:\/\/xn--daocerebral-2db.es\/ca\/wp-json\/wp\/v2\/media?parent=15005"}],"curies":[{"name":"wp","href":"https:\/\/api.w.org\/{rel}","templated":true}]}}