{"id":15001,"date":"2011-12-14T09:29:54","date_gmt":"2011-12-14T09:29:54","guid":{"rendered":"http:\/\/da\u00f1ocerebral.es\/danio\/\/noemi-alvarez-3\/"},"modified":"2024-04-15T13:48:25","modified_gmt":"2024-04-15T13:48:25","slug":"noemi-alvarez-3","status":"publish","type":"page","link":"https:\/\/xn--daocerebral-2db.es\/ca\/el-teu-equip-de-tractament\/noemi-alvarez-3\/","title":{"rendered":"Noem\u00ed \u00c1lvarez"},"content":{"rendered":"<p><img decoding=\"async\" class=\"alignleft\" src=\"http:\/\/xn--daocerebral-2db.es\/wp-content\/uploads\/2011\/12\/1483242223.jpg\" alt=\"Noemi \u00c1lvarez\" \/><\/p>\n<h3>Responsable de l\u2019\u00e0rea de Neuropsicologia al Centre de Neurorehabilitaci\u00f3 de Bilbao<\/h3>\n<p>La tasca fonamental del meu treball \u00e9s la valoraci\u00f3 i el tractament de les dificultats o canvis neuropsicol\u00f2gics de les persones que han patit de dany cerebral adquirit. Aborde tant aspectes cognitius com alteracions conductuals i emocionals, tot aix\u00f2 per a dotar a les persones d\u2019una major autonomia i millorar la seua qualitat de vida. A m\u00e9s, treballe amb\u00a0 l\u2019entorn familiar, amb l\u2019objectiu d\u2019ajudar-los a superar les dificultats tant com a adaptar-se a la nova situaci\u00f3 vital.<\/p>\n<p>Realitze tasques de coordinaci\u00f3 en el centre de Neurorehabilitaci\u00f3 de Bilbao (planificaci\u00f3 de reunions, organitzaci\u00f3 d\u2019horaris, contactes amb familiars) i en l\u2019\u00e0rea de Ter\u00e0pia Ocupacional i Psicologia (aix\u00ed amb treballadors com amb un elevat nombre de personal en pr\u00e0ctiques). Tamb\u00e9 compta l\u2019activitat docent, molt present en el meu dia a dia, tant amb el personal en pr\u00e0ctiques que roden pel nostre Servei com donant-ne classes a la Universitat de Deusto (dins del Postgrau de Salut Mental en l\u2019itinerari de Neuropsicologia).<\/p>\n<p>De sempre he tingut sensibilitat cap els problemes d\u2019altres persones i aquest treball em permet d\u2019ajudar-les i d\u2019acompanyar-les en moments vitals m\u00e9s complicats. Per mitj\u00e0 de la meua ocupaci\u00f3 entre en contacte amb moltes realitats i persones que mai em deixen indiferent, i que sovint suposen un creixement personal per a mi, i tamb\u00e9 laboral. A m\u00e9s a m\u00e9s, m\u2019agrada el treball en equip, tindre l\u2019oportunitat de compartir les faenes per a millorar entre tots.<\/p>\n<h4><strong>Formaci\u00f3 acad\u00e8mica<\/strong><\/h4>\n<p>&#8211; Llicenciada en Psicologia per la Universitat de Deusto, 1992-1997.<br \/>\n&#8211; M\u00e0ster de Psicologia Cl\u00ednica. Universitat de Deusto, 1997-1999.<\/p>\n<h4><strong>\u00daltims cursos i seminaris<\/strong><\/h4>\n<p>&#8211; Fam\u00edlia i dany cerebral (Hospital Beata Maria Ana). Madrid 2010.<br \/>\n&#8211; III Jornades Societat Basco-Navarra de Neuropsicologia infantil (UPV\/EHU). Donostia-Sant Sebasti\u00e0, 2009.<br \/>\n&#8211; Seminari Rehabilitaci\u00f3 neuropsicol\u00f2gica en el dany cerebral: un enfocament pr\u00e0ctic. Bilbao, 2008.<\/p>\n<h4><strong>Publicacions<\/strong><\/h4>\n<p>&#8211; \u00c1lvarez, N.; Fern\u00e1ndez de Larrinoa, P. P. Medici\u00f3n cl\u00ednica de los trastornos psiqui\u00e1tricos y del comportamiento en la demencia en Fern\u00e1ndez de Larrinoa, P.P.; Mart\u00edn, M. y Bulbena, A. Medici\u00f3n cl\u00ednica de la demencia. Instituto de Investigaciones Psiqui\u00e1tricas. (2001).<\/p>\n<h4><strong>Experi\u00e8ncia laboral<\/strong><\/h4>\n<p>&#8211; La meua experi\u00e8ncia laboral pr\u00f2piament dita es troba vinculada a l\u2019Hospital Aita Menni, primer a trav\u00e9s del M\u00e0ster de Psicologia Cl\u00ednica, durant el qual tingu\u00ed ocasi\u00f3 de rodar per diferents unitats i dispositius (llarga estan\u00e7a en psiquiatria, psicogeriatria, dany cerebral adquirit, unitat de psiquiatria d\u2019adolescents). A l\u2019any seg\u00fcent, gr\u00e0cies a una beca, treball\u00ed en la unitat d\u2019hospitalitzaci\u00f3 de dany cerebral, i m\u00e9s tard, des de l\u2019any 2000, en el servei de dany cerebral adquirit a nivell ambulatori.<br \/>\n&#8211; Abans de contactar amb l\u2019Hospital Aita Menni, tingu\u00ed ocasi\u00f3 de participar i treballar en altres \u00e0mbits, sobretot de forma volunt\u00e0ria. Aix\u00ed, per exemple fon bec\u00e0ria a la Biblioteca de la Universitat de Deusto, de mar\u00e7 de 1996 a juny de 1997; monitora en Club de Temps Lliure i responsable de Col\u00f2nies d\u2019Adolescents de Gorabide (Associaci\u00f3 Bisca\u00efna en favor de les persones amb Defici\u00e8ncia Ps\u00edquica), anys 1993 a 1997. Per altra banda, d\u2019octubre de 1992 a juny de 1994 exerc\u00ed de professora de Graduat Escolar en el Col\u2022legi La Salle de Bilbao.<\/p>\n<h4><strong>Idiomes<\/strong><\/h4>\n<p>&#8211; Euskara<br \/>\n&#8211; Angl\u00e9s<\/p>\n<h4><strong>Aficions<\/strong><\/h4>\n<p>Les meues aficions estan ara mateix unides a la meua situaci\u00f3 vital actual. S\u00f3c mare i actualment el meu temps lliure el dedique a la meua fam\u00edlia i amics: eixides al mont (sempre que hom puga), piscina, bicis, menjars de la colla amb els menuts, etc. Per altre costat, s\u00f3c s\u00f2cia d\u2019una associaci\u00f3 sense \u00e0nim de lucre que afavoreix la integraci\u00f3 de persones en risc d\u2019exclusi\u00f3 social, a la qual en dedique tamb\u00e9 prou del meu lleure.<\/p>\n<h4><strong>Informaci\u00f3 addicional<\/strong><\/h4>\n<p>&#8211; T\u00e8cnic en Selecci\u00f3 de Personal Adler. Amb autoritzaci\u00f3 administrativa del Govern Basc, gener-mar\u00e7 de 1999.<br \/>\n&#8211; Certificat d\u2019Aptitud Pedag\u00f2gica (CAP). Universitat de Deusto. Octubre de 1996-maig de 1997.<br \/>\n&#8211; Diploma de Monitora de Temps Lliure Infantil i Juvenil del Govern Basc. Fundaci\u00f3 EDE. Octubre de 1993-maig 1996.<\/p>\n","protected":false},"excerpt":{"rendered":"<p>Responsable de l\u2019\u00e0rea de Neuropsicologia al Centre de Neurorehabilitaci\u00f3 de Bilbao La tasca fonamental del meu treball \u00e9s la valoraci\u00f3 i el tractament de les dificultats o canvis neuropsicol\u00f2gics de les persones que han patit de dany cerebral adquirit. Aborde tant aspectes cognitius com alteracions conductuals i emocionals, tot aix\u00f2 per a dotar a les&hellip;<\/p>\n","protected":false},"author":3,"featured_media":360,"parent":15077,"menu_order":0,"comment_status":"closed","ping_status":"closed","template":"","meta":{"footnotes":""},"_links":{"self":[{"href":"https:\/\/xn--daocerebral-2db.es\/ca\/wp-json\/wp\/v2\/pages\/15001"}],"collection":[{"href":"https:\/\/xn--daocerebral-2db.es\/ca\/wp-json\/wp\/v2\/pages"}],"about":[{"href":"https:\/\/xn--daocerebral-2db.es\/ca\/wp-json\/wp\/v2\/types\/page"}],"author":[{"embeddable":true,"href":"https:\/\/xn--daocerebral-2db.es\/ca\/wp-json\/wp\/v2\/users\/3"}],"replies":[{"embeddable":true,"href":"https:\/\/xn--daocerebral-2db.es\/ca\/wp-json\/wp\/v2\/comments?post=15001"}],"version-history":[{"count":1,"href":"https:\/\/xn--daocerebral-2db.es\/ca\/wp-json\/wp\/v2\/pages\/15001\/revisions"}],"predecessor-version":[{"id":86817,"href":"https:\/\/xn--daocerebral-2db.es\/ca\/wp-json\/wp\/v2\/pages\/15001\/revisions\/86817"}],"up":[{"embeddable":true,"href":"https:\/\/xn--daocerebral-2db.es\/ca\/wp-json\/wp\/v2\/pages\/15077"}],"wp:featuredmedia":[{"embeddable":true,"href":"https:\/\/xn--daocerebral-2db.es\/ca\/wp-json\/wp\/v2\/media\/360"}],"wp:attachment":[{"href":"https:\/\/xn--daocerebral-2db.es\/ca\/wp-json\/wp\/v2\/media?parent=15001"}],"curies":[{"name":"wp","href":"https:\/\/api.w.org\/{rel}","templated":true}]}}